{"id":19,"date":"2014-09-17T14:56:56","date_gmt":"2014-09-17T14:56:56","guid":{"rendered":"http:\/\/agora.xtec.cat\/ies-ribera-del-sio\/?page_id=19"},"modified":"2019-10-15T23:08:35","modified_gmt":"2019-10-15T21:08:35","slug":"linstitut","status":"publish","type":"page","link":"https:\/\/agora.xtec.cat\/ies-ribera-del-sio\/linstitut\/","title":{"rendered":"L&#8217;institut"},"content":{"rendered":"<p style=\"color: #444444;\"><span style=\"color: #000000;\">L\u2019Institut Ribera del Si\u00f3 d\u2019Agramunt \u00e9s un centre d\u2019educaci\u00f3 secund\u00e0ria, situat davant del Passeig del riu Si\u00f3, en un lloc agradable i tranquil. Al nostre centre es pot cursar els quatre cursos d\u2019ESO i tres modalitats de Batxillerat.<\/span><\/p>\n<p>L\u2019INS Ribera del Si\u00f3 d\u2019Agramunt, acull alumnes provinents de les dues escoles del municipi: Escola p\u00fablica Maci\u00e0- Companys i Col\u00b7legi Maria de D\u00e9u dels Soc\u00f3s, aix\u00ed com de la ZER del Si\u00f3 que est\u00e0 formada per les escoles de Buts\u00e8nit, de Puigverd d\u2019Agramunt, Preixens i les Ventoses. A l\u2019institut hi ha prop de\u00a0 tres-cents alumnes i de 30 professors\/es.<\/p>\n","protected":false},"excerpt":{"rendered":"<p>L\u2019Institut Ribera del Si\u00f3 d\u2019Agramunt \u00e9s un centre d\u2019educaci\u00f3 secund\u00e0ria, situat davant del Passeig del riu Si\u00f3, en un lloc agradable i tranquil. Al nostre centre es pot cursar els quatre cursos d\u2019ESO i tres modalitats de Batxillerat. L\u2019INS Ribera del Si\u00f3 d\u2019Agramunt, acull alumnes provinents de les dues escoles del municipi: Escola p\u00fablica Maci\u00e0- [&hellip;]<\/p>\n","protected":false},"author":1,"featured_media":0,"parent":0,"menu_order":0,"comment_status":"closed","ping_status":"closed","template":"page-templates\/side-menu.php","meta":{"site-sidebar-layout":"default","site-content-layout":"","ast-site-content-layout":"","site-content-style":"default","site-sidebar-style":"default","ast-global-header-display":"","ast-banner-title-visibility":"","ast-main-header-display":"","ast-hfb-above-header-display":"","ast-hfb-below-header-display":"","ast-hfb-mobile-header-display":"","site-post-title":"","ast-breadcrumbs-content":"","ast-featured-img":"","footer-sml-layout":"","theme-transparent-header-meta":"","adv-header-id-meta":"","stick-header-meta":"","header-above-stick-meta":"","header-main-stick-meta":"","header-below-stick-meta":"","astra-migrate-meta-layouts":"default","ast-page-background-enabled":"default","ast-page-background-meta":{"desktop":{"background-color":"var(--ast-global-color-4)","background-image":"","background-repeat":"repeat","background-position":"center center","background-size":"auto","background-attachment":"scroll","background-type":"","background-media":"","overlay-type":"","overlay-color":"","overlay-opacity":"","overlay-gradient":""},"tablet":{"background-color":"","background-image":"","background-repeat":"repeat","background-position":"center center","background-size":"auto","background-attachment":"scroll","background-type":"","background-media":"","overlay-type":"","overlay-color":"","overlay-opacity":"","overlay-gradient":""},"mobile":{"background-color":"","background-image":"","background-repeat":"repeat","background-position":"center center","background-size":"auto","background-attachment":"scroll","background-type":"","background-media":"","overlay-type":"","overlay-color":"","overlay-opacity":"","overlay-gradient":""}},"ast-content-background-meta":{"desktop":{"background-color":"var(--ast-global-color-5)","background-image":"","background-repeat":"repeat","background-position":"center center","background-size":"auto","background-attachment":"scroll","background-type":"","background-media":"","overlay-type":"","overlay-color":"","overlay-opacity":"","overlay-gradient":""},"tablet":{"background-color":"var(--ast-global-color-5)","background-image":"","background-repeat":"repeat","background-position":"center center","background-size":"auto","background-attachment":"scroll","background-type":"","background-media":"","overlay-type":"","overlay-color":"","overlay-opacity":"","overlay-gradient":""},"mobile":{"background-color":"var(--ast-global-color-5)","background-image":"","background-repeat":"repeat","background-position":"center center","background-size":"auto","background-attachment":"scroll","background-type":"","background-media":"","overlay-type":"","overlay-color":"","overlay-opacity":"","overlay-gradient":""}},"footnotes":""},"class_list":["post-19","page","type-page","status-publish","hentry"],"post_mailing_queue_ids":[],"_links":{"self":[{"href":"https:\/\/agora.xtec.cat\/ies-ribera-del-sio\/wp-json\/wp\/v2\/pages\/19","targetHints":{"allow":["GET"]}}],"collection":[{"href":"https:\/\/agora.xtec.cat\/ies-ribera-del-sio\/wp-json\/wp\/v2\/pages"}],"about":[{"href":"https:\/\/agora.xtec.cat\/ies-ribera-del-sio\/wp-json\/wp\/v2\/types\/page"}],"author":[{"embeddable":true,"href":"https:\/\/agora.xtec.cat\/ies-ribera-del-sio\/wp-json\/wp\/v2\/users\/1"}],"replies":[{"embeddable":true,"href":"https:\/\/agora.xtec.cat\/ies-ribera-del-sio\/wp-json\/wp\/v2\/comments?post=19"}],"version-history":[{"count":2,"href":"https:\/\/agora.xtec.cat\/ies-ribera-del-sio\/wp-json\/wp\/v2\/pages\/19\/revisions"}],"predecessor-version":[{"id":685,"href":"https:\/\/agora.xtec.cat\/ies-ribera-del-sio\/wp-json\/wp\/v2\/pages\/19\/revisions\/685"}],"wp:attachment":[{"href":"https:\/\/agora.xtec.cat\/ies-ribera-del-sio\/wp-json\/wp\/v2\/media?parent=19"}],"curies":[{"name":"wp","href":"https:\/\/api.w.org\/{rel}","templated":true}]}}