{"id":1887,"date":"2020-05-26T23:28:03","date_gmt":"2020-05-26T21:28:03","guid":{"rendered":"http:\/\/agora.xtec.cat\/ies-ribera-del-sio\/?page_id=1887"},"modified":"2020-05-26T23:33:01","modified_gmt":"2020-05-26T21:33:01","slug":"arxiu-videografic","status":"publish","type":"page","link":"https:\/\/agora.xtec.cat\/ies-ribera-del-sio\/serveis\/arxiu-videografic\/","title":{"rendered":"Arxiu videogr\u00e0fic"},"content":{"rendered":"<p>En el seg\u00fcent enlla\u00e7 podreu trobar el recull de v\u00eddeos de les activitats, festes, sortides,\u2026 realitzades en\u00a0 curs actual i els cursos anteriors.<\/p>\n<p><a href=\"https:\/\/drive.google.com\/open?id=1FoimqG0-9vV8MvddDtstKk7cspYmIp1E\" target=\"_blank\" rel=\"noopener noreferrer\">Arxiu videogr\u00e0fic.<\/a><\/p>\n","protected":false},"excerpt":{"rendered":"<p>En el seg\u00fcent enlla\u00e7 podreu trobar el recull de v\u00eddeos de les activitats, festes, sortides,\u2026 realitzades en\u00a0 curs actual i els cursos anteriors. Arxiu videogr\u00e0fic.<\/p>\n","protected":false},"author":1,"featured_media":0,"parent":63,"menu_order":30,"comment_status":"closed","ping_status":"closed","template":"page-templates\/side-menu.php","meta":{"site-sidebar-layout":"default","site-content-layout":"","ast-site-content-layout":"","site-content-style":"default","site-sidebar-style":"default","ast-global-header-display":"","ast-banner-title-visibility":"","ast-main-header-display":"","ast-hfb-above-header-display":"","ast-hfb-below-header-display":"","ast-hfb-mobile-header-display":"","site-post-title":"","ast-breadcrumbs-content":"","ast-featured-img":"","footer-sml-layout":"","theme-transparent-header-meta":"","adv-header-id-meta":"","stick-header-meta":"","header-above-stick-meta":"","header-main-stick-meta":"","header-below-stick-meta":"","astra-migrate-meta-layouts":"default","ast-page-background-enabled":"default","ast-page-background-meta":{"desktop":{"background-color":"var(--ast-global-color-4)","background-image":"","background-repeat":"repeat","background-position":"center center","background-size":"auto","background-attachment":"scroll","background-type":"","background-media":"","overlay-type":"","overlay-color":"","overlay-opacity":"","overlay-gradient":""},"tablet":{"background-color":"","background-image":"","background-repeat":"repeat","background-position":"center center","background-size":"auto","background-attachment":"scroll","background-type":"","background-media":"","overlay-type":"","overlay-color":"","overlay-opacity":"","overlay-gradient":""},"mobile":{"background-color":"","background-image":"","background-repeat":"repeat","background-position":"center center","background-size":"auto","background-attachment":"scroll","background-type":"","background-media":"","overlay-type":"","overlay-color":"","overlay-opacity":"","overlay-gradient":""}},"ast-content-background-meta":{"desktop":{"background-color":"var(--ast-global-color-5)","background-image":"","background-repeat":"repeat","background-position":"center center","background-size":"auto","background-attachment":"scroll","background-type":"","background-media":"","overlay-type":"","overlay-color":"","overlay-opacity":"","overlay-gradient":""},"tablet":{"background-color":"var(--ast-global-color-5)","background-image":"","background-repeat":"repeat","background-position":"center center","background-size":"auto","background-attachment":"scroll","background-type":"","background-media":"","overlay-type":"","overlay-color":"","overlay-opacity":"","overlay-gradient":""},"mobile":{"background-color":"var(--ast-global-color-5)","background-image":"","background-repeat":"repeat","background-position":"center center","background-size":"auto","background-attachment":"scroll","background-type":"","background-media":"","overlay-type":"","overlay-color":"","overlay-opacity":"","overlay-gradient":""}},"footnotes":""},"class_list":["post-1887","page","type-page","status-publish","hentry"],"post_mailing_queue_ids":[],"_links":{"self":[{"href":"https:\/\/agora.xtec.cat\/ies-ribera-del-sio\/wp-json\/wp\/v2\/pages\/1887","targetHints":{"allow":["GET"]}}],"collection":[{"href":"https:\/\/agora.xtec.cat\/ies-ribera-del-sio\/wp-json\/wp\/v2\/pages"}],"about":[{"href":"https:\/\/agora.xtec.cat\/ies-ribera-del-sio\/wp-json\/wp\/v2\/types\/page"}],"author":[{"embeddable":true,"href":"https:\/\/agora.xtec.cat\/ies-ribera-del-sio\/wp-json\/wp\/v2\/users\/1"}],"replies":[{"embeddable":true,"href":"https:\/\/agora.xtec.cat\/ies-ribera-del-sio\/wp-json\/wp\/v2\/comments?post=1887"}],"version-history":[{"count":2,"href":"https:\/\/agora.xtec.cat\/ies-ribera-del-sio\/wp-json\/wp\/v2\/pages\/1887\/revisions"}],"predecessor-version":[{"id":1889,"href":"https:\/\/agora.xtec.cat\/ies-ribera-del-sio\/wp-json\/wp\/v2\/pages\/1887\/revisions\/1889"}],"up":[{"embeddable":true,"href":"https:\/\/agora.xtec.cat\/ies-ribera-del-sio\/wp-json\/wp\/v2\/pages\/63"}],"wp:attachment":[{"href":"https:\/\/agora.xtec.cat\/ies-ribera-del-sio\/wp-json\/wp\/v2\/media?parent=1887"}],"curies":[{"name":"wp","href":"https:\/\/api.w.org\/{rel}","templated":true}]}}