{"id":1863,"date":"2020-05-26T19:10:41","date_gmt":"2020-05-26T17:10:41","guid":{"rendered":"http:\/\/agora.xtec.cat\/ies-ribera-del-sio\/?page_id=1863"},"modified":"2024-04-17T01:08:01","modified_gmt":"2024-04-16T23:08:01","slug":"cicles-formatius","status":"publish","type":"page","link":"https:\/\/agora.xtec.cat\/ies-ribera-del-sio\/cicles-formatius\/","title":{"rendered":"Cicles formatius"},"content":{"rendered":"<p>La formaci\u00f3 professional capacita per a l\u2019exercici qualificat de diverses professions i proporciona la formaci\u00f3 necess\u00e0ria per adquirir la compet\u00e8ncia professional i el coneixement propis de cada sector.<\/p>\n<p>La formaci\u00f3 professional s\u2019organitza per\u00a0<strong>fam\u00edlies\u00a0professionals<\/strong>\u00a0que ordenen els ensenyaments en cicles de\u00a0<strong>grau mitj\u00e0<\/strong>\u00a0o de<strong>\u00a0grau superior<\/strong>; amb la superaci\u00f3 dels primers s\u2019obt\u00e9 el t\u00edtol de t\u00e8cnic i amb la superaci\u00f3 dels segons el de t\u00e8cnic superior.<\/p>\n<p>Els cicles s\u2019agrupen en fam\u00edlies professionals i tenen una durada variable: n\u2019hi ha de 2.000 i 1.400 hores. Una part d\u2019aquestes hores es destina a la formaci\u00f3 en un centre educatiu i una altra part a la formaci\u00f3 pr\u00e0ctica en centres de treball. Un cicle formatiu de 1.400 hores correspon a un curs acad\u00e8mic, mentre que un cicle de 2.000 hores correspon a dos cursos acad\u00e8mics.<\/p>\n<p>Amb la superaci\u00f3 d\u2019un cicle formatiu de grau mitj\u00e0 s\u2019obt\u00e9 el t\u00edtol de\u00a0<strong>t\u00e8cnic<\/strong>\u00a0i amb la superaci\u00f3 d\u2019un de grau superior, el de\u00a0<strong>t\u00e8cnic superior<\/strong>.<\/p>\n<h1 class=\"subtitle\">Forneria, Pastisseria i Confiteria<\/h1>\n<p class=\"basic_text col-xs-12 pd-30 off-margin-bottom pd-15\"><span style=\"font-family: inherit; font-size: 1em;\">Aquests estudis postobligatoris capaciten per elaborar productes de fleca, pastisseria i confiteria;\u00a0 elaborar i muntar postres de restauraci\u00f3; compondre, acabar i presentar els productes elaborats mitjan\u00e7ant t\u00e8cniques decoratives i innovadores.<\/span><\/p>\n<div class=\"pd-15x\">\n<p>Tenen una durada de 2.000 hores (1.617 lectives en un centre educatiu i 383 pr\u00e0ctiques en un centre de treball) distribu\u00efdes en\u00a0<strong>dos cursos<\/strong>\u00a0acad\u00e8mics.<\/p>\n<p>Aquest estudi\u00a0<strong>substitueix<\/strong>\u00a0els cicles (LOGSE) Panificaci\u00f3 i Rebosteria i Pastisseria i Forneria.<\/p>\n<p style=\"text-align: center;\">Amb la col\u00b7laboraci\u00f3<\/p>\n<p><a href=\"https:\/\/agora.xtec.cat\/ies-ribera-del-sio\/wp-content\/uploads\/usu1273\/2021\/06\/IGP-TorroAgramunt_444.jpg\"><img loading=\"lazy\" decoding=\"async\" class=\"alignnone wp-image-2529 aligncenter\" src=\"https:\/\/agora.xtec.cat\/ies-ribera-del-sio\/wp-content\/uploads\/usu1273\/2021\/06\/IGP-TorroAgramunt_444.jpg\" alt=\"\" width=\"369\" height=\"278\" srcset=\"https:\/\/agora.xtec.cat\/ies-ribera-del-sio\/wp-content\/uploads\/usu1273\/2021\/06\/IGP-TorroAgramunt_444.jpg 590w, https:\/\/agora.xtec.cat\/ies-ribera-del-sio\/wp-content\/uploads\/usu1273\/2021\/06\/IGP-TorroAgramunt_444-300x226.jpg 300w, https:\/\/agora.xtec.cat\/ies-ribera-del-sio\/wp-content\/uploads\/usu1273\/2021\/06\/IGP-TorroAgramunt_444-200x150.jpg 200w\" sizes=\"auto, (max-width: 369px) 100vw, 369px\" \/><\/a><\/p>\n<\/div>\n<p><a href=\"https:\/\/triaeducativa.gencat.cat\/ca\/fp\/gm\/families-professionals\/industries-alimentaries\/?p_id=82&amp;estudi\" target=\"_blank\" rel=\"noopener noreferrer\">M\u00e9s informaci\u00f3<\/a><\/p>\n<p><img loading=\"lazy\" decoding=\"async\" class=\"aligncenter size-full wp-image-3972\" src=\"https:\/\/agora.xtec.cat\/ies-ribera-del-sio\/wp-content\/uploads\/usu1273\/2024\/04\/DIPTIC_portada_definitiu_mides_imprimible_foto_2023-24.jpg\" alt=\"\" width=\"1024\" height=\"728\" srcset=\"https:\/\/agora.xtec.cat\/ies-ribera-del-sio\/wp-content\/uploads\/usu1273\/2024\/04\/DIPTIC_portada_definitiu_mides_imprimible_foto_2023-24.jpg 1024w, https:\/\/agora.xtec.cat\/ies-ribera-del-sio\/wp-content\/uploads\/usu1273\/2024\/04\/DIPTIC_portada_definitiu_mides_imprimible_foto_2023-24-300x213.jpg 300w, https:\/\/agora.xtec.cat\/ies-ribera-del-sio\/wp-content\/uploads\/usu1273\/2024\/04\/DIPTIC_portada_definitiu_mides_imprimible_foto_2023-24-768x546.jpg 768w\" sizes=\"auto, (max-width: 1024px) 100vw, 1024px\" \/> <img loading=\"lazy\" decoding=\"async\" class=\"aligncenter size-large wp-image-3973\" src=\"https:\/\/agora.xtec.cat\/ies-ribera-del-sio\/wp-content\/uploads\/usu1273\/2024\/04\/INTERIOR-DIPTIC-2022_23_fira.jpg\" alt=\"\" width=\"1024\" height=\"726\" srcset=\"https:\/\/agora.xtec.cat\/ies-ribera-del-sio\/wp-content\/uploads\/usu1273\/2024\/04\/INTERIOR-DIPTIC-2022_23_fira.jpg 1024w, https:\/\/agora.xtec.cat\/ies-ribera-del-sio\/wp-content\/uploads\/usu1273\/2024\/04\/INTERIOR-DIPTIC-2022_23_fira-300x213.jpg 300w, https:\/\/agora.xtec.cat\/ies-ribera-del-sio\/wp-content\/uploads\/usu1273\/2024\/04\/INTERIOR-DIPTIC-2022_23_fira-768x545.jpg 768w\" sizes=\"auto, (max-width: 1024px) 100vw, 1024px\" \/><\/p>\n<p><center><iframe loading=\"lazy\" title=\"YouTube video player\" src=\"https:\/\/www.youtube.com\/embed\/KFGXDrf6fF8?si=anFKH2iK7XOEogbu\" width=\"560\" height=\"315\" frameborder=\"0\" allowfullscreen=\"allowfullscreen\"><\/iframe><\/center><\/p>\n","protected":false},"excerpt":{"rendered":"<p>La formaci\u00f3 professional capacita per a l\u2019exercici qualificat de diverses professions i proporciona la formaci\u00f3 necess\u00e0ria per adquirir la compet\u00e8ncia professional i el coneixement propis de cada sector. La formaci\u00f3 professional s\u2019organitza per\u00a0fam\u00edlies\u00a0professionals\u00a0que ordenen els ensenyaments en cicles de\u00a0grau mitj\u00e0\u00a0o de\u00a0grau superior; amb la superaci\u00f3 dels primers s\u2019obt\u00e9 el t\u00edtol de t\u00e8cnic i amb la [&hellip;]<\/p>\n","protected":false},"author":1,"featured_media":0,"parent":0,"menu_order":0,"comment_status":"closed","ping_status":"closed","template":"","meta":{"site-sidebar-layout":"default","site-content-layout":"","ast-site-content-layout":"","site-content-style":"default","site-sidebar-style":"default","ast-global-header-display":"","ast-banner-title-visibility":"","ast-main-header-display":"","ast-hfb-above-header-display":"","ast-hfb-below-header-display":"","ast-hfb-mobile-header-display":"","site-post-title":"","ast-breadcrumbs-content":"","ast-featured-img":"","footer-sml-layout":"","theme-transparent-header-meta":"","adv-header-id-meta":"","stick-header-meta":"","header-above-stick-meta":"","header-main-stick-meta":"","header-below-stick-meta":"","astra-migrate-meta-layouts":"default","ast-page-background-enabled":"default","ast-page-background-meta":{"desktop":{"background-color":"var(--ast-global-color-4)","background-image":"","background-repeat":"repeat","background-position":"center center","background-size":"auto","background-attachment":"scroll","background-type":"","background-media":"","overlay-type":"","overlay-color":"","overlay-opacity":"","overlay-gradient":""},"tablet":{"background-color":"","background-image":"","background-repeat":"repeat","background-position":"center center","background-size":"auto","background-attachment":"scroll","background-type":"","background-media":"","overlay-type":"","overlay-color":"","overlay-opacity":"","overlay-gradient":""},"mobile":{"background-color":"","background-image":"","background-repeat":"repeat","background-position":"center center","background-size":"auto","background-attachment":"scroll","background-type":"","background-media":"","overlay-type":"","overlay-color":"","overlay-opacity":"","overlay-gradient":""}},"ast-content-background-meta":{"desktop":{"background-color":"var(--ast-global-color-5)","background-image":"","background-repeat":"repeat","background-position":"center center","background-size":"auto","background-attachment":"scroll","background-type":"","background-media":"","overlay-type":"","overlay-color":"","overlay-opacity":"","overlay-gradient":""},"tablet":{"background-color":"var(--ast-global-color-5)","background-image":"","background-repeat":"repeat","background-position":"center center","background-size":"auto","background-attachment":"scroll","background-type":"","background-media":"","overlay-type":"","overlay-color":"","overlay-opacity":"","overlay-gradient":""},"mobile":{"background-color":"var(--ast-global-color-5)","background-image":"","background-repeat":"repeat","background-position":"center center","background-size":"auto","background-attachment":"scroll","background-type":"","background-media":"","overlay-type":"","overlay-color":"","overlay-opacity":"","overlay-gradient":""}},"footnotes":""},"class_list":["post-1863","page","type-page","status-publish","hentry"],"post_mailing_queue_ids":[],"_links":{"self":[{"href":"https:\/\/agora.xtec.cat\/ies-ribera-del-sio\/wp-json\/wp\/v2\/pages\/1863","targetHints":{"allow":["GET"]}}],"collection":[{"href":"https:\/\/agora.xtec.cat\/ies-ribera-del-sio\/wp-json\/wp\/v2\/pages"}],"about":[{"href":"https:\/\/agora.xtec.cat\/ies-ribera-del-sio\/wp-json\/wp\/v2\/types\/page"}],"author":[{"embeddable":true,"href":"https:\/\/agora.xtec.cat\/ies-ribera-del-sio\/wp-json\/wp\/v2\/users\/1"}],"replies":[{"embeddable":true,"href":"https:\/\/agora.xtec.cat\/ies-ribera-del-sio\/wp-json\/wp\/v2\/comments?post=1863"}],"version-history":[{"count":6,"href":"https:\/\/agora.xtec.cat\/ies-ribera-del-sio\/wp-json\/wp\/v2\/pages\/1863\/revisions"}],"predecessor-version":[{"id":3976,"href":"https:\/\/agora.xtec.cat\/ies-ribera-del-sio\/wp-json\/wp\/v2\/pages\/1863\/revisions\/3976"}],"wp:attachment":[{"href":"https:\/\/agora.xtec.cat\/ies-ribera-del-sio\/wp-json\/wp\/v2\/media?parent=1863"}],"curies":[{"name":"wp","href":"https:\/\/api.w.org\/{rel}","templated":true}]}}