{"id":1856,"date":"2020-05-26T19:08:08","date_gmt":"2020-05-26T17:08:08","guid":{"rendered":"http:\/\/agora.xtec.cat\/ies-ribera-del-sio\/?page_id=1856"},"modified":"2020-05-26T19:15:36","modified_gmt":"2020-05-26T17:15:36","slug":"eso","status":"publish","type":"page","link":"https:\/\/agora.xtec.cat\/ies-ribera-del-sio\/eso\/","title":{"rendered":"ESO"},"content":{"rendered":"<p>L\u2019educaci\u00f3 secund\u00e0ria obligat\u00f2ria (ESO) \u00e9s gratu\u00efta. Compr\u00e8n quatre cursos acad\u00e8mics. Generalment s\u2019inicia l\u2019any natural en qu\u00e8 es compleixen 12 anys i s\u2019acaba als 16, tot i que els alumnes tenen dret a romandre en el centre amb r\u00e8gim ordinari fins als 18.<\/p>\n<p><strong>Mat\u00e8ries dels tres primers cursos<\/strong><\/p>\n<p>Els alumnes cursen mat\u00e8ries comunes, mat\u00e8ries optatives, el Treball de S\u00edntesi i el Servei Comunitari.<\/p>\n<p><strong>Mat\u00e8ries de quart curs<\/strong><\/p>\n<p>Els alumnes cursen mat\u00e8ries comunes, mat\u00e8ries optatives, el Projecte de Recerca i el Servei Comunitari.<\/p>\n<p><a href=\"http:\/\/queestudiar.gencat.cat\/ca\/estudis\/secundaria\/\" target=\"_blank\" rel=\"noopener noreferrer\">M\u00e9s informaci\u00f3<\/a><\/p>\n","protected":false},"excerpt":{"rendered":"<p>L\u2019educaci\u00f3 secund\u00e0ria obligat\u00f2ria (ESO) \u00e9s gratu\u00efta. Compr\u00e8n quatre cursos acad\u00e8mics. Generalment s\u2019inicia l\u2019any natural en qu\u00e8 es compleixen 12 anys i s\u2019acaba als 16, tot i que els alumnes tenen dret a romandre en el centre amb r\u00e8gim ordinari fins als 18. Mat\u00e8ries dels tres primers cursos Els alumnes cursen mat\u00e8ries comunes, mat\u00e8ries optatives, el [&hellip;]<\/p>\n","protected":false},"author":1,"featured_media":0,"parent":0,"menu_order":0,"comment_status":"closed","ping_status":"closed","template":"","meta":{"site-sidebar-layout":"default","site-content-layout":"","ast-site-content-layout":"","site-content-style":"default","site-sidebar-style":"default","ast-global-header-display":"","ast-banner-title-visibility":"","ast-main-header-display":"","ast-hfb-above-header-display":"","ast-hfb-below-header-display":"","ast-hfb-mobile-header-display":"","site-post-title":"","ast-breadcrumbs-content":"","ast-featured-img":"","footer-sml-layout":"","theme-transparent-header-meta":"","adv-header-id-meta":"","stick-header-meta":"","header-above-stick-meta":"","header-main-stick-meta":"","header-below-stick-meta":"","astra-migrate-meta-layouts":"default","ast-page-background-enabled":"default","ast-page-background-meta":{"desktop":{"background-color":"var(--ast-global-color-4)","background-image":"","background-repeat":"repeat","background-position":"center center","background-size":"auto","background-attachment":"scroll","background-type":"","background-media":"","overlay-type":"","overlay-color":"","overlay-opacity":"","overlay-gradient":""},"tablet":{"background-color":"","background-image":"","background-repeat":"repeat","background-position":"center center","background-size":"auto","background-attachment":"scroll","background-type":"","background-media":"","overlay-type":"","overlay-color":"","overlay-opacity":"","overlay-gradient":""},"mobile":{"background-color":"","background-image":"","background-repeat":"repeat","background-position":"center center","background-size":"auto","background-attachment":"scroll","background-type":"","background-media":"","overlay-type":"","overlay-color":"","overlay-opacity":"","overlay-gradient":""}},"ast-content-background-meta":{"desktop":{"background-color":"var(--ast-global-color-5)","background-image":"","background-repeat":"repeat","background-position":"center center","background-size":"auto","background-attachment":"scroll","background-type":"","background-media":"","overlay-type":"","overlay-color":"","overlay-opacity":"","overlay-gradient":""},"tablet":{"background-color":"var(--ast-global-color-5)","background-image":"","background-repeat":"repeat","background-position":"center center","background-size":"auto","background-attachment":"scroll","background-type":"","background-media":"","overlay-type":"","overlay-color":"","overlay-opacity":"","overlay-gradient":""},"mobile":{"background-color":"var(--ast-global-color-5)","background-image":"","background-repeat":"repeat","background-position":"center center","background-size":"auto","background-attachment":"scroll","background-type":"","background-media":"","overlay-type":"","overlay-color":"","overlay-opacity":"","overlay-gradient":""}},"footnotes":""},"class_list":["post-1856","page","type-page","status-publish","hentry"],"post_mailing_queue_ids":[],"_links":{"self":[{"href":"https:\/\/agora.xtec.cat\/ies-ribera-del-sio\/wp-json\/wp\/v2\/pages\/1856","targetHints":{"allow":["GET"]}}],"collection":[{"href":"https:\/\/agora.xtec.cat\/ies-ribera-del-sio\/wp-json\/wp\/v2\/pages"}],"about":[{"href":"https:\/\/agora.xtec.cat\/ies-ribera-del-sio\/wp-json\/wp\/v2\/types\/page"}],"author":[{"embeddable":true,"href":"https:\/\/agora.xtec.cat\/ies-ribera-del-sio\/wp-json\/wp\/v2\/users\/1"}],"replies":[{"embeddable":true,"href":"https:\/\/agora.xtec.cat\/ies-ribera-del-sio\/wp-json\/wp\/v2\/comments?post=1856"}],"version-history":[{"count":3,"href":"https:\/\/agora.xtec.cat\/ies-ribera-del-sio\/wp-json\/wp\/v2\/pages\/1856\/revisions"}],"predecessor-version":[{"id":1859,"href":"https:\/\/agora.xtec.cat\/ies-ribera-del-sio\/wp-json\/wp\/v2\/pages\/1856\/revisions\/1859"}],"wp:attachment":[{"href":"https:\/\/agora.xtec.cat\/ies-ribera-del-sio\/wp-json\/wp\/v2\/media?parent=1856"}],"curies":[{"name":"wp","href":"https:\/\/api.w.org\/{rel}","templated":true}]}}