{"id":1845,"date":"2020-05-26T00:14:22","date_gmt":"2020-05-25T22:14:22","guid":{"rendered":"http:\/\/agora.xtec.cat\/ies-ribera-del-sio\/?page_id=1845"},"modified":"2020-05-26T23:52:21","modified_gmt":"2020-05-26T21:52:21","slug":"projecte-guinovart-1r-eso","status":"publish","type":"page","link":"https:\/\/agora.xtec.cat\/ies-ribera-del-sio\/projecte-guinovart-1r-eso\/","title":{"rendered":"Projecte GUINOVART 1r ESO"},"content":{"rendered":"<p><a href=\"https:\/\/agora.xtec.cat\/ies-ribera-del-sio\/wp-content\/uploads\/usu1273\/2020\/05\/20191025_112214.jpg\"><img loading=\"lazy\" decoding=\"async\" class=\" wp-image-1663 aligncenter\" src=\"https:\/\/agora.xtec.cat\/ies-ribera-del-sio\/wp-content\/uploads\/usu1273\/2020\/05\/20191025_112214-1024x436.jpg\" alt=\"\" width=\"801\" height=\"341\" srcset=\"https:\/\/agora.xtec.cat\/ies-ribera-del-sio\/wp-content\/uploads\/usu1273\/2020\/05\/20191025_112214-1024x436.jpg 1024w, https:\/\/agora.xtec.cat\/ies-ribera-del-sio\/wp-content\/uploads\/usu1273\/2020\/05\/20191025_112214-300x128.jpg 300w, https:\/\/agora.xtec.cat\/ies-ribera-del-sio\/wp-content\/uploads\/usu1273\/2020\/05\/20191025_112214-768x327.jpg 768w\" sizes=\"auto, (max-width: 801px) 100vw, 801px\" \/><\/a><\/p>\n<p>El centre posa en marxa aquest any el treball per projectes amb els alumnes de 1r d\u2019ESO.<br \/>\nLa societat evoluciona i cada vegada m\u00e9s hem de preparar els nostres alumnes per donar respostes innovadores en una societat canviant i en evoluci\u00f3 constant. L\u2019objectiu es formar ciutadans i ciutadanes cr\u00edtics, amb opini\u00f3 pr\u00f2pia, aut\u00f2noms i que siguin capa\u00e7os de resoldre reptes amb equip.<\/p>\n<p><a href=\"https:\/\/agora.xtec.cat\/ies-ribera-del-sio\/wp-content\/uploads\/usu1273\/2020\/05\/20191001_133328.jpg\"><img loading=\"lazy\" decoding=\"async\" class=\"wp-image-1665 aligncenter\" src=\"https:\/\/agora.xtec.cat\/ies-ribera-del-sio\/wp-content\/uploads\/usu1273\/2020\/05\/20191001_133328-1024x768.jpg\" alt=\"\" width=\"536\" height=\"402\" srcset=\"https:\/\/agora.xtec.cat\/ies-ribera-del-sio\/wp-content\/uploads\/usu1273\/2020\/05\/20191001_133328.jpg 1024w, https:\/\/agora.xtec.cat\/ies-ribera-del-sio\/wp-content\/uploads\/usu1273\/2020\/05\/20191001_133328-300x225.jpg 300w, https:\/\/agora.xtec.cat\/ies-ribera-del-sio\/wp-content\/uploads\/usu1273\/2020\/05\/20191001_133328-768x576.jpg 768w, https:\/\/agora.xtec.cat\/ies-ribera-del-sio\/wp-content\/uploads\/usu1273\/2020\/05\/20191001_133328-200x150.jpg 200w\" sizes=\"auto, (max-width: 536px) 100vw, 536px\" \/><\/a> \u00a0\u00a0<a href=\"https:\/\/agora.xtec.cat\/ies-ribera-del-sio\/wp-content\/uploads\/usu1273\/2020\/05\/20191001_133336.jpg\"><img loading=\"lazy\" decoding=\"async\" class=\"wp-image-1664 aligncenter\" src=\"https:\/\/agora.xtec.cat\/ies-ribera-del-sio\/wp-content\/uploads\/usu1273\/2020\/05\/20191001_133336-1024x768.jpg\" alt=\"\" width=\"536\" height=\"402\" srcset=\"https:\/\/agora.xtec.cat\/ies-ribera-del-sio\/wp-content\/uploads\/usu1273\/2020\/05\/20191001_133336.jpg 1024w, https:\/\/agora.xtec.cat\/ies-ribera-del-sio\/wp-content\/uploads\/usu1273\/2020\/05\/20191001_133336-300x225.jpg 300w, https:\/\/agora.xtec.cat\/ies-ribera-del-sio\/wp-content\/uploads\/usu1273\/2020\/05\/20191001_133336-768x576.jpg 768w, https:\/\/agora.xtec.cat\/ies-ribera-del-sio\/wp-content\/uploads\/usu1273\/2020\/05\/20191001_133336-200x150.jpg 200w\" sizes=\"auto, (max-width: 536px) 100vw, 536px\" \/><\/a><\/p>\n<p>El projecte plantejat aquest curs \u00e9s art\u00edstic, per\u00f2 s\u2019hi desenvolupen compet\u00e8ncies pr\u00f2pies d\u2019altres \u00e0mbits com el ling\u00fc\u00edstic, el matem\u00e0tic, cultura i valors, personal i social, i digital.<\/p>\n<p><a href=\"https:\/\/agora.xtec.cat\/ies-ribera-del-sio\/wp-content\/uploads\/usu1273\/2020\/05\/20191024_124736.jpg\"><img loading=\"lazy\" decoding=\"async\" class=\" wp-image-1666 aligncenter\" src=\"https:\/\/agora.xtec.cat\/ies-ribera-del-sio\/wp-content\/uploads\/usu1273\/2020\/05\/20191024_124736-1024x768.jpg\" alt=\"\" width=\"700\" height=\"525\" srcset=\"https:\/\/agora.xtec.cat\/ies-ribera-del-sio\/wp-content\/uploads\/usu1273\/2020\/05\/20191024_124736.jpg 1024w, https:\/\/agora.xtec.cat\/ies-ribera-del-sio\/wp-content\/uploads\/usu1273\/2020\/05\/20191024_124736-300x225.jpg 300w, https:\/\/agora.xtec.cat\/ies-ribera-del-sio\/wp-content\/uploads\/usu1273\/2020\/05\/20191024_124736-768x576.jpg 768w, https:\/\/agora.xtec.cat\/ies-ribera-del-sio\/wp-content\/uploads\/usu1273\/2020\/05\/20191024_124736-200x150.jpg 200w\" sizes=\"auto, (max-width: 700px) 100vw, 700px\" \/><\/a><\/p>\n<p>Col\u00b7laborant amb la Fundaci\u00f3 Espai Guinovart, agafem com a objectiu difondre la vida i obra de l\u2019artista d\u2019arrels agramuntines Josep Guinovart. Descobrir la seva biografia i escollir la manera de com presentar-la ha estat el repte d\u2019aquest primer trimestre. Formats com el teatre, la can\u00e7\u00f3, el c\u00f2mic, un visual thinking o una presentaci\u00f3 digital animada s\u00f3n algunes de les idees que han sorgit a l\u2019alumnat dins de l\u2019aula de projectes. Ben aviat comen\u00e7arem a veure\u2019n els resultats!<\/p>\n<p><a href=\"https:\/\/agora.xtec.cat\/ies-ribera-del-sio\/wp-content\/uploads\/usu1273\/2020\/05\/20191015_132709.jpg\"><img loading=\"lazy\" decoding=\"async\" class=\"wp-image-1667 aligncenter\" src=\"https:\/\/agora.xtec.cat\/ies-ribera-del-sio\/wp-content\/uploads\/usu1273\/2020\/05\/20191015_132709-1024x768.jpg\" alt=\"\" width=\"700\" height=\"525\" srcset=\"https:\/\/agora.xtec.cat\/ies-ribera-del-sio\/wp-content\/uploads\/usu1273\/2020\/05\/20191015_132709.jpg 1024w, https:\/\/agora.xtec.cat\/ies-ribera-del-sio\/wp-content\/uploads\/usu1273\/2020\/05\/20191015_132709-300x225.jpg 300w, https:\/\/agora.xtec.cat\/ies-ribera-del-sio\/wp-content\/uploads\/usu1273\/2020\/05\/20191015_132709-768x576.jpg 768w, https:\/\/agora.xtec.cat\/ies-ribera-del-sio\/wp-content\/uploads\/usu1273\/2020\/05\/20191015_132709-200x150.jpg 200w\" sizes=\"auto, (max-width: 700px) 100vw, 700px\" \/><\/a><\/p>\n<p><a href=\"https:\/\/drive.google.com\/open?id=13FSikQO7mUi99dVF7o17NppyNSwQ-4em\" target=\"_blank\" rel=\"noopener noreferrer\">Galeria d&#8217;imatges<\/a><\/p>\n","protected":false},"excerpt":{"rendered":"<p>El centre posa en marxa aquest any el treball per projectes amb els alumnes de 1r d\u2019ESO. La societat evoluciona i cada vegada m\u00e9s hem de preparar els nostres alumnes per donar respostes innovadores en una societat canviant i en evoluci\u00f3 constant. L\u2019objectiu es formar ciutadans i ciutadanes cr\u00edtics, amb opini\u00f3 pr\u00f2pia, aut\u00f2noms i que [&hellip;]<\/p>\n","protected":false},"author":1,"featured_media":0,"parent":0,"menu_order":0,"comment_status":"closed","ping_status":"closed","template":"","meta":{"site-sidebar-layout":"default","site-content-layout":"","ast-site-content-layout":"","site-content-style":"default","site-sidebar-style":"default","ast-global-header-display":"","ast-banner-title-visibility":"","ast-main-header-display":"","ast-hfb-above-header-display":"","ast-hfb-below-header-display":"","ast-hfb-mobile-header-display":"","site-post-title":"","ast-breadcrumbs-content":"","ast-featured-img":"","footer-sml-layout":"","theme-transparent-header-meta":"","adv-header-id-meta":"","stick-header-meta":"","header-above-stick-meta":"","header-main-stick-meta":"","header-below-stick-meta":"","astra-migrate-meta-layouts":"default","ast-page-background-enabled":"default","ast-page-background-meta":{"desktop":{"background-color":"var(--ast-global-color-4)","background-image":"","background-repeat":"repeat","background-position":"center center","background-size":"auto","background-attachment":"scroll","background-type":"","background-media":"","overlay-type":"","overlay-color":"","overlay-opacity":"","overlay-gradient":""},"tablet":{"background-color":"","background-image":"","background-repeat":"repeat","background-position":"center center","background-size":"auto","background-attachment":"scroll","background-type":"","background-media":"","overlay-type":"","overlay-color":"","overlay-opacity":"","overlay-gradient":""},"mobile":{"background-color":"","background-image":"","background-repeat":"repeat","background-position":"center center","background-size":"auto","background-attachment":"scroll","background-type":"","background-media":"","overlay-type":"","overlay-color":"","overlay-opacity":"","overlay-gradient":""}},"ast-content-background-meta":{"desktop":{"background-color":"var(--ast-global-color-5)","background-image":"","background-repeat":"repeat","background-position":"center center","background-size":"auto","background-attachment":"scroll","background-type":"","background-media":"","overlay-type":"","overlay-color":"","overlay-opacity":"","overlay-gradient":""},"tablet":{"background-color":"var(--ast-global-color-5)","background-image":"","background-repeat":"repeat","background-position":"center center","background-size":"auto","background-attachment":"scroll","background-type":"","background-media":"","overlay-type":"","overlay-color":"","overlay-opacity":"","overlay-gradient":""},"mobile":{"background-color":"var(--ast-global-color-5)","background-image":"","background-repeat":"repeat","background-position":"center center","background-size":"auto","background-attachment":"scroll","background-type":"","background-media":"","overlay-type":"","overlay-color":"","overlay-opacity":"","overlay-gradient":""}},"footnotes":""},"class_list":["post-1845","page","type-page","status-publish","hentry"],"post_mailing_queue_ids":[],"_links":{"self":[{"href":"https:\/\/agora.xtec.cat\/ies-ribera-del-sio\/wp-json\/wp\/v2\/pages\/1845","targetHints":{"allow":["GET"]}}],"collection":[{"href":"https:\/\/agora.xtec.cat\/ies-ribera-del-sio\/wp-json\/wp\/v2\/pages"}],"about":[{"href":"https:\/\/agora.xtec.cat\/ies-ribera-del-sio\/wp-json\/wp\/v2\/types\/page"}],"author":[{"embeddable":true,"href":"https:\/\/agora.xtec.cat\/ies-ribera-del-sio\/wp-json\/wp\/v2\/users\/1"}],"replies":[{"embeddable":true,"href":"https:\/\/agora.xtec.cat\/ies-ribera-del-sio\/wp-json\/wp\/v2\/comments?post=1845"}],"version-history":[{"count":2,"href":"https:\/\/agora.xtec.cat\/ies-ribera-del-sio\/wp-json\/wp\/v2\/pages\/1845\/revisions"}],"predecessor-version":[{"id":1847,"href":"https:\/\/agora.xtec.cat\/ies-ribera-del-sio\/wp-json\/wp\/v2\/pages\/1845\/revisions\/1847"}],"wp:attachment":[{"href":"https:\/\/agora.xtec.cat\/ies-ribera-del-sio\/wp-json\/wp\/v2\/media?parent=1845"}],"curies":[{"name":"wp","href":"https:\/\/api.w.org\/{rel}","templated":true}]}}