{"id":970,"date":"2016-05-09T13:30:36","date_gmt":"2016-05-09T11:30:36","guid":{"rendered":"http:\/\/agora.xtec.cat\/ies-rbiv-cambrils\/?page_id=970"},"modified":"2026-04-09T15:27:57","modified_gmt":"2026-04-09T13:27:57","slug":"batxillerat","status":"publish","type":"page","link":"https:\/\/agora.xtec.cat\/ies-rbiv-cambrils\/estudis\/batxillerat\/","title":{"rendered":"BATXILLERAT"},"content":{"rendered":"<p>Aqu\u00ed trobareu resposta a una selecci\u00f3 de les preguntes m\u00e9s freq\u00fcents plantejades pels usuaris de la p\u00e0gina web de l&#8217;Institut Ramon Berenguer IV de Cambrils:<\/p>\n<ul>\n<li><a href=\"http:\/\/agora.xtec.cat\/ies-rbiv-cambrils\/estudis\/batxillerat\/que-oferim\/\">Qu\u00e8 oferim?<\/a><\/li>\n<li><a title=\"Orientaci\u00f3 acad\u00e8mica\" href=\"http:\/\/agora.xtec.cat\/ies-rbiv-cambrils\/estudis\/batxillerat\/orientacio-academica\/\">Orientaci\u00f3 acad\u00e8mica <\/a><\/li>\n<li><a title=\"Estada a l'empresa\" href=\"http:\/\/agora.xtec.cat\/ies-rbiv-cambrils\/estudis\/batxillerat\/treball-de-recerca\/\">Treball de recerca<\/a><\/li>\n<\/ul>\n","protected":false},"excerpt":{"rendered":"<p>Aqu\u00ed trobareu resposta a una selecci\u00f3 de les preguntes m\u00e9s freq\u00fcents plantejades pels usuaris de la p\u00e0gina web de l&#8217;Institut Ramon Berenguer IV de Cambrils:<\/p>\n<ul>\n<li><a href=\"http:\/\/agora.xtec.cat\/ies-rbiv-cambrils\/estudis\/batxillerat\/que-oferim\/\">Qu\u00e8 oferim?<\/a><\/li>\n<li><a title=\"Orientaci\u00f3 acad\u00e8mica\" href=\"http:\/\/agora.xtec.cat\/ies-rbiv-cambrils\/estudis\/batxillerat\/orientacio-academica\/\">Orientaci\u00f3 acad\u00e8mica <\/a><\/li>\n<li><a title=\"Estada a l'empresa\" href=\"http:\/\/agora.xtec.cat\/ies-rbiv-cambrils\/estudis\/batxillerat\/treball-de-recerca\/\">Treball de recerca<\/a><\/li>\n<\/ul>\n","protected":false},"author":234,"featured_media":0,"parent":195,"menu_order":20,"comment_status":"closed","ping_status":"closed","template":"page-templates\/side-menu.php","meta":{"_bbp_topic_count":0,"_bbp_reply_count":0,"_bbp_total_topic_count":0,"_bbp_total_reply_count":0,"_bbp_voice_count":0,"_bbp_anonymous_reply_count":0,"_bbp_topic_count_hidden":0,"_bbp_reply_count_hidden":0,"_bbp_forum_subforum_count":0,"footnotes":""},"class_list":["post-970","page","type-page","status-publish","hentry"],"post_mailing_queue_ids":[],"_links":{"self":[{"href":"https:\/\/agora.xtec.cat\/ies-rbiv-cambrils\/wp-json\/wp\/v2\/pages\/970","targetHints":{"allow":["GET"]}}],"collection":[{"href":"https:\/\/agora.xtec.cat\/ies-rbiv-cambrils\/wp-json\/wp\/v2\/pages"}],"about":[{"href":"https:\/\/agora.xtec.cat\/ies-rbiv-cambrils\/wp-json\/wp\/v2\/types\/page"}],"author":[{"embeddable":true,"href":"https:\/\/agora.xtec.cat\/ies-rbiv-cambrils\/wp-json\/wp\/v2\/users\/234"}],"replies":[{"embeddable":true,"href":"https:\/\/agora.xtec.cat\/ies-rbiv-cambrils\/wp-json\/wp\/v2\/comments?post=970"}],"version-history":[{"count":9,"href":"https:\/\/agora.xtec.cat\/ies-rbiv-cambrils\/wp-json\/wp\/v2\/pages\/970\/revisions"}],"predecessor-version":[{"id":18596,"href":"https:\/\/agora.xtec.cat\/ies-rbiv-cambrils\/wp-json\/wp\/v2\/pages\/970\/revisions\/18596"}],"up":[{"embeddable":true,"href":"https:\/\/agora.xtec.cat\/ies-rbiv-cambrils\/wp-json\/wp\/v2\/pages\/195"}],"wp:attachment":[{"href":"https:\/\/agora.xtec.cat\/ies-rbiv-cambrils\/wp-json\/wp\/v2\/media?parent=970"}],"curies":[{"name":"wp","href":"https:\/\/api.w.org\/{rel}","templated":true}]}}