{"id":8407,"date":"2019-04-09T15:01:19","date_gmt":"2019-04-09T13:01:19","guid":{"rendered":"http:\/\/agora.xtec.cat\/ies-rbiv-cambrils\/?page_id=8407"},"modified":"2022-06-29T10:05:41","modified_gmt":"2022-06-29T08:05:41","slug":"matricula-semipresencial","status":"publish","type":"page","link":"https:\/\/agora.xtec.cat\/ies-rbiv-cambrils\/estudis\/cicles-formatius\/matricula-semipresencial\/","title":{"rendered":"Matr\u00edcula semipresencial"},"content":{"rendered":"<p>La matr\u00edcula semipresencial t\u00e9 com a finalitat\u00a0<strong>facilitar l&#8217;acc\u00e9s<\/strong>\u00a0als ensenyaments de formaci\u00f3 professional de les persones que\u00a0<strong>no poden assistir presencialment a totes les hores lectives<\/strong>\u00a0(per feina, per tenir cura d&#8217;altres persones o per qualsevol altra circumst\u00e0ncia excepcional). La incompatibilitat amb l&#8217;horari lectiu s&#8217;ha d&#8217;acreditar documentalment.<\/p>\n<p>Aquesta\u00a0<strong>mesura flexibilitzadora<\/strong>\u00a0combina les activitats presencials amb aquelles que no impliquen la pres\u00e8ncia dels alumnes en el centre.<\/p>\n<p>A l&#8217;inici de curs s&#8217;informar\u00e0 als alumnes quins m\u00f2duls i\/o UF&#8217;s s&#8217;aplicar\u00e0 aquest tipus de mat\u00edcula.<\/p>\n<p><strong>Per m\u00e9s informaci\u00f3 cliqueu aqu\u00ed: <\/strong><a href=\"https:\/\/xtec.gencat.cat\/ca\/curriculum\/professionals\/fp\/comcursar\/\">MATR\u00cdCULA SEMIPRESENCIAL<\/a><\/p>\n<p>&nbsp;<\/p>\n","protected":false},"excerpt":{"rendered":"<p>La matr\u00edcula semipresencial t\u00e9 com a finalitat\u00a0facilitar l&#8217;acc\u00e9s\u00a0als ensenyaments de formaci\u00f3 professional de les persones que\u00a0no poden assistir presencialment a totes les hores lectives\u00a0(per feina, per tenir cura d&#8217;altres persones o per qualsevol altra circumst\u00e0ncia excepcional). La incompatibilitat amb l&#8217;horari lectiu s&#8217;ha d&#8217;acreditar documentalment.<br \/>\nAquesta\u00a0mesura flexibilitzadora\u00a0combina&hellip;  <a href=\"https:\/\/agora.xtec.cat\/ies-rbiv-cambrils\/estudis\/cicles-formatius\/matricula-semipresencial\/\" title=\"Read Matr\u00edcula semipresencial\">Llegeix m\u00e9s\u00bb<\/a><\/p>\n","protected":false},"author":234,"featured_media":0,"parent":3233,"menu_order":70,"comment_status":"closed","ping_status":"closed","template":"page-templates\/side-menu.php","meta":{"_bbp_topic_count":0,"_bbp_reply_count":0,"_bbp_total_topic_count":0,"_bbp_total_reply_count":0,"_bbp_voice_count":0,"_bbp_anonymous_reply_count":0,"_bbp_topic_count_hidden":0,"_bbp_reply_count_hidden":0,"_bbp_forum_subforum_count":0,"footnotes":""},"class_list":["post-8407","page","type-page","status-publish","hentry"],"post_mailing_queue_ids":[],"_links":{"self":[{"href":"https:\/\/agora.xtec.cat\/ies-rbiv-cambrils\/wp-json\/wp\/v2\/pages\/8407","targetHints":{"allow":["GET"]}}],"collection":[{"href":"https:\/\/agora.xtec.cat\/ies-rbiv-cambrils\/wp-json\/wp\/v2\/pages"}],"about":[{"href":"https:\/\/agora.xtec.cat\/ies-rbiv-cambrils\/wp-json\/wp\/v2\/types\/page"}],"author":[{"embeddable":true,"href":"https:\/\/agora.xtec.cat\/ies-rbiv-cambrils\/wp-json\/wp\/v2\/users\/234"}],"replies":[{"embeddable":true,"href":"https:\/\/agora.xtec.cat\/ies-rbiv-cambrils\/wp-json\/wp\/v2\/comments?post=8407"}],"version-history":[{"count":4,"href":"https:\/\/agora.xtec.cat\/ies-rbiv-cambrils\/wp-json\/wp\/v2\/pages\/8407\/revisions"}],"predecessor-version":[{"id":12842,"href":"https:\/\/agora.xtec.cat\/ies-rbiv-cambrils\/wp-json\/wp\/v2\/pages\/8407\/revisions\/12842"}],"up":[{"embeddable":true,"href":"https:\/\/agora.xtec.cat\/ies-rbiv-cambrils\/wp-json\/wp\/v2\/pages\/3233"}],"wp:attachment":[{"href":"https:\/\/agora.xtec.cat\/ies-rbiv-cambrils\/wp-json\/wp\/v2\/media?parent=8407"}],"curies":[{"name":"wp","href":"https:\/\/api.w.org\/{rel}","templated":true}]}}