{"id":8405,"date":"2019-04-09T15:00:39","date_gmt":"2019-04-09T13:00:39","guid":{"rendered":"http:\/\/agora.xtec.cat\/ies-rbiv-cambrils\/?page_id=8405"},"modified":"2021-11-12T12:33:08","modified_gmt":"2021-11-12T11:33:08","slug":"assessorament-reconeixement","status":"publish","type":"page","link":"https:\/\/agora.xtec.cat\/ies-rbiv-cambrils\/estudis\/cicles-formatius\/assessorament-reconeixement\/","title":{"rendered":"Assessorament &#8211; Reconeixement"},"content":{"rendered":"<header class=\"entry-header\">\n<h1 class=\"entry-title\">Servei d\u2019Assessorament i Reconeixement d\u2019FP<\/h1>\n<\/header>\n<div class=\"entry-content\">\n<p><a href=\"http:\/\/agora.xtec.cat\/ies-rbiv-cambrils\/wp-content\/uploads\/usu79\/2017\/09\/assessorament.jpg\"><img loading=\"lazy\" decoding=\"async\" class=\"size-full wp-image-4013 alignleft\" src=\"http:\/\/agora.xtec.cat\/ies-rbiv-cambrils\/wp-content\/uploads\/usu79\/2017\/09\/assessorament.jpg\" alt=\"\" width=\"84\" height=\"84\" \/><\/a><img loading=\"lazy\" decoding=\"async\" class=\"size-full wp-image-4014 aligncenter\" src=\"http:\/\/agora.xtec.cat\/ies-rbiv-cambrils\/wp-content\/uploads\/usu79\/2017\/09\/reconeixement.jpg\" alt=\"\" width=\"84\" height=\"84\" \/><\/p>\n<p>&nbsp;<\/p>\n<p style=\"text-align: justify;\">El Servei d\u2019assessorament en la formaci\u00f3 professional del sistema educatiu i el Servei de reconeixement acad\u00e8mic dels aprenentatges assolits mitjan\u00e7ant l\u2019experi\u00e8ncia laboral o en activitats socials s\u00f3n dues actuacions regulades a la Resoluci\u00f3 ENS\/1891\/2012, de 23 d\u2019agost, d\u2019organitzaci\u00f3 de diverses mesures flexibilitzadores i actuacions en la formaci\u00f3 professional inicial.<\/p>\n<p style=\"text-align: justify;\">El <strong>Servei d\u2019assessorament<\/strong> en la formaci\u00f3 professional del sistema educatiu s\u2019adre\u00e7a a les persones adultes interessades a obtenir la diagnosi de les seves possibilitats formatives i de promoci\u00f3 professional, i l\u2019itinerari formatiu m\u00e9s adequat per aconseguir l\u2019objectiu de qualificaci\u00f3 m\u00e9s idoni. Aquesta diagnosi \u00e9s un requisit previ per participar en el reconeixement acad\u00e8mic dels aprenentatges assolits mitjan\u00e7ant l\u2019experi\u00e8ncia laboral o en activitats socials.<\/p>\n<p style=\"text-align: justify;\">Per la seva banda, el\u00a0<strong>Servei de reconeixement <\/strong>acad\u00e8mic dels aprenentatges assolits mitjan\u00e7ant l\u2019experi\u00e8ncia laboral o en activitats socials s\u2019adre\u00e7a a les persones amb experi\u00e8ncia laboral o en activitats socials\u00a0que vulguin tenir un reconeixement acad\u00e8mic dels aprenentatges adquirits relacionats amb un determinat cicle formatiu.<\/p>\n<p style=\"text-align: justify;\">\u00c9s imprescindible disposar de l\u2019informe del servei d\u2019assessorament o document equivalent de convocat\u00f2ries d\u2019acreditaci\u00f3 o validaci\u00f3 amb l\u2019orientaci\u00f3 i\/o assessorament fet del mateix t\u00edtol o d\u2019un t\u00edtol af\u00ed.<\/p>\n<h3>M\u00e9s informaci\u00f3:<a href=\"https:\/\/agora.xtec.cat\/ies-rbiv-cambrils\/serveis\/servei-dassessorament-i-reconeixement-dfp\"> SERVEI ASSESSORAMENT RECONEIXEMENT<\/a><\/h3>\n<\/div>\n","protected":false},"excerpt":{"rendered":"<p>Servei d\u2019Assessorament i Reconeixement d\u2019FP<\/p>\n<p><a href=\"http:\/\/agora.xtec.cat\/ies-rbiv-cambrils\/wp-content\/uploads\/usu79\/2017\/09\/assessorament.jpg\"><\/a><br \/>\n&nbsp;<br \/>\nEl Servei d\u2019assessorament en la formaci\u00f3 professional del sistema educatiu i el Servei de reconeixement acad\u00e8mic dels aprenentatges assolits mitjan\u00e7ant l\u2019experi\u00e8ncia laboral o en activitats socials s\u00f3n dues actuacions regulades a la Resoluci\u00f3 ENS\/1891\/2012, de 23 d\u2019agost, d\u2019organitzaci\u00f3 de diverses&hellip;  <a href=\"https:\/\/agora.xtec.cat\/ies-rbiv-cambrils\/estudis\/cicles-formatius\/assessorament-reconeixement\/\" title=\"Read Assessorament &#8211; Reconeixement\">Llegeix m\u00e9s\u00bb<\/a><\/p>\n","protected":false},"author":234,"featured_media":0,"parent":3233,"menu_order":60,"comment_status":"closed","ping_status":"closed","template":"page-templates\/side-menu.php","meta":{"_bbp_topic_count":0,"_bbp_reply_count":0,"_bbp_total_topic_count":0,"_bbp_total_reply_count":0,"_bbp_voice_count":0,"_bbp_anonymous_reply_count":0,"_bbp_topic_count_hidden":0,"_bbp_reply_count_hidden":0,"_bbp_forum_subforum_count":0,"footnotes":""},"class_list":["post-8405","page","type-page","status-publish","hentry"],"post_mailing_queue_ids":[],"_links":{"self":[{"href":"https:\/\/agora.xtec.cat\/ies-rbiv-cambrils\/wp-json\/wp\/v2\/pages\/8405","targetHints":{"allow":["GET"]}}],"collection":[{"href":"https:\/\/agora.xtec.cat\/ies-rbiv-cambrils\/wp-json\/wp\/v2\/pages"}],"about":[{"href":"https:\/\/agora.xtec.cat\/ies-rbiv-cambrils\/wp-json\/wp\/v2\/types\/page"}],"author":[{"embeddable":true,"href":"https:\/\/agora.xtec.cat\/ies-rbiv-cambrils\/wp-json\/wp\/v2\/users\/234"}],"replies":[{"embeddable":true,"href":"https:\/\/agora.xtec.cat\/ies-rbiv-cambrils\/wp-json\/wp\/v2\/comments?post=8405"}],"version-history":[{"count":4,"href":"https:\/\/agora.xtec.cat\/ies-rbiv-cambrils\/wp-json\/wp\/v2\/pages\/8405\/revisions"}],"predecessor-version":[{"id":11895,"href":"https:\/\/agora.xtec.cat\/ies-rbiv-cambrils\/wp-json\/wp\/v2\/pages\/8405\/revisions\/11895"}],"up":[{"embeddable":true,"href":"https:\/\/agora.xtec.cat\/ies-rbiv-cambrils\/wp-json\/wp\/v2\/pages\/3233"}],"wp:attachment":[{"href":"https:\/\/agora.xtec.cat\/ies-rbiv-cambrils\/wp-json\/wp\/v2\/media?parent=8405"}],"curies":[{"name":"wp","href":"https:\/\/api.w.org\/{rel}","templated":true}]}}