{"id":8191,"date":"2019-04-05T09:28:47","date_gmt":"2019-04-05T07:28:47","guid":{"rendered":"http:\/\/agora.xtec.cat\/ies-rbiv-cambrils\/?page_id=8191"},"modified":"2021-12-22T13:26:57","modified_gmt":"2021-12-22T12:26:57","slug":"borsa-de-treball","status":"publish","type":"page","link":"https:\/\/agora.xtec.cat\/ies-rbiv-cambrils\/estudis\/cicles-formatius\/borsa-de-treball\/","title":{"rendered":"Borsa de treball"},"content":{"rendered":"<p style=\"text-align: justify;\">Des de l&#8217;Institut Ramon Berenguer IV, apostem per donar resposta a les necessitats laborals del les empreses de l&#8217;entorn, als alumnes que necessiten comptar amb uns ingressos mentre estudien i als que han acabat els estudis sobretot de CFGM i CFGS.<\/p>\n<p style=\"text-align: justify;\">Amb les relacions que establim amb la Formaci\u00f3 en Centres de Treball, en FP DUAL\u00a0 i amb d&#8217;altres que ens arriben a trav\u00e9s de la nostra p\u00e0gina web aconseguim un alt grau d&#8217;inserci\u00f3 laboral.<\/p>\n<p style=\"text-align: justify;\">El servei va dirigit a les empreses sobretot de Cambrils que busquen treballadors i als alumnes de l\u2019Institut Ramon Berenguer IV que busquen feina.<\/p>\n<p>M\u00e9s info en: 977.361.496<\/p>\n","protected":false},"excerpt":{"rendered":"<p>Des de l&#8217;Institut Ramon Berenguer IV, apostem per donar resposta a les necessitats laborals del les empreses de l&#8217;entorn, als alumnes que necessiten comptar amb uns ingressos mentre estudien i als que han acabat els estudis sobretot de CFGM i CFGS.<br \/>\nAmb les relacions que establim&hellip;  <a href=\"https:\/\/agora.xtec.cat\/ies-rbiv-cambrils\/estudis\/cicles-formatius\/borsa-de-treball\/\" title=\"Read Borsa de treball\">Llegeix m\u00e9s\u00bb<\/a><\/p>\n","protected":false},"author":234,"featured_media":0,"parent":3233,"menu_order":75,"comment_status":"closed","ping_status":"closed","template":"page-templates\/side-menu.php","meta":{"_bbp_topic_count":0,"_bbp_reply_count":0,"_bbp_total_topic_count":0,"_bbp_total_reply_count":0,"_bbp_voice_count":0,"_bbp_anonymous_reply_count":0,"_bbp_topic_count_hidden":0,"_bbp_reply_count_hidden":0,"_bbp_forum_subforum_count":0,"footnotes":""},"class_list":["post-8191","page","type-page","status-publish","hentry"],"post_mailing_queue_ids":[],"_links":{"self":[{"href":"https:\/\/agora.xtec.cat\/ies-rbiv-cambrils\/wp-json\/wp\/v2\/pages\/8191","targetHints":{"allow":["GET"]}}],"collection":[{"href":"https:\/\/agora.xtec.cat\/ies-rbiv-cambrils\/wp-json\/wp\/v2\/pages"}],"about":[{"href":"https:\/\/agora.xtec.cat\/ies-rbiv-cambrils\/wp-json\/wp\/v2\/types\/page"}],"author":[{"embeddable":true,"href":"https:\/\/agora.xtec.cat\/ies-rbiv-cambrils\/wp-json\/wp\/v2\/users\/234"}],"replies":[{"embeddable":true,"href":"https:\/\/agora.xtec.cat\/ies-rbiv-cambrils\/wp-json\/wp\/v2\/comments?post=8191"}],"version-history":[{"count":4,"href":"https:\/\/agora.xtec.cat\/ies-rbiv-cambrils\/wp-json\/wp\/v2\/pages\/8191\/revisions"}],"predecessor-version":[{"id":12291,"href":"https:\/\/agora.xtec.cat\/ies-rbiv-cambrils\/wp-json\/wp\/v2\/pages\/8191\/revisions\/12291"}],"up":[{"embeddable":true,"href":"https:\/\/agora.xtec.cat\/ies-rbiv-cambrils\/wp-json\/wp\/v2\/pages\/3233"}],"wp:attachment":[{"href":"https:\/\/agora.xtec.cat\/ies-rbiv-cambrils\/wp-json\/wp\/v2\/media?parent=8191"}],"curies":[{"name":"wp","href":"https:\/\/api.w.org\/{rel}","templated":true}]}}