{"id":8183,"date":"2019-04-05T09:24:25","date_gmt":"2019-04-05T07:24:25","guid":{"rendered":"http:\/\/agora.xtec.cat\/ies-rbiv-cambrils\/?page_id=8183"},"modified":"2019-04-09T14:51:57","modified_gmt":"2019-04-09T12:51:57","slug":"fp-dual","status":"publish","type":"page","link":"https:\/\/agora.xtec.cat\/ies-rbiv-cambrils\/estudis\/cicles-formatius\/fp-dual\/","title":{"rendered":"FP Dual"},"content":{"rendered":"<div class=\"FW_sArticleFoto\">\n<div class=\"FW_sEditPro\">\n<p style=\"text-align: justify;\">La\u00a0<strong>formaci\u00f3 dual<\/strong>\u00a0\u00e9s la modalitat de la formaci\u00f3 professional (FP) en la qual l&#8217;estudiant esdev\u00e9 aprenent i combina la formaci\u00f3 en el centre educatiu amb l&#8217;activitat productiva en l&#8217;empresa. Els objectius s\u00f3n:<\/p>\n<ul style=\"text-align: justify;\">\n<li>adequar la formaci\u00f3 professional a les necessitats de les empreses,<\/li>\n<li>establir una major vinculaci\u00f3 i coresponsabilitat entre els centres de formaci\u00f3 professional i les empreses, en el proc\u00e9s formatiu del jovent,<\/li>\n<li>millorar el proc\u00e9s d&#8217;aprenentatge dels estudiants de formaci\u00f3 professional.<\/li>\n<\/ul>\n<p style=\"text-align: justify;\">El Departament d&#8217;Ensenyament impulsa la\u00a0<strong>FP\u00a0dual<\/strong>, en qu\u00e8 centres i empreses comparteixen les responsabilitats formatives, per tal que els ensenyaments professionals s&#8217;adeq\u00fcin a les necessitats del mercat laboral.<\/p>\n<\/div>\n<\/div>\n<div class=\"FW_clear FW_hrBlanc\" style=\"text-align: justify;\"><\/div>\n<h3 class=\"FW_sTitolFons\" style=\"text-align: justify;\"><span style=\"font-size: 1.4375em;\">Beneficis<\/span><\/h3>\n<div style=\"text-align: justify;\"><\/div>\n<div class=\"FW_sPregunta FW_sImpacte\" style=\"text-align: justify;\">\n<div class=\"FW_sArticleFoto\">\n<div class=\"FW_sEditPro\">\n<p>La formaci\u00f3 dual aporta als alumnes:<\/p>\n<ul>\n<li>millorar el currr\u00edculum professional<\/li>\n<li>desenvolupar les compet\u00e8ncies professionals en un entorn laboral real<\/li>\n<li>afavorir la incorporaci\u00f3 al m\u00f3n laboral com a aprenent qualificat<\/li>\n<li>recon\u00e8ixer el valor que aporta l&#8217;estudiant per l&#8217;activitat desenvolupada a l&#8217;empresa<\/li>\n<\/ul>\n<p>Alhora l&#8217;empresa i el centre educatiu tamb\u00e9 n&#8217;obtenen beneficis, en tant en quant incorporen personal qualificat a l&#8217;empresa,i els centres intercanvien i transfereixen coneixements amb les empreses.<\/p>\n<\/div>\n<\/div>\n<div class=\"FW_clear FW_hrBlanc\">\u00a0<a style=\"font-family: inherit; font-size: 1em;\" href=\"http:\/\/www.fpdual.cat\/\">M\u00e9s Informaci\u00f3: FP DUAL<\/a><\/div>\n<\/div>\n<div class=\"FW_sPregunta FW_sImpacte\">\n<div class=\"FW_sArticleFoto\">\n<div class=\"FW_sEditPro\">\n<p>&nbsp;<\/p>\n<\/div>\n<\/div>\n<\/div>\n","protected":false},"excerpt":{"rendered":"<p>La\u00a0formaci\u00f3 dual\u00a0\u00e9s la modalitat de la formaci\u00f3 professional (FP) en la qual l&#8217;estudiant esdev\u00e9 aprenent i combina la formaci\u00f3 en el centre educatiu amb l&#8217;activitat productiva en l&#8217;empresa. Els objectius s\u00f3n:<\/p>\n<ul style=\"text-align: justify;\">\n<li>adequar la formaci\u00f3 professional a les necessitats de les empreses,<\/li>\n<li>establir una major vinculaci\u00f3&hellip;  <a href=\"https:\/\/agora.xtec.cat\/ies-rbiv-cambrils\/estudis\/cicles-formatius\/fp-dual\/\" title=\"Read FP Dual\">Llegeix m\u00e9s\u00bb<\/a><br \/>\n","protected":false},"author":234,"featured_media":0,"parent":3233,"menu_order":7,"comment_status":"closed","ping_status":"closed","template":"page-templates\/side-menu.php","meta":{"_bbp_topic_count":0,"_bbp_reply_count":0,"_bbp_total_topic_count":0,"_bbp_total_reply_count":0,"_bbp_voice_count":0,"_bbp_anonymous_reply_count":0,"_bbp_topic_count_hidden":0,"_bbp_reply_count_hidden":0,"_bbp_forum_subforum_count":0,"footnotes":""},"class_list":["post-8183","page","type-page","status-publish","hentry"],"post_mailing_queue_ids":[],"_links":{"self":[{"href":"https:\/\/agora.xtec.cat\/ies-rbiv-cambrils\/wp-json\/wp\/v2\/pages\/8183","targetHints":{"allow":["GET"]}}],"collection":[{"href":"https:\/\/agora.xtec.cat\/ies-rbiv-cambrils\/wp-json\/wp\/v2\/pages"}],"about":[{"href":"https:\/\/agora.xtec.cat\/ies-rbiv-cambrils\/wp-json\/wp\/v2\/types\/page"}],"author":[{"embeddable":true,"href":"https:\/\/agora.xtec.cat\/ies-rbiv-cambrils\/wp-json\/wp\/v2\/users\/234"}],"replies":[{"embeddable":true,"href":"https:\/\/agora.xtec.cat\/ies-rbiv-cambrils\/wp-json\/wp\/v2\/comments?post=8183"}],"version-history":[{"count":3,"href":"https:\/\/agora.xtec.cat\/ies-rbiv-cambrils\/wp-json\/wp\/v2\/pages\/8183\/revisions"}],"predecessor-version":[{"id":8400,"href":"https:\/\/agora.xtec.cat\/ies-rbiv-cambrils\/wp-json\/wp\/v2\/pages\/8183\/revisions\/8400"}],"up":[{"embeddable":true,"href":"https:\/\/agora.xtec.cat\/ies-rbiv-cambrils\/wp-json\/wp\/v2\/pages\/3233"}],"wp:attachment":[{"href":"https:\/\/agora.xtec.cat\/ies-rbiv-cambrils\/wp-json\/wp\/v2\/media?parent=8183"}],"curies":[{"name":"wp","href":"https:\/\/api.w.org\/{rel}","templated":true}]}}