{"id":8175,"date":"2019-04-05T08:47:18","date_gmt":"2019-04-05T06:47:18","guid":{"rendered":"http:\/\/agora.xtec.cat\/ies-rbiv-cambrils\/?page_id=8175"},"modified":"2025-10-26T22:22:30","modified_gmt":"2025-10-26T21:22:30","slug":"que-oferim","status":"publish","type":"page","link":"https:\/\/agora.xtec.cat\/ies-rbiv-cambrils\/estudis\/cicles-formatius\/que-oferim\/","title":{"rendered":"Qu\u00e8 oferim?"},"content":{"rendered":"<p style=\"text-align: justify;\">La <strong>Formaci\u00f3 Professional<\/strong> (<strong>FP<\/strong>) capacita per exercir diverses professions i proporciona la formaci\u00f3 necess\u00e0ria per adquirir la compet\u00e8ncia professional i el coneixement propis de cada sector.<\/p>\n<p style=\"text-align: justify;\">Amb la superaci\u00f3 d\u2019un cicle formatiu de grau mitj\u00e0 s\u2019obt\u00e9 el t\u00edtol de t\u00e8cnic o t\u00e8cnica i es pot:<\/p>\n<ul>\n<li style=\"text-align: justify;\">Accedir al m\u00f3n laboral.<\/li>\n<li style=\"text-align: justify;\">Cursar un altre cicle formatiu de grau mitj\u00e0.<\/li>\n<li style=\"text-align: justify;\">Accedir a un cicle formatiu de grau superior, si es t\u00e9 el t\u00edtol de batxillerat o s\u2019ha superat la prova d\u2019acc\u00e9s.<\/li>\n<\/ul>\n<table style=\"height: 164px; width: 100%;\">\n<tbody>\n<tr style=\"height: 38px;\">\n<td style=\"width: 99.4196%; height: 38px; background-color: #f7ab07; text-align: center;\" colspan=\"2\">\n<h5><strong>CICLES FORMATIUS (CF)<\/strong><\/h5>\n<\/td>\n<\/tr>\n<tr style=\"height: 38px;\">\n<td style=\"width: 49.3367%; text-align: center; height: 38px; background-color: #f7cc77;\">\n<h6><strong>DE GRAU MITJ\u00c0 (CFGM)<\/strong><\/h6>\n<\/td>\n<td style=\"width: 50.0829%; text-align: center; height: 38px; background-color: #f7cc77;\">\n<h6><strong>DE GRAU SUPERIOR (CFGS)<\/strong><\/h6>\n<\/td>\n<\/tr>\n<tr style=\"height: 38px;\">\n<td style=\"width: 49.3367%; text-align: center; height: 38px; background-color: #f7e97e;\"><a href=\"http:\/\/agora.xtec.cat\/ies-rbiv-cambrils\/estudis\/cicles-formatius\/cicle-de-gestio-administrativa\/\">GESTI\u00d3 ADMINISTRATIVA<\/a><\/td>\n<td style=\"width: 50.0829%; text-align: center; height: 107px; background-color: #f7e97e;\" rowspan=\"4\"><a href=\"http:\/\/agora.xtec.cat\/ies-rbiv-cambrils\/estudis\/cicles-formatius\/cicle-formatiu-grau-superior-administracio-i-finances\/\">ADMINISTRACI\u00d3 I FINANCES<\/a><\/td>\n<\/tr>\n<tr>\n<td style=\"width: 49.3367%; text-align: center; background-color: #f7e97e;\"><a style=\"color: #2795b6;\" href=\"http:\/\/agora.xtec.cat\/ies-rbiv-cambrils\/estudis\/cicles-formatius\/cicle-de-manteniment-electromecanic\/\">MANTENIMENT ELECTROMEC\u00c0NIC<\/a><\/td>\n<\/tr>\n<tr style=\"height: 38px;\">\n<td style=\"width: 49.3367%; text-align: center; height: 38px; background-color: #f7e97e;\"><a style=\"color: #2795b6;\" href=\"https:\/\/agora.xtec.cat\/ies-rbiv-cambrils\/estudis\/cicles-formatius\/cicle-formatiu-de-grau-mitja-de-manteniment-dembarcacions-desbarjo\/\">MANTENIMENT D&#8217;EMBARCACIONS D&#8217;ESBARJO<\/a><\/td>\n<\/tr>\n<tr style=\"height: 31px;\">\n<td style=\"width: 49.3367%; text-align: center; height: 31px; background-color: #f7e97e;\"><a href=\"https:\/\/agora.xtec.cat\/ies-rbiv-cambrils\/estudis\/cicles-formatius\/cfgm-cures-auxiliars-dinfermeria\/\">CURES AUXILIARS D&#8217;INFERMERIA<\/a><\/td>\n<\/tr>\n<\/tbody>\n<\/table>\n<ol>\n<li style=\"text-align: justify;\">Formaci\u00f3 especialitzada de qualitat adequada a diverses fam\u00edlies professionals, que combina continguts te\u00f2rics i pr\u00e0ctics a l\u2019empresa per adquirir les corresponents compet\u00e8ncies professionals en el camp laboral.<\/li>\n<li style=\"text-align: justify;\">Formaci\u00f3 amb un sistema de m\u00f2duls i unitats formatives que et permet estudiar al teu ritme o combinar la vida professional i\/o familiar matriculant-te nom\u00e9s d\u2019aquells m\u00f2duls que consideris adients configurant-te tu mateix el teu propi itinerari.<\/li>\n<li style=\"text-align: justify;\">Formaci\u00f3 que permet diverses sortides professionals:\n<ul style=\"list-style-type: square;\">\n<li style=\"text-align: justify;\">Continuar els teus estudis.<\/li>\n<li style=\"text-align: justify;\">Accedir al m\u00f3n laboral en millors condicions.<\/li>\n<\/ul>\n<\/li>\n<\/ol>\n<h2 style=\"text-align: left;\">Quins requisits necessites per accedir als CFGM?<\/h2>\n<ul style=\"list-style-type: square;\">\n<li style=\"text-align: justify;\">Haver superat l&#8217;ESO o equivalent.<\/li>\n<li>En cas de no disposar del Graduat en ESO:\n<ul>\n<li style=\"text-align: justify;\">superar una prova d&#8217;acc\u00e9s i tenir 17 anys o complir-los el mateix any en que es realitza la prova, o<\/li>\n<li style=\"text-align: justify;\">superar un curs d&#8217;acc\u00e9s espec\u00edfic per a l&#8217;acc\u00e9s a cicles formatius de grau mitj\u00e0 i tenir 17 anys o fer-los l&#8217;any en qu\u00e8 es fa la matr\u00edcula al curs.<\/li>\n<\/ul>\n<\/li>\n<\/ul>\n<h2 style=\"text-align: left;\">Quins requisits necessites per accedir als CFGS?<\/h2>\n<ul style=\"list-style-type: square;\">\n<li style=\"text-align: justify;\">Haver superat el Batxillerat o equivalent.<\/li>\n<li style=\"text-align: justify;\">En cas de no disposar del Batxillerat, cal superar una prova d&#8217;acc\u00e9s i tenir 19 anys d&#8217;edat o b\u00e9 fer-los durant l&#8217;any en qu\u00e8 es realitza la prova.<\/li>\n<li>Les persones que disposen d&#8217;un t\u00edtol de t\u00e8cnic o t\u00e8cnica i tenen 18 anys poden:\n<ul>\n<li style=\"text-align: justify;\">Superar una prova d&#8217;acc\u00e9s espec\u00edfica.<\/li>\n<li style=\"text-align: justify;\">Superar el curs d&#8217;acc\u00e9s a cicles formatius de grau superior.<\/li>\n<li style=\"text-align: justify;\">Accedir directament als cicles formatius de grau superior, sempre que hi hagi places disponibles despr\u00e9s de que hagi accedit l&#8217;alumnat provinent de batxillerat, curs o prova d&#8217;acc\u00e9s.<\/li>\n<\/ul>\n<\/li>\n<\/ul>\n<h2>Complementem aquesta formaci\u00f3 amb:<\/h2>\n<ul>\n<li>xerrades,<\/li>\n<li>tallers,<\/li>\n<li>visites,<\/li>\n<li>excursions, i<\/li>\n<li>visita i participaci\u00f3 en fires.<\/li>\n<\/ul>\n<p style=\"text-align: center;\"><iframe loading=\"lazy\" title=\"YouTube video player\" src=\"\/\/www.youtube.com\/embed\/0gc5Yfy8qVg\" width=\"560\" height=\"315\" frameborder=\"0\" allowfullscreen=\"allowfullscreen\"><\/iframe><\/p>\n<p>&nbsp;<\/p>\n<p style=\"padding-left: 90px;\">\n","protected":false},"excerpt":{"rendered":"<p>La Formaci\u00f3 Professional (FP) capacita per exercir diverses professions i proporciona la formaci\u00f3 necess\u00e0ria per adquirir la compet\u00e8ncia professional i el coneixement propis de cada sector.<br \/>\nAmb la superaci\u00f3 d\u2019un cicle formatiu de grau mitj\u00e0 s\u2019obt\u00e9 el t\u00edtol de t\u00e8cnic o t\u00e8cnica i es pot:<\/p>\n<ul>\n<li style=\"text-align:&hellip;  <a href=\"https:\/\/agora.xtec.cat\/ies-rbiv-cambrils\/estudis\/cicles-formatius\/que-oferim\/\" title=\"Read Qu\u00e8 oferim?\">Llegeix m\u00e9s\u00bb<\/a><br \/>\n","protected":false},"author":234,"featured_media":0,"parent":3233,"menu_order":1,"comment_status":"closed","ping_status":"closed","template":"page-templates\/side-menu.php","meta":{"_bbp_topic_count":0,"_bbp_reply_count":0,"_bbp_total_topic_count":0,"_bbp_total_reply_count":0,"_bbp_voice_count":0,"_bbp_anonymous_reply_count":0,"_bbp_topic_count_hidden":0,"_bbp_reply_count_hidden":0,"_bbp_forum_subforum_count":0,"footnotes":""},"class_list":["post-8175","page","type-page","status-publish","hentry"],"post_mailing_queue_ids":[],"_links":{"self":[{"href":"https:\/\/agora.xtec.cat\/ies-rbiv-cambrils\/wp-json\/wp\/v2\/pages\/8175","targetHints":{"allow":["GET"]}}],"collection":[{"href":"https:\/\/agora.xtec.cat\/ies-rbiv-cambrils\/wp-json\/wp\/v2\/pages"}],"about":[{"href":"https:\/\/agora.xtec.cat\/ies-rbiv-cambrils\/wp-json\/wp\/v2\/types\/page"}],"author":[{"embeddable":true,"href":"https:\/\/agora.xtec.cat\/ies-rbiv-cambrils\/wp-json\/wp\/v2\/users\/234"}],"replies":[{"embeddable":true,"href":"https:\/\/agora.xtec.cat\/ies-rbiv-cambrils\/wp-json\/wp\/v2\/comments?post=8175"}],"version-history":[{"count":6,"href":"https:\/\/agora.xtec.cat\/ies-rbiv-cambrils\/wp-json\/wp\/v2\/pages\/8175\/revisions"}],"predecessor-version":[{"id":16541,"href":"https:\/\/agora.xtec.cat\/ies-rbiv-cambrils\/wp-json\/wp\/v2\/pages\/8175\/revisions\/16541"}],"up":[{"embeddable":true,"href":"https:\/\/agora.xtec.cat\/ies-rbiv-cambrils\/wp-json\/wp\/v2\/pages\/3233"}],"wp:attachment":[{"href":"https:\/\/agora.xtec.cat\/ies-rbiv-cambrils\/wp-json\/wp\/v2\/media?parent=8175"}],"curies":[{"name":"wp","href":"https:\/\/api.w.org\/{rel}","templated":true}]}}