{"id":7964,"date":"2019-03-20T10:09:56","date_gmt":"2019-03-20T09:09:56","guid":{"rendered":"http:\/\/agora.xtec.cat\/ies-rbiv-cambrils\/?page_id=7964"},"modified":"2023-11-20T11:14:30","modified_gmt":"2023-11-20T10:14:30","slug":"perfil-del-contractant","status":"publish","type":"page","link":"https:\/\/agora.xtec.cat\/ies-rbiv-cambrils\/secretaria\/perfil-del-contractant\/","title":{"rendered":"Perfil del contractant"},"content":{"rendered":"<p><!-- Informaci\u00f3 temporalment no disponible. Hi estem treballant per arreglar-ho. --><\/p>\n<p>Trobareu tota la informaci\u00f3 actualitzada a la <a href=\"https:\/\/contractaciopublica.cat\/ca\/inici\" target=\"_blank\" rel=\"noopener\">Plataforma de Serveis de Contractaci\u00f3 P\u00fablica<\/a> (PSCP).<\/p>\n<p>Els responsables de fer les publicacions al perfil del contractant, mitjan\u00e7ant la plataforma de serveis de contractaci\u00f3 p\u00fablica (PSCP), i al Diari Oficial de la Uni\u00f3 Europea (DOUE), \u00e9s la unitat de contractaci\u00f3 dels Serveis Territorials d&#8217;Educaci\u00f3 a Tarragona.<\/p>\n<hr \/>\n<h1>Contractes any 2023<\/h1>\n<h4><a href=\"https:\/\/contractaciopublica.gencat.cat\/ecofin_pscp\/AppJava\/notice.pscp?reqCode=viewCn&amp;idCap=202184&amp;idDoc=111541197\">Servei de neteja de l&#8217;institut<\/a><\/h4>\n<ul>\n<li><a href=\"https:\/\/drive.google.com\/file\/d\/1osEt4P_LMAAI5wQ4i5awIEg4M6QptQva\/view?usp=share_link\">Anunci de licitaci\u00f3<\/a> (pdf)<\/li>\n<li><a href=\"https:\/\/drive.google.com\/file\/d\/18txuCM6bj90id19BGjq0MKtlmjfaIAiv\/view?usp=share_link\">Plec\u00a0de cl\u00e0usules administratives particulars<\/a> (pdf)<\/li>\n<li><a href=\"https:\/\/drive.google.com\/file\/d\/13j1AIYmgk2BYdyx0eSXfMomKnMdfHzE4\/view?usp=share_link\">Plec\u00a0de prescripcions t\u00e8cniques<\/a> (pdf)<\/li>\n<li><a href=\"https:\/\/contractaciopublica.gencat.cat\/ecofin_pscp\/AppJava\/awardnotice.do?reqCode=viewPcan&amp;idDoc=113644432&amp;lawType=3\" target=\"_blank\" rel=\"noopener\">Resoluci\u00f3 d&#8217;adjudicaci\u00f3 del contracte =&gt;<\/a> (Plataforma de contractaci\u00f3)<\/li>\n<li><a href=\"https:\/\/contractaciopublica.gencat.cat\/ecofin_pscp\/AppJava\/awardnotice.do?reqCode=viewDcan&amp;idDoc=114915043&amp;lawType=3\" target=\"_blank\" rel=\"noopener\">Formalitzaci\u00f3 del contracte =&gt;<\/a> (Plataforma de contractaci\u00f3)<\/li>\n<\/ul>\n<hr \/>\n","protected":false},"excerpt":{"rendered":"<p>Trobareu tota la informaci\u00f3 actualitzada a la <a href=\"https:\/\/contractaciopublica.cat\/ca\/inici\" target=\"_blank\" rel=\"noopener\">Plataforma de Serveis de Contractaci\u00f3 P\u00fablica<\/a> (PSCP).<br \/>\nEls responsables de fer les publicacions al perfil del contractant, mitjan\u00e7ant la plataforma de serveis de contractaci\u00f3 p\u00fablica (PSCP), i al Diari Oficial de la Uni\u00f3 Europea (DOUE), \u00e9s&hellip;  <a href=\"https:\/\/agora.xtec.cat\/ies-rbiv-cambrils\/secretaria\/perfil-del-contractant\/\" title=\"Read Perfil del contractant\">Llegeix m\u00e9s\u00bb<\/a><\/p>\n","protected":false},"author":234,"featured_media":0,"parent":7606,"menu_order":9,"comment_status":"closed","ping_status":"closed","template":"page-templates\/side-menu.php","meta":{"_bbp_topic_count":0,"_bbp_reply_count":0,"_bbp_total_topic_count":0,"_bbp_total_reply_count":0,"_bbp_voice_count":0,"_bbp_anonymous_reply_count":0,"_bbp_topic_count_hidden":0,"_bbp_reply_count_hidden":0,"_bbp_forum_subforum_count":0,"footnotes":""},"class_list":["post-7964","page","type-page","status-publish","hentry"],"post_mailing_queue_ids":[],"_links":{"self":[{"href":"https:\/\/agora.xtec.cat\/ies-rbiv-cambrils\/wp-json\/wp\/v2\/pages\/7964","targetHints":{"allow":["GET"]}}],"collection":[{"href":"https:\/\/agora.xtec.cat\/ies-rbiv-cambrils\/wp-json\/wp\/v2\/pages"}],"about":[{"href":"https:\/\/agora.xtec.cat\/ies-rbiv-cambrils\/wp-json\/wp\/v2\/types\/page"}],"author":[{"embeddable":true,"href":"https:\/\/agora.xtec.cat\/ies-rbiv-cambrils\/wp-json\/wp\/v2\/users\/234"}],"replies":[{"embeddable":true,"href":"https:\/\/agora.xtec.cat\/ies-rbiv-cambrils\/wp-json\/wp\/v2\/comments?post=7964"}],"version-history":[{"count":6,"href":"https:\/\/agora.xtec.cat\/ies-rbiv-cambrils\/wp-json\/wp\/v2\/pages\/7964\/revisions"}],"predecessor-version":[{"id":13887,"href":"https:\/\/agora.xtec.cat\/ies-rbiv-cambrils\/wp-json\/wp\/v2\/pages\/7964\/revisions\/13887"}],"up":[{"embeddable":true,"href":"https:\/\/agora.xtec.cat\/ies-rbiv-cambrils\/wp-json\/wp\/v2\/pages\/7606"}],"wp:attachment":[{"href":"https:\/\/agora.xtec.cat\/ies-rbiv-cambrils\/wp-json\/wp\/v2\/media?parent=7964"}],"curies":[{"name":"wp","href":"https:\/\/api.w.org\/{rel}","templated":true}]}}