{"id":7781,"date":"2019-03-06T14:54:52","date_gmt":"2019-03-06T13:54:52","guid":{"rendered":"http:\/\/agora.xtec.cat\/ies-rbiv-cambrils\/?page_id=7781"},"modified":"2023-10-30T12:27:47","modified_gmt":"2023-10-30T11:27:47","slug":"altres-tramits","status":"publish","type":"page","link":"https:\/\/agora.xtec.cat\/ies-rbiv-cambrils\/secretaria\/altres-tramits\/","title":{"rendered":"Altres tr\u00e0mits"},"content":{"rendered":"<ul>\n<li><a href=\"#Homologar\">Homologaci\u00f3 d&#8217;estudis estrangers<\/a><\/li>\n<li><a href=\"https:\/\/drive.google.com\/file\/d\/18UrycoPH61dnTeqKyhGL1YcvxaGXcEUi\/view?usp=drive_link\" target=\"_blank\" rel=\"noopener\">Sol\u00b7licitud gen\u00e8rica<\/a><\/li>\n<\/ul>\n<hr width=\"75%\" \/>\n<h2><a id=\"Homologar\"><\/a>Homologar estudis<\/h2>\n<p>El Departament d&#8217;Educaci\u00f3 t\u00e9 un portal pensat per <strong>acompanyar l&#8217;alumnat que ha cursat estudis en un centre o un pa\u00eds amb un altre sistema educatiu i ha d&#8217;homologar-los<\/strong>. L&#8217;alumnat que t\u00e9 pensat fer part dels estudis a l&#8217;estranger, hi trobar\u00e0 tot el que ha de tenir en compte quan torni per continuar estudiant a Catalunya.<\/p>\n<p>Des del web <strong><a href=\"http:\/\/homologacio.triaeducativa.gencat.cat\" target=\"_blank\" rel=\"noopener\">homologacio.triaeducativa.gencat.cat<\/a><\/strong> es pot accedir directament a la sol\u00b7licitud d&#8217;homologaci\u00f3 i consultar tota la informaci\u00f3 que cal con\u00e8ixer, classificada per pa\u00efsos i en un llenguatge entenedor. El web incorpora l&#8217;opci\u00f3 de traducci\u00f3 autom\u00e0tica multiidioma, que facilita la navegaci\u00f3 en catal\u00e0, castell\u00e0, angl\u00e8s, franc\u00e8s, itali\u00e0, portugu\u00e8s, alemany, rus, \u00e0rab i xin\u00e8s.<\/p>\n<p>Aquest portal reuneix tota la informaci\u00f3, els passos a seguir i la documentaci\u00f3 que cal presentar per homologar estudis.\u200b\u200b<\/p>\n<hr \/>\n","protected":false},"excerpt":{"rendered":"<ul>\n<li><a href=\"#Homologar\">Homologaci\u00f3 d&#8217;estudis estrangers<\/a><\/li>\n<li><a href=\"https:\/\/drive.google.com\/file\/d\/18UrycoPH61dnTeqKyhGL1YcvxaGXcEUi\/view?usp=drive_link\" target=\"_blank\" rel=\"noopener\">Sol\u00b7licitud gen\u00e8rica<\/a><\/li>\n<\/ul>\n<p><a id=\"Homologar\"><\/a>Homologar estudis<br \/>\nEl Departament d&#8217;Educaci\u00f3 t\u00e9 un portal pensat per acompanyar l&#8217;alumnat que ha cursat estudis en un centre o un pa\u00eds amb un altre sistema educatiu i ha d&#8217;homologar-los. L&#8217;alumnat que t\u00e9 pensat fer part dels estudis&hellip;  <a href=\"https:\/\/agora.xtec.cat\/ies-rbiv-cambrils\/secretaria\/altres-tramits\/\" title=\"Read Altres tr\u00e0mits\">Llegeix m\u00e9s\u00bb<\/a><\/p>\n","protected":false},"author":234,"featured_media":0,"parent":7606,"menu_order":7,"comment_status":"closed","ping_status":"closed","template":"page-templates\/side-menu.php","meta":{"_bbp_topic_count":0,"_bbp_reply_count":0,"_bbp_total_topic_count":0,"_bbp_total_reply_count":0,"_bbp_voice_count":0,"_bbp_anonymous_reply_count":0,"_bbp_topic_count_hidden":0,"_bbp_reply_count_hidden":0,"_bbp_forum_subforum_count":0,"footnotes":""},"class_list":["post-7781","page","type-page","status-publish","hentry"],"post_mailing_queue_ids":[],"_links":{"self":[{"href":"https:\/\/agora.xtec.cat\/ies-rbiv-cambrils\/wp-json\/wp\/v2\/pages\/7781","targetHints":{"allow":["GET"]}}],"collection":[{"href":"https:\/\/agora.xtec.cat\/ies-rbiv-cambrils\/wp-json\/wp\/v2\/pages"}],"about":[{"href":"https:\/\/agora.xtec.cat\/ies-rbiv-cambrils\/wp-json\/wp\/v2\/types\/page"}],"author":[{"embeddable":true,"href":"https:\/\/agora.xtec.cat\/ies-rbiv-cambrils\/wp-json\/wp\/v2\/users\/234"}],"replies":[{"embeddable":true,"href":"https:\/\/agora.xtec.cat\/ies-rbiv-cambrils\/wp-json\/wp\/v2\/comments?post=7781"}],"version-history":[{"count":5,"href":"https:\/\/agora.xtec.cat\/ies-rbiv-cambrils\/wp-json\/wp\/v2\/pages\/7781\/revisions"}],"predecessor-version":[{"id":13831,"href":"https:\/\/agora.xtec.cat\/ies-rbiv-cambrils\/wp-json\/wp\/v2\/pages\/7781\/revisions\/13831"}],"up":[{"embeddable":true,"href":"https:\/\/agora.xtec.cat\/ies-rbiv-cambrils\/wp-json\/wp\/v2\/pages\/7606"}],"wp:attachment":[{"href":"https:\/\/agora.xtec.cat\/ies-rbiv-cambrils\/wp-json\/wp\/v2\/media?parent=7781"}],"curies":[{"name":"wp","href":"https:\/\/api.w.org\/{rel}","templated":true}]}}