{"id":7779,"date":"2019-03-06T14:54:18","date_gmt":"2019-03-06T13:54:18","guid":{"rendered":"http:\/\/agora.xtec.cat\/ies-rbiv-cambrils\/?page_id=7779"},"modified":"2023-10-30T12:49:46","modified_gmt":"2023-10-30T11:49:46","slug":"convalidacions-i-exempcions","status":"publish","type":"page","link":"https:\/\/agora.xtec.cat\/ies-rbiv-cambrils\/secretaria\/convalidacions-i-exempcions\/","title":{"rendered":"Convalidacions i\u00a0exempcions"},"content":{"rendered":"<h2>Convalidacions i exempcions a ESO i batxillerat<\/h2>\n<p>La sol\u00b7licitud per poder convalidar s\u2019ha de presentar abans que acabi el primer trimestre del curs.<\/p>\n<h3>M\u00fasica<\/h3>\n<ul><!--\n \t\n\n<li>Normativa<\/li-->\n<li><a href=\"https:\/\/drive.google.com\/file\/d\/1OBvWOMxTdBWm2wX9UCL6om0mhwsAKlKd\/view?usp=drive_link\" target=\"_blank\" rel=\"noopener\">Sol\u00b7licitud ESO<\/a><\/li>\n<li><a href=\"https:\/\/drive.google.com\/file\/d\/1l3bLVgo7S1R357NJ2RiPqwVYB5AtzFzq\/view?usp=drive_link\">Sol\u00b7licitud Batxillerat (Conservatori)<\/a><\/li>\n<li><a href=\"https:\/\/drive.google.com\/file\/d\/1buFwozaj5btD4NN2FFv966iEpJbP9iSb\/view?usp=drive_link\">Sol\u00b7licitud Batxillerat (Escola autoritzada)<\/a><\/li>\n<\/ul>\n<h3>Dansa<\/h3>\n<ul><!--\n \t\n\n<li>Normativa<\/li-->\n<li><a href=\"https:\/\/drive.google.com\/file\/d\/11adqNxvU6ILaIZwZim2qhYvN4q8TmFT3\/view?usp=drive_link\">Sol\u00b7licitud ESO<\/a><\/li>\n<li><a href=\"https:\/\/drive.google.com\/file\/d\/1in0S2jOqRe5pa99TYoJBVBYxJvf58x2B\/view?usp=drive_link\" target=\"_blank\" rel=\"noopener\">Sol\u00b7licitud ESO (Conservatori\/centre professional)<\/a><\/li>\n<li><a href=\"https:\/\/drive.google.com\/file\/d\/1FNLO8TOuvRq9QjyFICD2GnSUjLbJUeth\/view?usp=drive_link\">Sol\u00b7licitud Batxillerat<\/a><\/li>\n<li><a href=\"https:\/\/drive.google.com\/file\/d\/1FNLO8TOuvRq9QjyFICD2GnSUjLbJUeth\/view?usp=drive_link\" target=\"_blank\" rel=\"noopener\">Sol\u00b7licitud Batxillerat (Conservatori\/centre professional)<\/a><\/li>\n<\/ul>\n<h3>Pr\u00e0ctica intensiva d&#8217;esport<\/h3>\n<ul><!--\n \t\n\n<li>Normativa<\/li-->\n<li><a href=\"https:\/\/drive.google.com\/file\/d\/16O6_AfZSmh3r75fAHOA1SWcXcUunm9Cg\/view?usp=drive_link\" target=\"_blank\" rel=\"noopener\">Sol\u00b7licitud ESO<\/a><\/li>\n<li><a href=\"https:\/\/drive.google.com\/file\/d\/1z9M4G_Bq_A-iP7wU39AqS4tUIZ0B_2Bu\/view?usp=drive_link\">Sol\u00b7licitud Batxillerat<\/a><\/li>\n<\/ul>\n<h3>Convalidaci\u00f3 de mat\u00e8ries de batxillerat per als alumnes que han superat un cicle formatiu de grau mitj\u00e0 o un cicle formatiu de grau superior<\/h3>\n<ul><!--\n \t\n\n<li>Normativa<\/li-->\n<li><a href=\"https:\/\/drive.google.com\/file\/d\/1kdcmd_YHlRJON1bV7HhftoTzrzdtjaIb\/view?usp=drive_link\" target=\"_blank\" rel=\"noopener\">Sol\u00b7licitud<\/a><\/li>\n<\/ul>\n<hr \/>\n<h2>Convalidacions i exempcions a cicles formatius<\/h2>\n<ul>\n<li>Per a obtenir-les cal estar matriculat en un cicle formatiu i haver cursat estudis previs oficials a partir dels quals s\u2019obtingui el t\u00edtol de T\u00e8cnic o T\u00e8cnic superior de formaci\u00f3 professional o estudis superiors universitaris. No es consideren equivalents els estudis de FP1 o FP2 ja extingits.<\/li>\n<li>Cal fer una <a href=\"https:\/\/drive.google.com\/file\/d\/1Tzbd3S5peSFb9T1Kt4SiHj-QXT8BotbS\/view?usp=drive_link\" target=\"_blank\" rel=\"noopener noreferrer\">sol\u00b7licitud de convalidaci\u00f3<\/a>, i adjuntar un certificat de qualificacions oficial on constin les mat\u00e8ries, nombre d\u2019hores i qualificacions obtingudes (si es presenta un cicle LOE \u00e9s imprescindible aportar el detall de les unitats formatives aprovades). Tingueu en compte que els butlletins de notes o informes d\u2019avaluaci\u00f3 no s\u00f3n v\u00e0lids.<\/li>\n<li>Les convalidacions entre estudis universitaris i de formaci\u00f3 professional es podran sol\u00b7licitar quan aquests \u00faltims pertanyin a l&#8217;espai eur\u200bopeu\u00a0de l&#8217;educaci\u00f3 superior. A m\u00e9s, el nombre de m\u00f2duls professionals dels cicles de grau superior convalidats no podr\u00e0 superar el 60% de la totalitat de cr\u00e8dits ECTS que estableix el Reial decret pel qual s&#8217;estableix el t\u00edtol de t\u00e8cnic o t\u00e8cnica superior i es fixen els aspectes b\u00e0sics del curr\u00edculum, sempre que s&#8217;aportin ensenyaments universitaris que estiguin relacionats amb el camp de coneixement i hi hagi similitud entre les compet\u00e8ncies, coneixements i resultats d&#8217;aprenentatge.<\/li>\n<li>Els m\u00f2duls professionals i les mat\u00e8ries d&#8217;estudis universitaris oficials que hagin estat pr\u00e8viament convalidats, reconeguts o superats per compensaci\u00f3, no podran ser aportats per sol\u00b7licitar la convalidaci\u00f3 d&#8217;altres m\u00f2duls professionals.<\/li>\n<\/ul>\n<p>Els tutors de grup informaran sobre el\u00a0 procediment.<\/p>\n<h3>Tipus de convalidacions<\/h3>\n<h4>Convalidacions directes<\/h4>\n<ul>\n<li>Son les que <strong>es poden obtenir per haver cursat anteriorment altres estudis de formaci\u00f3 professional<\/strong>.Les resol el centre directament perque s\u00f3n les que estan establertes en els decrets dels curr\u00edculums i normativa de convalidacions.<\/li>\n<li>En general, es poden convalidar m\u00f2duls professionals i unitats formatives a partir de la normativa publicada (Reial decret 1085\/2020).\n<ul>\n<li>La persona que tingui superat un m\u00f2dul professional de Formaci\u00f3 i Orientaci\u00f3 Laboral (LOE), tindr\u00e0 convalidat el m\u00f2dul professional en qualsevol altre cicle formatiu de l\u2019\u00e0mbit de la LOE.<\/li>\n<li>La persona que tingui superat un m\u00f2dul professional d\u2019Empresa i Iniciativa Emprenedora (LOE), tindr\u00e0 convalidat el m\u00f2dul professional en qualsevol altre cicle formatiu de l\u2019\u00e0mbit de la LOE.<\/li>\n<li>La superaci\u00f3 del cr\u00e8dit FOL d&#8217;un t\u00edtol LOGSE del mateix o diferent nivell convalida la unitat formativa &#8220;UF1. Incorporaci\u00f3 al treball&#8221; del m\u00f2dul professional de Formaci\u00f3 i Orientaci\u00f3 Laboral d&#8217;un t\u00edtol LOE.<\/li>\n<li>La &#8220;UF2. Prevenci\u00f3 de riscos&#8221; als alumnes que justifiquin tenir un certificat de formaci\u00f3 en Prevenci\u00f3 de Riscos Laborals, que habilita per desenvolupar les funcions de nivell b\u00e0sic, amb els requisits seg\u00fcents:\n<ul>\n<li>Denominaci\u00f3 i segell de l&#8217;entitat certificadora, i signatura de la persona responsable.<\/li>\n<li>Nom i cognoms de la persona que ha cursat la formaci\u00f3.<\/li>\n<li>Denominaci\u00f3 i durada del curs.<\/li>\n<li>\u200b\u200bLocalitat i data d&#8217;expedici\u00f3 del certificat.<\/li>\n<li>Text en qu\u00e8 s&#8217;indica: &#8220;capacita per al desenvolupament de funcions de nivell b\u00e0sic d&#8217;acord amb\u00a0el Reial decret 39\/1997\u200b (segons el contingut de l&#8217;annex IV A o IV B)&#8221;.<\/li>\n<\/ul>\n<\/li>\n<\/ul>\n<\/li>\n<li><strong>Convalidacions a partir del programa &#8220;Qualifica&#8217;t&#8221;\u00a0 o del reconeixement acad\u00e8mic dels aprenentatges assolits mitjan\u00e7ant l&#8217;experi\u00e8ncia laboral o en activitats socials.<\/strong>\n<ul>\n<li>Les persones que han obtingut l\u2019Acreditaci\u00f3 de compet\u00e8ncies professionals o la Validaci\u00f3 d\u2019unitats de compet\u00e8ncia per experi\u00e8ncia laboral, podran convalidar els m\u00f2duls dels cicles formatius que constin en el seu certificat d\u2019acreditaci\u00f3 o validaci\u00f3.<\/li>\n<\/ul>\n<\/li>\n<li><strong>Convalidacions de m\u00f2duls professionals pel fet de tenir unitats de compet\u00e8ncia acreditades.<\/strong>\n<ul>\n<li>La unitat de compet\u00e8ncia \u00e9s l\u2019element de transfer\u00e8ncia i reconeixement entre les diferents formacions de la formaci\u00f3 professional.En els reials decrets i en els decrets o ordres de curr\u00edculum hi ha establerta la relaci\u00f3 de les unitats de compet\u00e8ncia amb els m\u00f2duls professionals \u200bde cadascun dels t\u00edtols. Demaneu m\u00e9s informaci\u00f3 sobre la documentaci\u00f3 que cal aportar.<\/li>\n<\/ul>\n<\/li>\n<li><strong>Convalidacions de les unitats formatives en llengua estrangera<\/strong>\n<ul>\n<li>El m\u00f2dul professional d&#8217;Angl\u00e8s o Llengua Estrangera, sempre que es tracti de la mateixa llengua, \u00e9s\u00a0objecte de convalidaci\u00f3 amb m\u00f2duls professionals o certificacions acad\u00e8miques oficials de nivell avan\u00e7at B2, per a cicles formatius de grau superior, de nivell intermedi B1 o superior, per a cicles formatius de grau mitj\u00e0, i titulacions universit\u00e0ries oficials en Filologia o Traducci\u00f3 i Interpretaci\u00f3, de la mateixa especialitat que la llengua estrangera que es desitja convalidar.<\/li>\n<\/ul>\n<\/li>\n<\/ul>\n<h4><strong>Convalidacions singulars<\/strong><\/h4>\n<ul>\n<li>Son les convalidacions a partir d\u2019estudis de formaci\u00f3 professional finalitzats o parcialment superats que no estan previstes en els decrets que estableixen els curr\u00edculums i normativa de convalidacions, i les convalidacions a partir d\u2019estudis universitaris.<\/li>\n<li>\u00c9s la Direcci\u00f3 General de Formaci\u00f3 Professional\u200b (\u200bDGFP) qui resol la convalidaci\u00f3 en un termini de temps variable.<\/li>\n<li>Es consideraran tamb\u00e9 convalidacions singulars les que afectin altres cicles formatius, excepte en els m\u00f2duls de FOL, EIE, RET, RAT i &#8220;Administraci\u00f3 i gesti\u00f3 i comercialitzaci\u00f3 de la petita empresa&#8221;, on s\u2019aplicaran les convalidacions establertes en l\u2019<a href=\"http:\/\/www.gencat.net\/diari\/3826\/03029073.htm\" target=\"_blank\" rel=\"noopener noreferrer\">Ordre ENS\/58\/2003<\/a> per a aquests m\u00f2duls.<\/li>\n<\/ul>\n<p><strong>Mentre no es resol la convalidaci\u00f3, l\u2019alumne\/a ha d\u2019assistir a les classes presencials dels m\u00f2duls i\/o unitats formatives on s\u2019hagi matriculat.<\/strong><\/p>\n<hr \/>\n<h3>Exempcions<\/h3>\n<p>Els tutors de grup informaran sobre el\u00a0 procediment.<\/p>\n","protected":false},"excerpt":{"rendered":"<p>Convalidacions i exempcions a ESO i batxillerat<br \/>\nLa sol\u00b7licitud per poder convalidar s\u2019ha de presentar abans que acabi el primer trimestre del curs.<br \/>\nM\u00fasica<\/p>\n<ul>\n<li><a href=\"https:\/\/drive.google.com\/file\/d\/1OBvWOMxTdBWm2wX9UCL6om0mhwsAKlKd\/view?usp=drive_link\" target=\"_blank\" rel=\"noopener\">Sol\u00b7licitud ESO<\/a><\/li>\n<li><a href=\"https:\/\/drive.google.com\/file\/d\/1l3bLVgo7S1R357NJ2RiPqwVYB5AtzFzq\/view?usp=drive_link\">Sol\u00b7licitud Batxillerat (Conservatori)<\/a><\/li>\n<li><a href=\"https:\/\/drive.google.com\/file\/d\/1buFwozaj5btD4NN2FFv966iEpJbP9iSb\/view?usp=drive_link\">Sol\u00b7licitud Batxillerat (Escola autoritzada)<\/a><\/li>\n<\/ul>\n<p>Dansa<\/p>\n<ul>\n<li><a href=\"https:\/\/drive.google.com\/file\/d\/11adqNxvU6ILaIZwZim2qhYvN4q8TmFT3\/view?usp=drive_link\">Sol\u00b7licitud ESO<\/a><\/li>\n<li><a href=\"https:\/\/drive.google.com\/file\/d\/1in0S2jOqRe5pa99TYoJBVBYxJvf58x2B\/view?usp=drive_link\" target=\"_blank\" rel=\"noopener\">Sol\u00b7licitud ESO (Conservatori\/centre professional)<\/a><\/li>\n<li><a href=\"https:\/\/drive.google.com\/file\/d\/1FNLO8TOuvRq9QjyFICD2GnSUjLbJUeth\/view?usp=drive_link\">Sol\u00b7licitud Batxillerat<\/a><\/li>\n<li><a href=\"https:\/\/drive.google.com\/file\/d\/1FNLO8TOuvRq9QjyFICD2GnSUjLbJUeth\/view?usp=drive_link\" target=\"_blank\"&hellip;  <a href=\"https:\/\/agora.xtec.cat\/ies-rbiv-cambrils\/secretaria\/convalidacions-i-exempcions\/\" title=\"Read Convalidacions i\u00a0exempcions\">Llegeix m\u00e9s\u00bb<\/a><br \/>\n","protected":false},"author":234,"featured_media":0,"parent":7606,"menu_order":6,"comment_status":"closed","ping_status":"closed","template":"page-templates\/side-menu.php","meta":{"_bbp_topic_count":0,"_bbp_reply_count":0,"_bbp_total_topic_count":0,"_bbp_total_reply_count":0,"_bbp_voice_count":0,"_bbp_anonymous_reply_count":0,"_bbp_topic_count_hidden":0,"_bbp_reply_count_hidden":0,"_bbp_forum_subforum_count":0,"footnotes":""},"class_list":["post-7779","page","type-page","status-publish","hentry"],"post_mailing_queue_ids":[],"_links":{"self":[{"href":"https:\/\/agora.xtec.cat\/ies-rbiv-cambrils\/wp-json\/wp\/v2\/pages\/7779","targetHints":{"allow":["GET"]}}],"collection":[{"href":"https:\/\/agora.xtec.cat\/ies-rbiv-cambrils\/wp-json\/wp\/v2\/pages"}],"about":[{"href":"https:\/\/agora.xtec.cat\/ies-rbiv-cambrils\/wp-json\/wp\/v2\/types\/page"}],"author":[{"embeddable":true,"href":"https:\/\/agora.xtec.cat\/ies-rbiv-cambrils\/wp-json\/wp\/v2\/users\/234"}],"replies":[{"embeddable":true,"href":"https:\/\/agora.xtec.cat\/ies-rbiv-cambrils\/wp-json\/wp\/v2\/comments?post=7779"}],"version-history":[{"count":7,"href":"https:\/\/agora.xtec.cat\/ies-rbiv-cambrils\/wp-json\/wp\/v2\/pages\/7779\/revisions"}],"predecessor-version":[{"id":13845,"href":"https:\/\/agora.xtec.cat\/ies-rbiv-cambrils\/wp-json\/wp\/v2\/pages\/7779\/revisions\/13845"}],"up":[{"embeddable":true,"href":"https:\/\/agora.xtec.cat\/ies-rbiv-cambrils\/wp-json\/wp\/v2\/pages\/7606"}],"wp:attachment":[{"href":"https:\/\/agora.xtec.cat\/ies-rbiv-cambrils\/wp-json\/wp\/v2\/media?parent=7779"}],"curies":[{"name":"wp","href":"https:\/\/api.w.org\/{rel}","templated":true}]}}