{"id":7777,"date":"2019-03-06T14:53:44","date_gmt":"2019-03-06T13:53:44","guid":{"rendered":"http:\/\/agora.xtec.cat\/ies-rbiv-cambrils\/?page_id=7777"},"modified":"2023-10-30T12:52:19","modified_gmt":"2023-10-30T11:52:19","slug":"baixa-o-anullacio-de-matricula","status":"publish","type":"page","link":"https:\/\/agora.xtec.cat\/ies-rbiv-cambrils\/secretaria\/baixa-o-anullacio-de-matricula\/","title":{"rendered":"Baixa o anul\u00b7laci\u00f3 de matr\u00edcula"},"content":{"rendered":"<p>L\u2019alumne o alumna, o qui en tingui la p\u00e0tria potestat si \u00e9s menor d&#8217;edat, pot demanar la baixa acad\u00e8mica.<\/p>\n<h4>Baixa acad\u00e8mica<\/h4>\n<ul>\n<li><a href=\"https:\/\/drive.google.com\/file\/d\/1DLthkYmjJ3wsOGrOfNyt6muAGZcOhJlH\/view?usp=drive_link\" target=\"_blank\" rel=\"noopener noreferrer\">Sol\u00b7licitud<\/a> en el cas de l&#8217;alumnat menor d\u2019edat.<\/li>\n<li><a href=\"https:\/\/drive.google.com\/file\/d\/1yPK3Wzv72QXjtoUBt_08QoKujmIZtlwh\/view?usp=drive_link\" target=\"_blank\" rel=\"noopener noreferrer\">Sol\u00b7licitud pels majors de 18 anys.<\/a><\/li>\n<\/ul>\n<hr \/>\n<h4>Anul\u00b7laci\u00f3 de matr\u00edcula de cicle formatiu<\/h4>\n<p>En cas de l&#8217;alumnat de cicles formatius, poden demanar la ren\u00fancia total (baixa acad\u00e8mica) o parcial de la matr\u00edcula de determinats m\u00f2duls formatius, per escrit i una sola vegada, a la direcci\u00f3 del centre.<\/p>\n<ul>\n<li><a href=\"https:\/\/drive.google.com\/file\/d\/1-KgwF0uOi3TtMROhSVcEBRSMu_bg577L\/view?usp=drive_link\" target=\"_blank\" rel=\"noopener noreferrer\">Sol\u00b7licitud<\/a> de ren\u00fancia de m\u00f2duls formatius.<\/li>\n<\/ul>\n<p>S\u00f3n causes suficients, si es justifiquen documentalment, per acceptar\u00a0la ren\u00fancia total o parcial a la matr\u00edcula aquelles que generen una\u00a0abs\u00e8ncia prolongada de classe, com ara:<\/p>\n<ul>\n<li>Malaltia o accident de l\u2019alumne o alumna, o de familiars.<\/li>\n<li>Atenci\u00f3 a familiars.<\/li>\n<li>Maternitat o paternitat.<\/li>\n<li>Canvi de condicions en el treball o incorporaci\u00f3 a un lloc de\u00a0treball.<\/li>\n<li>Altres circumst\u00e0ncies personals de car\u00e0cter extraordinari.<\/li>\n<\/ul>\n<p>Un cop acceptada la ren\u00fancia a la matr\u00edcula, l\u2019alumne o alumna afectat:<\/p>\n<ul>\n<li>Conserva el dret de reserva de pla\u00e7a per al curs seg\u00fcent (en centres p\u00fablics i centres privats sostinguts amb fons p\u00fablics).<\/li>\n<li>No perd la qualificaci\u00f3 obtinguda en les unitats formatives superades.<\/li>\n<li>No se li computen les convocat\u00f2ries de les unitats formatives no qualificades.<\/li>\n<li>En cas d\u2019haver-se iniciat, sense completar-la en anul\u00b7lar la matr\u00edcula, el m\u00f2dul de Formaci\u00f3 en centres de treball (FCT), es computen les hores de formaci\u00f3 efectivament realitzades.<\/li>\n<\/ul>\n","protected":false},"excerpt":{"rendered":"<p>L\u2019alumne o alumna, o qui en tingui la p\u00e0tria potestat si \u00e9s menor d&#8217;edat, pot demanar la baixa acad\u00e8mica.<br \/>\nBaixa acad\u00e8mica<\/p>\n<ul>\n<li><a href=\"https:\/\/drive.google.com\/file\/d\/1DLthkYmjJ3wsOGrOfNyt6muAGZcOhJlH\/view?usp=drive_link\" target=\"_blank\" rel=\"noopener noreferrer\">Sol\u00b7licitud<\/a> en el cas de l&#8217;alumnat menor d\u2019edat.<\/li>\n<li><a href=\"https:\/\/drive.google.com\/file\/d\/1yPK3Wzv72QXjtoUBt_08QoKujmIZtlwh\/view?usp=drive_link\" target=\"_blank\" rel=\"noopener noreferrer\">Sol\u00b7licitud pels majors de 18 anys.<\/a><\/li>\n<\/ul>\n<p>Anul\u00b7laci\u00f3 de matr\u00edcula de cicle formatiu<br \/>\nEn&hellip;  <a href=\"https:\/\/agora.xtec.cat\/ies-rbiv-cambrils\/secretaria\/baixa-o-anullacio-de-matricula\/\" title=\"Read Baixa o anul\u00b7laci\u00f3 de matr\u00edcula\">Llegeix m\u00e9s\u00bb<\/a><\/p>\n","protected":false},"author":234,"featured_media":0,"parent":7606,"menu_order":5,"comment_status":"closed","ping_status":"closed","template":"page-templates\/side-menu.php","meta":{"_bbp_topic_count":0,"_bbp_reply_count":0,"_bbp_total_topic_count":0,"_bbp_total_reply_count":0,"_bbp_voice_count":0,"_bbp_anonymous_reply_count":0,"_bbp_topic_count_hidden":0,"_bbp_reply_count_hidden":0,"_bbp_forum_subforum_count":0,"footnotes":""},"class_list":["post-7777","page","type-page","status-publish","hentry"],"post_mailing_queue_ids":[],"_links":{"self":[{"href":"https:\/\/agora.xtec.cat\/ies-rbiv-cambrils\/wp-json\/wp\/v2\/pages\/7777","targetHints":{"allow":["GET"]}}],"collection":[{"href":"https:\/\/agora.xtec.cat\/ies-rbiv-cambrils\/wp-json\/wp\/v2\/pages"}],"about":[{"href":"https:\/\/agora.xtec.cat\/ies-rbiv-cambrils\/wp-json\/wp\/v2\/types\/page"}],"author":[{"embeddable":true,"href":"https:\/\/agora.xtec.cat\/ies-rbiv-cambrils\/wp-json\/wp\/v2\/users\/234"}],"replies":[{"embeddable":true,"href":"https:\/\/agora.xtec.cat\/ies-rbiv-cambrils\/wp-json\/wp\/v2\/comments?post=7777"}],"version-history":[{"count":6,"href":"https:\/\/agora.xtec.cat\/ies-rbiv-cambrils\/wp-json\/wp\/v2\/pages\/7777\/revisions"}],"predecessor-version":[{"id":13848,"href":"https:\/\/agora.xtec.cat\/ies-rbiv-cambrils\/wp-json\/wp\/v2\/pages\/7777\/revisions\/13848"}],"up":[{"embeddable":true,"href":"https:\/\/agora.xtec.cat\/ies-rbiv-cambrils\/wp-json\/wp\/v2\/pages\/7606"}],"wp:attachment":[{"href":"https:\/\/agora.xtec.cat\/ies-rbiv-cambrils\/wp-json\/wp\/v2\/media?parent=7777"}],"curies":[{"name":"wp","href":"https:\/\/api.w.org\/{rel}","templated":true}]}}