{"id":7774,"date":"2019-03-06T14:53:00","date_gmt":"2019-03-06T13:53:00","guid":{"rendered":"http:\/\/agora.xtec.cat\/ies-rbiv-cambrils\/?page_id=7774"},"modified":"2026-04-08T09:18:20","modified_gmt":"2026-04-08T07:18:20","slug":"convocatories-de-beques-curs-academic","status":"publish","type":"page","link":"https:\/\/agora.xtec.cat\/ies-rbiv-cambrils\/secretaria\/convocatories-de-beques-curs-academic\/","title":{"rendered":"Beques i ajuts"},"content":{"rendered":"<h1>Convocat\u00f2ries de beques i ajuts a l&#8217;estudi. Curs 2026-2027<\/h1>\n<ul><!---\n \t\n\n<li><a href=\"#AJUNTAMENT\">Ajuts per a llibres i material escolar de l'Ajuntament de Cambrils<\/a><\/li>\n\n\n \t\n\n<li><a href=\"#NESE\">Ajuts per alumnat amb necessitat espec\u00edfica de suport educatiu<\/a><\/li>\n\n\n---><\/p>\n<li><a href=\"#post\">Beques per a ensenyaments postobligatoris<\/a><\/li>\n<li><a href=\"#uni\">Beca per estudis universitaris<\/a><\/li>\n<\/ul>\n<hr \/>\n<hr \/>\n<p><!---\n\n\n<h2><a id=\"AJUNTAMENT\"><\/a>Ajuts per a llibres i material escolar<\/h2>\n\n\nL\u2019<strong>Ajuntament de Cambrils<\/strong> ha fixat les bases de la convocat\u00f2ria per subvencionar llibres i material escolar per a alumnes d'ESO matriculats a centres educatius del municipi. Les persones interessades poden presentar sol\u00b7licituds fins a un m\u00e0xim de 150 euros per alumne <strong>a partir del 15 de setembre<\/strong>.\n\nLes bases de la convocat\u00f2ria es poden consultar en <a href=\"https:\/\/www.cambrils.cat\/ca\/actualitat\/serveis\/benestar-social\/subvencions\/subvencio-llibres-material-escolar-2024-2025\" target=\"_blank\" rel=\"noopener\">aquest enlla\u00e7<\/a>.\n\nLes sol\u00b7licituds es poden presentar de forma presencial a l\u2019Oficina d\u2019Atenci\u00f3 Ciutadana (OAC) demanant cita pr\u00e8via al tel\u00e8fon 977 794 579 \u00f3 per internet a <a href=\"https:\/\/citaprevia.cambrils.cat\/\" target=\"_blank\" rel=\"noopener\">citaprevia.cambrils.cat<\/a>. Si el tr\u00e0mit es vol fer de forma telem\u00e0tica, es pot demanar suport al tel\u00e8fon 977 794 557 de 8.00 a 20.00 o b\u00e9 a <a href=\"mailto:suportoac@cambrils.cat\" target=\"_blank\" rel=\"noopener\">suportoac@cambrils.cat<\/a>. \u00c9s important adjuntar i signar tota la documentaci\u00f3 que requereixen les bases.\n\n\n\n<hr \/>\n\n\n\n\n\n\n\n<hr \/>\n\n\n\n\n\n<h2><a id=\"NESE\"><\/a>Ajuts per a alumnes amb necessitat espec\u00edfica de suport educatiu, curs 2025-2026<\/h2>\n\n\nEls alumnes escolaritzats que acreditin la necessitat espec\u00edfica de rebre suport educatiu i reuneixin els requisits establerts:\n\n\n<ul>\n \t\n\n<li>Alumnes que no superen una determinada renda i\/o patrimoni familiar i que presenten necessitat espec\u00edfica de suport educatiu derivada de discapacitat o trastorns greus de conducta o trastorns greus de la comunicaci\u00f3 i del llenguatge associat a necessitats educatives especials i que estiguin cursant algun dels nivells educatius no universitaris.<\/li>\n\n\n \t\n\n<li>Alumnes amb transtorn d'especte autista (TEA) i alumnes amb necessitat espec\u00edfica de suport educatiu associat a altes capacitats.<\/li>\n\n\n \t\n\n<li>El grau de discapacitat per poder sol\u00b7licitar l\u2019ajut es reconeix amb un <strong>grau m\u00ednim del\u00a025%<\/strong>.<\/li>\n\n\n \t\n\n<li>El \"Subsidi per a despeses generals derivades de discapacitat\" de 400,00 \u20ac.<\/li>\n\n\n<\/ul>\n\n\nTot el proc\u00e9s de sol\u00b7licitud de la beca s\u2019ha de fer a trav\u00e9s de la seu electr\u00f2nica del Ministeri d\u2019Educaci\u00f3, Formaci\u00f3 Professional i Esports: <strong><a href=\"https:\/\/www.becaseducacion.gob.es\/becas-y-ayudas.html\" target=\"_blank\" rel=\"noopener\"> https:\/\/www.becaseducacion.gob.es\/becas-y-ayudas.html<\/a><\/strong>\n\n\n<ul>\n \t\n\n<li>La <b>sol\u00b7licitud no s\u2019ha de lliurar al centre educatiu<\/b>. <u>No<\/u>\u00a0s\u2019haur\u00e0 d\u2019imprimir el formulari i presentar-lo al centre educatiu com en cursos anteriors. La sol\u00b7licitud es considera presentada en emplenar el formulari en l\u00ednia i obtenir el resguard de presentaci\u00f3.<\/li>\n\n\n \t\n\n<li>Amb la sol\u00b7licitud, <b><u>no<\/u>\u00a0<\/b>es generaran els certificats <b>A<\/b>\u00a0(per emplenar el centre educatiu), <b>B<\/b>\u00a0(EAP), <b>C<\/b>\u00a0(Inspecci\u00f3) i <b>D<\/b>\u00a0(dades del centre reeducador).<\/li>\n\n\n \t\n\n<li>Les<b>\u00a0fam\u00edlies que cobrin la beca a trav\u00e9s del centre<\/b>, hauran d\u2019omplir l\u2019autoritzaci\u00f3 corresponent, que es troba en la mateixa sol\u00b7licitud.\u00a0\u200b<strong>Ser\u00e0 obligatori<\/strong> cobrar a trav\u00e9s del centre <strong>en aquells casos en qu\u00e8 l\u2019alumne\/a no tingui DNI\/NIE<\/strong>.\u200b<\/li>\n\n\n<\/ul>\n\n\nEl termini per sol\u00b7licitar les beques \u00e9s <strong>des de les 8.00 h del 30 d'abril fins a les 24.00 h de l'11 de setembre de 2025<\/strong>.\n\nTrobareu m\u00e9s informaci\u00f3 en els enlla\u00e7os del <em>Ministerio de Educaci\u00f3n y Formaci\u00f3n Profesional<\/em>\u00a0i a la p\u00e0gina web del Departament d'Educaci\u00f3:\n\n\n<ul>\n \t\n\n<li><strong><a href=\"https:\/\/www.becaseducacion.gob.es\/becas-y-ayudas.html\" target=\"_blank\" rel=\"noopener\"> https:\/\/www.becaseducacion.gob.es\/becas-y-ayudas.html<\/a><\/strong><\/li>\n\n\n \t\n\n<li><strong><a href=\"https:\/\/educacio.gencat.cat\/ca\/serveis-tramits\/beques\/ajuts-nese\/\" target=\"_blank\" rel=\"noopener\">https:\/\/educacio.gencat.cat\/ca\/serveis-tramits\/beques\/ajuts-nese\/<\/a><\/strong><\/li>\n\n\n<\/ul>\n\n\n\n\n\n<hr \/>\n\n\n\n\n\n\n\n<hr \/>\n\n\n\n---><\/p>\n<h2><a id=\"post\"><\/a>Beques per a ensenyaments postobligatoris, curs 2026-2027 (batxillerat, formaci\u00f3 professional o altres estudis despr\u00e9s de l&#8217;ESO)<\/h2>\n<p>El 7 d&#8217;abril s&#8217;ha obert el termini per demanar una beca per a cursar estudis postobligatoris (batxillerat, cicles formatius o altres estudis despr\u00e9s de l&#8217;ESO) per al curs 2026-2027.<\/p>\n<p>Els estudiants i les fam\u00edlies han de fer la sol\u00b7licitud mitjan\u00e7ant el web del Departament: <a href=\"https:\/\/web.gencat.cat\/ca\/ciutadania\/serveis\/educacio-formacio\/beques-estudis-no-universitaris\" target=\"_blank\" rel=\"noopener\"><strong>Beques \u200bp\u200ber a estudis no universitaris<\/strong><\/a>, <strong>del 7 d&#8217;abril al 18 de maig de 2026.<\/strong><\/p>\n<p><!--<strong><span style=\"background-color: #ffff00;\">\u00a1\u00a1Ampliaci\u00f3 termini beques estudis postobligatoris 2025-2026 - Fins 30 de maig a 15h!!<\/span><\/strong>---><\/p>\n<p>Es pot demanar la beca dins d&#8217;aquest termini, encara que no sapigueu qu\u00e8 estudiareu, on estudiareu, ni quines notes tindreu. Poseu els estudis que considereu m\u00e9s probables i m\u00e9s endavant es podran modificar les dades.<\/p>\n<p>No cal presentar cap documentaci\u00f3 al centre.<\/p>\n<p>Trobareu tota la informaci\u00f3 a:<\/p>\n<ul>\n<li><a href=\"https:\/\/web.gencat.cat\/ca\/ciutadania\/serveis\/educacio-formacio\/beques-estudis-no-universitaris\" target=\"_blank\" rel=\"noopener\">https:\/\/web.gencat.cat\/ca\/ciutadania\/serveis\/educacio-formacio\/beques-estudis-no-universitaris<\/a><\/li>\n<li><a href=\"https:\/\/web.gencat.cat\/ca\/ciutadania\/actualitat\/demanar-beques-i-ajuts-per-estudiar\" target=\"_blank\" rel=\"noopener\">https:\/\/web.gencat.cat\/ca\/ciutadania\/actualitat\/demanar-beques-i-ajuts-per-estudiar<\/a><\/li>\n<\/ul>\n<hr \/>\n<h2><a id=\"uni\"><\/a>Beques per fer estudis universitaris<\/h2>\n<p>El 7 d&#8217;abril s&#8217;ha obert el termini per demanar una beca per a cursar estudis universitaris per al <strong>curs 2026-2027<\/strong>.<\/p>\n<p>Els estudiants i les fam\u00edlies han de fer la sol\u00b7licitud mitjan\u00e7ant el web del Departament: <a href=\"https:\/\/agaur.gencat.cat\/ca\/beques-i-ajuts\/beca-general-generalitat\/\" target=\"_blank\" rel=\"noopener\"><strong>Beques \u200bp\u200ber a estudis universitaris<\/strong><\/a>, <strong>del 7 d&#8217;abril al 18 de maig de 2026.<\/strong><\/p>\n<p>Es pot demanar la beca dins d&#8217;aquest termini, encara que no sapigueu qu\u00e8 estudiareu, on estudiareu, ni quines notes tindreu. Poseu els estudis que considereu m\u00e9s probables i m\u00e9s endavant es podran modificar les dades.<\/p>\n<p>No cal presentar cap documentaci\u00f3 al centre.<\/p>\n<p>Trobareu m\u00e9s informaci\u00f3 en el seg\u00fcent enlla\u00e7:<br \/>\n<a href=\"https:\/\/agaur.gencat.cat\/ca\/beques-i-ajuts\/beca-general-generalitat\/\" target=\"_blank\" rel=\"noopener\">https:\/\/agaur.gencat.cat\/ca\/beques-i-ajuts\/beca-general-generalitat\/<\/a><br \/>\n<!--\n\n\n<h2>Curs 2021-2022<\/h2>\n\n\n\n\n<h3>Alumnat d'ESO<\/h3>\n\n\n\n\n<h4>Ajuts individuals per a l\u2019adquisici\u00f3 de llibres i material escolar:<\/h4>\n\n\nL\u2019Ajuntament de Cambrils ha fet una convocat\u00f2ria d\u2019ajuts per a l\u2019adquisici\u00f3 de llibres i material escolar per a l\u2019alumnat d\u2019educaci\u00f3 infantil, prim\u00e0ria i secund\u00e0ria obligat\u00f2ria.\n\nLa presentaci\u00f3 de sol\u00b7licituds es del <strong>6 de setembre a l'1 d\u2019octubre de 2021 <\/strong>(ambd\u00f3s inclosos).\n\n<strong>Tr\u00e0mit presencial<\/strong>: a l'OAC amb cita pr\u00e8via o tel\u00e8fon 977 794 579\n\n<strong>Tr\u00e0mit telem\u00e0tic<\/strong>:\u00a0suport al tr\u00e0mit a trav\u00e9s del tel. 977 900 354 de 8 a 20h, o b\u00e9 <a href=\"mailto:oac360@cambrils.cat\">oac360@cambrils.cat<\/a>. Important adjuntar tota la documentaci\u00f3 i signar formularis de l\u2019ajut. M\u00e9s informaci\u00f3:\u00a0 <a href=\"http:\/\/www.cambrils.cat\" target=\"_blank\" rel=\"noopener\">www.cambrils.cat<\/a>\u00a0 i <a href=\"https:\/\/seu.cambrils.cat\" target=\"_blank\" rel=\"noopener\"><span data-mce-type=\"bookmark\" style=\"display: inline-block; width: 0px; overflow: hidden; line-height: 0;\" class=\"mce_SELRES_start\"><\/span>https:\/\/seu.cambrils.cat<\/a><span data-mce-type=\"bookmark\" style=\"display: inline-block; width: 0px; overflow: hidden; line-height: 0;\" class=\"mce_SELRES_start\"><\/span>\n\n\n\n<hr \/ -->\n","protected":false},"excerpt":{"rendered":"<p>Convocat\u00f2ries de beques i ajuts a l&#8217;estudi. Curs 2026-2027<\/p>\n<ul>\n<li><a href=\"#post\">Beques per a ensenyaments postobligatoris<\/a><\/li>\n<li><a href=\"#uni\">Beca per estudis universitaris<\/a><\/li>\n<\/ul>\n<p><a id=\"post\"><\/a>Beques per a ensenyaments postobligatoris, curs 2026-2027 (batxillerat, formaci\u00f3 professional o altres estudis despr\u00e9s de l&#8217;ESO)<br \/>\nEl 7 d&#8217;abril s&#8217;ha obert el termini per demanar una beca per&hellip;  <a href=\"https:\/\/agora.xtec.cat\/ies-rbiv-cambrils\/secretaria\/convocatories-de-beques-curs-academic\/\" title=\"Read Beques i ajuts\">Llegeix m\u00e9s\u00bb<\/a><\/p>\n","protected":false},"author":234,"featured_media":0,"parent":7606,"menu_order":4,"comment_status":"closed","ping_status":"closed","template":"page-templates\/side-menu.php","meta":{"_bbp_topic_count":0,"_bbp_reply_count":0,"_bbp_total_topic_count":0,"_bbp_total_reply_count":0,"_bbp_voice_count":0,"_bbp_anonymous_reply_count":0,"_bbp_topic_count_hidden":0,"_bbp_reply_count_hidden":0,"_bbp_forum_subforum_count":0,"footnotes":""},"class_list":["post-7774","page","type-page","status-publish","hentry"],"post_mailing_queue_ids":[],"_links":{"self":[{"href":"https:\/\/agora.xtec.cat\/ies-rbiv-cambrils\/wp-json\/wp\/v2\/pages\/7774","targetHints":{"allow":["GET"]}}],"collection":[{"href":"https:\/\/agora.xtec.cat\/ies-rbiv-cambrils\/wp-json\/wp\/v2\/pages"}],"about":[{"href":"https:\/\/agora.xtec.cat\/ies-rbiv-cambrils\/wp-json\/wp\/v2\/types\/page"}],"author":[{"embeddable":true,"href":"https:\/\/agora.xtec.cat\/ies-rbiv-cambrils\/wp-json\/wp\/v2\/users\/234"}],"replies":[{"embeddable":true,"href":"https:\/\/agora.xtec.cat\/ies-rbiv-cambrils\/wp-json\/wp\/v2\/comments?post=7774"}],"version-history":[{"count":7,"href":"https:\/\/agora.xtec.cat\/ies-rbiv-cambrils\/wp-json\/wp\/v2\/pages\/7774\/revisions"}],"predecessor-version":[{"id":18584,"href":"https:\/\/agora.xtec.cat\/ies-rbiv-cambrils\/wp-json\/wp\/v2\/pages\/7774\/revisions\/18584"}],"up":[{"embeddable":true,"href":"https:\/\/agora.xtec.cat\/ies-rbiv-cambrils\/wp-json\/wp\/v2\/pages\/7606"}],"wp:attachment":[{"href":"https:\/\/agora.xtec.cat\/ies-rbiv-cambrils\/wp-json\/wp\/v2\/media?parent=7774"}],"curies":[{"name":"wp","href":"https:\/\/api.w.org\/{rel}","templated":true}]}}