{"id":7770,"date":"2019-03-06T14:51:34","date_gmt":"2019-03-06T13:51:34","guid":{"rendered":"http:\/\/agora.xtec.cat\/ies-rbiv-cambrils\/?page_id=7770"},"modified":"2026-02-23T10:21:14","modified_gmt":"2026-02-23T09:21:14","slug":"certificats","status":"publish","type":"page","link":"https:\/\/agora.xtec.cat\/ies-rbiv-cambrils\/secretaria\/certificats\/","title":{"rendered":"Certificats"},"content":{"rendered":"<h4>\u00bfQuins certificats es poden demanar?<\/h4>\n<ul>\n<li>Certificats de matr\u00edcula o de qualificacions<\/li>\n<li>Certificat per a l\u2019acc\u00e9s a estudis universitaris<\/li>\n<li>Certificat d&#8217;acreditaci\u00f3 del nivell de catal\u00e0 B2 i C1 <a href=\"#catala\">(m\u00e9s informaci\u00f3)<\/a><\/li>\n<li>Altres<\/li>\n<\/ul>\n<h4>\u00bfCom es demanen?<\/h4>\n<p>Es pot demanar emplenant un formulari electr\u00f2nic o una sol\u00b7licitud en paper. Tamb\u00e9 es pot demanar per correu electr\u00f2nic a l&#8217;adre\u00e7a <strong>secretaria<span class=\"\">@<\/span>rbiv.cat<\/strong>, adjuntant la sol\u00b7licitud i la documentaci\u00f3 que calgui. Per m\u00e9s informaci\u00f3 trucar al tel\u00e8fon 977 36 14 96.<\/p>\n<ul>\n<li>Emplenar el <a href=\"https:\/\/docs.google.com\/forms\/d\/e\/1FAIpQLSeFk9DSREXesG48MjZDZXLRjHBGcI8lfojVR7FLRoe05BXJLA\/viewform\" target=\"_blank\" rel=\"noopener\"><b>formulari electr\u00f2nic<\/b><\/a><\/li>\n<li>Model de <a href=\"https:\/\/drive.google.com\/file\/d\/1GUg9sIT8Wxww8O8yU66E1mH4DKSPK39R\/view?usp=drive_link\" target=\"_blank\" rel=\"noopener\"><strong>sol\u00b7licitud de certificat<\/strong> [document PDF]<\/a><\/li>\n<\/ul>\n<hr \/>\n<h4>\u00bfQuan es pot recollir el certificat?<\/h4>\n<p>Els certificats seran lliurats per correu electr\u00f2nic en format digital, o lliurats en paper a la persona interessada o una persona autoritzada, el m\u00e9s aviat possible.<\/p>\n<hr \/>\n<h3><a id=\"catala\"><\/a>Certificat d\u2019acreditaci\u00f3 del nivell intermedi (B2) o de sufici\u00e8ncia (C1) de catal\u00e0<\/h3>\n<ul>\n<li>Model de <a href=\"https:\/\/documents.espai.educacio.gencat.cat\/FormularisModels\/CentresGestioAdministrativa\/A816.pdf\" target=\"_blank\" rel=\"noopener\"><strong>sol\u00b7licitud de certificat<\/strong> [document PDF]<\/a><\/li>\n<li><a href=\"https:\/\/web.gencat.cat\/ca\/tramits\/tramits-temes\/22046-reconeixement-b2-c1-catala?category=742b7874-a82c-11e3-a972-000c29052e2c&amp;moda=1\" target=\"_blank\" rel=\"noopener noreferrer\">Web amb informaci\u00f3 per demanar el reconeixement \u21d2<\/a><\/li>\n<\/ul>\n<p>Per a m\u00e9s informaci\u00f3 sobre l&#8217;acreditaci\u00f3, consulteu la web de la <a href=\"https:\/\/llengua.gencat.cat\/ca\/serveis\/acreditacio_coneixements\/certificats_de_catala\/\" target=\"_blank\" rel=\"noopener\">Generalitat de Catalunya \u21d2<\/a>.<\/p>\n<p><strong>\u00bfQui ho pot demanar?<\/strong><\/p>\n<p>Poden demanar-lo les persones nascudes a partir de l\u2019any 1972 si reuneixen els requisits esmentats. En cas que no disposin dels llibres d\u2019escolaritat o historials acad\u00e8mics, la persona interessada haur\u00e0 d\u2019adre\u00e7ar-se al centre on va cursar els seus estudis per demanar la documentaci\u00f3 o certificaci\u00f3 equivalent.<\/p>\n<p><strong>\u00bfOn demanar-ho?<\/strong><\/p>\n<ul>\n<li>Si s&#8217;ha obtingut la titulaci\u00f3 en un <strong>institut (o institut escola)<\/strong> es pot presentar la sol\u00b7licitud en qualsevol d&#8217;aquests centres aportant la documentaci\u00f3 requerida.<\/li>\n<li>Si s&#8217;ha obtingut la titulaci\u00f3 en un <strong>centre de formaci\u00f3 d&#8217;adults<\/strong> s&#8217;ha de presentar la sol\u00b7licitud al centre de formaci\u00f3 d&#8217;adults que correspongui aportant la documentaci\u00f3 requerida.<\/li>\n<li>Si s&#8217;ha obtingut la titulaci\u00f3 a l&#8217;<strong>Institut Obert de Catalunya (IOC)<\/strong> s&#8217;ha de tramitar la sol\u00b7licitud a l&#8217;IOC aportant la documentaci\u00f3 requerida.<\/li>\n<\/ul>\n<p><strong>Nivell intermedi (B2 del MECR)<\/strong><\/p>\n<table style=\"width: 788px;\" border=\"1\" summary=\"Nivell B\">\n<tbody>\n<tr>\n<th style=\"width: 77px;\">Titulaci\u00f3<\/th>\n<th style=\"width: 517px;\">S\u2019ha d\u2019haver estudiat a Catalunya<\/th>\n<th style=\"width: 184px;\">Documents que cal presentar<\/th>\n<\/tr>\n<tr>\n<td style=\"width: 77px;\">Graduat escolar EGB<\/td>\n<td style=\"width: 517px;\">Documents que acrediten el t\u00edtol d\u2019EGB i que s&#8217;hagi cursat tota l&#8217;EGB a Catalunya, i s&#8217;hagi cursat la mat\u00e8ria de llengua catalana en la totalitat dels estudis esmentats a partir del curs 1978-1979.<\/td>\n<td style=\"width: 184px;\">* Document d&#8217;identitat<br \/>\n* Llibre d&#8217;escolaritat o <strong>certificat<\/strong> d&#8217;haver cursat i superat l&#8217;<strong>EGB<\/strong><\/td>\n<\/tr>\n<tr>\n<td style=\"width: 77px;\">FP1<\/td>\n<td style=\"width: 517px;\">Documents que acrediten el t\u00edtol d\u2019FP1 i que s&#8217;hagi cursat tota l&#8217;EGB i l&#8217;FP-1 a Catalunya, i s&#8217;hagi cursat la mat\u00e8ria de llengua catalana en la totalitat dels estudis esmentats a partir del curs 1978-1979.<\/td>\n<td style=\"width: 184px;\">* Document d&#8217;identitat<br \/>\n* Llibre d&#8217;escolaritat o <strong>certificat<\/strong> d&#8217;haver cursat l&#8217;<strong>EGB<\/strong><br \/>\n* <strong>Certificat<\/strong> acad\u00e8mic oficial d&#8217;haver cursat i superat l&#8217;<strong>FP-1<\/strong><\/td>\n<\/tr>\n<tr>\n<td style=\"width: 81px;\">ESO<\/td>\n<td style=\"width: 507px;\">Documents que acrediten el t\u00edtol d\u2019ESO, sempre que s\u2019hagi cursat i aprovat l\u2019assignatura de llengua catalana durant la totalitat de l\u2019educaci\u00f3 secund\u00e0ria obligat\u00f2ria i, com a m\u00ednim, quatre cursos de l\u2019educaci\u00f3 Prim\u00e0ria a centres de l\u2019Arag\u00f3.<\/td>\n<td style=\"width: 180px;\">* Document d&#8217;identitat<br \/>\n* Llibre d&#8217;escolaritat o <strong>certificat<\/strong> d&#8217;haver cursat estudis de <strong>Prim\u00e0ria<\/strong> i\u00a0d\u2019<strong>ESO<\/strong><\/td>\n<\/tr>\n<tr>\n<td style=\"width: 81px;\">GESO a centres o aules de formaci\u00f3 de persones adultes<\/td>\n<td style=\"width: 507px;\">Documents que acrediten el t\u00edtol d\u2019ESO obtingut als centres i aules de formaci\u00f3 de persones adultes, i que s&#8217;hagin cursat a Catalunya almenys tres cursos qualssevol de Prim\u00e0ria i tota l&#8217;ESO i s&#8217;hagi cursat la mat\u00e8ria de llengua catalana, i s&#8217;hagi cursat i aprovat l\u2019\u00e0rea de Llengua catalana als centres i aules de formaci\u00f3 de persones adultes.<\/td>\n<td style=\"width: 180px;\">* Document d&#8217;identitat<br \/>\n* Llibre d&#8217;escolaritat o <strong>certificat<\/strong> d&#8217;haver cursat estudis de <strong>Prim\u00e0ria i <\/strong>d\u2019<strong>ESO<\/strong><\/td>\n<\/tr>\n<\/tbody>\n<\/table>\n<p>Si teniu altres t\u00edtols, diplomes o certificats equivalents, consulteu amb Secretaria.<\/p>\n<hr width=\"50%\" \/>\n<p><strong>Nivell de sufici\u00e8ncia (C1 del MECR)<\/strong><\/p>\n<table style=\"width: 778px; height: 605px;\" border=\"1\" summary=\"Nivell C\">\n<tbody>\n<tr style=\"height: 45px;\">\n<th style=\"width: 81px; height: 45px;\">Titulaci\u00f3<\/th>\n<th style=\"width: 507px; height: 45px;\">S\u2019ha d\u2019haver estudiat a Catalunya<\/th>\n<th style=\"width: 180px; height: 45px;\">Documents que cal presentar (originals)<\/th>\n<\/tr>\n<tr style=\"height: 96px;\">\n<td style=\"width: 81px; height: 96px;\">ESO<\/td>\n<td style=\"width: 507px; height: 96px;\">Documents que acrediten el t\u00edtol d\u2019ESO, i que s&#8217;hagin cursat a Catalunya almenys tres cursos qualssevol de Prim\u00e0ria i tota l&#8217;ESO i s&#8217;hagi cursat, i a partir del curs 2007-2008 s\u2019hagi aprovat, de manera oficial la mat\u00e8ria de llengua catalana en la totalitat dels estudis m\u00ednims esmentats.<\/td>\n<td style=\"width: 180px; height: 96px;\">* Document d&#8217;identitat<br \/>\n* Llibre d&#8217;escolaritat o <strong>certificat<\/strong> dels estudis de <strong>Prim\u00e0ria<\/strong>\u00a0i d\u2019<strong>ESO<\/strong><\/td>\n<\/tr>\n<tr style=\"height: 96px;\">\n<td style=\"width: 81px; height: 96px;\">GESO a centres o aules de formaci\u00f3 de persones adultes<\/td>\n<td style=\"width: 507px; height: 96px;\">Documents que acrediten el t\u00edtol d\u2019ESO obtingut als centres i aules de formaci\u00f3 de persones adultes, i que s&#8217;hagin cursat a Catalunya almenys vuit cursos qualssevol entre la Prim\u00e0ria i l&#8217;ESO, i s&#8217;hagi cursat i aprovat l\u2019\u00e0rea de Llengua catalana als centres i aules de formaci\u00f3 de persones adultes.<\/td>\n<td style=\"width: 180px; height: 96px;\">* Document d&#8217;identitat<br \/>\n* Llibre d&#8217;escolaritat o <strong>certificat<\/strong> dels estudis de <strong>Prim\u00e0ria<\/strong>\u00a0i d\u2019<strong>ESO<\/strong><\/td>\n<\/tr>\n<tr style=\"height: 112px;\">\n<td style=\"width: 81px; height: 112px;\">Batxillerat<\/td>\n<td style=\"width: 507px; height: 112px;\">Documents que acrediten el t\u00edtol de Batxillerat, i que s&#8217;hagin cursat a Catalunya tres cursos qualssevol de Prim\u00e0ria i cinc cursos qualssevol entre l&#8217;ESO i el Batxillerat, i s&#8217;hagi cursat de manera oficial la mat\u00e8ria de llengua catalana en la totalitat dels estudis m\u00ednims esmentats.<\/td>\n<td style=\"width: 180px; height: 112px;\">* Document d&#8217;identitat<br \/>\n* Llibre d&#8217;escolaritat o <strong>certificat<\/strong> dels estudis cursats de <strong>Prim\u00e0ria<\/strong>, d&#8217;<strong>ESO<\/strong> i del <strong>Batxillerat<\/strong><\/td>\n<\/tr>\n<tr style=\"height: 96px;\">\n<td style=\"width: 81px; height: 96px;\">BUP<\/td>\n<td style=\"width: 507px; height: 96px;\">Documents que acrediten el t\u00edtol de Batxiller (BUP) i que s&#8217;hagi cursat tota l&#8217;EGB i el BUP a Catalunya, i s&#8217;hagi cursat de manera oficial la mat\u00e8ria de llengua catalana en la totalitat dels estudis esmentats a partir del curs 1978-1979.<\/td>\n<td style=\"width: 180px; height: 96px;\">* Document d&#8217;identitat<br \/>\n* Llibre d&#8217;escolaritat o <strong>certificat<\/strong> dels estudis d&#8217;<strong>EGB<\/strong>, i dels estudis de <strong>BUP<\/strong><\/td>\n<\/tr>\n<tr style=\"height: 128px;\">\n<td style=\"width: 81px; height: 128px;\">FP2<\/td>\n<td style=\"width: 507px; height: 128px;\">Documents que acrediten el t\u00edtol d\u2019FP-2 i que s&#8217;hagi cursat tota l&#8217;EGB, l&#8217;FP-1 i l&#8217;FP-2 a Catalunya, i s&#8217;hagi cursat de manera oficial la mat\u00e8ria de llengua catalana en la totalitat dels estudis esmentats a partir del curs 1978-1979.<\/td>\n<td style=\"width: 180px; height: 128px;\">* Document d&#8217;identitat<br \/>\n* Llibre d&#8217;escolaritat o <strong>certificats<\/strong> dels estudis d&#8217;<strong>EGB<\/strong>, d&#8217;<strong>FP-1<\/strong>, i d&#8217;<strong>FP-2<\/strong><\/td>\n<\/tr>\n<\/tbody>\n<\/table>\n<p>Si teniu altres t\u00edtols, diplomes o certificats equivalents, consulteu amb Secretaria.<\/p>\n<hr width=\"75%\" \/>\n<p>Per a m\u00e9s informaci\u00f3 consulteu l\u2019<a href=\"http:\/\/tinyurl.com\/ordre-vcp-491-2009\">Ordre VCP\/491\/2009<\/a> modificada per l&#8217;<a title=\"\" href=\"https:\/\/dogc.gencat.cat\/ca\/pdogc_canals_interns\/pdogc_resultats_fitxa\/?documentId=519344&amp;language=ca_ES&amp;action=fitxa\" target=\"_blank\" rel=\"noopener noreferrer\">Ordre VCP\/233\/2010<\/a>, de 12 d&#8217;abril de 2010 (DOGC n\u00fam. 5610, de 19\/04\/2010).<\/p>\n<p>Aquelles persones que no compleixin els requisits, per a m\u00e9s informaci\u00f3 poden d\u2019adre\u00e7ar-se a:<br \/>\n<i>Departament d\u2019Educaci\u00f3 i Formaci\u00f3 Professional<br \/>\nVia Augusta, 202-226 | Barcelona<br \/>\nTel\u00e8fon: 934 006 900<\/i><\/p>\n","protected":false},"excerpt":{"rendered":"<p>\u00bfQuins certificats es poden demanar?<\/p>\n<ul>\n<li>Certificats de matr\u00edcula o de qualificacions<\/li>\n<li>Certificat per a l\u2019acc\u00e9s a estudis universitaris<\/li>\n<li>Certificat d&#8217;acreditaci\u00f3 del nivell de catal\u00e0 B2 i C1 <a href=\"#catala\">(m\u00e9s informaci\u00f3)<\/a><\/li>\n<li>Altres<\/li>\n<\/ul>\n<p>\u00bfCom es demanen?<br \/>\nEs pot demanar emplenant un formulari electr\u00f2nic o una sol\u00b7licitud en paper. Tamb\u00e9 es pot demanar per&hellip;  <a href=\"https:\/\/agora.xtec.cat\/ies-rbiv-cambrils\/secretaria\/certificats\/\" title=\"Read Certificats\">Llegeix m\u00e9s\u00bb<\/a><\/p>\n","protected":false},"author":234,"featured_media":0,"parent":7606,"menu_order":2,"comment_status":"closed","ping_status":"closed","template":"page-templates\/side-menu.php","meta":{"_bbp_topic_count":0,"_bbp_reply_count":0,"_bbp_total_topic_count":0,"_bbp_total_reply_count":0,"_bbp_voice_count":0,"_bbp_anonymous_reply_count":0,"_bbp_topic_count_hidden":0,"_bbp_reply_count_hidden":0,"_bbp_forum_subforum_count":0,"footnotes":""},"class_list":["post-7770","page","type-page","status-publish","hentry"],"post_mailing_queue_ids":[],"_links":{"self":[{"href":"https:\/\/agora.xtec.cat\/ies-rbiv-cambrils\/wp-json\/wp\/v2\/pages\/7770","targetHints":{"allow":["GET"]}}],"collection":[{"href":"https:\/\/agora.xtec.cat\/ies-rbiv-cambrils\/wp-json\/wp\/v2\/pages"}],"about":[{"href":"https:\/\/agora.xtec.cat\/ies-rbiv-cambrils\/wp-json\/wp\/v2\/types\/page"}],"author":[{"embeddable":true,"href":"https:\/\/agora.xtec.cat\/ies-rbiv-cambrils\/wp-json\/wp\/v2\/users\/234"}],"replies":[{"embeddable":true,"href":"https:\/\/agora.xtec.cat\/ies-rbiv-cambrils\/wp-json\/wp\/v2\/comments?post=7770"}],"version-history":[{"count":6,"href":"https:\/\/agora.xtec.cat\/ies-rbiv-cambrils\/wp-json\/wp\/v2\/pages\/7770\/revisions"}],"predecessor-version":[{"id":17897,"href":"https:\/\/agora.xtec.cat\/ies-rbiv-cambrils\/wp-json\/wp\/v2\/pages\/7770\/revisions\/17897"}],"up":[{"embeddable":true,"href":"https:\/\/agora.xtec.cat\/ies-rbiv-cambrils\/wp-json\/wp\/v2\/pages\/7606"}],"wp:attachment":[{"href":"https:\/\/agora.xtec.cat\/ies-rbiv-cambrils\/wp-json\/wp\/v2\/media?parent=7770"}],"curies":[{"name":"wp","href":"https:\/\/api.w.org\/{rel}","templated":true}]}}