{"id":67,"date":"2014-09-18T10:14:18","date_gmt":"2014-09-18T10:14:18","guid":{"rendered":"http:\/\/agora.xtec.cat\/ies-rbiv-cambrils\/?page_id=67"},"modified":"2021-04-19T13:21:32","modified_gmt":"2021-04-19T11:21:32","slug":"acollida","status":"publish","type":"page","link":"https:\/\/agora.xtec.cat\/ies-rbiv-cambrils\/serveis\/acollida\/","title":{"rendered":"Acollida"},"content":{"rendered":"<p><strong>Al nostre institut comptem amb<\/strong> un aula d\u2019acollida. Aquesta aula \u00e9s un recurs per aquells alumnes que s\u2019acaben d\u2019incorporar el sistema educatiu catal\u00e0 i que encara no dominen la nostra llengua. A difer\u00e8ncia de la resta d\u2019aules, trobarem que els alumnes cursen entre 15 i 17 hores setmanals de llengua, i s\u2019hi treballen, sobretot, les quatre habilitats ling\u00fc\u00edstiques b\u00e0siques: la comprensi\u00f3 oral i escrita, i l\u2019expressi\u00f3 oral i escrita, aix\u00ed com l\u2019adquisici\u00f3 de les compet\u00e8ncies metodol\u00f2giques d\u2019aprendre a aprendre i d\u2019autonomia personal. <strong>L\u2019objectiu final \u00e9s que l\u2019alumne aprengui llengua el m\u00e9s r\u00e0pid possible<\/strong> i que pugui incorporar-se a les aules ordin\u00e0ries amb plenes garanties d\u2019\u00e8xit.<\/p>\n<p>L\u2019equip docent el conforma un grup redu\u00eft de professors. Com a suport, trobem l\u2019assessora LIC i la figura del coordinador LIC del centre. Entenem l\u2019aula d\u2019acollida com <strong>un espai acollidor i integrador.<\/strong> El tutor o tutora, proper i comprensiu, at\u00e9n la incorporaci\u00f3 de l\u2019alumnat nouvingut i l\u2019acompanya en el proc\u00e9s d\u2019adaptaci\u00f3 al nou context que l\u2019acull. Propicia, tamb\u00e9, la creaci\u00f3 de vincles de cooperaci\u00f3 i relaci\u00f3 entre el propi alumnat a fi d\u2019afavorir la seva integraci\u00f3 en l\u2019institut.<\/p>\n","protected":false},"excerpt":{"rendered":"<p>Al nostre institut comptem amb un aula d\u2019acollida. Aquesta aula \u00e9s un recurs per aquells alumnes que s\u2019acaben d\u2019incorporar el sistema educatiu catal\u00e0 i que encara no dominen la nostra llengua. A difer\u00e8ncia de la resta d\u2019aules, trobarem que els alumnes cursen entre 15 i&hellip;  <a href=\"https:\/\/agora.xtec.cat\/ies-rbiv-cambrils\/serveis\/acollida\/\" title=\"Read Acollida\">Llegeix m\u00e9s\u00bb<\/a><\/p>\n","protected":false},"author":2,"featured_media":0,"parent":63,"menu_order":20,"comment_status":"closed","ping_status":"closed","template":"page-templates\/side-menu.php","meta":{"_bbp_topic_count":0,"_bbp_reply_count":0,"_bbp_total_topic_count":0,"_bbp_total_reply_count":0,"_bbp_voice_count":0,"_bbp_anonymous_reply_count":0,"_bbp_topic_count_hidden":0,"_bbp_reply_count_hidden":0,"_bbp_forum_subforum_count":0,"footnotes":""},"class_list":["post-67","page","type-page","status-publish","hentry"],"post_mailing_queue_ids":[],"_links":{"self":[{"href":"https:\/\/agora.xtec.cat\/ies-rbiv-cambrils\/wp-json\/wp\/v2\/pages\/67","targetHints":{"allow":["GET"]}}],"collection":[{"href":"https:\/\/agora.xtec.cat\/ies-rbiv-cambrils\/wp-json\/wp\/v2\/pages"}],"about":[{"href":"https:\/\/agora.xtec.cat\/ies-rbiv-cambrils\/wp-json\/wp\/v2\/types\/page"}],"author":[{"embeddable":true,"href":"https:\/\/agora.xtec.cat\/ies-rbiv-cambrils\/wp-json\/wp\/v2\/users\/2"}],"replies":[{"embeddable":true,"href":"https:\/\/agora.xtec.cat\/ies-rbiv-cambrils\/wp-json\/wp\/v2\/comments?post=67"}],"version-history":[{"count":3,"href":"https:\/\/agora.xtec.cat\/ies-rbiv-cambrils\/wp-json\/wp\/v2\/pages\/67\/revisions"}],"predecessor-version":[{"id":1488,"href":"https:\/\/agora.xtec.cat\/ies-rbiv-cambrils\/wp-json\/wp\/v2\/pages\/67\/revisions\/1488"}],"up":[{"embeddable":true,"href":"https:\/\/agora.xtec.cat\/ies-rbiv-cambrils\/wp-json\/wp\/v2\/pages\/63"}],"wp:attachment":[{"href":"https:\/\/agora.xtec.cat\/ies-rbiv-cambrils\/wp-json\/wp\/v2\/media?parent=67"}],"curies":[{"name":"wp","href":"https:\/\/api.w.org\/{rel}","templated":true}]}}