{"id":4218,"date":"2017-10-03T17:05:59","date_gmt":"2017-10-03T15:05:59","guid":{"rendered":"http:\/\/agora.xtec.cat\/ies-rbiv-cambrils\/?page_id=4218"},"modified":"2019-06-28T08:54:56","modified_gmt":"2019-06-28T06:54:56","slug":"pla-denquestes","status":"publish","type":"page","link":"https:\/\/agora.xtec.cat\/ies-rbiv-cambrils\/serveis\/pla-denquestes\/","title":{"rendered":"Pla d&#8217;enquestes"},"content":{"rendered":"<p style=\"text-align: justify;\">L&#8217;INS Ramon Berenguer IV, d&#8217;acord amb el seu programa de qualitat, compta amb un <em>Pla general d&#8217;enquestes<\/em> per a la millora de tots els processos que hi intervenen en el servei educatiu.<\/p>\n<p style=\"text-align: justify;\">Les enquestes van adre\u00e7ades tant a l&#8217;alumnat i les fam\u00edlies com al professorat i la resta de personal, aix\u00ed com tamb\u00e9 a les empreses amb qu\u00e8 col\u00b7laborem. A partir de les respostes rebudes, es realitzen diferents informes que tenen en compte els indicadors de centre i que, posteriorment, s\u00f3n supervisats per l&#8217;equip directiu per prendre decisions i establir propostes de millora.<\/p>\n<table style=\"width: 100%;\">\n<tbody>\n<tr>\n<td style=\"width: 100%; text-align: center;\"><strong>ALUMNAT<\/strong><\/td>\n<\/tr>\n<tr>\n<td style=\"width: 100%;\">\n<ul>\n<li><em><span style=\"color: #ff6600;\"><span style=\"color: #000000;\">Acollida de l&#8217;alumnat nouvingut<\/span>\u00a0<\/span> <\/em><\/li>\n<li><em>Satisfacci\u00f3 general de l&#8217;alumnat<\/em><\/li>\n<li><em><span style=\"font-family: inherit; font-size: 1em; line-height: 1.6;\">Valoraci\u00f3 de la FCT (Formaci\u00f3 en centres de treball)<\/span><\/em><\/li>\n<li><em style=\"font-family: inherit; font-size: 1em; line-height: 1.6;\">Valoraci\u00f3 de la qualitat docent<\/em><\/li>\n<\/ul>\n<\/td>\n<\/tr>\n<tr>\n<td style=\"width: 100%; text-align: center;\"><strong>PERSONAL DOCENT I NO DOCENT<br \/>\n<\/strong><\/td>\n<\/tr>\n<tr>\n<td style=\"width: 100%;\">\n<ul>\n<li><em>Acollida del professorat nouvingut<\/em><\/li>\n<li><em>Reuni\u00f3 inicial tutor-fam\u00edlies<\/em><\/li>\n<li><em>Satisfacci\u00f3 general del professorat<\/em><\/li>\n<li><em>Satisfacci\u00f3 general dels tutors<\/em><\/li>\n<li><em>Satisfacci\u00f3 del PAS<\/em><\/li>\n<li><em>Valoraci\u00f3 del Pla TAC<\/em><\/li>\n<li><em>Valoraci\u00f3 dels equips de millora<\/em><\/li>\n<\/ul>\n<\/td>\n<\/tr>\n<tr>\n<td style=\"width: 100%x; text-align: center;\"><strong>FAM\u00cdLIES<\/strong><\/td>\n<\/tr>\n<tr>\n<td style=\"width: 100%;\">\n<ul>\n<li><em>Proc\u00e9s de preinscripci\u00f3 i matr\u00edcula<\/em><\/li>\n<li><em>Satisfacci\u00f3 general de les fam\u00edlies<\/em><\/li>\n<\/ul>\n<\/td>\n<\/tr>\n<tr>\n<td style=\"width: 100%; text-align: center;\"><strong>EMPRESES COL\u00b7LABORADORES<\/strong><\/td>\n<\/tr>\n<tr>\n<td style=\"width: 100%;\">\n<ul>\n<li><em>Satisfacci\u00f3 amb la FCT (Formaci\u00f3 en centres de treball)<\/em><\/li>\n<\/ul>\n<\/td>\n<\/tr>\n<\/tbody>\n<\/table>\n<p>&nbsp;<\/p>\n<p>&nbsp;<\/p>\n","protected":false},"excerpt":{"rendered":"<p>L&#8217;INS Ramon Berenguer IV, d&#8217;acord amb el seu programa de qualitat, compta amb un Pla general d&#8217;enquestes per a la millora de tots els processos que hi intervenen en el servei educatiu.<br \/>\nLes enquestes van adre\u00e7ades tant a l&#8217;alumnat i les fam\u00edlies com al professorat i&hellip;  <a href=\"https:\/\/agora.xtec.cat\/ies-rbiv-cambrils\/serveis\/pla-denquestes\/\" title=\"Read Pla d&#8217;enquestes\">Llegeix m\u00e9s\u00bb<\/a><\/p>\n","protected":false},"author":19,"featured_media":0,"parent":63,"menu_order":0,"comment_status":"closed","ping_status":"closed","template":"page-templates\/side-menu.php","meta":{"_bbp_topic_count":0,"_bbp_reply_count":0,"_bbp_total_topic_count":0,"_bbp_total_reply_count":0,"_bbp_voice_count":0,"_bbp_anonymous_reply_count":0,"_bbp_topic_count_hidden":0,"_bbp_reply_count_hidden":0,"_bbp_forum_subforum_count":0,"footnotes":""},"class_list":["post-4218","page","type-page","status-publish","hentry"],"post_mailing_queue_ids":[],"_links":{"self":[{"href":"https:\/\/agora.xtec.cat\/ies-rbiv-cambrils\/wp-json\/wp\/v2\/pages\/4218","targetHints":{"allow":["GET"]}}],"collection":[{"href":"https:\/\/agora.xtec.cat\/ies-rbiv-cambrils\/wp-json\/wp\/v2\/pages"}],"about":[{"href":"https:\/\/agora.xtec.cat\/ies-rbiv-cambrils\/wp-json\/wp\/v2\/types\/page"}],"author":[{"embeddable":true,"href":"https:\/\/agora.xtec.cat\/ies-rbiv-cambrils\/wp-json\/wp\/v2\/users\/19"}],"replies":[{"embeddable":true,"href":"https:\/\/agora.xtec.cat\/ies-rbiv-cambrils\/wp-json\/wp\/v2\/comments?post=4218"}],"version-history":[{"count":6,"href":"https:\/\/agora.xtec.cat\/ies-rbiv-cambrils\/wp-json\/wp\/v2\/pages\/4218\/revisions"}],"predecessor-version":[{"id":9207,"href":"https:\/\/agora.xtec.cat\/ies-rbiv-cambrils\/wp-json\/wp\/v2\/pages\/4218\/revisions\/9207"}],"up":[{"embeddable":true,"href":"https:\/\/agora.xtec.cat\/ies-rbiv-cambrils\/wp-json\/wp\/v2\/pages\/63"}],"wp:attachment":[{"href":"https:\/\/agora.xtec.cat\/ies-rbiv-cambrils\/wp-json\/wp\/v2\/media?parent=4218"}],"curies":[{"name":"wp","href":"https:\/\/api.w.org\/{rel}","templated":true}]}}