{"id":4043,"date":"2017-09-18T12:23:53","date_gmt":"2017-09-18T10:23:53","guid":{"rendered":"http:\/\/agora.xtec.cat\/ies-rbiv-cambrils\/?page_id=4043"},"modified":"2024-11-21T09:28:14","modified_gmt":"2024-11-21T08:28:14","slug":"projecterecerca","status":"publish","type":"page","link":"https:\/\/agora.xtec.cat\/ies-rbiv-cambrils\/estudis\/eso\/projecterecerca\/","title":{"rendered":"Projecte de recerca"},"content":{"rendered":"<p>En el quart curs tot l&#8217;alumnat ha de realitzar un projecte de recerca en equip. Aquest projecte ha d&#8217;estar constitu\u00eft per un conjunt d\u2019activitats de descoberta i recerca realitzades per l&#8217;alumnat sobre un tema escollit i acotat, en part, per ell mateix, sota el guiatge del professorat. Al llarg del projecte, l\u2019alumnat ha de mostrar capacitat d\u2019autonomia i iniciativa en l&#8217;organitzaci\u00f3 del seu treball individual, i tamb\u00e9 de cooperaci\u00f3 i col\u00b7laboraci\u00f3 en el treball en equip.<\/p>\n<p>El projecte de recerca tindr\u00e0 la consideraci\u00f3 d\u2019una mat\u00e8ria optativa.<\/p>\n<p>Us presentem la documentaci\u00f3 relativa al projecte de recerca de 4t.<\/p>\n<h3>2.1. Normativa de refer\u00e8ncia<\/h3>\n<p><a href=\"http:\/\/agora.xtec.cat\/ies-rbiv-cambrils\/wp-content\/uploads\/usu79\/2017\/09\/NORMATIVA_PR.pdf\" target=\"_blank\" rel=\"noopener\">Normativa<\/a><\/p>\n<h3>2.2.\u00a0Propostes de treballs dels departaments did\u00e0ctics<\/h3>\n<p><a href=\"http:\/\/agora.xtec.cat\/ies-rbiv-cambrils\/wp-content\/uploads\/usu79\/2017\/09\/PROPOSTES-DE-TREBALL_PR.pdf\" target=\"_blank\" rel=\"noopener\">Propostes de treball<\/a><\/p>\n<h3>2.3. Explicaci\u00f3 PR per a l&#8217;alumnat<\/h3>\n<p><a href=\"https:\/\/docs.google.com\/presentation\/d\/1xQhmcUpwKsN12Ubjr3_BOKo3XQLSOMcNcP5JCMmTkbg\/edit?usp=sharing\" target=\"_blank\" rel=\"noopener noreferrer\">Presentaci\u00f3 del Projecte de Recerca<\/a><\/p>\n<h3>2.4. Guia per a l&#8217;elaboraci\u00f3 de la mem\u00f2ria<\/h3>\n<p><a href=\"http:\/\/agora.xtec.cat\/ies-rbiv-cambrils\/wp-content\/uploads\/usu79\/2017\/09\/GUIA-MEM\u00d2RIA_PR.pdf\" target=\"_blank\" rel=\"noopener\">Guia mem\u00f2ria<\/a><\/p>\n<h3>2.5. Guia per a la presentaci\u00f3 i per a l&#8217;exposici\u00f3 oral<\/h3>\n<p><a href=\"http:\/\/agora.xtec.cat\/ies-rbiv-cambrils\/wp-content\/uploads\/usu79\/2017\/09\/2GUIA-EXPOSICI\u00d3-ORAL_PR.pdf\" target=\"_blank\" rel=\"noopener\">Guia exposici\u00f3 oral<\/a><\/p>\n<h3>2.6. Exemples de projectes de recerca<\/h3>\n<p><a href=\"https:\/\/agora.xtec.cat\/ies-rbiv-cambrils\/wp-content\/uploads\/usu79\/2019\/10\/PdR-Aula-Domotica.pdf\" target=\"_blank\" rel=\"noopener noreferrer\">Aula dom\u00f2tica<\/a><\/p>\n<p><a href=\"https:\/\/agora.xtec.cat\/ies-rbiv-cambrils\/wp-content\/uploads\/usu79\/2019\/10\/PROJECTE-DE-RECERCA-MARILAMARIEL.pdf\" target=\"_blank\" rel=\"noopener noreferrer\">Composici\u00f3 musical<\/a><\/p>\n<p><a href=\"https:\/\/agora.xtec.cat\/ies-rbiv-cambrils\/wp-content\/uploads\/usu79\/2021\/11\/PROJECTE-DE-RECERCA-2021-2.pdf\" target=\"_blank\" rel=\"noopener\">Edici\u00f3 del concurs Fem matem\u00e0tiques<\/a><\/p>\n<p><a href=\"https:\/\/agora.xtec.cat\/ies-rbiv-cambrils\/wp-content\/uploads\/usu79\/2021\/11\/PDR.pdf\" target=\"_blank\" rel=\"noopener\">El rei del cinema<\/a><\/p>\n","protected":false},"excerpt":{"rendered":"<p>En el quart curs tot l&#8217;alumnat ha de realitzar un projecte de recerca en equip. Aquest projecte ha d&#8217;estar constitu\u00eft per un conjunt d\u2019activitats de descoberta i recerca realitzades per l&#8217;alumnat sobre un tema escollit i acotat, en part, per ell mateix, sota el guiatge&hellip;  <a href=\"https:\/\/agora.xtec.cat\/ies-rbiv-cambrils\/estudis\/eso\/projecterecerca\/\" title=\"Read Projecte de recerca\">Llegeix m\u00e9s\u00bb<\/a><\/p>\n","protected":false},"author":5,"featured_media":0,"parent":968,"menu_order":14,"comment_status":"closed","ping_status":"closed","template":"page-templates\/side-menu.php","meta":{"_bbp_topic_count":0,"_bbp_reply_count":0,"_bbp_total_topic_count":0,"_bbp_total_reply_count":0,"_bbp_voice_count":0,"_bbp_anonymous_reply_count":0,"_bbp_topic_count_hidden":0,"_bbp_reply_count_hidden":0,"_bbp_forum_subforum_count":0,"footnotes":""},"class_list":["post-4043","page","type-page","status-publish","hentry"],"post_mailing_queue_ids":[],"_links":{"self":[{"href":"https:\/\/agora.xtec.cat\/ies-rbiv-cambrils\/wp-json\/wp\/v2\/pages\/4043","targetHints":{"allow":["GET"]}}],"collection":[{"href":"https:\/\/agora.xtec.cat\/ies-rbiv-cambrils\/wp-json\/wp\/v2\/pages"}],"about":[{"href":"https:\/\/agora.xtec.cat\/ies-rbiv-cambrils\/wp-json\/wp\/v2\/types\/page"}],"author":[{"embeddable":true,"href":"https:\/\/agora.xtec.cat\/ies-rbiv-cambrils\/wp-json\/wp\/v2\/users\/5"}],"replies":[{"embeddable":true,"href":"https:\/\/agora.xtec.cat\/ies-rbiv-cambrils\/wp-json\/wp\/v2\/comments?post=4043"}],"version-history":[{"count":7,"href":"https:\/\/agora.xtec.cat\/ies-rbiv-cambrils\/wp-json\/wp\/v2\/pages\/4043\/revisions"}],"predecessor-version":[{"id":15065,"href":"https:\/\/agora.xtec.cat\/ies-rbiv-cambrils\/wp-json\/wp\/v2\/pages\/4043\/revisions\/15065"}],"up":[{"embeddable":true,"href":"https:\/\/agora.xtec.cat\/ies-rbiv-cambrils\/wp-json\/wp\/v2\/pages\/968"}],"wp:attachment":[{"href":"https:\/\/agora.xtec.cat\/ies-rbiv-cambrils\/wp-json\/wp\/v2\/media?parent=4043"}],"curies":[{"name":"wp","href":"https:\/\/api.w.org\/{rel}","templated":true}]}}