{"id":3271,"date":"2017-03-28T14:02:05","date_gmt":"2017-03-28T12:02:05","guid":{"rendered":"http:\/\/agora.xtec.cat\/ies-rbiv-cambrils\/?page_id=3271"},"modified":"2019-04-08T12:41:37","modified_gmt":"2019-04-08T10:41:37","slug":"fct-formacio-en-centres-de-treball","status":"publish","type":"page","link":"https:\/\/agora.xtec.cat\/ies-rbiv-cambrils\/estudis\/cicles-formatius\/fct-formacio-en-centres-de-treball\/","title":{"rendered":"Formaci\u00f3 en Centres de Treball (FCT)"},"content":{"rendered":"<h2>La formaci\u00f3 en centres de treball<\/h2>\n<p>S\u00f3n pr\u00e0ctiques i estades formatives no laborals que realitza l\u2019alumnat de Cicles formatius, en centres de treball, mitjan\u00e7ant un conveni de col\u00b7laboraci\u00f3 que subscriuen l\u2019escola i l\u2019empresa.<\/p>\n<p>Les Pr\u00e0ctiques en Centres de Treball tamb\u00e9 es poden dur a terme en empreses de fora del Territori Catal\u00e0.<\/p>\n<p>Aquestes pr\u00e0ctiques i estades formen part del programa formatiu (curricular) d\u2019aquests ensenyaments.<\/p>\n<h2>Qu\u00e8 comporten per a l&#8217;alumnat?<\/h2>\n<ol>\n<li>El coneixement del m\u00f3n laboral i de l\u2019empresa.<\/li>\n<li>La possibilitat d\u2019estar en contacte amb la tecnologia m\u00e9s avan\u00e7ada.<\/li>\n<li>La compleci\u00f3 de la seva formaci\u00f3 professional, amb l\u2019objectiu de capacitar-se per a la incorporaci\u00f3 al m\u00f3n laboral.<\/li>\n<li>L\u2019obtenci\u00f3 d\u2019una formaci\u00f3 adaptada a llocs de treball espec\u00edfics.<\/li>\n<li>L\u2019acostament a la cultura d\u2019empresa.<\/li>\n<li>L\u2019experi\u00e8ncia en el m\u00f3n laboral com a pas previ per a la primera ocupaci\u00f3.<\/li>\n<li>L\u2019inici del seu historial professional acreditat amb el quadern de pr\u00e0ctiques.<\/li>\n<li>La superaci\u00f3 del cr\u00e8dit de formaci\u00f3 en centres de treball per a l\u2019alumnat d\u2019estudis postobligatoris.<\/li>\n<\/ol>\n<h2>On les realitzen?<\/h2>\n<p>En empreses locals del sector del Cicle Formatiu corresponent.<\/p>\n","protected":false},"excerpt":{"rendered":"<p>La formaci\u00f3 en centres de treball<br \/>\nS\u00f3n pr\u00e0ctiques i estades formatives no laborals que realitza l\u2019alumnat de Cicles formatius, en centres de treball, mitjan\u00e7ant un conveni de col\u00b7laboraci\u00f3 que subscriuen l\u2019escola i l\u2019empresa.<br \/>\nLes Pr\u00e0ctiques en Centres de Treball tamb\u00e9 es poden dur a terme en empreses&hellip;  <a href=\"https:\/\/agora.xtec.cat\/ies-rbiv-cambrils\/estudis\/cicles-formatius\/fct-formacio-en-centres-de-treball\/\" title=\"Read Formaci\u00f3 en Centres de Treball (FCT)\">Llegeix m\u00e9s\u00bb<\/a><\/p>\n","protected":false},"author":234,"featured_media":0,"parent":3233,"menu_order":6,"comment_status":"closed","ping_status":"closed","template":"page-templates\/side-menu.php","meta":{"_bbp_topic_count":0,"_bbp_reply_count":0,"_bbp_total_topic_count":0,"_bbp_total_reply_count":0,"_bbp_voice_count":0,"_bbp_anonymous_reply_count":0,"_bbp_topic_count_hidden":0,"_bbp_reply_count_hidden":0,"_bbp_forum_subforum_count":0,"footnotes":""},"class_list":["post-3271","page","type-page","status-publish","hentry"],"post_mailing_queue_ids":[],"_links":{"self":[{"href":"https:\/\/agora.xtec.cat\/ies-rbiv-cambrils\/wp-json\/wp\/v2\/pages\/3271","targetHints":{"allow":["GET"]}}],"collection":[{"href":"https:\/\/agora.xtec.cat\/ies-rbiv-cambrils\/wp-json\/wp\/v2\/pages"}],"about":[{"href":"https:\/\/agora.xtec.cat\/ies-rbiv-cambrils\/wp-json\/wp\/v2\/types\/page"}],"author":[{"embeddable":true,"href":"https:\/\/agora.xtec.cat\/ies-rbiv-cambrils\/wp-json\/wp\/v2\/users\/234"}],"replies":[{"embeddable":true,"href":"https:\/\/agora.xtec.cat\/ies-rbiv-cambrils\/wp-json\/wp\/v2\/comments?post=3271"}],"version-history":[{"count":3,"href":"https:\/\/agora.xtec.cat\/ies-rbiv-cambrils\/wp-json\/wp\/v2\/pages\/3271\/revisions"}],"predecessor-version":[{"id":8246,"href":"https:\/\/agora.xtec.cat\/ies-rbiv-cambrils\/wp-json\/wp\/v2\/pages\/3271\/revisions\/8246"}],"up":[{"embeddable":true,"href":"https:\/\/agora.xtec.cat\/ies-rbiv-cambrils\/wp-json\/wp\/v2\/pages\/3233"}],"wp:attachment":[{"href":"https:\/\/agora.xtec.cat\/ies-rbiv-cambrils\/wp-json\/wp\/v2\/media?parent=3271"}],"curies":[{"name":"wp","href":"https:\/\/api.w.org\/{rel}","templated":true}]}}