{"id":2979,"date":"2017-03-10T11:18:13","date_gmt":"2017-03-10T10:18:13","guid":{"rendered":"http:\/\/agora.xtec.cat\/ies-rbiv-cambrils\/?page_id=2979"},"modified":"2017-03-10T11:20:15","modified_gmt":"2017-03-10T10:20:15","slug":"projecte-oceans","status":"publish","type":"page","link":"https:\/\/agora.xtec.cat\/ies-rbiv-cambrils\/projecte-educatiu\/escola-verda\/projecte-oceans\/","title":{"rendered":"Projecte Oceans"},"content":{"rendered":"<p><img loading=\"lazy\" decoding=\"async\" class=\"\" src=\"http:\/\/sagulla.org\/wp-content\/uploads\/LogoOCEANSgran1.jpg\" width=\"1949\" height=\"591\" \/><\/p>\n<p><strong>Oceans<\/strong> \u00e9s un projecte col\u00b7laboratiu online internacional per a alumnes de 12 a 16 anys (1r-4t d&#8217;ESO). <strong>L&#8217;\u00a0objectiu \u00e9s fer-los\u00a0descobrir el mar de forma vivencial, multidisciplinar<\/strong><strong>, compartint els seus resultats amb\u00a0centres d&#8217;arreu del m\u00f3n, mitjan\u00e7ant l&#8217;\u00fas de les <\/strong>tecnologies de la informaci\u00f3 i la comunicaci\u00f3 (<strong>TIC<\/strong>).<\/p>\n<p>L\u2019entorn mar\u00ed es treballa des de tres aspectes diferents:<strong> l\u2019aigua, la sorra i la\u00a0vida que s\u2019hi amaga<\/strong>, fent \u00e8mfasi en les esp\u00e8cies d\u2019inter\u00e8s comercial. Com a activitat final, es proposa que facin una <strong>audioguia <\/strong>on el fil conductor sigui \u201cla ruta del peix\u201d, \u00e9s a dir, des d\u2019on es pesca, port on va, llotja, punts de venda al detall i altra informaci\u00f3 que els alumnes considerin d\u2019inter\u00e8s.<\/p>\n<p>Al ser un projecte internacional, <strong><u>la llengua vehicular \u00e9s\u00a0l&#8217;angl\u00e8s<\/u><\/strong>, encara que el material elaborat a disposici\u00f3 dels professors est\u00e0, a m\u00e9s, en <strong>catal\u00e0<\/strong>, castell\u00e0 i itali\u00e0.<\/p>\n<p>Durada total del projecte: <strong>3 mesos<\/strong><\/p>\n<p style=\"text-align: center;\">\n<iframe loading=\"lazy\" src=\"https:\/\/www.youtube.com\/embed\/SNGdItBmqEs\" width=\"560\" height=\"315\" frameborder=\"0\" allowfullscreen=\"allowfullscreen\"><\/iframe><\/p>\n","protected":false},"excerpt":{"rendered":"<p>Oceans \u00e9s un projecte col\u00b7laboratiu online internacional per a alumnes de 12 a 16 anys (1r-4t d&#8217;ESO). L&#8217;\u00a0objectiu \u00e9s fer-los\u00a0descobrir el mar de forma vivencial, multidisciplinar, compartint els seus resultats amb\u00a0centres d&#8217;arreu del m\u00f3n, mitjan\u00e7ant l&#8217;\u00fas de les tecnologies de la informaci\u00f3 i la comunicaci\u00f3&hellip;  <a href=\"https:\/\/agora.xtec.cat\/ies-rbiv-cambrils\/projecte-educatiu\/escola-verda\/projecte-oceans\/\" title=\"Read Projecte Oceans\">Llegeix m\u00e9s\u00bb<\/a><\/p>\n","protected":false},"author":234,"featured_media":0,"parent":1445,"menu_order":5,"comment_status":"closed","ping_status":"closed","template":"page-templates\/side-menu.php","meta":{"_bbp_topic_count":0,"_bbp_reply_count":0,"_bbp_total_topic_count":0,"_bbp_total_reply_count":0,"_bbp_voice_count":0,"_bbp_anonymous_reply_count":0,"_bbp_topic_count_hidden":0,"_bbp_reply_count_hidden":0,"_bbp_forum_subforum_count":0,"footnotes":""},"class_list":["post-2979","page","type-page","status-publish","hentry"],"post_mailing_queue_ids":[],"_links":{"self":[{"href":"https:\/\/agora.xtec.cat\/ies-rbiv-cambrils\/wp-json\/wp\/v2\/pages\/2979","targetHints":{"allow":["GET"]}}],"collection":[{"href":"https:\/\/agora.xtec.cat\/ies-rbiv-cambrils\/wp-json\/wp\/v2\/pages"}],"about":[{"href":"https:\/\/agora.xtec.cat\/ies-rbiv-cambrils\/wp-json\/wp\/v2\/types\/page"}],"author":[{"embeddable":true,"href":"https:\/\/agora.xtec.cat\/ies-rbiv-cambrils\/wp-json\/wp\/v2\/users\/234"}],"replies":[{"embeddable":true,"href":"https:\/\/agora.xtec.cat\/ies-rbiv-cambrils\/wp-json\/wp\/v2\/comments?post=2979"}],"version-history":[{"count":3,"href":"https:\/\/agora.xtec.cat\/ies-rbiv-cambrils\/wp-json\/wp\/v2\/pages\/2979\/revisions"}],"predecessor-version":[{"id":2982,"href":"https:\/\/agora.xtec.cat\/ies-rbiv-cambrils\/wp-json\/wp\/v2\/pages\/2979\/revisions\/2982"}],"up":[{"embeddable":true,"href":"https:\/\/agora.xtec.cat\/ies-rbiv-cambrils\/wp-json\/wp\/v2\/pages\/1445"}],"wp:attachment":[{"href":"https:\/\/agora.xtec.cat\/ies-rbiv-cambrils\/wp-json\/wp\/v2\/media?parent=2979"}],"curies":[{"name":"wp","href":"https:\/\/api.w.org\/{rel}","templated":true}]}}