{"id":2842,"date":"2017-03-06T14:52:03","date_gmt":"2017-03-06T13:52:03","guid":{"rendered":"http:\/\/agora.xtec.cat\/ies-rbiv-cambrils\/?page_id=2842"},"modified":"2025-04-06T19:16:45","modified_gmt":"2025-04-06T17:16:45","slug":"orientacio-academica","status":"publish","type":"page","link":"https:\/\/agora.xtec.cat\/ies-rbiv-cambrils\/estudis\/batxillerat\/orientacio-academica\/","title":{"rendered":"Orientaci\u00f3 acad\u00e8mica"},"content":{"rendered":"<h2><span style=\"color: #ffaa00;\"><strong>1. INFORMACI\u00d3 SOBRE EL BATXILLERAT<\/strong><\/span><\/h2>\n<p><span style=\"color: #000000;\">El batxillerat prepara els alumnes per a la seva incorporaci\u00f3 a estudis posteriors, tant universitaris com professionals, aix\u00ed com per a l&#8217;acc\u00e9s al m\u00f3n laboral en unes millors condicions.<\/span><\/p>\n<p style=\"text-align: justify;\"><span style=\"color: #000000;\">El curr\u00edculum consta d&#8217;una part comuna (les mat\u00e8ries comunes) i una part diversificada (la mat\u00e8ria comuna d&#8217;opci\u00f3, les mat\u00e8ries de modalitat, les mat\u00e8ries espec\u00edfiques i el treball de recerca).<\/span><\/p>\n<p style=\"padding-left: 30px;\"><a href=\"http:\/\/queestudiar.gencat.cat\/ca\/estudis\/batxillerat\/\">Informaci\u00f3 general<\/a><\/p>\n<p style=\"padding-left: 30px;\"><span id=\"yui_3_17_2_1_1488820147924_179\" style=\"font-family: inherit; font-size: 1em; line-height: 1.6; text-align: justify;\"><span id=\"yui_3_17_2_1_1488820147924_178\" class=\"\"><i>Aqu\u00ed trobar\u00e0s informaci\u00f3 general sobre el batxillerat elaborada per la Generalitat de Catalunya.<\/i><\/span><\/span><\/p>\n<p>\u00a0\u00a0\u00a0\u00a0\u00a0 <strong>BEQUES I AJUTS<\/strong><\/p>\n<p style=\"padding-left: 30px; text-align: justify;\"><a href=\"http:\/\/web.gencat.cat\/ca\/tramits\/tramits-temes\/247-beques-ministerio-postobligatoris?category=\">Beques estatals de batxillerat<\/a><\/p>\n<p><strong>\u00a0\u00a0\u00a0\u00a0\u00a0\u00a0 Alumnat d\u2019estudis postobligat\u00f2ris (Batxillerat, Cicles Formatius i Graus Universitaris):<\/strong><\/p>\n<table>\n<tbody>\n<tr>\n<td><strong>Convocat\u00f2ria de beques de car\u00e0cter general:<\/strong><\/p>\n<ul>\n<li aria-level=\"1\">Tota la informaci\u00f3 accedint a: <a href=\"https:\/\/www.becaseducacion.gob.es\/portada.html\">https:\/\/www.becaseducacion.gob.es\/portada.html<\/a><\/li>\n<li aria-level=\"1\">Per sol\u00b7licitar la beca s\u2019ha d\u2019accedir al servei en l\u00ednia del\u00a0<i>Ministerio de Educaci\u00f3n, Cultura y\u00a0Deporte<\/i>\u00a0en el seg\u00fcent enlla\u00e7:\u00a0<a href=\"https:\/\/www.educacionyfp.gob.es\/servicios-al-ciudadano\/catalogo\/estudiantes\/becas-ayudas.html\">https:\/\/www.educacionyfp.gob.es\/servicios-al-ciudadano\/catalogo\/estudiantes\/becas-ayudas.html<\/a><\/li>\n<li aria-level=\"1\">No ha de presentar-se cap documentaci\u00f3 al centre, ni el justificant de presentaci\u00f3, ni cap altra documentaci\u00f3.<\/li>\n<\/ul>\n<p>&nbsp;<\/td>\n<\/tr>\n<tr>\n<td><strong>Espec\u00edfics Universitats:<\/strong><\/p>\n<p>Tots els ajuts i premis que ofereix la URV (grau, m\u00e0ster, investigacions\u2026)<\/p>\n<ul>\n<li aria-level=\"1\">Tota la informaci\u00f3 accedint a: <a href=\"https:\/\/www.urv.cat\/ca\/estudis\/graus\/informacio-economica\/beques\/\">https:\/\/www.urv.cat\/ca\/estudis\/graus\/informacio-economica\/beques\/<\/a><\/li>\n<li aria-level=\"1\">\u00a0Requisits i terminis espec\u00edfics<\/li>\n<\/ul>\n<p>Convocat\u00f2ria d\u2019ajuts Consell Social URV:<\/p>\n<ul>\n<li aria-level=\"1\">Tota la informaci\u00f3 accedint a: <a href=\"http:\/\/wwwa.urv.cat\/ogovern\/consellsocial\/ajuts.html\">http:\/\/wwwa.urv.cat\/ogovern\/consellsocial\/ajuts.html<\/a><\/li>\n<\/ul>\n<\/td>\n<\/tr>\n<\/tbody>\n<\/table>\n<p style=\"padding-left: 30px; text-align: justify;\"><i id=\"yui_3_17_2_1_1488820239997_223\"><span id=\"yui_3_17_2_1_1488820239997_222\" class=\"\">\u00a0<\/span><\/i><\/p>\n<p style=\"padding-left: 30px;\"><a href=\"http:\/\/xtec.gencat.cat\/ca\/curriculum\/batxillerat\/premiextra\/\">Premis extraordinaris de batxillerat<\/a><\/p>\n<p style=\"padding-left: 30px; text-align: justify;\"><i id=\"yui_3_17_2_1_1488820315699_197\"><span id=\"yui_3_17_2_1_1488820315699_196\" class=\"\">Aquests premis s\u00f3n un reconeixement oficial dels m\u00e8rits dels alumnes que demostren una preparaci\u00f3 d&#8217;excel\u00b7l\u00e8ncia en els seus estudis de batxill<\/span><\/i><em><span id=\"yui_3_17_2_1_1488820315699_196\" class=\"\">erat. La seva concessi\u00f3 consta a l&#8217;expedient acad\u00e8mic i proporciona l&#8217;exempci\u00f3 de les taxes universit\u00e0ries del primer curs, entre altres avantatges. Cal tenir una nota mitjana de batxillerat igual <\/span><\/em><i id=\"yui_3_17_2_1_1488820315699_197\"><span id=\"yui_3_17_2_1_1488820315699_196\" class=\"\">o superior a 8,75 i superar una prova externa que consta de dos exercicis.<\/span><\/i><\/p>\n<p style=\"padding-left: 30px; text-align: justify;\">\n<h2><span style=\"color: #ffaa00;\"><strong>2. I DESPR\u00c9S, QU\u00c8?<\/strong><\/span><\/h2>\n<p>Aqu\u00ed podr\u00e0s explorar les diferents possibilitats que hi ha una vegada obtinguis el t\u00edtol de batxillerat, i aix\u00ed poder escollir havent comparat totes les opcions d\u2019inter\u00e8s:<\/p>\n<ul>\n<li style=\"text-align: justify;\">la universitat (un cop superades les PAU),<\/li>\n<li style=\"text-align: justify;\">un cicle formatiu de grau superior de formaci\u00f3 professional espec\u00edfica, d&#8217;arts pl\u00e0stiques o disseny,<\/li>\n<li style=\"text-align: justify;\">un cicle formatiu de grau superior d\u2019ensenyaments esportius (si es tenen els requisits d\u2019acc\u00e9s),<\/li>\n<li style=\"text-align: justify;\">ensenyaments superiors art\u00edstics (un cop superada una prova espec\u00edfica d&#8217;acc\u00e9s),<\/li>\n<li style=\"text-align: justify;\">el m\u00f3n laboral.<\/li>\n<\/ul>\n<p style=\"text-align: justify;\">En els apartats restants (3-6) podr\u00e0s aprofundir en algunes d&#8217;aquestes possibilitats.<\/p>\n<p style=\"padding-left: 30px; text-align: justify;\"><a href=\"https:\/\/triaeducativa.gencat.cat\/ca\/graus-masters\/\">Sistema educatiu catal\u00e0<\/a><\/p>\n<p style=\"padding-left: 30px; text-align: justify;\"><i id=\"yui_3_17_2_1_1488820514735_175\"><span id=\"yui_3_17_2_1_1488820514735_174\" class=\"\">Mapa interactiu del sistema educatiu a Catalunya que ens indica totes les possibilitats acad\u00e8miques si estem en possessi\u00f3 del t\u00edtol de batxillerat.<\/span><\/i><\/p>\n<p style=\"padding-left: 30px;\"><a href=\"http:\/\/queestudiar.gencat.cat\/ca\/orientacio\/joves\/\">Orientaci\u00f3 general<\/a><\/p>\n<p style=\"padding-left: 30px; text-align: justify;\"><i id=\"yui_3_17_2_1_1488820514735_181\"><span id=\"yui_3_17_2_1_1488820514735_180\" class=\"\">Aquesta secci\u00f3 et permet fer un q\u00fcestionari d&#8217;autoconeixement que avaluar\u00e0 la teva personalitat, interessos i capacitats amb relaci\u00f3 als diferents entorns professionals. A continuaci\u00f3, podr\u00e0s con\u00e8ixer les vies acad\u00e8miques que tens al teu abast i trobar la que m\u00e9s s&#8217;adapta al teu objectiu professional. Cont\u00e9 totes les feines agrupades en els diferents entorns professionals, amb els possibles estudis que es relacionen.<br \/>\n<\/span><\/i><\/p>\n<p style=\"padding-left: 30px; text-align: justify;\"><a href=\"http:\/\/agora.xtec.cat\/ies-rbiv-cambrils\/wp-content\/uploads\/usu79\/2017\/03\/Tajudem-a-triar-estudi.pdf\">T&#8217;ajudem a triar estudi<\/a><\/p>\n<p style=\"padding-left: 30px; text-align: justify;\"><em>En aquest document trobar\u00e0s dotze aspectes que has de tenir en compte a l&#8217;hora d&#8217;escollir una titulacio\u0301. Pensa-hi!<\/em><\/p>\n<p style=\"padding-left: 30px;\"><a href=\"http:\/\/graus.unportal.net\/wb\/unportal\/ca\/cercador\/index.html\">IMPORTANT: Cercador d&#8217;estudis Unportal<\/a><\/p>\n<p style=\"padding-left: 30px; text-align: justify;\"><i id=\"yui_3_17_2_1_1488822321296_2051\"><span id=\"yui_3_17_2_1_1488822321296_2050\" class=\"\">Programa que ens ajuda a cercar tots els graus universitaris i cicles formatius de grau superior\u00a0 que s&#8217;oferten a Catalunya. Cont\u00e9 molta informaci\u00f3 interessant\u00a0(notes de tall, preus, horaris, assignatures o m\u00f2duls formatius, sortides laborals, \u00edndex d&#8217;ocupaci\u00f3, etc.)<i id=\"yui_3_17_2_1_1488822690599_2109\"><span id=\"yui_3_17_2_1_1488822690599_2108\">. Cal introduir usuari i contrasenya que et proporcionarem des del centre.<\/span><\/i> Tamb\u00e9 pots emprar altres cercadors gratu\u00efts com <\/span><\/i><a href=\"http:\/\/aplicacions.universitats.gencat.cat\/qpq\/AppJava\/real\/iniciar.do?idioma=ca\">Canal universitats<\/a>, <a href=\"http:\/\/www.educaweb.cat\/\">Educaweb<\/a>,\u00a0<a href=\"http:\/\/estudis.aqu.cat\/euc\/\">Estudis Universitaris de Catalunya<\/a>\u00a0o, si busques estudis universitaris a nivell estatal, <a href=\"http:\/\/www.u-ranking.es\/index2.php\">U-Ranking<\/a>.<\/p>\n<p style=\"padding-left: 30px; text-align: justify;\"><a href=\"http:\/\/universitats.gencat.cat\/ca\/altres_pagines\/simulador_notes\/\">Simulador de notes (acc\u00e9s universitat)<\/a><\/p>\n<p style=\"padding-left: 30px; text-align: justify;\"><em>L&#8217;acc\u00e9s als estudis universitaris est\u00e0 condicionat a una determinada nota de tall. Tens dubtes sobre si hi arribar\u00e0s? Amb aquest programa podr\u00e0s fer un simulaci\u00f3 per veure-ho.<\/em><\/p>\n<p style=\"padding-left: 30px; text-align: justify;\"><a href=\"https:\/\/docs.google.com\/forms\/d\/e\/1FAIpQLSfzhZoE7N9EVMqUUJHG7-gtC1TOI8WqB7XaOuSfnXHgsKgFew\/viewform?usp=sf_link\">Expectatives de futur (a emplenar pels alumnes de 2n BAT)<\/a><\/p>\n<p style=\"padding-left: 30px; text-align: justify;\"><em>Per tal de facilitar-vos l&#8217;orientaci\u00f3 acad\u00e8mica, aquest formulari t&#8217;ajudar\u00e0 a centrar les teves prefer\u00e8ncies.<\/em><\/p>\n<p style=\"padding-left: 30px; text-align: justify;\"><a href=\"http:\/\/www.ensenyament.com\/ca\/home\">Fira anual: Sal\u00f3 de l&#8217;Ensenyament (Barcelona)<\/a><\/p>\n<p style=\"padding-left: 30px; text-align: justify;\"><i id=\"yui_3_17_2_1_1488821036782_2113\"><span class=\"\">El <\/span><span id=\"yui_3_17_2_1_1488821036782_2131\" class=\"\">Sal\u00f3 de l&#8217;Ensenyament<\/span><span id=\"aui_3_2_0_1395\" class=\"\"> se celebra en el marc de la Setmana de la Formaci\u00f3 i el Treball de Fira de Barcelona<\/span><span id=\"yui_3_17_2_1_1488821036782_2112\" class=\"\">. En un mateix lloc tens a la teva disposici\u00f3 tots els estudis, centres educatius, sortides professionals per ajudar-te a resoldre els teus dubtes o decidir la teva professi\u00f3.<\/span><\/i><\/p>\n<p style=\"padding-left: 30px; text-align: justify;\"><a href=\"http:\/\/www.urv.cat\/ca\/estudis\/graus\/admissio\/orientacio\/portes-obertes\/\">Jornades de portes obertes URV<\/a><\/p>\n<p style=\"padding-left: 30px; text-align: justify;\"><em>Les Jornades de Portes Obertes s\u00f3n la millor manera de con\u00e8ixer com \u00e9s la Universitat Rovira i Virgili (Tarragona). Els propis responsables dels diversos ensenyaments expliquen les caracter\u00edstiques dels plans d&#8217;estudi, les activitats estudiantils i els serveis universitaris, i tamb\u00e9 aclareixen tots els possibles dubtes per ajudar a l&#8217;elecci\u00f3 acad\u00e8mica dels futurs estudiants.<\/em><\/p>\n<p>&nbsp;<\/p>\n<h2><span style=\"color: #ffaa00;\"><strong>3. PAU (PROVA D&#8217;ACC\u00c9S A LA UNIVERSITAT)<\/strong><\/span><\/h2>\n<p style=\"text-align: justify;\">Els alumnes de 2n BAT han de realitzar les PAU si volen accedir a la universitat, les qual tenen com a objectiu valorar la maduresa acad\u00e8mica, els coneixements i les compet\u00e8ncies adquirides en el batxillerat. Cal tenir en compte que la nota de la fase general t\u00e9 validesa indefinida, mentre que la de la fase espec\u00edfica com a m\u00e0xim els dos cursos seg\u00fcents.<\/p>\n<p>Tota la informaci\u00f3 sobre les PAU la trobareu a la p\u00e0gina espec\u00edfica: <a href=\"https:\/\/agora.xtec.cat\/ies-rbiv-cambrils\/estudis\/batxillerat\/pau-prova-dacces-a-la-universitat\/\" target=\"_blank\" rel=\"noopener\">PAU (Prova d&#8217;acc\u00e9s a la universitat)<\/a><\/p>\n<p>&nbsp;<\/p>\n<h2><span style=\"color: #ffaa00;\"><strong>4. ESTUDIS UNIVERSITARIS<\/strong><\/span><\/h2>\n<p style=\"padding-left: 30px; text-align: center;\"><a href=\"http:\/\/agora.xtec.cat\/ies-rbiv-cambrils\/wp-content\/uploads\/usu79\/2017\/03\/Universitats-catalanes.png\"><img loading=\"lazy\" decoding=\"async\" class=\"alignnone size-full wp-image-4963\" src=\"http:\/\/agora.xtec.cat\/ies-rbiv-cambrils\/wp-content\/uploads\/usu79\/2017\/03\/Universitats-catalanes.png\" alt=\"\" width=\"963\" height=\"190\" srcset=\"https:\/\/agora.xtec.cat\/ies-rbiv-cambrils\/wp-content\/uploads\/usu79\/2017\/03\/Universitats-catalanes.png 963w, https:\/\/agora.xtec.cat\/ies-rbiv-cambrils\/wp-content\/uploads\/usu79\/2017\/03\/Universitats-catalanes-300x59.png 300w, https:\/\/agora.xtec.cat\/ies-rbiv-cambrils\/wp-content\/uploads\/usu79\/2017\/03\/Universitats-catalanes-768x152.png 768w\" sizes=\"auto, (max-width: 963px) 100vw, 963px\" \/><\/a><\/p>\n<p style=\"text-align: justify;\">L&#8217;estructura actual dels estudis universitaris fixa tres cicles conduents\u00a0a l\u2019obtenci\u00f3 dels corresponents t\u00edtols universitaris oficials de: a) grau, b) m\u00e0ster universitari, i c) doctorat.<\/p>\n<p style=\"text-align: justify;\">Els estudis de grau s\u00f3n els primers que es realitzen en accedir a la universitat. La finalitat d&#8217;aquests \u00e9s l&#8217;obtenci\u00f3 d&#8217;una formaci\u00f3 de car\u00e0cter general, orientada a la preparaci\u00f3 per a l&#8217;exercici d&#8217;activitats professionals.<\/p>\n<p style=\"padding-left: 30px; text-align: justify;\"><a href=\"http:\/\/universitatsirecerca.gencat.cat\/ca\/inici\/index.html\">Informaci\u00f3 general<\/a><\/p>\n<p style=\"padding-left: 30px; text-align: justify;\"><i id=\"yui_3_17_2_1_1488822271346_580\"><span id=\"yui_3_17_2_1_1488822271346_579\">Aqu\u00ed trobar\u00e0s informaci\u00f3 general sobre els estudis universitaris elaborada per la <i id=\"yui_3_17_2_1_1488822271346_2033\"><span id=\"yui_3_17_2_1_1488822271346_2032\">Generalitat de Catalunya.<\/span><\/i><\/span><\/i><\/p>\n<p><img loading=\"lazy\" decoding=\"async\" class=\"alignnone size-full wp-image-8915\" src=\"https:\/\/agora.xtec.cat\/ies-rbiv-cambrils\/wp-content\/uploads\/usu79\/2019\/06\/BO.png\" alt=\"\" width=\"1002\" height=\"477\" srcset=\"https:\/\/agora.xtec.cat\/ies-rbiv-cambrils\/wp-content\/uploads\/usu79\/2019\/06\/BO.png 1002w, https:\/\/agora.xtec.cat\/ies-rbiv-cambrils\/wp-content\/uploads\/usu79\/2019\/06\/BO-300x143.png 300w, https:\/\/agora.xtec.cat\/ies-rbiv-cambrils\/wp-content\/uploads\/usu79\/2019\/06\/BO-768x366.png 768w\" sizes=\"auto, (max-width: 1002px) 100vw, 1002px\" \/><\/p>\n<p style=\"padding-left: 30px; text-align: justify;\"><a href=\"http:\/\/universitats.gencat.cat\/ca\/preinscripcio\/\">Informaci\u00f3 preinscripci\u00f3 universit\u00e0ria<\/a><\/p>\n<p style=\"padding-left: 30px; text-align: justify;\"><em>Una vegada hagis realitzat les PAU, cal fer una preinscripci\u00f3 per accedir als estudis universitaris. <span id=\"yui_3_17_2_1_1488822446494_2143\">Hi ha dos terminis diferents: un pels alumnes que aproven les PAU al juny i un altre pels que ho fan al setembre. Llegeix atentament la informaci\u00f3 d&#8217;aquest enlla\u00e7 abans de fer la preinscripci\u00f3.<\/span><\/em>\u00a0\u00a0\u00a0\u00a0\u00a0\u00a0 <a href=\"https:\/\/agora.xtec.cat\/ies-rbiv-cambrils\/wp-content\/uploads\/usu79\/2021\/07\/informacio_preinscripcio_universitaria_2021.pdf\">I<\/a><\/p>\n<p style=\"padding-left: 30px; text-align: justify;\"><a href=\"http:\/\/universitatsirecerca.gencat.cat\/ca\/03_ambits_dactuacio\/acces_i_admissio_a_la_universitat\/preinscripcio_per_a_les_universitats_publiques_i_universitat_de_vic\">IMPORTANT: Portal Accesnet (preinscripci\u00f3 universit\u00e0ria)<\/a><\/p>\n<p style=\"padding-left: 30px; text-align: justify;\"><i id=\"yui_3_17_2_1_1488822446494_2144\"><span id=\"yui_3_17_2_1_1488822446494_2143\">En aquest aplicatiu haur\u00e0s de realitzar la preinscripci\u00f3 per accedir a les universitats p\u00fabliques catalanes i a la Universitat de Vic-Universitat Central de Catalunya.<\/span><\/i><\/p>\n<p style=\"padding-left: 30px;\"><a href=\"http:\/\/www.matriculauniversitaria.cat\/\">Informaci\u00f3 matr\u00edcula universit\u00e0ria<\/a><\/p>\n<p style=\"padding-left: 30px; text-align: justify;\"><i id=\"yui_3_17_2_1_1488822503241_2065\"><span id=\"yui_3_17_2_1_1488822503241_2064\" class=\"\">Portal d&#8217;orientaci\u00f3 sobre el proc\u00e9s de matriculaci\u00f3 i de sol\u00b7licitud de beques i altres tipus d\u2019ajuts al pagament dels estudis universitaris. Recorda que la matr\u00edcula universit\u00e0ria \u00e9s presencial.<\/span><\/i><\/p>\n<p style=\"padding-left: 30px; text-align: justify;\"><a href=\"http:\/\/universitats.gencat.cat\/ca\/beques_preus\/calcula_preu\/\">Calcula el preu de la matr\u00edcula<\/a><\/p>\n<p style=\"padding-left: 30px; text-align: justify;\"><em>Aquesta aplicaci\u00f3 t&#8217;ofereix una primera aproximaci\u00f3 al cost de la teva matr\u00edcula tot tenint en compte el centre i el grau de la teva prefer\u00e8ncia, els cr\u00e8dits que vols cursar i si gaudeixes de bonificacions per circumst\u00e0mcies familiars o personals.<\/em><\/p>\n<p style=\"padding-left: 30px; text-align: justify;\"><a href=\"http:\/\/agaur.gencat.cat\/ca\/inici\/\">IMPORTANT: Beques i ajuts per a estudiants universitaris<\/a><\/p>\n<p>\u00a0\u00a0\u00a0\u00a0\u00a0\u00a0 Alumnat d\u2019estudis postobligat\u00f2ris (Batxillerat, Cicles Formatius i Graus Universitaris)<\/p>\n<p style=\"padding-left: 30px; text-align: justify;\"><a href=\"http:\/\/wwwa.urv.net\/ogovern\/consellsocial\/index.html\">Ajuts URV<\/a><\/p>\n<p style=\"padding-left: 30px; text-align: justify;\"><i id=\"yui_3_17_2_1_1488822586025_615\"><span id=\"yui_3_17_2_1_1488822586025_614\" class=\"\">Ajuts i premis convocats pel Consell Social de la URV (nom\u00e9s per a estudis cursats en aquesta universitat).<\/span><\/i><\/p>\n<p>&nbsp;<\/p>\n<h2><span style=\"color: #ffaa00;\"><strong>5. CICLES DE GRAU SUPERIOR<\/strong><\/span><\/h2>\n<p style=\"text-align: justify;\"><span style=\"font-family: inherit; font-size: 1em; line-height: 1.6;\">El t\u00edtol de batxillerat et permet l&#8217;acc\u00e9s directe a qualsevol dels cicles formatius de grau superior, amb els quals obtindries el t\u00edtol de t\u00e8cnic superior.<\/span><\/p>\n<p style=\"text-align: justify;\">La\u00a0formaci\u00f3 professional\u00a0capacita per a l&#8217;exercici qualificat de diverses professions i proporciona la formaci\u00f3 necess\u00e0ria per adquirir la compet\u00e8ncia professional i el coneixement propis de cada sector.<\/p>\n<p style=\"padding-left: 30px;\"><a href=\"http:\/\/queestudiar.gencat.cat\/ca\/estudis\/fp\/cicles\/gs\/index.html\">Informaci\u00f3 general<\/a><\/p>\n<p style=\"padding-left: 30px; text-align: justify;\"><i id=\"yui_3_17_2_1_1488822625661_2047\"><span id=\"yui_3_17_2_1_1488822625661_2046\">Aqu\u00ed trobar\u00e0s informaci\u00f3 general sobre els cicles de grau superior elaborada per la <i id=\"yui_3_17_2_1_1488822625661_2108\"><span id=\"yui_3_17_2_1_1488822625661_2107\">Generalitat de Catalunya.<\/span><\/i><\/span><\/i><\/p>\n<p style=\"padding-left: 30px; text-align: justify;\"><a href=\"http:\/\/ensenyament.gencat.cat\/ca\/serveis-tramits\/proves\/proves-acces\/gs-fp\/\">Prova d&#8217;acc\u00e9s sense t\u00edtol de batxillerat<\/a><\/p>\n<p style=\"padding-left: 30px; text-align: justify;\"><em>Si no has assolit el t\u00edtol de batxillerat, pots accedir tamb\u00e9 a un cicle de grau superior mitjan\u00e7ant la realitzaci\u00f3 d&#8217;una prova d&#8217;acc\u00e9s si compleixes el requisit seg\u00fcent: tenir complerts 19 anys o b\u00e9 complir-los durant l&#8217;any natural en qu\u00e8 es realitza la prova. La inscripci\u00f3 sol ser al voltant del mes de mar\u00e7.<br \/>\n<\/em><\/p>\n<p style=\"padding-left: 30px; text-align: justify;\"><a href=\"http:\/\/queestudiar.gencat.cat\/ca\/preinscripcio\/estudis\/fp-gs\/index.html\">IMPORTANT: Informaci\u00f3 preinscripci\u00f3 cicles de grau superior<\/a><\/p>\n<p style=\"padding-left: 30px; text-align: justify;\"><em>Per accedir a un cicle formatiu de grau superior, cal realitzar una preinscripci\u00f3. El termini \u00e9s el mateix tant pels alumnes que obtenen el t\u00edtol de batxillerat a la final ordin\u00e0ria com pels que ho fan en la extraordin\u00e0ria.<\/em><\/p>\n<h2><\/h2>\n<h2><span style=\"color: #ffaa00;\"><strong>6. ACC\u00c9S AL M\u00d3N LABORAL<\/strong><\/span><\/h2>\n<p style=\"text-align: justify;\">Tant si ja has finalitzat els teus estudis com si encara no ho has fet, aqu\u00ed trobar\u00e0s recursos que et poden ajudar per orientar-te en el m\u00f3n laboral, cercar una feina i millorar el teu curr\u00edculum.<\/p>\n<p style=\"padding-left: 30px; text-align: justify;\"><a href=\"http:\/\/serveiocupacio.gencat.cat\/ca\/inici\">Servei d&#8217;Ocupaci\u00f3 de Catalunya (SOC)<\/a><\/p>\n<p style=\"padding-left: 30px; text-align: justify;\"><em>El SOC \u00e9s l&#8217;organisme que gestiona i integra el conjunt de programes i serveis ocupacionals per mantenir i fomentar l&#8217;ocupaci\u00f3 estable i de qualitat a Catalunya.<\/em><\/p>\n<p style=\"padding-left: 30px; text-align: justify;\"><a href=\"https:\/\/feinaactiva.gencat.cat\/web\/guest\/home\">Cercador d&#8217;ofertes de treball Feina Activa<\/a><\/p>\n<p style=\"padding-left: 30px; text-align: justify;\"><i id=\"yui_3_17_2_1_1488822994704_2044\"><span id=\"yui_3_17_2_1_1488822994704_2043\" class=\"\">Portal gratu\u00eft per promoure la inserci\u00f3 laboral (<i id=\"yui_3_17_2_1_1488822994704_2042\"><span id=\"yui_3_17_2_1_1488822994704_2041\">dependent <i id=\"yui_3_17_2_1_1488822994704_2040\"><span id=\"yui_3_17_2_1_1488822994704_2039\">del SOC)<\/span><\/i>.<\/span><\/i><\/span><\/i><\/p>\n<p style=\"padding-left: 30px; text-align: justify;\"><a href=\"http:\/\/garantiajuvenil.gencat.cat\/ca\/apunta-thi\/\">Programa Garantia Juvenil<\/a><\/p>\n<p style=\"padding-left: 30px; text-align: justify;\"><em>Iniciativa europea d&#8217;ocupaci\u00f3 per reduir l&#8217;atur juvenil. Si compleixes els requisits, apunta-t&#8217;hi i en un termini de quatre mesos la Generalitat t&#8217;oferir\u00e0 una oferta de treball, unes pr\u00e0ctiques en una empresa o la formaci\u00f3 necess\u00e0ria per a accedir al mercat laboral.<\/em><\/p>\n<p style=\"padding-left: 30px; text-align: justify;\"><a href=\"http:\/\/www.cambrils.cat\/ocupacio\">Cambrils Ocupaci\u00f3<\/a><\/p>\n<p style=\"padding-left: 30px; text-align: justify;\"><em>Conjunt de programes i mesures d\u2019orientaci\u00f3, ocupaci\u00f3 i formaci\u00f3 que ofereix l&#8217;Ajuntament de Cambrils. Inclou una borsa de treball municipal i informaci\u00f3 sobre el Servei d&#8217;orientaci\u00f3 educatiu i professional (SOEP).<\/em><\/p>\n<p style=\"padding-left: 30px; text-align: justify;\"><a href=\"http:\/\/agora.xtec.cat\/ies-rbiv-cambrils\/serveis\/borsa-de-treball\/\">Borsa de treball INS Ramon Berenguer IV<\/a><\/p>\n<p style=\"padding-left: 30px; text-align: justify;\"><em>El nostre centre ofereix als alumnes un servei de borsa de treball per posar-vos en contacte amb empreses que puguin estar interessades.<br \/>\n<\/em><\/p>\n<p style=\"padding-left: 30px; text-align: justify;\"><a href=\"http:\/\/moncat.gencat.cat\/ca\/\">Portal M\u00f3nCat<\/a><\/p>\n<p style=\"padding-left: 30px; text-align: justify;\"><i id=\"yui_3_17_2_1_1488823288939_2043\"><span id=\"yui_3_17_2_1_1488823288939_2042\" class=\"\">Si est\u00e0s interessat en treballar a l&#8217;estranger, aquesta p\u00e0gina web cont\u00e9 informaci\u00f3 que et pot resultar molt \u00fatil.<\/span><\/i><\/p>\n<p style=\"padding-left: 30px; text-align: justify;\"><a href=\"https:\/\/www.oficinadetreball.gencat.cat\/CVGenerator\/CVG?CNMACTION=cvinit&amp;LANGUAGE=CA&amp;TYPE=NORMAL\">Elaboraci\u00f3 del curr\u00edculum<\/a><\/p>\n<p style=\"padding-left: 30px; text-align: justify;\"><i id=\"yui_3_17_2_1_1488823324629_2035\"><span id=\"yui_3_17_2_1_1488823324629_2034\" class=\"\">Aquest \u00e9s un sistema d&#8217;ajuda per redactar el teu propi curr\u00edculum. Quan finalitzis tot el proc\u00e9s podr\u00e0s modificar i editar els resultats amb el teu editor de textos. Pots optar per fer-ho amb el model Europass, si busques feina fora del territori estatal.<\/span><\/i><\/p>\n<p style=\"padding-left: 30px; text-align: justify;\"><a href=\"http:\/\/www.carnetjove.cat\/connectat\/\">Beques Connecta&#8217;t (pr\u00e0ctiques laborals)<\/a><\/p>\n<p style=\"padding-left: 30px; text-align: justify;\">Et permeten realitzar una estada formativa remunerada durant un any en importants empreses de dotze sectors: realitzaci\u00f3, disseny, fotografia, c\u00f2mic, r\u00e0dio, lletres, muntatge musical, vestuari, caracteritzaci\u00f3, ambientaci\u00f3, acci\u00f3 social i esport.<\/p>\n","protected":false},"excerpt":{"rendered":"<p>1. INFORMACI\u00d3 SOBRE EL BATXILLERAT<br \/>\nEl batxillerat prepara els alumnes per a la seva incorporaci\u00f3 a estudis posteriors, tant universitaris com professionals, aix\u00ed com per a l&#8217;acc\u00e9s al m\u00f3n laboral en unes millors condicions.<br \/>\nEl curr\u00edculum consta d&#8217;una part comuna (les mat\u00e8ries comunes) i una part diversificada&hellip;  <a href=\"https:\/\/agora.xtec.cat\/ies-rbiv-cambrils\/estudis\/batxillerat\/orientacio-academica\/\" title=\"Read Orientaci\u00f3 acad\u00e8mica\">Llegeix m\u00e9s\u00bb<\/a><\/p>\n","protected":false},"author":234,"featured_media":0,"parent":970,"menu_order":40,"comment_status":"closed","ping_status":"closed","template":"page-templates\/side-menu.php","meta":{"_bbp_topic_count":0,"_bbp_reply_count":0,"_bbp_total_topic_count":0,"_bbp_total_reply_count":0,"_bbp_voice_count":0,"_bbp_anonymous_reply_count":0,"_bbp_topic_count_hidden":0,"_bbp_reply_count_hidden":0,"_bbp_forum_subforum_count":0,"footnotes":""},"class_list":["post-2842","page","type-page","status-publish","hentry"],"post_mailing_queue_ids":[],"_links":{"self":[{"href":"https:\/\/agora.xtec.cat\/ies-rbiv-cambrils\/wp-json\/wp\/v2\/pages\/2842","targetHints":{"allow":["GET"]}}],"collection":[{"href":"https:\/\/agora.xtec.cat\/ies-rbiv-cambrils\/wp-json\/wp\/v2\/pages"}],"about":[{"href":"https:\/\/agora.xtec.cat\/ies-rbiv-cambrils\/wp-json\/wp\/v2\/types\/page"}],"author":[{"embeddable":true,"href":"https:\/\/agora.xtec.cat\/ies-rbiv-cambrils\/wp-json\/wp\/v2\/users\/234"}],"replies":[{"embeddable":true,"href":"https:\/\/agora.xtec.cat\/ies-rbiv-cambrils\/wp-json\/wp\/v2\/comments?post=2842"}],"version-history":[{"count":9,"href":"https:\/\/agora.xtec.cat\/ies-rbiv-cambrils\/wp-json\/wp\/v2\/pages\/2842\/revisions"}],"predecessor-version":[{"id":15679,"href":"https:\/\/agora.xtec.cat\/ies-rbiv-cambrils\/wp-json\/wp\/v2\/pages\/2842\/revisions\/15679"}],"up":[{"embeddable":true,"href":"https:\/\/agora.xtec.cat\/ies-rbiv-cambrils\/wp-json\/wp\/v2\/pages\/970"}],"wp:attachment":[{"href":"https:\/\/agora.xtec.cat\/ies-rbiv-cambrils\/wp-json\/wp\/v2\/media?parent=2842"}],"curies":[{"name":"wp","href":"https:\/\/api.w.org\/{rel}","templated":true}]}}