{"id":2405,"date":"2017-01-23T11:47:10","date_gmt":"2017-01-23T10:47:10","guid":{"rendered":"http:\/\/agora.xtec.cat\/ies-rbiv-cambrils\/?page_id=2405"},"modified":"2021-02-22T18:13:48","modified_gmt":"2021-02-22T17:13:48","slug":"competencies-basiques-4t-eso","status":"publish","type":"page","link":"https:\/\/agora.xtec.cat\/ies-rbiv-cambrils\/estudis\/eso\/projecterecerca\/competencies-basiques-4t-eso\/","title":{"rendered":"Proves d&#8217;avaluaci\u00f3 diagn\u00f2stica de 4t ESO"},"content":{"rendered":"<p style=\"text-align: justify;\">El Departament d&#8217;Ensenyament organitza cada curs les proves d&#8217;avaluaci\u00f3 diagn\u00f2stica als alumnes de 4t d&#8217;ESO. Aquests ex\u00e0mens avaluen les compet\u00e8ncies i els coneixements b\u00e0sics que ha d&#8217;haver adquirit l&#8217;alumnat al final de l&#8217;educaci\u00f3 secund\u00e0ria obligat\u00f2ria\u00a0en compet\u00e8ncia comunicativa ling\u00fc\u00edstica (en llengua catalana, castellana i estrangera), en compet\u00e8ncia matem\u00e0tica i en compet\u00e8ncia cientificotecnol\u00f2gica. En compet\u00e8ncia comunicativa ling\u00fc\u00edstica en llengua estrangera s&#8217;avalua l&#8217;angl\u00e8s, el franc\u00e8s.<\/p>\n<p style=\"text-align: justify;\">\u00c9s una avaluaci\u00f3 externa de car\u00e0cter informatiu, formatiu i orientador. \u00c9s una activitat educativa i, com a tal, t\u00e9 car\u00e0cter obligat\u00f2ria, at\u00e8s que est\u00e0 configurada com un dret i un deure dels alumnes.<\/p>\n<p>Aqu\u00ed teniu <a href=\"http:\/\/csda.gencat.cat\/web\/.content\/home\/consell_superior_d_avalua\/pdf_i_altres\/prova_avaluacio_eso_2017\/info-alumnes-4S-2017.pdf\" target=\"_blank\" rel=\"noopener noreferrer\">la informaci\u00f3 per a l&#8217;estudiant<\/a> d&#8217;aquest curs 2016\/17.<\/p>\n<p>Si voleu, podeu accedir a <a href=\"http:\/\/csda.gencat.cat\/web\/.content\/home\/consell_superior_d_avalua\/pdf_i_altres\/prova_avaluacio_eso_2017\/INFO-families-4S-2017.pdf\" target=\"_blank\" rel=\"noopener noreferrer\">la informaci\u00f3 per a les fam\u00edlies<\/a> d&#8217;aquest curs.<\/p>\n<p>Aqu\u00ed podeu trobar mostres de les proves que al llarg del cursos s&#8217;han fet.<\/p>\n<ul>\n<li><a href=\"https:\/\/drive.google.com\/drive\/folders\/0B52QDH_s3yDfempZZ29sNmh6RzQ?usp=sharing\" target=\"_blank\" rel=\"noopener noreferrer\">Proves de matem\u00e0tiques<\/a><\/li>\n<li><a href=\"https:\/\/drive.google.com\/drive\/folders\/0B52QDH_s3yDfa2pJSU1rYnlUUkU?usp=sharing\" target=\"_blank\" rel=\"noopener noreferrer\">Proves de llengua catalana<\/a><\/li>\n<li><a href=\"https:\/\/drive.google.com\/drive\/folders\/0B52QDH_s3yDfUmxTRHRtdU90bUE?usp=sharing\" target=\"_blank\" rel=\"noopener noreferrer\">Proves de llengua castellana<\/a><\/li>\n<li><a href=\"https:\/\/drive.google.com\/drive\/folders\/0B52QDH_s3yDfSmlEUFIzQVg5V3M?usp=sharing\" target=\"_blank\" rel=\"noopener noreferrer\">Proves de llengua anglesa<\/a><\/li>\n<li><a href=\"https:\/\/drive.google.com\/drive\/folders\/0B52QDH_s3yDfbDQ0TXFtamJlWFk?usp=sharing\" target=\"_blank\" rel=\"noopener noreferrer\">Proves de llengua francesa<\/a><\/li>\n<li><a href=\"https:\/\/drive.google.com\/drive\/folders\/0B52QDH_s3yDfeTNQd2FjYWZSZTQ?usp=sharing\">Proves d&#8217;\u00e0mbit cientificotecnol\u00f2gic<\/a><\/li>\n<\/ul>\n<p>&nbsp;<\/p>\n<h3><\/h3>\n","protected":false},"excerpt":{"rendered":"<p>El Departament d&#8217;Ensenyament organitza cada curs les proves d&#8217;avaluaci\u00f3 diagn\u00f2stica als alumnes de 4t d&#8217;ESO. Aquests ex\u00e0mens avaluen les compet\u00e8ncies i els coneixements b\u00e0sics que ha d&#8217;haver adquirit l&#8217;alumnat al final de l&#8217;educaci\u00f3 secund\u00e0ria obligat\u00f2ria\u00a0en compet\u00e8ncia comunicativa ling\u00fc\u00edstica (en llengua catalana, castellana i estrangera), en&hellip;  <a href=\"https:\/\/agora.xtec.cat\/ies-rbiv-cambrils\/estudis\/eso\/projecterecerca\/competencies-basiques-4t-eso\/\" title=\"Read Proves d&#8217;avaluaci\u00f3 diagn\u00f2stica de 4t ESO\">Llegeix m\u00e9s\u00bb<\/a><\/p>\n","protected":false},"author":5,"featured_media":0,"parent":4043,"menu_order":7,"comment_status":"closed","ping_status":"closed","template":"page-templates\/side-menu.php","meta":{"_bbp_topic_count":0,"_bbp_reply_count":0,"_bbp_total_topic_count":0,"_bbp_total_reply_count":0,"_bbp_voice_count":0,"_bbp_anonymous_reply_count":0,"_bbp_topic_count_hidden":0,"_bbp_reply_count_hidden":0,"_bbp_forum_subforum_count":0,"footnotes":""},"class_list":["post-2405","page","type-page","status-publish","hentry"],"post_mailing_queue_ids":[],"_links":{"self":[{"href":"https:\/\/agora.xtec.cat\/ies-rbiv-cambrils\/wp-json\/wp\/v2\/pages\/2405","targetHints":{"allow":["GET"]}}],"collection":[{"href":"https:\/\/agora.xtec.cat\/ies-rbiv-cambrils\/wp-json\/wp\/v2\/pages"}],"about":[{"href":"https:\/\/agora.xtec.cat\/ies-rbiv-cambrils\/wp-json\/wp\/v2\/types\/page"}],"author":[{"embeddable":true,"href":"https:\/\/agora.xtec.cat\/ies-rbiv-cambrils\/wp-json\/wp\/v2\/users\/5"}],"replies":[{"embeddable":true,"href":"https:\/\/agora.xtec.cat\/ies-rbiv-cambrils\/wp-json\/wp\/v2\/comments?post=2405"}],"version-history":[{"count":4,"href":"https:\/\/agora.xtec.cat\/ies-rbiv-cambrils\/wp-json\/wp\/v2\/pages\/2405\/revisions"}],"predecessor-version":[{"id":11024,"href":"https:\/\/agora.xtec.cat\/ies-rbiv-cambrils\/wp-json\/wp\/v2\/pages\/2405\/revisions\/11024"}],"up":[{"embeddable":true,"href":"https:\/\/agora.xtec.cat\/ies-rbiv-cambrils\/wp-json\/wp\/v2\/pages\/4043"}],"wp:attachment":[{"href":"https:\/\/agora.xtec.cat\/ies-rbiv-cambrils\/wp-json\/wp\/v2\/media?parent=2405"}],"curies":[{"name":"wp","href":"https:\/\/api.w.org\/{rel}","templated":true}]}}