{"id":18417,"date":"2026-03-27T08:49:18","date_gmt":"2026-03-27T07:49:18","guid":{"rendered":"https:\/\/agora.xtec.cat\/ies-rbiv-cambrils\/?page_id=18417"},"modified":"2026-04-08T09:23:52","modified_gmt":"2026-04-08T07:23:52","slug":"preinscripcio-bat","status":"publish","type":"page","link":"https:\/\/agora.xtec.cat\/ies-rbiv-cambrils\/secretaria\/preinscripcio-i-matricula\/preinscripcio-bat\/","title":{"rendered":"Preinscripci\u00f3 i matr\u00edcula Batxillerat"},"content":{"rendered":"<h2>Preinscripci\u00f3<\/h2>\n<p><strong>Modalitats<\/strong>: Ci\u00e8ncies i tecnologia; Humanitats i ci\u00e8ncies socials.<\/p>\n<p>Han de <strong>presentar la sol\u00b7licitud de preinscripci\u00f3<\/strong> les persones que volen accedir al batxillerat de qualsevol modalitat en un centre diferent del que s&#8217;est\u00e0 cursant l&#8217;ESO, i les persones que cursen o han cursat un cicle formatiu. L&#8217;ordre de presentaci\u00f3 de sol\u00b7licituds no afecta el procediment d&#8217;assignaci\u00f3 de places.<\/p>\n<p><sub><em>Darrera actualitzaci\u00f3: 8-abril-2026<\/em><\/sub><\/p>\n<h3>Calendari<\/h3>\n<table style=\"width: 94%;\">\n<tbody>\n<tr>\n<td style=\"text-align: left; width: 75%;\"><strong>Fases de la preinscripci\u00f3<\/strong><\/td>\n<td style=\"text-align: center; width: 23%;\"><strong>Dates any 2026<\/strong><\/td>\n<\/tr>\n<tr>\n<td width=\"76%\">Publicaci\u00f3 de l&#8217;<a href=\"https:\/\/drive.google.com\/file\/d\/1FQwJFwyCjWz9Hz7f3vlTruXUpMwZmC5T\/view?usp=drive_link\" target=\"_blank\" rel=\"noopener\">oferta inicial de places<\/a><\/td>\n<td width=\"23%\">8 d&#8217;abril<\/td>\n<\/tr>\n<tr>\n<td width=\"76%\"><strong>Presentaci\u00f3 i\/o modificaci\u00f3 de sol\u00b7licituds (format electr\u00f2nic o suport inform\u00e0tic)<\/strong><\/p>\n<hr width=\"10%\" \/>\n<p><em>Si cal adjuntar documentaci\u00f3 escanejada o fotografiada a la Preinscripci\u00f3, recordeu fer-ho de totes les cares del document i, sempre que pugueu, en format PDF.<br \/>\n* Tutorial en v\u00eddeo de com digitalitzar la documentaci\u00f3 necess\u00e0ria: <a href=\"https:\/\/youtu.be\/M4FpasB2R0U?si=uWdwGOld82G81HcQ\" target=\"_blank\" rel=\"noopener\">https:\/\/youtu.be\/M4FpasB2R0U?si=uWdwGOld82G81HcQ<\/a><\/em><\/td>\n<td width=\"23%\"><strong>del 9 al 16 d&#8217;abril<\/strong><\/td>\n<\/tr>\n<tr>\n<td width=\"76%\">Presentaci\u00f3 de documentaci\u00f3<\/td>\n<td width=\"23%\">fins el 17 d&#8217;abril<\/td>\n<\/tr>\n<tr>\n<td width=\"76%\"><strong>Publicaci\u00f3 de la llista de sol\u00b7licituds amb la puntuaci\u00f3 provisional<\/strong><\/td>\n<td width=\"23%\"><strong>14 de maig<\/strong><\/td>\n<\/tr>\n<tr>\n<td width=\"76%\">Presentaci\u00f3 de reclamacions al barem provisional.<\/td>\n<td width=\"23%\">del 14 al 20 de maig<\/td>\n<\/tr>\n<tr>\n<td width=\"76%\"><strong>Publicaci\u00f3 de la llista de sol\u00b7licituds amb la puntuaci\u00f3, un cop resoltes les reclamacions.<\/strong><\/td>\n<td width=\"23%\"><strong>26 de maig<\/strong><\/td>\n<\/tr>\n<tr>\n<td width=\"76%\"><strong>Publicaci\u00f3 de la llista ordenada<\/strong><\/td>\n<td width=\"23%\"><strong>29 de maig<\/strong><\/td>\n<\/tr>\n<tr>\n<td width=\"76%\">Publicaci\u00f3 de l&#8217;oferta final de places<\/td>\n<td width=\"23%\">17 de juny<\/td>\n<\/tr>\n<tr>\n<td width=\"76%\">Publicaci\u00f3 de la llista d&#8217;admesos i la llista d&#8217;espera<\/p>\n<ul>\n<li>Alumnes preinscrits al centre<\/li>\n<li>Alumnes assignats al centre, s&#8217;hauran de <a href=\"#MAT_BAT\">matricular seguint el calendari<\/a><\/li>\n<li>Sol\u00b7licituds en llista d&#8217;espera<\/li>\n<\/ul>\n<\/td>\n<td width=\"23%\">17 de juny<\/td>\n<\/tr>\n<tr>\n<td width=\"76%\">Per\u00edode per interposar reclamacions a les llistes d&#8217;alumnes amb pla\u00e7a assignada<\/td>\n<td width=\"23%\">del 18 al 22 de juny<\/td>\n<\/tr>\n<\/tbody>\n<\/table>\n<hr width=\"10%\" \/>\n<h2><a id=\"MAT_BAT\"><\/a>Matr\u00edcula<\/h2>\n<h3><strong>Calendari<\/strong><\/h3>\n<table width=\"94%\">\n<tbody>\n<tr>\n<td style=\"text-align: left; width: 75%;\"><strong>Fases de la matr\u00edcula<\/strong><\/td>\n<td style=\"text-align: center; width: 23%;\"><strong>Dates any 2026<\/strong><\/td>\n<\/tr>\n<tr>\n<td width=\"75%\">Matriculaci\u00f3 d&#8217;alumnes amb pla\u00e7a assignada<\/td>\n<td width=\"\">del 18 al 30 de juny<\/td>\n<\/tr>\n<tr>\n<td width=\"75%\">Vig\u00e8ncia de la llista d&#8217;espera de Batxillerat<\/td>\n<td width=\"23%\">de l&#8217;1 al 10 de juliol<\/td>\n<\/tr>\n<\/tbody>\n<\/table>\n<p>Ara cal completar el proc\u00e9s seguint rigorosament el calendari i les instruccions per\u00a0la matriculaci\u00f3.<\/p>\n<p><strong> Molt important:<\/strong> si la matr\u00edcula no es fa en el per\u00edode establert, es considera que es renuncia a la pla\u00e7a adjudicada, llevat que sigui per causes justificades.<\/p>\n<h4>Qu\u00e8 necessito per fer la matr\u00edcula?<\/h4>\n<p><strong>La matr\u00edcula<\/strong> \u00e9s presencial i no cal cita pr\u00e8via. Les fam\u00edlies dels alumnes amb pla\u00e7a assignada rebreu un correu electr\u00f2nic amb tota la informaci\u00f3.<br \/>\nEn primer lloc haureu de descarregar-vos l\u2019aplicaci\u00f3 o accedir a la web de TPVescola (<a href=\"https:\/\/tpvescola.com\/\" target=\"_blank\" rel=\"noopener\">https:\/\/tpvescola.com\/<\/a>), on haureu d\u2019emplenar i signar els documents que hi trobareu, i realitzar el pagament de la matr\u00edcula i els serveis complementaris. <strong>Les claus d\u2019acc\u00e9s a l&#8217;aplicaci\u00f3 les rebreu per correu electr\u00f2nic.<\/strong><\/p>\n<p>Un cop realitzat aquest tr\u00e0mit, cal <strong>passar pel centre<\/strong>, i portar la documentaci\u00f3 (original, no c\u00f2pia):<br \/>\n&#8211; DNI\/NIE\/Passaport\/document d&#8217;identitat d&#8217;un pa\u00eds membre de la Uni\u00f3 Europea de l\u2019alumne\/alumna.<br \/>\n&#8211; Tarjeta Sanit\u00e0ria Individual.<\/p>\n<p>Si l&#8217;alumne o alumna \u00e9s menor d&#8217;edat,<br \/>\n&#8211; DNI\/NIE\/Passaport\/document d&#8217;identitat d&#8217;un pa\u00eds membre de la Uni\u00f3 Europea del pare\/mare o tutor legal.<br \/>\n&#8211; Llibre de fam\u00edlia o documentaci\u00f3 alternativa (els fulls del titulars i de l\u2019alumne\/alumna).<\/p>\n<blockquote><p>En el cas de matricular-se per repetir curs o canviar de centre us demanarem el butllet\u00ed de notes finals per tenir informaci\u00f3 sobre la situaci\u00f3 acad\u00e8mica de l&#8217;alumne\/alumna.<\/p><\/blockquote>\n<p>Per a qualsevol dubte poden contactar amb Secretaria a l\u2019adre\u00e7a electr\u00f2nica <a href=\"mailto:secretaria@rbiv.cat\" target=\"_blank\" rel=\"noopener\">secretaria@rbiv.cat<\/a>, o b\u00e9 al tel\u00e8fon 977 361 496, de dilluns a divendres en horari de 09:00 a 14:00 hores.<\/p>\n<p style=\"text-align: right;\"><a href=\"https:\/\/agora.xtec.cat\/ies-rbiv-cambrils\/secretaria\/preinscripcio-i-matricula\/\"><span style=\"color: #ff0000;\"> &lt;- Tornar<\/span><\/a><\/p>\n","protected":false},"excerpt":{"rendered":"<p>Preinscripci\u00f3<br \/>\nModalitats: Ci\u00e8ncies i tecnologia; Humanitats i ci\u00e8ncies socials.<br \/>\nHan de presentar la sol\u00b7licitud de preinscripci\u00f3 les persones que volen accedir al batxillerat de qualsevol modalitat en un centre diferent del que s&#8217;est\u00e0 cursant l&#8217;ESO, i les persones que cursen o han cursat un cicle formatiu. L&#8217;ordre&hellip;  <a href=\"https:\/\/agora.xtec.cat\/ies-rbiv-cambrils\/secretaria\/preinscripcio-i-matricula\/preinscripcio-bat\/\" title=\"Read Preinscripci\u00f3 i matr\u00edcula Batxillerat\">Llegeix m\u00e9s\u00bb<\/a><\/p>\n","protected":false},"author":7,"featured_media":0,"parent":7764,"menu_order":0,"comment_status":"closed","ping_status":"closed","template":"","meta":{"_bbp_topic_count":0,"_bbp_reply_count":0,"_bbp_total_topic_count":0,"_bbp_total_reply_count":0,"_bbp_voice_count":0,"_bbp_anonymous_reply_count":0,"_bbp_topic_count_hidden":0,"_bbp_reply_count_hidden":0,"_bbp_forum_subforum_count":0,"footnotes":""},"class_list":["post-18417","page","type-page","status-publish","hentry"],"post_mailing_queue_ids":[],"_links":{"self":[{"href":"https:\/\/agora.xtec.cat\/ies-rbiv-cambrils\/wp-json\/wp\/v2\/pages\/18417","targetHints":{"allow":["GET"]}}],"collection":[{"href":"https:\/\/agora.xtec.cat\/ies-rbiv-cambrils\/wp-json\/wp\/v2\/pages"}],"about":[{"href":"https:\/\/agora.xtec.cat\/ies-rbiv-cambrils\/wp-json\/wp\/v2\/types\/page"}],"author":[{"embeddable":true,"href":"https:\/\/agora.xtec.cat\/ies-rbiv-cambrils\/wp-json\/wp\/v2\/users\/7"}],"replies":[{"embeddable":true,"href":"https:\/\/agora.xtec.cat\/ies-rbiv-cambrils\/wp-json\/wp\/v2\/comments?post=18417"}],"version-history":[{"count":6,"href":"https:\/\/agora.xtec.cat\/ies-rbiv-cambrils\/wp-json\/wp\/v2\/pages\/18417\/revisions"}],"predecessor-version":[{"id":18588,"href":"https:\/\/agora.xtec.cat\/ies-rbiv-cambrils\/wp-json\/wp\/v2\/pages\/18417\/revisions\/18588"}],"up":[{"embeddable":true,"href":"https:\/\/agora.xtec.cat\/ies-rbiv-cambrils\/wp-json\/wp\/v2\/pages\/7764"}],"wp:attachment":[{"href":"https:\/\/agora.xtec.cat\/ies-rbiv-cambrils\/wp-json\/wp\/v2\/media?parent=18417"}],"curies":[{"name":"wp","href":"https:\/\/api.w.org\/{rel}","templated":true}]}}