{"id":1454,"date":"2016-09-21T16:44:46","date_gmt":"2016-09-21T15:44:46","guid":{"rendered":"http:\/\/agora.xtec.cat\/ies-rbiv-cambrils\/?page_id=1454"},"modified":"2016-09-21T16:44:46","modified_gmt":"2016-09-21T15:44:46","slug":"dijous-sense-paper-dalumini","status":"publish","type":"page","link":"https:\/\/agora.xtec.cat\/ies-rbiv-cambrils\/projecte-educatiu\/escola-verda\/dijous-sense-paper-dalumini\/","title":{"rendered":"Dijous sense paper d&#8217;alumini"},"content":{"rendered":"<p><a href=\"http:\/\/agora.xtec.cat\/ies-rbiv-cambrils\/wp-content\/uploads\/usu79\/2016\/09\/alumini.jpg\"><img loading=\"lazy\" decoding=\"async\" class=\"alignleft size-full wp-image-1455\" src=\"http:\/\/agora.xtec.cat\/ies-rbiv-cambrils\/wp-content\/uploads\/usu79\/2016\/09\/alumini.jpg\" alt=\"alumini\" width=\"98\" height=\"99\" \/><\/a>La font principal d\u2019alumini \u00e9s la bauxita, un mineral de color vermell\u00f3s encara molt abundant als cinturons subtropicals: Austr\u00e0lia, Sierra Leona, Indon\u00e8sia, \u00cdndia, Brasil, Guaiana i Guinea. Aquests pa\u00efsos s\u00f3n els que ara mateix concentren la producci\u00f3 d\u2019alumini laminat. I \u00e9s que una vegada els jaciments europeus, americans i xinesos han estat pr\u00e0cticament esgotats i la normativa occidental de correcci\u00f3 ambiental ha fet augmentar molt les despeses de producci\u00f3 (25% del cost de producci\u00f3), la gran ind\u00fastria de l\u2019alumini s\u2019ha traslladat massivament als pa\u00efsos en vies de desenvolupament, on a m\u00e9s d\u2019explotar els jaciments tamb\u00e9 hi han creat les pr\u00f2pies plantes metal l\u00fargiques. El gran problema de tot plegat \u00e9s que els jaciments es troben gaireb\u00e9 sempre enmig d\u2019ecosistemes d\u2019alt valor natural (selves subtropicals), que acostumen a ser la llar d\u2019una gran quantitat d\u2019esp\u00e8cies d\u2019\u00e9ssers vius i de pobles ind\u00edgenes que es veuen massa sovint expulsats de les seves terres. A m\u00e9s de la destrucci\u00f3 que ocasionen les mines a cel obert, hem d\u2019afegir-hi les infraestructures de transport (vies f\u00e8rries, carreteres) i energ\u00e8tiques (embassaments i centrals el\u00e8ctriques), les emissions atmosf\u00e8riques i els residus t\u00f2xics fruit del proc\u00e9s d\u2019obtenci\u00f3 del metall que contaminen l\u2019aire, el s\u00f2l i l\u2019aigua. Si tenim en compte que la normativa ambiental dels pa\u00efsos en vies de desenvolupament \u00e9s pr\u00e0cticament inexistent, ens podem fer c\u00e0rrec del desgavell ecol\u00f2gic i social que suposa aquesta ind\u00fastria.<\/p>\n<p>Durant el curs 2015\/16, l\u2019equip mediambiental del centre intent\u00e0 canviar l\u2019h\u00e0bit d\u2019embolicar els entrepans amb paper d\u2019alumini fent que un grup d\u2019alumnes de 3r d\u2019ESO port\u00e9s a terme un estudi dels embolcalls, i un altre grup d\u2019alumnes fes campanya per afavorir la utilitzaci\u00f3 d\u2019alternatives a l\u2019alumini.<\/p>\n<h5>Objectius i continguts:<\/h5>\n<ol>\n<li>Con\u00e8ixer el perqu\u00e8 es fomenta el canvi del paper d\u2019alumini per altres.<\/li>\n<li>Aprendre a valorar positivament els criteris de sostenibilitat.<\/li>\n<li>Crear h\u00e0bits de sostenibilitat.<\/li>\n<\/ol>\n<h5>Procediments i temporalitzaci\u00f3:<\/h5>\n<p>Durant el primer trimestre es fa una enquesta per con\u00e8ixer l\u2019estat de la q\u00fcesti\u00f3 i valorar quin altre embolcall seria adequat per no perjudicar tant el medi<\/p>\n<p>Al llarg del curs escolar es fa la campanya informativa sobre les repercussions de la utilitzaci\u00f3 del paper d\u2019alumini i es facilitaran informaci\u00f3 sobre\u00a0materials alternatius (paper encerat, paper de cuina o carmanyola).<\/p>\n","protected":false},"excerpt":{"rendered":"<p><a href=\"http:\/\/agora.xtec.cat\/ies-rbiv-cambrils\/wp-content\/uploads\/usu79\/2016\/09\/alumini.jpg\"><\/a>La font principal d\u2019alumini \u00e9s la bauxita, un mineral de color vermell\u00f3s encara molt abundant als cinturons subtropicals: Austr\u00e0lia, Sierra Leona, Indon\u00e8sia, \u00cdndia, Brasil, Guaiana i Guinea. Aquests pa\u00efsos s\u00f3n els que ara mateix concentren la producci\u00f3 d\u2019alumini laminat. I \u00e9s que una vegada&hellip;  <a href=\"https:\/\/agora.xtec.cat\/ies-rbiv-cambrils\/projecte-educatiu\/escola-verda\/dijous-sense-paper-dalumini\/\" title=\"Read Dijous sense paper d&#8217;alumini\">Llegeix m\u00e9s\u00bb<\/a><\/p>\n","protected":false},"author":234,"featured_media":0,"parent":1445,"menu_order":0,"comment_status":"closed","ping_status":"closed","template":"page-templates\/side-menu.php","meta":{"_bbp_topic_count":0,"_bbp_reply_count":0,"_bbp_total_topic_count":0,"_bbp_total_reply_count":0,"_bbp_voice_count":0,"_bbp_anonymous_reply_count":0,"_bbp_topic_count_hidden":0,"_bbp_reply_count_hidden":0,"_bbp_forum_subforum_count":0,"footnotes":""},"class_list":["post-1454","page","type-page","status-publish","hentry"],"post_mailing_queue_ids":[],"_links":{"self":[{"href":"https:\/\/agora.xtec.cat\/ies-rbiv-cambrils\/wp-json\/wp\/v2\/pages\/1454","targetHints":{"allow":["GET"]}}],"collection":[{"href":"https:\/\/agora.xtec.cat\/ies-rbiv-cambrils\/wp-json\/wp\/v2\/pages"}],"about":[{"href":"https:\/\/agora.xtec.cat\/ies-rbiv-cambrils\/wp-json\/wp\/v2\/types\/page"}],"author":[{"embeddable":true,"href":"https:\/\/agora.xtec.cat\/ies-rbiv-cambrils\/wp-json\/wp\/v2\/users\/234"}],"replies":[{"embeddable":true,"href":"https:\/\/agora.xtec.cat\/ies-rbiv-cambrils\/wp-json\/wp\/v2\/comments?post=1454"}],"version-history":[{"count":1,"href":"https:\/\/agora.xtec.cat\/ies-rbiv-cambrils\/wp-json\/wp\/v2\/pages\/1454\/revisions"}],"predecessor-version":[{"id":1456,"href":"https:\/\/agora.xtec.cat\/ies-rbiv-cambrils\/wp-json\/wp\/v2\/pages\/1454\/revisions\/1456"}],"up":[{"embeddable":true,"href":"https:\/\/agora.xtec.cat\/ies-rbiv-cambrils\/wp-json\/wp\/v2\/pages\/1445"}],"wp:attachment":[{"href":"https:\/\/agora.xtec.cat\/ies-rbiv-cambrils\/wp-json\/wp\/v2\/media?parent=1454"}],"curies":[{"name":"wp","href":"https:\/\/api.w.org\/{rel}","templated":true}]}}