{"id":1447,"date":"2016-09-21T16:29:26","date_gmt":"2016-09-21T15:29:26","guid":{"rendered":"http:\/\/agora.xtec.cat\/ies-rbiv-cambrils\/?page_id=1447"},"modified":"2016-10-05T08:48:49","modified_gmt":"2016-10-05T07:48:49","slug":"dimecres-cardiosalulable","status":"publish","type":"page","link":"https:\/\/agora.xtec.cat\/ies-rbiv-cambrils\/projecte-educatiu\/escola-verda\/dimecres-cardiosalulable\/","title":{"rendered":"Dimecres cardiosalulable"},"content":{"rendered":"<h3>Una bona alimentaci\u00f3 per posar en forma el cor<\/h3>\n<p>Les malalties cardiovasculars s\u00f3n les que causen m\u00e9s morts en els pa\u00efsos desenvolupats. Moltes d&#8217;aquestes morts serien evitables, perqu\u00e8 les cardiopaties van molt associades a l&#8217;estil de vida i al tipus d&#8217;alimentaci\u00f3. El control del colesterol i de la ingesta de determinades greixos \u00e9s decisiu per reduir el risc cardiovascular.<\/p>\n<p>L&#8217;alimentaci\u00f3 \u00e9s un dels pilars que sustenta la salut dels individus. Mantenir bons h\u00e0bits diet\u00e8tics \u00e9s prioritari en el control del risc cardiovascular, perqu\u00e8 cada vegada es coneixen m\u00e9s els efectes beneficiosos que van units al consum de determinats nutrients.<\/p>\n<p>Per tots aquests motius els alumnes de 3 ESO promocionen en l&#8217;institut un dia cardiosaluble, on durant l&#8217;hora del esbarjo es realitzen diferents activitats:<\/p>\n<h3><a href=\"http:\/\/agora.xtec.cat\/ies-rbiv-cambrils\/wp-content\/uploads\/usu79\/2016\/09\/sport.jpg\"><img loading=\"lazy\" decoding=\"async\" class=\"alignleft size-full wp-image-1449\" src=\"http:\/\/agora.xtec.cat\/ies-rbiv-cambrils\/wp-content\/uploads\/usu79\/2016\/09\/sport.jpg\" alt=\"sport\" width=\"98\" height=\"99\" \/><\/a><\/h3>\n<h3><\/h3>\n<h3><\/h3>\n<h3>Fomentar la pr\u00e0ctica de l&#8217;esport<\/h3>\n<h5>Objectius i continguts:<\/h5>\n<ol>\n<li>Donar a coneixer els beneficis de l&#8217;esport<\/li>\n<li>Crear h\u00e0bits saludables<\/li>\n<li>Fomentar els esport com una activitat m\u00e9s a l&#8217;hora de l&#8217;esbarjo.<\/li>\n<\/ol>\n<h5>Procediments i temporalitzaci\u00f3:<\/h5>\n<p>Al llarg del curs escolar els alumnes de 3 d&#8217;ESO fomentaran l&#8217;activitat f\u00edsica durant l&#8217;esbarjo. Els alumnes que vulguin participar hauran de\u00a0superar una s\u00e8rie de proves f\u00edsiques que els donaran punts per a aconseguir la ins\u00edgnia de l&#8217;esport.\u00a0\u00a0Aquests punts es conten\u00a0de forma grupal, de forma que al finalitzar el curs obtenen una recompensa el grup que m\u00e9s punts ha aconseguit.<\/p>\n<p><iframe loading=\"lazy\" src=\"https:\/\/www.youtube.com\/embed\/6NKVMZAkRqs\" width=\"560\" height=\"315\" frameborder=\"0\" allowfullscreen=\"allowfullscreen\"><\/iframe><\/p>\n<h3><a href=\"http:\/\/agora.xtec.cat\/ies-rbiv-cambrils\/wp-content\/uploads\/usu79\/2016\/09\/poma.jpg\"><img loading=\"lazy\" decoding=\"async\" class=\"alignleft size-full wp-image-1451\" src=\"http:\/\/agora.xtec.cat\/ies-rbiv-cambrils\/wp-content\/uploads\/usu79\/2016\/09\/poma.jpg\" alt=\"poma\" width=\"98\" height=\"99\" \/><\/a><\/h3>\n<h3><\/h3>\n<h3><\/h3>\n<h3>Fomentar una alimentaci\u00f3\u00a0saludable<\/h3>\n<h5>Objectius i continguts:<\/h5>\n<ol>\n<li>Donar a coneixer els beneficis d&#8217;una alimentaci\u00f3 saludable<\/li>\n<li>Crear h\u00e0bits saludables<\/li>\n<li>Fomentar el consum de fruites i verdures<\/li>\n<\/ol>\n<h5>Procediments i temporalitzaci\u00f3:<\/h5>\n<p>Els alumnes\u00a0de 3 d&#8217;ESO fomentaran el consum de fruita al hora de l&#8217;esbarjo. Al llarg del curs els alumnes quantificaran quants membres de la comunitat educativa\u00a0mengen fruita al hora del esbarjo. Gr\u00e0cies aquest estudi podran atorgar ins\u00edgnies als grups que tenen un h\u00e0bit d&#8217;alimentaci\u00f3 m\u00e9s saludable.<\/p>\n<p><iframe loading=\"lazy\" src=\"https:\/\/www.youtube.com\/embed\/8gI9giJlh0I\" width=\"560\" height=\"315\" frameborder=\"0\" allowfullscreen=\"allowfullscreen\"><\/iframe><\/p>\n<h5><a href=\"http:\/\/agora.xtec.cat\/ies-rbiv-cambrils\/wp-content\/uploads\/usu79\/2016\/09\/dimecres-saludable.pdf\">Full de seguiment de l&#8217;activitat<\/a><\/h5>\n<h5><\/h5>\n<h5><\/h5>\n","protected":false},"excerpt":{"rendered":"<p>Una bona alimentaci\u00f3 per posar en forma el cor<br \/>\nLes malalties cardiovasculars s\u00f3n les que causen m\u00e9s morts en els pa\u00efsos desenvolupats. Moltes d&#8217;aquestes morts serien evitables, perqu\u00e8 les cardiopaties van molt associades a l&#8217;estil de vida i al tipus d&#8217;alimentaci\u00f3. El control del colesterol i&hellip;  <a href=\"https:\/\/agora.xtec.cat\/ies-rbiv-cambrils\/projecte-educatiu\/escola-verda\/dimecres-cardiosalulable\/\" title=\"Read Dimecres cardiosalulable\">Llegeix m\u00e9s\u00bb<\/a><\/p>\n","protected":false},"author":234,"featured_media":0,"parent":1445,"menu_order":0,"comment_status":"closed","ping_status":"closed","template":"page-templates\/side-menu.php","meta":{"_bbp_topic_count":0,"_bbp_reply_count":0,"_bbp_total_topic_count":0,"_bbp_total_reply_count":0,"_bbp_voice_count":0,"_bbp_anonymous_reply_count":0,"_bbp_topic_count_hidden":0,"_bbp_reply_count_hidden":0,"_bbp_forum_subforum_count":0,"footnotes":""},"class_list":["post-1447","page","type-page","status-publish","hentry"],"post_mailing_queue_ids":[],"_links":{"self":[{"href":"https:\/\/agora.xtec.cat\/ies-rbiv-cambrils\/wp-json\/wp\/v2\/pages\/1447","targetHints":{"allow":["GET"]}}],"collection":[{"href":"https:\/\/agora.xtec.cat\/ies-rbiv-cambrils\/wp-json\/wp\/v2\/pages"}],"about":[{"href":"https:\/\/agora.xtec.cat\/ies-rbiv-cambrils\/wp-json\/wp\/v2\/types\/page"}],"author":[{"embeddable":true,"href":"https:\/\/agora.xtec.cat\/ies-rbiv-cambrils\/wp-json\/wp\/v2\/users\/234"}],"replies":[{"embeddable":true,"href":"https:\/\/agora.xtec.cat\/ies-rbiv-cambrils\/wp-json\/wp\/v2\/comments?post=1447"}],"version-history":[{"count":4,"href":"https:\/\/agora.xtec.cat\/ies-rbiv-cambrils\/wp-json\/wp\/v2\/pages\/1447\/revisions"}],"predecessor-version":[{"id":1559,"href":"https:\/\/agora.xtec.cat\/ies-rbiv-cambrils\/wp-json\/wp\/v2\/pages\/1447\/revisions\/1559"}],"up":[{"embeddable":true,"href":"https:\/\/agora.xtec.cat\/ies-rbiv-cambrils\/wp-json\/wp\/v2\/pages\/1445"}],"wp:attachment":[{"href":"https:\/\/agora.xtec.cat\/ies-rbiv-cambrils\/wp-json\/wp\/v2\/media?parent=1447"}],"curies":[{"name":"wp","href":"https:\/\/api.w.org\/{rel}","templated":true}]}}