{"id":1445,"date":"2016-09-21T16:07:59","date_gmt":"2016-09-21T15:07:59","guid":{"rendered":"http:\/\/agora.xtec.cat\/ies-rbiv-cambrils\/?page_id=1445"},"modified":"2025-04-24T09:16:55","modified_gmt":"2025-04-24T07:16:55","slug":"escola-verda","status":"publish","type":"page","link":"https:\/\/agora.xtec.cat\/ies-rbiv-cambrils\/projecte-educatiu\/escola-verda\/","title":{"rendered":"Escola Verda"},"content":{"rendered":"<p>El programa Escoles Verdes t\u00e9 la voluntat de millorar l&#8217;escola d&#8217;acord amb els nous reptes de l&#8217;educaci\u00f3 i ho fa a trav\u00e9s de l&#8217;objectiu de sensibilitzar, dinamitzar i donar suport a la comunitat educativa per tal que incorpori els principis i els valors de la sostenibilitat en tots els \u00e0mbits de la vida escolar.<\/p>\n<p>El programa vol promoure un canvi en la cultura de centre a trav\u00e9s de quatre contextos d&#8217;acci\u00f3: el curr\u00edculum, l&#8217;organitzaci\u00f3 i la participaci\u00f3, la gesti\u00f3 sostenible de recursos i materials i la implicaci\u00f3 en l&#8217;entorn. Aix\u00ed doncs, ent\u00e9n que el proc\u00e9s educatiu que ha de provocar aquest canvi no nom\u00e9s es d\u00f3na a l&#8217;aula, sin\u00f3 tamb\u00e9 en tots els moments i espais de la vida escolar.<\/p>\n<h3>L&#8217;ambientaci\u00f3 curricular<\/h3>\n<p>Integrar l&#8217;educaci\u00f3 per a la sostenibilitat en el projecte educatiu de centre i en totes les \u00e0rees que s&#8217;imparteixen, potenciant els equips de treball interdisciplinaris i la realitzaci\u00f3 de projectes compartits i contextualitzats.<\/p>\n<h3>Un institut participatiu i disposat a canviar<\/h3>\n<p>Un canvi en l&#8217;\u00e0mbit de la vida al centre i el clima escolar, que facilita la implicaci\u00f3 de tota la comunitat educativa (professorat, alumnat, fam\u00edlies, personal no docent,etc.) en la presa de decisions i en l&#8217;acci\u00f3.<\/p>\n<h3>Un equipament sostenible<\/h3>\n<p>L&#8217;\u00fas de recursos i la gesti\u00f3 del centre en general ha de ser coherent amb el projecte educatiu, que el centre mateix sigui un exemple de com s&#8217;ha d&#8217;actuar per a la sostenibilitat, de coresponsabilitat amb la millora de l&#8217;entorn.<\/p>\n<h3>Un institut obert i actiu<\/h3>\n<p>Un centre integrat en el seu entorn proper, que realitza accions de millora i de dinamitzaci\u00f3 local que impliquen altres agents externs al centre, i que fa de l&#8217;entorn immediat un element facilitador d&#8217;aprenentatges, de capacitaci\u00f3 per a l&#8217;acci\u00f3 responsable.<\/p>\n<h3>Enquesta per con\u00e8ixer el consum de pl\u00e0stic als centres escolars<\/h3>\n<p>Les escoles i instituts de Cambrils estem treballant conjuntament per entendre i millorar el consum dels pl\u00e0stics a Cambrils! Per tal de con\u00e8ixer l&#8217;\u00fas que fem dels pl\u00e0stics als centres escolars necessitem la vostra col\u00b7laboraci\u00f3, si us plau, contesteu <a href=\"https:\/\/docs.google.com\/forms\/d\/e\/1FAIpQLSefEIc4tKyt3JpNymPU7Vgo7oDZn-PIf4ocu2E54hGswFcf7w\/viewform?vc=0&amp;c=0&amp;w=1\">aquesta breu enquesta<\/a> amb el m\u00e0xim de sinceritat.<\/p>\n<p>&nbsp;<\/p>\n","protected":false},"excerpt":{"rendered":"<p>El programa Escoles Verdes t\u00e9 la voluntat de millorar l&#8217;escola d&#8217;acord amb els nous reptes de l&#8217;educaci\u00f3 i ho fa a trav\u00e9s de l&#8217;objectiu de sensibilitzar, dinamitzar i donar suport a la comunitat educativa per tal que incorpori els principis i els valors de la&hellip;  <a href=\"https:\/\/agora.xtec.cat\/ies-rbiv-cambrils\/projecte-educatiu\/escola-verda\/\" title=\"Read Escola Verda\">Llegeix m\u00e9s\u00bb<\/a><\/p>\n","protected":false},"author":234,"featured_media":0,"parent":57,"menu_order":0,"comment_status":"closed","ping_status":"closed","template":"page-templates\/side-menu.php","meta":{"_bbp_topic_count":0,"_bbp_reply_count":0,"_bbp_total_topic_count":0,"_bbp_total_reply_count":0,"_bbp_voice_count":0,"_bbp_anonymous_reply_count":0,"_bbp_topic_count_hidden":0,"_bbp_reply_count_hidden":0,"_bbp_forum_subforum_count":0,"footnotes":""},"class_list":["post-1445","page","type-page","status-publish","hentry"],"post_mailing_queue_ids":[],"_links":{"self":[{"href":"https:\/\/agora.xtec.cat\/ies-rbiv-cambrils\/wp-json\/wp\/v2\/pages\/1445","targetHints":{"allow":["GET"]}}],"collection":[{"href":"https:\/\/agora.xtec.cat\/ies-rbiv-cambrils\/wp-json\/wp\/v2\/pages"}],"about":[{"href":"https:\/\/agora.xtec.cat\/ies-rbiv-cambrils\/wp-json\/wp\/v2\/types\/page"}],"author":[{"embeddable":true,"href":"https:\/\/agora.xtec.cat\/ies-rbiv-cambrils\/wp-json\/wp\/v2\/users\/234"}],"replies":[{"embeddable":true,"href":"https:\/\/agora.xtec.cat\/ies-rbiv-cambrils\/wp-json\/wp\/v2\/comments?post=1445"}],"version-history":[{"count":2,"href":"https:\/\/agora.xtec.cat\/ies-rbiv-cambrils\/wp-json\/wp\/v2\/pages\/1445\/revisions"}],"predecessor-version":[{"id":10021,"href":"https:\/\/agora.xtec.cat\/ies-rbiv-cambrils\/wp-json\/wp\/v2\/pages\/1445\/revisions\/10021"}],"up":[{"embeddable":true,"href":"https:\/\/agora.xtec.cat\/ies-rbiv-cambrils\/wp-json\/wp\/v2\/pages\/57"}],"wp:attachment":[{"href":"https:\/\/agora.xtec.cat\/ies-rbiv-cambrils\/wp-json\/wp\/v2\/media?parent=1445"}],"curies":[{"name":"wp","href":"https:\/\/api.w.org\/{rel}","templated":true}]}}