{"id":1429,"date":"2016-09-12T10:22:13","date_gmt":"2016-09-12T08:22:13","guid":{"rendered":"http:\/\/agora.xtec.cat\/ies-rbiv-cambrils\/?page_id=1429"},"modified":"2025-04-21T12:25:36","modified_gmt":"2025-04-21T10:25:36","slug":"treball-de-recerca","status":"publish","type":"page","link":"https:\/\/agora.xtec.cat\/ies-rbiv-cambrils\/estudis\/batxillerat\/treball-de-recerca\/","title":{"rendered":"Treball de recerca"},"content":{"rendered":"<h2><strong><span style=\"color: #ff9900;\">1. QU\u00c8 \u00c9S EL TREBALL DE RECERCA?<\/span><br \/>\n<\/strong><\/h2>\n<p style=\"text-align: justify;\">El treball de recerca \u00e9s una tasca d\u2019investigaci\u00f3 que han de realitzar els alumnes de batxillerat, tutoritzats per un professor del centre, al voltant d\u2019un tema concret que es tria lliurement.<\/p>\n<p style=\"text-align: justify;\">\u00c9s important saber que la nota obtinguda en aquest treball <b>suposa el 10% de la qualificaci\u00f3 final del Batxillerat i que, a efectes d\u2019obtenci\u00f3 del t\u00edtol, es considera com una mat\u00e8ria m\u00e9s.<\/b><\/p>\n<table style=\"width: 100%;\">\n<tbody>\n<tr>\n<td style=\"width: 37.9974%;\"><a href=\"https:\/\/xtec.gencat.cat\/ca\/curriculum\/batxillerat\/treballrecerca\/\">Normativa d&#8217;elaboraci\u00f3 del TdR. Decret 171\/2022<\/a><\/td>\n<td style=\"width: 60.9756%;\">Normativa de batxillerat. Web del Dep. d\u2019Educaci\u00f3 on hi ha tota la informaci\u00f3 relacionada sobre el TdR<\/td>\n<\/tr>\n<tr>\n<td style=\"width: 37.9974%;\"><a href=\"https:\/\/drive.google.com\/file\/d\/1-y02bB7z-17iZ-YImJxJImnJCmJSqB4I\/view?usp=sharing\">Informaci\u00f3 general XTEC<\/a><\/td>\n<td style=\"width: 60.9756%;\">Futllet\u00f3 informatiu del Dep. d&#8217;Educaci\u00f3<\/td>\n<\/tr>\n<\/tbody>\n<\/table>\n<h2><strong><span style=\"color: #ff9900;\">2. QUIN TEMA PUC ESCOLLIR?<\/span><br \/>\n<\/strong><\/h2>\n<div id=\"yui_3_17_2_1_1488808651671_1532\" class=\"summary\">\n<div id=\"yui_3_17_2_1_1488808651671_1531\" class=\"no-overflow\">\n<p style=\"text-align: justify;\">El primer pas \u00e9s escollir un tema de recerca mitjan\u00e7ant el formulari de sol\u00b7licitud.<\/p>\n<p style=\"text-align: justify;\">Els diferents departaments del centre realitzen la seva proposta de temes. Tanmateix, l\u2019alumnat pot decidir lliurement investigar-ne d&#8217;altres (tot i que hauran de ser acceptats pel departament en q\u00fcesti\u00f3).<\/p>\n<\/div>\n<\/div>\n<h2><strong><span style=\"color: #ff9900;\">3. COM ELABORAR EL TREBALL?<\/span><br \/>\n<\/strong><\/h2>\n<p style=\"text-align: justify;\">Trobar\u00e0s tota la informaci\u00f3 relativa a l&#8217;elaboraci\u00f3 del Treball de Recerca des del plantejemanet incial, orientacions, pautes\u00a0 formals, cerca d&#8217;informaci\u00f3, calendari, etc. al curs Classroom.<\/p>\n<h2><strong><span style=\"color: #ff9900;\">4. COM SER\u00c9 AVALUAT?<\/span><br \/>\n<\/strong><\/h2>\n<p style=\"text-align: justify;\">En el proc\u00e9s d\u2019avaluaci\u00f3 es tindran en compte tres aspectes:<\/p>\n<p><b>a) el seguiment del treball<\/b><\/p>\n<p><b>b) la mem\u00f2ria escrita<\/b><\/p>\n<p><b>c) l\u2019exposici\u00f3 oral.<\/b><\/p>\n<p style=\"text-align: justify;\">La realitzaci\u00f3 de cadascun dels tres apartats \u00e9s obligat\u00f2ria per poder optar a aprovar el treball de recerca.<\/p>\n<p>Trobar\u00e0s les r\u00fabriques d&#8217;avaluaci\u00f3 i de qualificaci\u00f3 en el curs Classroom.<\/p>\n<h2><strong><span style=\"color: #ff9900;\">5. I SI HE DE RECUPERAR?<\/span><br \/>\n<\/strong><\/h2>\n<div id=\"yui_3_17_2_1_1488814598096_1813\" class=\"summary\">\n<div id=\"yui_3_17_2_1_1488814598096_1812\" class=\"no-overflow\">\n<p>Si no has aprovat el treball de recerca en la primera convocat\u00f2ria, tindr\u00e0s una oportunitat m\u00e9s per poder fer-ho.<\/p>\n<p>Trobar\u00e0s els criteris de recuperaci\u00f3 en el curs Classroom.<\/p>\n<\/div>\n<\/div>\n<h2><strong><span style=\"color: #ff9900;\">6. QU\u00c8 PUC FER AMB EL MEU TREBALL?<\/span><br \/>\n<\/strong><\/h2>\n<p style=\"text-align: justify;\">Nombroses institucions p\u00fabliques i privades convoquen anualment premis pels millors treballs d\u2019acord amb les condicions establertes a les seves bases.\u00a0Si has tret una bona qualificaci\u00f3, intenta trobar una convocat\u00f2ria que sigui del teu inter\u00e8s i respecta les condicions de presentaci\u00f3.<\/p>\n<p><a href=\"https:\/\/drive.google.com\/file\/d\/1kNamTZJgLlNg96L4RotfrD5IJoSkbVSX\/view?usp=sharing\">Orientacions generals<\/a><\/p>\n<p><a href=\"http:\/\/xtec.gencat.cat\/ca\/curriculum\/batxillerat\/treballrecerca\/premis\">Llistat general de premis convocats<\/a><\/p>\n<p><a href=\"https:\/\/www.urv.cat\/media\/upload\/arxius\/consell-social\/Premis\/PSecundaria\/2022-23%20-%20convocatoria%20PBAT.pdf\">Premis Consell Social URV<\/a><\/p>\n<p><a href=\"https:\/\/www.udl.cat\/ca\/serveis\/seu\/treballsrecerca\/\">Premis Universitat de Lleida<\/a><\/p>\n<p><a href=\"https:\/\/scq.iec.cat\/?page_id=150\">Societat Catalana de Qu\u00edmica<\/a><\/p>\n<p><a href=\"https:\/\/www.upf.edu\/web\/graus\/premis-recerca\">Premis Universitat Pompeu Fabra<\/a><\/p>\n<p><a href=\"https:\/\/www.fundacioreddis.org\/projectes\/ensenyament\/12-beques-i-premis\">Premis Fundaci\u00f3 Reddis<\/a><\/p>\n<p style=\"text-align: justify;\">D&#8217;altra banda, tamb\u00e9 s\u2019organitzen exposicions o debats oberts al p\u00fablic on els alumnes tenen l\u2019oportunitat de presentar els treballs.<\/p>\n<p><a href=\"http:\/\/serveiseducatius.xtec.cat\/tarragones\/trics\/\">F\u00f2rum TRiCS (Tarragona)<\/a><\/p>\n<p><a href=\"http:\/\/www.cambrils.cat\/joventut\/participacio\/societat-de-recerca\">Societat de Recerca (Cambrils)<\/a><\/p>\n<p>&nbsp;<\/p>\n","protected":false},"excerpt":{"rendered":"<p>1. QU\u00c8 \u00c9S EL TREBALL DE RECERCA?<\/p>\n<p>El treball de recerca \u00e9s una tasca d\u2019investigaci\u00f3 que han de realitzar els alumnes de batxillerat, tutoritzats per un professor del centre, al voltant d\u2019un tema concret que es tria lliurement.<br \/>\n\u00c9s important saber que la nota obtinguda en aquest&hellip;  <a href=\"https:\/\/agora.xtec.cat\/ies-rbiv-cambrils\/estudis\/batxillerat\/treball-de-recerca\/\" title=\"Read Treball de recerca\">Llegeix m\u00e9s\u00bb<\/a><\/p>\n","protected":false},"author":234,"featured_media":0,"parent":970,"menu_order":50,"comment_status":"closed","ping_status":"closed","template":"page-templates\/side-menu.php","meta":{"_bbp_topic_count":0,"_bbp_reply_count":0,"_bbp_total_topic_count":0,"_bbp_total_reply_count":0,"_bbp_voice_count":0,"_bbp_anonymous_reply_count":0,"_bbp_topic_count_hidden":0,"_bbp_reply_count_hidden":0,"_bbp_forum_subforum_count":0,"footnotes":""},"class_list":["post-1429","page","type-page","status-publish","hentry"],"post_mailing_queue_ids":[],"_links":{"self":[{"href":"https:\/\/agora.xtec.cat\/ies-rbiv-cambrils\/wp-json\/wp\/v2\/pages\/1429","targetHints":{"allow":["GET"]}}],"collection":[{"href":"https:\/\/agora.xtec.cat\/ies-rbiv-cambrils\/wp-json\/wp\/v2\/pages"}],"about":[{"href":"https:\/\/agora.xtec.cat\/ies-rbiv-cambrils\/wp-json\/wp\/v2\/types\/page"}],"author":[{"embeddable":true,"href":"https:\/\/agora.xtec.cat\/ies-rbiv-cambrils\/wp-json\/wp\/v2\/users\/234"}],"replies":[{"embeddable":true,"href":"https:\/\/agora.xtec.cat\/ies-rbiv-cambrils\/wp-json\/wp\/v2\/comments?post=1429"}],"version-history":[{"count":9,"href":"https:\/\/agora.xtec.cat\/ies-rbiv-cambrils\/wp-json\/wp\/v2\/pages\/1429\/revisions"}],"predecessor-version":[{"id":15863,"href":"https:\/\/agora.xtec.cat\/ies-rbiv-cambrils\/wp-json\/wp\/v2\/pages\/1429\/revisions\/15863"}],"up":[{"embeddable":true,"href":"https:\/\/agora.xtec.cat\/ies-rbiv-cambrils\/wp-json\/wp\/v2\/pages\/970"}],"wp:attachment":[{"href":"https:\/\/agora.xtec.cat\/ies-rbiv-cambrils\/wp-json\/wp\/v2\/media?parent=1429"}],"curies":[{"name":"wp","href":"https:\/\/api.w.org\/{rel}","templated":true}]}}