{"id":11859,"date":"2021-07-14T12:32:51","date_gmt":"2021-07-14T10:32:51","guid":{"rendered":"https:\/\/agora.xtec.cat\/ies-rbiv-cambrils\/?page_id=11859"},"modified":"2025-01-31T19:11:57","modified_gmt":"2025-01-31T18:11:57","slug":"ampa","status":"publish","type":"page","link":"https:\/\/agora.xtec.cat\/ies-rbiv-cambrils\/families\/ampa\/","title":{"rendered":"AMPA"},"content":{"rendered":"<h6>L&#8217;<span class=\"il\">Ampa<\/span> \u00e9s una associaci\u00f3 sense \u00e0nim de lucre formada per mares i pares d&#8217;alumnes de l&#8217;Institut. Les membres de la junta actual s\u00f3n Florencia Bertolotti (presidenta), Gemma Salleras (secret\u00e0ria) i Natalia Somers (tresorera).<\/h6>\n<h6>L&#8217;objectiu \u00e9s contribuir en la millora de la qualitat del sistema educatiu p\u00fablic i de les condicions d&#8217;escolaritzaci\u00f3 de l&#8217;alumnat del centre, aix\u00ed com tamb\u00e9 col\u00b7laborar en l&#8217;organitzaci\u00f3 de les activitats que realitzen els alumnes 4t ESO i 3r ESO per al finan\u00e7ament del viatge de fi de curs d&#8217;etapa. Tot aix\u00f2 ho fem a trav\u00e9s del di\u00e0leg i amb la col\u00b7laboraci\u00f3 amb la comunitat educativa.<\/h6>\n<h6><\/h6>\n<p>&nbsp;<\/p>\n<h4><b><u>Els nostres objectius s\u00f3n:<\/u><\/b><\/h4>\n<h6>1. Fomentar la participaci\u00f3 de les fam\u00edlies i de l&#8217;alumnat.<\/h6>\n<h6>2. Millorar la comunicaci\u00f3 entre les fam\u00edlies, l&#8217;alumnat, l&#8217;<span class=\"il\">AMPA<\/span>\u00a0i el centre educatiu.<\/h6>\n<h6>3. Oferir el servei de reutilitzaci\u00f3 per facilitar la compra de llibres.<\/h6>\n<h6>4. Millorar la gesti\u00f3 de l&#8217;<span class=\"il\">AMPA<\/span>.<\/h6>\n<h6>5. Col\u00b7laborar en els projectes i\/o activitats que porti a terme el centre.<\/h6>\n<h6><\/h6>\n<h6>L&#8217;assemblea general decideix tots els temes d&#8217;import\u00e0ncia de l&#8217;associaci\u00f3. Totes les fam\u00edlies associades tenen dret a veu i vot a l&#8217;assemblea. Es reuneix un cop a l&#8217;any i es presenten i aproven la junta, la mem\u00f2ria anual i l&#8217;estat de comptes de l&#8217;any en curs, el pla de treball i el pressupost del curs.<\/h6>\n<h6><\/h6>\n<p>&nbsp;<\/p>\n<h4><b><u>Qu\u00e8 fem?<\/u><\/b><\/h4>\n<h6><\/h6>\n<h6>1. Servei de reutilitzaci\u00f3 de llibres de text a trav\u00e9s de l&#8217;acord que es signa entre el centre, l&#8217;<span class=\"il\">AMPA<\/span>\u00a0i l&#8217;empresa Iddink per facilitar la compra de llibres ecobooks, nous i llic\u00e8ncies digitals.<\/h6>\n<h6><a href=\"https:\/\/vimeo.com\/729651331\" target=\"_blank\" rel=\"noopener noreferrer\" data-saferedirecturl=\"https:\/\/www.google.com\/url?q=https:\/\/vimeo.com\/729651331&amp;source=gmail&amp;ust=1683961498136000&amp;usg=AOvVaw2bnf9LRfv7WgtmHfmX_fhp\">https:\/\/vimeo.com\/729651331<\/a><\/h6>\n<h6><\/h6>\n<h6>2. Oferim xerrades informatives educatives a les fam\u00edlies de 1r ESO, 2n ESO i 3r ESO.<\/h6>\n<h6><\/h6>\n<h6>3. Col\u00b7laborem en la gesti\u00f3 d&#8217;activitats per aconseguir diners per al viatge de fi de curs de 4t ESO.<\/h6>\n<h6><\/h6>\n<h6>4. Us fem arribar informaci\u00f3 sobre xerrades, trobades, cursos relacionats amb l&#8217;adolesc\u00e8ncia i que puguin ser del vostre inter\u00e8s.<\/h6>\n<h6><\/h6>\n<h6>5. Representem l&#8217;<span class=\"il\">AMPA<\/span>\u00a0en el consell escolar del centre participant en decisions sobre el projecte educatiu, normes del reglament de r\u00e8gim intern, el pressupost, la programaci\u00f3 general del centre&#8230;<\/h6>\n<h6><\/h6>\n<h6>6. Col\u00b7laborem amb l&#8217;Institut aportant material que gaudiran l&#8217;alumnat.<\/h6>\n<h6><\/h6>\n<h6><\/h6>\n<p>&nbsp;<\/p>\n<h4><b><u>Quota de fam\u00edlies associades<\/u><\/b><\/h4>\n<h6>La quota anual \u00e9s de 20\u20ac per fam\u00edlia i per curs escolar. Aquesta \u00e9s obligat\u00f2ria a l&#8217;hora de fer la comanda de llibres a iddink. En cas que tingueu m\u00e9s d&#8217;un fill o filla haureu de pagar una quota per cadasc\u00fa tot i que, a partir del juny de 2023,\u00a0 l&#8217;empresa iddink ser\u00e0 qui us far\u00e0 el retorn de les quotes extres que h\u00e0giu abonat.<\/h6>\n<h6><\/h6>\n<h6>Les fam\u00edlies que no feu la compra de llibres mitjan\u00e7ant iddink per\u00f2 voleu ser s\u00f2cies de l&#8217;<span class=\"il\">AMPA<\/span>\u00a0heu de fer un ingr\u00e9s de 20\u20ac al seg\u00fcent n\u00famero de compte: ES30 0081 1752 8300 0115 6323 posant com a concepte el nom i cognoms de la vostra filla o del vostre fill.<\/h6>\n<h6><\/h6>\n<h6><b>Per a contactar amb nosaltres ho podeu fer a trav\u00e9s del correu\u00a0<a href=\"mailto:ampaberenguer@gmail.com\" target=\"_blank\" rel=\"noopener noreferrer\">ampaberenguer@gmail.com<\/a><\/b><\/h6>\n","protected":false},"excerpt":{"rendered":"<p>L&#8217;Ampa \u00e9s una associaci\u00f3 sense \u00e0nim de lucre formada per mares i pares d&#8217;alumnes de l&#8217;Institut. Les membres de la junta actual s\u00f3n Florencia Bertolotti (presidenta), Gemma Salleras (secret\u00e0ria) i Natalia Somers (tresorera).<br \/>\nL&#8217;objectiu \u00e9s contribuir en la millora de la qualitat del sistema educatiu p\u00fablic&hellip;  <a href=\"https:\/\/agora.xtec.cat\/ies-rbiv-cambrils\/families\/ampa\/\" title=\"Read AMPA\">Llegeix m\u00e9s\u00bb<\/a><\/p>\n","protected":false},"author":337,"featured_media":0,"parent":11819,"menu_order":10,"comment_status":"closed","ping_status":"closed","template":"page-templates\/side-menu.php","meta":{"_bbp_topic_count":0,"_bbp_reply_count":0,"_bbp_total_topic_count":0,"_bbp_total_reply_count":0,"_bbp_voice_count":0,"_bbp_anonymous_reply_count":0,"_bbp_topic_count_hidden":0,"_bbp_reply_count_hidden":0,"_bbp_forum_subforum_count":0,"footnotes":""},"class_list":["post-11859","page","type-page","status-publish","hentry"],"post_mailing_queue_ids":[],"_links":{"self":[{"href":"https:\/\/agora.xtec.cat\/ies-rbiv-cambrils\/wp-json\/wp\/v2\/pages\/11859","targetHints":{"allow":["GET"]}}],"collection":[{"href":"https:\/\/agora.xtec.cat\/ies-rbiv-cambrils\/wp-json\/wp\/v2\/pages"}],"about":[{"href":"https:\/\/agora.xtec.cat\/ies-rbiv-cambrils\/wp-json\/wp\/v2\/types\/page"}],"author":[{"embeddable":true,"href":"https:\/\/agora.xtec.cat\/ies-rbiv-cambrils\/wp-json\/wp\/v2\/users\/337"}],"replies":[{"embeddable":true,"href":"https:\/\/agora.xtec.cat\/ies-rbiv-cambrils\/wp-json\/wp\/v2\/comments?post=11859"}],"version-history":[{"count":6,"href":"https:\/\/agora.xtec.cat\/ies-rbiv-cambrils\/wp-json\/wp\/v2\/pages\/11859\/revisions"}],"predecessor-version":[{"id":15181,"href":"https:\/\/agora.xtec.cat\/ies-rbiv-cambrils\/wp-json\/wp\/v2\/pages\/11859\/revisions\/15181"}],"up":[{"embeddable":true,"href":"https:\/\/agora.xtec.cat\/ies-rbiv-cambrils\/wp-json\/wp\/v2\/pages\/11819"}],"wp:attachment":[{"href":"https:\/\/agora.xtec.cat\/ies-rbiv-cambrils\/wp-json\/wp\/v2\/media?parent=11859"}],"curies":[{"name":"wp","href":"https:\/\/api.w.org\/{rel}","templated":true}]}}