{"id":11115,"date":"2021-03-04T11:07:47","date_gmt":"2021-03-04T10:07:47","guid":{"rendered":"https:\/\/agora.xtec.cat\/ies-rbiv-cambrils\/?page_id=11115"},"modified":"2021-03-04T12:55:20","modified_gmt":"2021-03-04T11:55:20","slug":"mediacio-escolar","status":"publish","type":"page","link":"https:\/\/agora.xtec.cat\/ies-rbiv-cambrils\/estudis\/eso\/mediacio-escolar\/","title":{"rendered":"Mediaci\u00f3 escolar"},"content":{"rendered":"<p style=\"text-align: justify;\"><span style=\"color: #008080;\"><strong><u>D\u2019on sorgeix la necessitat de tenir un projecte de mediaci\u00f3?<\/u><\/strong><\/span><\/p>\n<p style=\"text-align: justify;\">Actualment vivim en una societat complexa i diversa, una societat din\u00e0mica, amb canvis constants, on tots i totes tenim cabuda. Una societat plural, amb diferents cultures, nacionalitats i religions i on la toler\u00e0ncia, l\u2019empatia i l\u2019harmonia tenen m\u00e9s sentit que mai.<\/p>\n<p style=\"text-align: justify;\">Per aconseguir la fita de conviure amb harmonia \u00e9s de vital import\u00e0ncia la tasca que desenvolupem des dels centres educatius on formem d&#8217;una manera integral als nostres alumnes per tal d&#8217;aconseguir que siguin persones amb esperit cr\u00edtic, respectuoses i solid\u00e0ries , amb uns valors basats en la igualtat, la inclusi\u00f3 social, la participaci\u00f3 democr\u00e0tica, el respecte, la resoluci\u00f3 positiva de conflictes i la cultura de la pau.<\/p>\n<p style=\"text-align: justify;\">Val a dir que el conflicte forma part de la vida, de fet, \u00e9s natural i bo que hi hagi conflicte, \u00e9s una oportunitat d\u2019aprendre a ser i a viure junts, de cr\u00e9ixer i d\u2019obrir la ment amb un mateix i l\u2019entorn que l\u2019envolta. Pot ser una palanca per a la transformaci\u00f3 social. Ara b\u00e9, aquest conflicte ha de ser productiu, i no pot deixar-se a l\u2019atzar.<\/p>\n<p style=\"text-align: justify;\">\u00c9s per aix\u00f2 que des del nostre centre educatiu i situat dins del Projecte de Conviv\u00e8ncia, anem a posar en marxa un Projecte de Mediaci\u00f3 amb el principal objectiu d\u2019aprendre a afrontar i resoldre els conflictes de manera positiva i no violenta.<\/p>\n<p style=\"text-align: justify;\"><span style=\"color: #008080;\"><strong><u>Qu\u00e8 entenem per mediaci\u00f3 escolar? <\/u><\/strong><\/span><\/p>\n<p style=\"text-align: justify;\">La Mediaci\u00f3 Escolar \u00e9s una trobada en qu\u00e8 la persona o persones mediadores actuen per a qu\u00e8 els protagonistes del conflicte pugin buscar conjuntament una soluci\u00f3. El concepte de mediaci\u00f3 ens situa en un moment en que dos alumnes o grup d\u2019alumnes experimenten una situaci\u00f3 conflictiva i decideixen seure a parlar d\u2019ella en pres\u00e8ncia d\u2019un altra persona (que no emetr\u00e0 cap judici de valor ni decidir\u00e0 per ells), creant un escenari \u00fanic que els ofereix l\u2019oportunitat d\u2019afrontar els conflictes per un mateix i de buscar en com\u00fa vies de reparaci\u00f3 i reconciliaci\u00f3.<\/p>\n<p style=\"text-align: justify;\"><span style=\"color: #008080;\"><strong><u>Qui forma part del projecte de mediaci\u00f3?<\/u><\/strong><\/span><\/p>\n<p style=\"text-align: justify;\">Aquest curs 2020-2021 en el que iniciarem la mediaci\u00f3 escolar al nostre centre, formaran part del projecte les professores del departament d\u2019orientaci\u00f3 i tres professores del centre que han rebut la formaci\u00f3. El proper curs 2021-2022 ens agradaria ampliar el nombre de professors\/es mediadors\/es i incloure tamb\u00e9 un redu\u00eft grup d\u2019alumnes voluntaris que , un cop hagin rebut la formaci\u00f3 pertinent, puguin entrar a formar part del projecte de mediaci\u00f3.<\/p>\n<p style=\"text-align: justify;\">\n","protected":false},"excerpt":{"rendered":"<p>D\u2019on sorgeix la necessitat de tenir un projecte de mediaci\u00f3?<br \/>\nActualment vivim en una societat complexa i diversa, una societat din\u00e0mica, amb canvis constants, on tots i totes tenim cabuda. Una societat plural, amb diferents cultures, nacionalitats i religions i on la toler\u00e0ncia, l\u2019empatia i l\u2019harmonia&hellip;  <a href=\"https:\/\/agora.xtec.cat\/ies-rbiv-cambrils\/estudis\/eso\/mediacio-escolar\/\" title=\"Read Mediaci\u00f3 escolar\">Llegeix m\u00e9s\u00bb<\/a><\/p>\n","protected":false},"author":337,"featured_media":0,"parent":968,"menu_order":32,"comment_status":"closed","ping_status":"closed","template":"page-templates\/side-menu.php","meta":{"_bbp_topic_count":0,"_bbp_reply_count":0,"_bbp_total_topic_count":0,"_bbp_total_reply_count":0,"_bbp_voice_count":0,"_bbp_anonymous_reply_count":0,"_bbp_topic_count_hidden":0,"_bbp_reply_count_hidden":0,"_bbp_forum_subforum_count":0,"footnotes":""},"class_list":["post-11115","page","type-page","status-publish","hentry"],"post_mailing_queue_ids":[],"_links":{"self":[{"href":"https:\/\/agora.xtec.cat\/ies-rbiv-cambrils\/wp-json\/wp\/v2\/pages\/11115","targetHints":{"allow":["GET"]}}],"collection":[{"href":"https:\/\/agora.xtec.cat\/ies-rbiv-cambrils\/wp-json\/wp\/v2\/pages"}],"about":[{"href":"https:\/\/agora.xtec.cat\/ies-rbiv-cambrils\/wp-json\/wp\/v2\/types\/page"}],"author":[{"embeddable":true,"href":"https:\/\/agora.xtec.cat\/ies-rbiv-cambrils\/wp-json\/wp\/v2\/users\/337"}],"replies":[{"embeddable":true,"href":"https:\/\/agora.xtec.cat\/ies-rbiv-cambrils\/wp-json\/wp\/v2\/comments?post=11115"}],"version-history":[{"count":3,"href":"https:\/\/agora.xtec.cat\/ies-rbiv-cambrils\/wp-json\/wp\/v2\/pages\/11115\/revisions"}],"predecessor-version":[{"id":11121,"href":"https:\/\/agora.xtec.cat\/ies-rbiv-cambrils\/wp-json\/wp\/v2\/pages\/11115\/revisions\/11121"}],"up":[{"embeddable":true,"href":"https:\/\/agora.xtec.cat\/ies-rbiv-cambrils\/wp-json\/wp\/v2\/pages\/968"}],"wp:attachment":[{"href":"https:\/\/agora.xtec.cat\/ies-rbiv-cambrils\/wp-json\/wp\/v2\/media?parent=11115"}],"curies":[{"name":"wp","href":"https:\/\/api.w.org\/{rel}","templated":true}]}}