{"id":11037,"date":"2021-02-22T18:20:12","date_gmt":"2021-02-22T17:20:12","guid":{"rendered":"https:\/\/agora.xtec.cat\/ies-rbiv-cambrils\/?page_id=11037"},"modified":"2025-02-25T09:34:07","modified_gmt":"2025-02-25T08:34:07","slug":"assemblees-participatives","status":"publish","type":"page","link":"https:\/\/agora.xtec.cat\/ies-rbiv-cambrils\/estudis\/eso\/assemblees-participatives\/","title":{"rendered":"Assemblees participatives"},"content":{"rendered":"<p style=\"text-align: justify;\">Amb el projecte &#8220;Assemblea&#8221; ens proposem educar el nostre alumnat en la responsabilitzaci\u00f3 dels seus processos educatius dins la seva etapa al nostre centre. A difer\u00e8ncia de la democr\u00e0cia representativa que tamb\u00e9 duem a terme, en qu\u00e8 cada grup escull un delegat o delegada que representa el grup en les reunions amb l&#8217;equip directiu, en una assemblea tots l&#8217;alumnat t\u00e9 veu i vot.<\/p>\n<p style=\"text-align: justify;\">Les assemblees es produeixen en diferents fases. Primer de tot, cada grup-classe du a terme la seva assemblea local, i despr\u00e9s es convoca l&#8217;assemblea global de totes les classes de cada nivell. La tem\u00e0tica \u00e9s diferent a cada curs, per\u00f2 la idea fonamental \u00e9s que siguin els propis alumnes els qui materialitzin les seves propostes entorn un eix central. Aquest curs, per exemple, l&#8217;assemblea de 3r d&#8217;ESO s&#8217;ha preguntat: &#8220;com podem millorar la imatge del centre?&#8221;, sota el lema \u00abBerenguer, posa&#8217;t guapo\u00bb.<\/p>\n<p style=\"text-align: justify;\">Aix\u00ed doncs, mitjan\u00e7ant les assemblees el nostre alumnat pren consci\u00e8ncia de la import\u00e0ncia de ser responsables de les seves decisions, se n&#8217;adona de la import\u00e0ncia d&#8217;implicar-se per materialitzar les seves pr\u00f2pies idees, i participa de manera activa en un proc\u00e9s democr\u00e0tic que els afecta de manera directa.<\/p>\n<div style=\"text-align: justify;\"><\/div>\n<div><\/div>\n<div><\/div>\n","protected":false},"excerpt":{"rendered":"<p>Amb el projecte &#8220;Assemblea&#8221; ens proposem educar el nostre alumnat en la responsabilitzaci\u00f3 dels seus processos educatius dins la seva etapa al nostre centre. A difer\u00e8ncia de la democr\u00e0cia representativa que tamb\u00e9 duem a terme, en qu\u00e8 cada grup escull un delegat o delegada que&hellip;  <a href=\"https:\/\/agora.xtec.cat\/ies-rbiv-cambrils\/estudis\/eso\/assemblees-participatives\/\" title=\"Read Assemblees participatives\">Llegeix m\u00e9s\u00bb<\/a><\/p>\n","protected":false},"author":337,"featured_media":0,"parent":968,"menu_order":60,"comment_status":"closed","ping_status":"closed","template":"page-templates\/side-menu.php","meta":{"_bbp_topic_count":0,"_bbp_reply_count":0,"_bbp_total_topic_count":0,"_bbp_total_reply_count":0,"_bbp_voice_count":0,"_bbp_anonymous_reply_count":0,"_bbp_topic_count_hidden":0,"_bbp_reply_count_hidden":0,"_bbp_forum_subforum_count":0,"footnotes":""},"class_list":["post-11037","page","type-page","status-publish","hentry"],"post_mailing_queue_ids":[],"_links":{"self":[{"href":"https:\/\/agora.xtec.cat\/ies-rbiv-cambrils\/wp-json\/wp\/v2\/pages\/11037","targetHints":{"allow":["GET"]}}],"collection":[{"href":"https:\/\/agora.xtec.cat\/ies-rbiv-cambrils\/wp-json\/wp\/v2\/pages"}],"about":[{"href":"https:\/\/agora.xtec.cat\/ies-rbiv-cambrils\/wp-json\/wp\/v2\/types\/page"}],"author":[{"embeddable":true,"href":"https:\/\/agora.xtec.cat\/ies-rbiv-cambrils\/wp-json\/wp\/v2\/users\/337"}],"replies":[{"embeddable":true,"href":"https:\/\/agora.xtec.cat\/ies-rbiv-cambrils\/wp-json\/wp\/v2\/comments?post=11037"}],"version-history":[{"count":4,"href":"https:\/\/agora.xtec.cat\/ies-rbiv-cambrils\/wp-json\/wp\/v2\/pages\/11037\/revisions"}],"predecessor-version":[{"id":15307,"href":"https:\/\/agora.xtec.cat\/ies-rbiv-cambrils\/wp-json\/wp\/v2\/pages\/11037\/revisions\/15307"}],"up":[{"embeddable":true,"href":"https:\/\/agora.xtec.cat\/ies-rbiv-cambrils\/wp-json\/wp\/v2\/pages\/968"}],"wp:attachment":[{"href":"https:\/\/agora.xtec.cat\/ies-rbiv-cambrils\/wp-json\/wp\/v2\/media?parent=11037"}],"curies":[{"name":"wp","href":"https:\/\/api.w.org\/{rel}","templated":true}]}}