{"id":11032,"date":"2021-02-22T18:18:39","date_gmt":"2021-02-22T17:18:39","guid":{"rendered":"https:\/\/agora.xtec.cat\/ies-rbiv-cambrils\/?page_id=11032"},"modified":"2025-11-24T18:55:14","modified_gmt":"2025-11-24T17:55:14","slug":"idiomes","status":"publish","type":"page","link":"https:\/\/agora.xtec.cat\/ies-rbiv-cambrils\/estudis\/eso\/idiomes\/","title":{"rendered":"Idiomes"},"content":{"rendered":"<p style=\"font-weight: 400; text-align: justify;\">En un m\u00f3n globalitzat, l&#8217;aprenentatge de lleng\u00fces estrangeres \u00e9s una aposta segura dins de l&#8217;educaci\u00f3. La nostra oferta est\u00e0 dissenyada per a oferir un ventall d&#8217;opcions perqu\u00e8 els alumnes interessats i motivats per ampliar el seu bagatge pluriling\u00fce i pluricultural puguin cursar dues lleng\u00fces estrangeres al llarg de l&#8217;ESO.<\/p>\n<p style=\"font-weight: 400; text-align: justify;\">Les lleng\u00fces estrangeres estan inserides dins del curr\u00edculum de la manera seg\u00fcent:<\/p>\n<p style=\"font-weight: 400; text-align: justify;\">Una primera llengua estrangera obligat\u00f2ria (Angl\u00e8s\/Franc\u00e8s) amb una c\u00e0rrega lectiva de 2 h setmanals a 1r ESO i de 3 h setmanals a 2n, 3r i 4t ESO.<\/p>\n<p style=\"font-weight: 400; text-align: justify;\">Una segona llengua estrangera opcional (Angl\u00e8s\/Franc\u00e8s\/Alemany) i de continu\u00eftat obligat\u00f2ria durant tot el cicle, amb una c\u00e0rrega lectiva de 2 h setmanals.<\/p>\n<p>A batxillerat, s&#8217;ofereix un segon idioma \u2014segons demanda\u2014 amb una c\u00e0rrega lectiva de 3 h a primer de batxillerat i de 4 h a segon.<\/p>\n<p style=\"font-weight: 400; text-align: justify;\">Facilitem tamb\u00e9 la preparaci\u00f3 i la inscripci\u00f3 a les proves oficials d\u2019angl\u00e8s (PET, KET, First i CAE), de franc\u00e8s (DELF A2, B1 i B2) i Alemany (Gohete Institut A1).<\/p>\n<p style=\"font-weight: 400; text-align: justify;\">L\u2019alumnat que aix\u00ed ho desitgi, per tant, al acabar el seu itinerari a l&#8217;Institut Ramon Berenguer IV, de Cambrils, pot sortir amb una compet\u00e8ncia pluriling\u00fce de fins i tot quatre lleng\u00fces: catal\u00e0, castell\u00e0, angl\u00e8s\/franc\u00e8s i\/o alemany.<\/p>\n<h2 style=\"text-align: center;\">ANGL\u00c8S<\/h2>\n<p>El nostre institut\u00a0 \u00e9s centre examinador dels ex\u00e0mens oficials certificats per la University of Cambridge de nivell d\u2019angl\u00e8s, gr\u00e0cies a la col\u00b7laboraci\u00f3 amb l&#8217;European College.<\/p>\n<p>Com ja sabeu, un dels objectius de l\u2019institut \u00e9s donar oportunitats i facilitar als nostres alumnes el poder aconseguir tenir un domini \u00f2ptim de l&#8217;angl\u00e8s. \u00c9s per aix\u00f2 que els oferim que es puguin presentar al centre, amb totes les facilitats que aix\u00f2 comporta.<\/p>\n<h2 style=\"text-align: center;\">FRANC\u00c8S<\/h2>\n<p>L\u2019Institut Franc\u00e8s de Barcelona \u2014entitat que organitza i gestiona els ex\u00e0mens DELF, reconeguts internacionalment\u2014 i el Departament d&#8217;Educaci\u00f3 i Formaci\u00f3 Professional de la Generalitat de Catalunya tenen un acord pel qual els alumnes de secund\u00e0ria que es matriculin a trav\u00e9s del seu centre, gaudiran d\u2019un descompte en el preu de la inscripci\u00f3.<\/p>\n<p>L&#8217;\u00c0rea de Franc\u00e8s del Departament de Lleng\u00fces Estrangeres del nostre centre educatiu ofereix, doncs, als seus alumnes la possibilitat de preparar-se i presentar-se als ex\u00e0mens DELF (A2, B1 i B2) per poder finalitzar l&#8217;ESO i\/o el BAT havent acreditat el seu nivell de llengua francesa. D\u2019altra banda, l&#8217;INS Ramon Berenguer IV, de Cambrils, \u00e9s seu examinadora de l\u2019examen d\u2019expressi\u00f3 oral, cosa que evita als nostres alumnes haver-se de despla\u00e7ar aquell dia a Reus.<\/p>\n<h2 style=\"text-align: center;\">ALEMANY<\/h2>\n<p>En concloure els estudis programats de llengua alemanya, com a mat\u00e8ria optativa de 2n idioma dins l\u2019etapa de l&#8217;ESO, l&#8217;INS Ramon Berenguer IV, de Cambrils, ofereix la possibilitat de realitzar l\u2019examen oficial <i>Zertifikat A1 Fit in Deutsch<\/i> que atorga el Goethe Institut. El RBIV facilita l\u2019assessorament necessari a les fam\u00edlies, resol totes les gestions d\u2019inscripci\u00f3 i es fa c\u00e0rrec de la preparaci\u00f3 dels candidats.<\/p>\n","protected":false},"excerpt":{"rendered":"<p>En un m\u00f3n globalitzat, l&#8217;aprenentatge de lleng\u00fces estrangeres \u00e9s una aposta segura dins de l&#8217;educaci\u00f3. La nostra oferta est\u00e0 dissenyada per a oferir un ventall d&#8217;opcions perqu\u00e8 els alumnes interessats i motivats per ampliar el seu bagatge pluriling\u00fce i pluricultural puguin cursar dues lleng\u00fces estrangeres&hellip;  <a href=\"https:\/\/agora.xtec.cat\/ies-rbiv-cambrils\/estudis\/eso\/idiomes\/\" title=\"Read Idiomes\">Llegeix m\u00e9s\u00bb<\/a><\/p>\n","protected":false},"author":337,"featured_media":0,"parent":968,"menu_order":40,"comment_status":"closed","ping_status":"closed","template":"page-templates\/side-menu.php","meta":{"_bbp_topic_count":0,"_bbp_reply_count":0,"_bbp_total_topic_count":0,"_bbp_total_reply_count":0,"_bbp_voice_count":0,"_bbp_anonymous_reply_count":0,"_bbp_topic_count_hidden":0,"_bbp_reply_count_hidden":0,"_bbp_forum_subforum_count":0,"footnotes":""},"class_list":["post-11032","page","type-page","status-publish","hentry"],"post_mailing_queue_ids":[],"_links":{"self":[{"href":"https:\/\/agora.xtec.cat\/ies-rbiv-cambrils\/wp-json\/wp\/v2\/pages\/11032","targetHints":{"allow":["GET"]}}],"collection":[{"href":"https:\/\/agora.xtec.cat\/ies-rbiv-cambrils\/wp-json\/wp\/v2\/pages"}],"about":[{"href":"https:\/\/agora.xtec.cat\/ies-rbiv-cambrils\/wp-json\/wp\/v2\/types\/page"}],"author":[{"embeddable":true,"href":"https:\/\/agora.xtec.cat\/ies-rbiv-cambrils\/wp-json\/wp\/v2\/users\/337"}],"replies":[{"embeddable":true,"href":"https:\/\/agora.xtec.cat\/ies-rbiv-cambrils\/wp-json\/wp\/v2\/comments?post=11032"}],"version-history":[{"count":5,"href":"https:\/\/agora.xtec.cat\/ies-rbiv-cambrils\/wp-json\/wp\/v2\/pages\/11032\/revisions"}],"predecessor-version":[{"id":16955,"href":"https:\/\/agora.xtec.cat\/ies-rbiv-cambrils\/wp-json\/wp\/v2\/pages\/11032\/revisions\/16955"}],"up":[{"embeddable":true,"href":"https:\/\/agora.xtec.cat\/ies-rbiv-cambrils\/wp-json\/wp\/v2\/pages\/968"}],"wp:attachment":[{"href":"https:\/\/agora.xtec.cat\/ies-rbiv-cambrils\/wp-json\/wp\/v2\/media?parent=11032"}],"curies":[{"name":"wp","href":"https:\/\/api.w.org\/{rel}","templated":true}]}}