{"id":11010,"date":"2021-02-22T17:54:19","date_gmt":"2021-02-22T16:54:19","guid":{"rendered":"https:\/\/agora.xtec.cat\/ies-rbiv-cambrils\/?page_id=11010"},"modified":"2024-11-21T10:20:55","modified_gmt":"2024-11-21T09:20:55","slug":"oferta-academica","status":"publish","type":"page","link":"https:\/\/agora.xtec.cat\/ies-rbiv-cambrils\/estudis\/eso\/oferta-academica\/","title":{"rendered":"Oferta acad\u00e8mica"},"content":{"rendered":"<p style=\"text-align: left;\">L&#8217;educaci\u00f3 secund\u00e0ria obligat\u00f2ria (ESO) s&#8217;engloba dins del per\u00edode de l&#8217;educaci\u00f3 b\u00e0sica, que es regula al <a href=\"https:\/\/projectes.xtec.cat\/nou-curriculum\/educacio-basica\/decret-educacio-basica\/\">decret 175\/2022<\/a>, de 27 de setembre. El decret defineix l\u2019estructura d&#8217;un curr\u00edculum competencial que inclou, com a novetat, el perfil de sortida, les compet\u00e8ncies clau, els indicadors competencials al final de l\u2019etapa i els nous elements curriculars per al desplegament de les mat\u00e8ries: compet\u00e8ncies espec\u00edfiques, criteris d\u2019avaluaci\u00f3, sabers i situacions. Al <a href=\"https:\/\/projectes.xtec.cat\/nou-curriculum\/educacio-basica\/\">web<\/a> del Departament d&#8217;Educaci\u00f3 i Formaci\u00f3 Professional podeu trobar informaci\u00f3 sobre com s&#8217;estructura l&#8217;ensenyament i els pilars b\u00e0sics del decret curricular.<\/p>\n<p>En el marc horari lectiu, els centres han de destinar, a cada curs de tota l&#8217;educaci\u00f3 secund\u00e0ria obligat\u00f2ria, un temps espec\u00edfic setmanal a la promoci\u00f3 de l&#8217;h\u00e0bit lector, com a continu\u00eftat d&#8217;aquesta pr\u00e0ctica iniciada a l&#8217;educaci\u00f3 prim\u00e0ria.<\/p>\n<p>El curr\u00edculum de l&#8217;educaci\u00f3 secund\u00e0ria obligat\u00f2ria s&#8217;estructura en mat\u00e8ries. T\u00e9 dos cicles: un primer cicle inclou els cursos primer, segon i tercer, i un segon cicle, amb el quart curs.<\/p>\n<p>L&#8217;oferta formativa de l&#8217;INS Ramon Berenguer IV per a l&#8217;ESO \u00e9s la seg\u00fcent:<\/p>\n<table class=\" aligncenter\" style=\"width: 67.9017%; border-color: #118f80;\" width=\"67.9017%\">\n<tbody>\n<tr>\n<td style=\"width: 57.6997%;\" colspan=\"2\" width=\"366\"><strong>\u00a0<\/strong><\/td>\n<td style=\"width: 10.7312%;\" width=\"57\"><strong>1r ESO<\/strong><\/td>\n<td style=\"width: 10.8499%;\" width=\"66\"><strong>2n ESO<\/strong><\/td>\n<td style=\"width: 9.99761%;\" width=\"57\"><strong>3r ESO<\/strong><\/td>\n<td style=\"width: 20.1283%;\" width=\"57\"><strong>4t ESO<\/strong><\/td>\n<\/tr>\n<tr>\n<td style=\"width: 15.7895%;\" rowspan=\"13\" width=\"97\">\n<p style=\"text-align: center;\"><strong>\u00a0<\/strong><strong>Mat\u00e8ries comunes<\/strong><\/p>\n<\/td>\n<td style=\"width: 41.9102%;\" width=\"269\">Llengua catalana i literatura<\/td>\n<td style=\"width: 10.7312%;\" width=\"57\">2<\/td>\n<td style=\"width: 10.8499%;\" width=\"66\">3<\/td>\n<td style=\"width: 9.99761%;\" width=\"57\">2<\/td>\n<td style=\"width: 20.1283%;\" width=\"57\">3<\/td>\n<\/tr>\n<tr>\n<td style=\"width: 41.9102%;\" width=\"269\">Llengua castellana i literatura<\/td>\n<td style=\"width: 10.7312%;\" width=\"57\">2<\/td>\n<td style=\"width: 10.8499%;\" width=\"66\">2<\/td>\n<td style=\"width: 9.99761%;\" width=\"57\">3<\/td>\n<td style=\"width: 20.1283%;\" width=\"57\">3<\/td>\n<\/tr>\n<tr>\n<td style=\"width: 41.9102%;\" width=\"269\">Llengua estrangera: angl\u00e8s o franc\u00e8s<\/td>\n<td style=\"width: 10.7312%;\" width=\"57\">2<\/td>\n<td style=\"width: 10.8499%;\" width=\"66\">3<\/td>\n<td style=\"width: 9.99761%;\" width=\"57\">3<\/td>\n<td style=\"width: 20.1283%;\" width=\"57\">3<\/td>\n<\/tr>\n<tr>\n<td style=\"width: 41.9102%;\" width=\"269\">Ci\u00e8ncies Socials: Geografia i Hist\u00f2ria<\/td>\n<td style=\"width: 10.7312%;\" width=\"57\">3<\/td>\n<td style=\"width: 10.8499%;\" width=\"66\">3<\/td>\n<td style=\"width: 9.99761%;\" width=\"57\">2<\/td>\n<td style=\"width: 20.1283%;\" width=\"57\">2<\/td>\n<\/tr>\n<tr>\n<td style=\"width: 41.9102%;\" width=\"269\">Biologia i Geologia<\/td>\n<td style=\"width: 10.7312%;\" width=\"57\">2<\/td>\n<td style=\"width: 10.8499%;\" width=\"66\">&#8211;<\/td>\n<td style=\"width: 9.99761%;\" width=\"57\">2<\/td>\n<td style=\"width: 20.1283%;\" width=\"57\">&#8211;<\/td>\n<\/tr>\n<tr>\n<td style=\"width: 41.9102%;\" width=\"269\">F\u00edsica i Qu\u00edmica<\/td>\n<td style=\"width: 10.7312%;\" width=\"57\">&#8211;<\/td>\n<td style=\"width: 10.8499%;\" width=\"66\">2<\/td>\n<td style=\"width: 9.99761%;\" width=\"57\">2<\/td>\n<td style=\"width: 20.1283%;\" width=\"57\">&#8211;<\/td>\n<\/tr>\n<tr>\n<td style=\"width: 41.9102%;\" width=\"269\">Matem\u00e0tiques<\/td>\n<td style=\"width: 10.7312%;\" width=\"57\">3<\/td>\n<td style=\"width: 10.8499%;\" width=\"66\">3<\/td>\n<td style=\"width: 9.99761%;\" width=\"57\">3<\/td>\n<td style=\"width: 20.1283%;\" width=\"57\">4<\/td>\n<\/tr>\n<tr>\n<td style=\"width: 41.9102%;\" width=\"269\">Educaci\u00f3 F\u00edsica<\/td>\n<td style=\"width: 10.7312%;\" width=\"57\">2<\/td>\n<td style=\"width: 10.8499%;\" width=\"66\">2<\/td>\n<td style=\"width: 9.99761%;\" width=\"57\">2<\/td>\n<td style=\"width: 20.1283%;\" width=\"57\">2<\/td>\n<\/tr>\n<tr>\n<td style=\"width: 41.9102%;\" width=\"269\">M\u00fasica<\/td>\n<td style=\"width: 10.7312%;\" width=\"57\">2<\/td>\n<td style=\"width: 10.8499%;\" width=\"66\">&#8211;<\/td>\n<td style=\"width: 9.99761%;\" width=\"57\">2<\/td>\n<td style=\"width: 20.1283%;\" width=\"57\">&#8211;<\/td>\n<\/tr>\n<tr>\n<td style=\"width: 41.9102%;\" width=\"269\">Educaci\u00f3 Pl\u00e0stica, Visual i Audiovisual<\/td>\n<td style=\"width: 10.7312%;\" width=\"57\">2<\/td>\n<td style=\"width: 10.8499%;\" width=\"66\">2<\/td>\n<td style=\"width: 9.99761%;\" width=\"57\">&#8211;<\/td>\n<td style=\"width: 20.1283%;\" width=\"57\">&#8211;<\/td>\n<\/tr>\n<tr>\n<td style=\"width: 41.9102%;\" width=\"269\">Tecnologia i Digitalitzaci\u00f3<\/td>\n<td style=\"width: 10.7312%;\" width=\"57\">2<\/td>\n<td style=\"width: 10.8499%;\" width=\"66\">2<\/td>\n<td style=\"width: 9.99761%;\" width=\"57\">1<\/td>\n<td style=\"width: 20.1283%;\" width=\"57\">&#8211;<\/td>\n<\/tr>\n<tr>\n<td style=\"width: 41.9102%;\" width=\"269\">Religi\u00f3 o Activitats culturals i c\u00edviques<\/td>\n<td style=\"width: 10.7312%;\" width=\"57\">1<\/td>\n<td style=\"width: 10.8499%;\" width=\"66\">1<\/td>\n<td style=\"width: 9.99761%;\" width=\"57\">1<\/td>\n<td style=\"width: 20.1283%;\" width=\"57\">1<\/td>\n<\/tr>\n<tr>\n<td style=\"width: 41.9102%;\" width=\"269\">Educaci\u00f3 en Valors C\u00edvics i \u00c8tics<\/td>\n<td style=\"width: 10.7312%;\" width=\"57\">&#8211;<\/td>\n<td style=\"width: 10.8499%;\" width=\"66\">&#8211;<\/td>\n<td style=\"width: 9.99761%;\" width=\"57\">&#8211;<\/td>\n<td style=\"width: 20.1283%;\" width=\"57\">1<\/td>\n<\/tr>\n<tr>\n<td style=\"width: 15.7895%;\" rowspan=\"21\" width=\"97\">\n<p style=\"text-align: center;\"><strong>Mat\u00e8ries optatives<\/strong><\/p>\n<\/td>\n<td style=\"width: 41.9102%;\" width=\"269\">Segona llengua angl\u00e8s<\/td>\n<td style=\"width: 10.7312%;\" width=\"57\">2<\/td>\n<td style=\"width: 10.8499%;\" width=\"66\">2<\/td>\n<td style=\"width: 9.99761%;\" width=\"57\">2<\/td>\n<td style=\"width: 20.1283%;\" width=\"57\">2<\/td>\n<\/tr>\n<tr>\n<td style=\"width: 41.9102%;\" width=\"269\">Segona llengua franc\u00e8s<\/td>\n<td style=\"width: 10.7312%;\" width=\"57\">2<\/td>\n<td style=\"width: 10.8499%;\" width=\"66\">2<\/td>\n<td style=\"width: 9.99761%;\" width=\"57\">2<\/td>\n<td style=\"width: 20.1283%;\" width=\"57\">2<\/td>\n<\/tr>\n<tr>\n<td style=\"width: 41.9102%;\" width=\"269\">Segona llengua alemany<\/td>\n<td style=\"width: 10.7312%;\" width=\"57\">2<\/td>\n<td style=\"width: 10.8499%;\" width=\"66\">2<\/td>\n<td style=\"width: 9.99761%;\" width=\"57\">2<\/td>\n<td style=\"width: 20.1283%;\" width=\"57\">2<\/td>\n<\/tr>\n<tr>\n<td style=\"width: 41.9102%;\" width=\"269\">Teatro<\/td>\n<td style=\"width: 10.7312%;\" width=\"57\">2<\/td>\n<td style=\"width: 10.8499%;\" width=\"66\">&#8211;<\/td>\n<td style=\"width: 9.99761%;\" width=\"57\">&#8211;<\/td>\n<td style=\"width: 20.1283%;\" width=\"57\">&#8211;<\/td>\n<\/tr>\n<tr>\n<td style=\"width: 41.9102%;\" width=\"269\">L\u2019hort escolar<\/td>\n<td style=\"width: 10.7312%;\" width=\"57\">2<\/td>\n<td style=\"width: 10.8499%;\" width=\"66\">&#8211;<\/td>\n<td style=\"width: 9.99761%;\" width=\"57\">&#8211;<\/td>\n<td style=\"width: 20.1283%;\" width=\"57\">&#8211;<\/td>\n<\/tr>\n<tr>\n<td style=\"width: 41.9102%;\" width=\"269\">Laboratori matem\u00e0tic<\/td>\n<td style=\"width: 10.7312%;\" width=\"57\">2<\/td>\n<td style=\"width: 10.8499%;\" width=\"66\">&#8211;<\/td>\n<td style=\"width: 9.99761%;\" width=\"57\">&#8211;<\/td>\n<td style=\"width: 20.1283%;\" width=\"57\">&#8211;<\/td>\n<\/tr>\n<tr>\n<td style=\"width: 41.9102%;\" width=\"269\">M\u00fasica<\/td>\n<td style=\"width: 10.7312%;\" width=\"57\">&#8211;<\/td>\n<td style=\"width: 10.8499%;\" width=\"66\">2<\/td>\n<td style=\"width: 9.99761%;\" width=\"57\">&#8211;<\/td>\n<td style=\"width: 20.1283%;\" width=\"57\">2<\/td>\n<\/tr>\n<tr>\n<td style=\"width: 41.9102%;\" width=\"269\">Mitjans de comunicaci\u00f3<\/td>\n<td style=\"width: 10.7312%;\" width=\"57\">&#8211;<\/td>\n<td style=\"width: 10.8499%;\" width=\"66\">2<\/td>\n<td style=\"width: 9.99761%;\" width=\"57\">&#8211;<\/td>\n<td style=\"width: 20.1283%;\" width=\"57\">&#8211;<\/td>\n<\/tr>\n<tr>\n<td style=\"width: 41.9102%;\" width=\"269\">Rob\u00f2tica<\/td>\n<td style=\"width: 10.7312%;\" width=\"57\">&#8211;<\/td>\n<td style=\"width: 10.8499%;\" width=\"66\">2<\/td>\n<td style=\"width: 9.99761%;\" width=\"57\">&#8211;<\/td>\n<td style=\"width: 20.1283%;\" width=\"57\">&#8211;<\/td>\n<\/tr>\n<tr>\n<td style=\"width: 41.9102%;\" width=\"269\">Cultura cl\u00e0ssica<\/td>\n<td style=\"width: 10.7312%;\" width=\"57\">&#8211;<\/td>\n<td style=\"width: 10.8499%;\" width=\"66\">&#8211;<\/td>\n<td style=\"width: 9.99761%;\" width=\"57\">2<\/td>\n<td style=\"width: 20.1283%;\" width=\"57\">2<\/td>\n<\/tr>\n<tr>\n<td style=\"width: 41.9102%;\" width=\"269\">Emprenedoria<\/td>\n<td style=\"width: 10.7312%;\" width=\"57\">&#8211;<\/td>\n<td style=\"width: 10.8499%;\" width=\"66\">&#8211;<\/td>\n<td style=\"width: 9.99761%;\" width=\"57\">2<\/td>\n<td style=\"width: 20.1283%;\" width=\"57\">&#8211;<\/td>\n<\/tr>\n<tr>\n<td style=\"width: 41.9102%;\" width=\"269\">Aix\u00f2 tamb\u00e9 s\u2019apren a l\u2019Institut<\/td>\n<td style=\"width: 10.7312%;\" width=\"57\">&#8211;<\/td>\n<td style=\"width: 10.8499%;\" width=\"66\">&#8211;<\/td>\n<td style=\"width: 9.99761%;\" width=\"57\">2<\/td>\n<td style=\"width: 20.1283%;\" width=\"57\">&#8211;<\/td>\n<\/tr>\n<tr>\n<td style=\"width: 41.9102%;\" width=\"269\">F\u00edsica i Qu\u00edmica<\/td>\n<td style=\"width: 10.7312%;\" width=\"57\">&#8211;<\/td>\n<td style=\"width: 10.8499%;\" width=\"66\">&#8211;<\/td>\n<td style=\"width: 9.99761%;\" width=\"57\">&#8211;<\/td>\n<td style=\"width: 20.1283%;\" width=\"57\">2<\/td>\n<\/tr>\n<tr>\n<td style=\"width: 41.9102%;\" width=\"269\">Biologia i Geologia<\/td>\n<td style=\"width: 10.7312%;\" width=\"57\">&#8211;<\/td>\n<td style=\"width: 10.8499%;\" width=\"66\">&#8211;<\/td>\n<td style=\"width: 9.99761%;\" width=\"57\">&#8211;<\/td>\n<td style=\"width: 20.1283%;\" width=\"57\">2<\/td>\n<\/tr>\n<tr>\n<td style=\"width: 41.9102%;\" width=\"269\">Digitalitzaci\u00f3<\/td>\n<td style=\"width: 10.7312%;\" width=\"57\">&#8211;<\/td>\n<td style=\"width: 10.8499%;\" width=\"66\">&#8211;<\/td>\n<td style=\"width: 9.99761%;\" width=\"57\">&#8211;<\/td>\n<td style=\"width: 20.1283%;\" width=\"57\">2<\/td>\n<\/tr>\n<tr>\n<td style=\"width: 41.9102%;\" width=\"269\">Economia B\u00e0sica<\/td>\n<td style=\"width: 10.7312%;\" width=\"57\">&#8211;<\/td>\n<td style=\"width: 10.8499%;\" width=\"66\">&#8211;<\/td>\n<td style=\"width: 9.99761%;\" width=\"57\">&#8211;<\/td>\n<td style=\"width: 20.1283%;\" width=\"57\">2<\/td>\n<\/tr>\n<tr>\n<td style=\"width: 41.9102%;\" width=\"269\">Formaci\u00f3 i Orientaci\u00f3 Personal i Professional<\/td>\n<td style=\"width: 10.7312%;\" width=\"57\">&#8211;<\/td>\n<td style=\"width: 10.8499%;\" width=\"66\">&#8211;<\/td>\n<td style=\"width: 9.99761%;\" width=\"57\">&#8211;<\/td>\n<td style=\"width: 20.1283%;\" width=\"57\">2<\/td>\n<\/tr>\n<tr>\n<td style=\"width: 41.9102%;\" width=\"269\">Llat\u00ed: Llengua i Cultura<\/td>\n<td style=\"width: 10.7312%;\" width=\"57\">&#8211;<\/td>\n<td style=\"width: 10.8499%;\" width=\"66\">&#8211;<\/td>\n<td style=\"width: 9.99761%;\" width=\"57\">&#8211;<\/td>\n<td style=\"width: 20.1283%;\" width=\"57\">2<\/td>\n<\/tr>\n<tr>\n<td style=\"width: 41.9102%;\" width=\"269\">Filosofia<\/td>\n<td style=\"width: 10.7312%;\" width=\"57\">&#8211;<\/td>\n<td style=\"width: 10.8499%;\" width=\"66\">&#8211;<\/td>\n<td style=\"width: 9.99761%;\" width=\"57\">&#8211;<\/td>\n<td style=\"width: 20.1283%;\" width=\"57\">2<\/td>\n<\/tr>\n<tr>\n<td style=\"width: 41.9102%;\" width=\"269\">Tecnologia<\/td>\n<td style=\"width: 10.7312%;\" width=\"57\">&#8211;<\/td>\n<td style=\"width: 10.8499%;\" width=\"66\">&#8211;<\/td>\n<td style=\"width: 9.99761%;\" width=\"57\">&#8211;<\/td>\n<td style=\"width: 20.1283%;\" width=\"57\">2<\/td>\n<\/tr>\n<tr>\n<td style=\"width: 41.9102%;\" width=\"269\">Expressi\u00f3 Art\u00edstica<\/td>\n<td style=\"width: 10.7312%;\" width=\"57\">&#8211;<\/td>\n<td style=\"width: 10.8499%;\" width=\"66\">&#8211;<\/td>\n<td style=\"width: 9.99761%;\" width=\"57\">&#8211;<\/td>\n<td style=\"width: 20.1283%;\" width=\"57\">2<\/td>\n<\/tr>\n<\/tbody>\n<\/table>\n<p>&nbsp;<\/p>\n<p>Els centres disposen d&#8217;un percentatge de l&#8217;horari setmanal (4 hores) que han de gestionar de forma aut\u00f2noma. Aix\u00ed, aquestes hores de qu\u00e8 disposen poden dedicar-se a vertebrar projectes globalitzadors i contextualitzats de car\u00e0cter transversal, que tinguin en compte les oportunitats educatives que ofereix l&#8217;entorn. Aquesta \u00e9s l&#8217;oferta formativa del centre:<\/p>\n<table class=\" aligncenter\" style=\"height: 949px; border-color: #0a6578; width: 64.4167%;\" width=\"64.4167%\">\n<tbody>\n<tr style=\"height: 33px;\">\n<td style=\"width: 11.7195%; height: 33px;\" width=\"64\"><strong>\u00a0<\/strong><\/td>\n<td style=\"width: 91.6787%; height: 33px;\" colspan=\"6\" width=\"558\"><strong>PROJECTES GLOBALITZADORS<\/strong><\/td>\n<\/tr>\n<tr style=\"height: 33px;\">\n<td style=\"width: 11.7195%; height: 33px;\" width=\"64\"><strong>\u00a0<\/strong><\/td>\n<td style=\"width: 28.617%; height: 33px;\" colspan=\"2\" width=\"161\"><strong>1r trimestre<\/strong><\/td>\n<td style=\"width: 31.8517%; height: 33px;\" colspan=\"2\" width=\"198\"><strong>2n trimestre<\/strong><\/td>\n<td style=\"width: 31.21%; height: 33px;\" colspan=\"2\" width=\"198\"><strong>3r trimestre<\/strong><\/td>\n<\/tr>\n<tr style=\"height: 67px;\">\n<td style=\"width: 11.7195%; height: 250px;\" rowspan=\"4\" width=\"64\"><strong>1r ESO<\/strong><\/td>\n<td style=\"width: 23.3193%; height: 67px;\" width=\"132\"><em>Un tour per Cambrils<\/em><\/td>\n<td style=\"width: 5.2976%; height: 67px;\" width=\"28\">1<\/td>\n<td style=\"width: 25.7957%; height: 67px;\" width=\"176\"><em>Jocs amb materials reciclats<\/em><\/td>\n<td style=\"width: 6.05604%; height: 67px;\" width=\"22\">1<\/td>\n<td style=\"width: 23.1378%; height: 134px;\" rowspan=\"2\" width=\"170\"><em>\u00a0<\/em><em>Parlem b\u00e9<\/em><\/td>\n<td style=\"width: 8.07224%; height: 134px;\" rowspan=\"2\" width=\"28\">&nbsp;<\/p>\n<p>2<\/td>\n<\/tr>\n<tr style=\"height: 67px;\">\n<td style=\"width: 23.3193%; height: 67px;\" width=\"132\"><em>Revista digital de centre<\/em><\/td>\n<td style=\"width: 5.2976%; height: 67px;\" width=\"28\">1<\/td>\n<td style=\"width: 25.7957%; height: 67px;\" width=\"176\"><em>\u00cdbers i romans al Camp de Tarragona<\/em><\/td>\n<td style=\"width: 6.05604%; height: 67px;\" width=\"22\">1<\/td>\n<\/tr>\n<tr style=\"height: 58px;\">\n<td style=\"width: 23.3193%; height: 58px;\" width=\"132\"><em>La sostenibilitat a les ciutats del futur<\/em><\/td>\n<td style=\"width: 5.2976%; height: 58px;\" width=\"28\">1<\/td>\n<td style=\"width: 25.7957%; height: 58px;\" width=\"176\"><em>Viatge al planeta vermell<\/em><\/td>\n<td style=\"width: 6.05604%; height: 58px;\" width=\"22\">1<\/td>\n<td style=\"width: 23.1378%; height: 116px;\" rowspan=\"2\" width=\"170\"><em>\u00a0<\/em><em>I si la terra fos plana?<\/em><\/td>\n<td style=\"width: 8.07224%; height: 116px;\" rowspan=\"2\" width=\"28\">&nbsp;<\/p>\n<p>2<\/td>\n<\/tr>\n<tr style=\"height: 58px;\">\n<td style=\"width: 23.3193%; height: 58px;\" width=\"132\"><em>Creixem?<\/em><\/td>\n<td style=\"width: 5.2976%; height: 58px;\" width=\"28\">1<\/td>\n<td style=\"width: 25.7957%; height: 58px;\" width=\"176\"><em>Mapa interactiu del mon<\/em><\/td>\n<td style=\"width: 6.05604%; height: 58px;\" width=\"22\">1<\/td>\n<\/tr>\n<tr style=\"height: 48px;\">\n<td style=\"width: 11.7195%; height: 215px;\" rowspan=\"3\" width=\"64\"><strong>2n ESO<\/strong><\/td>\n<td style=\"width: 23.3193%; height: 48px;\" width=\"132\"><em>Matem\u00e0tiques i sport<\/em><\/td>\n<td style=\"width: 5.2976%; height: 48px;\" width=\"28\">2<\/td>\n<td style=\"width: 25.7957%; height: 48px;\" width=\"176\"><em>Literatura i educaci\u00f3 emocional<\/em><\/td>\n<td style=\"width: 6.05604%; height: 48px;\" width=\"22\">2<\/td>\n<td style=\"width: 23.1378%; height: 48px;\" width=\"170\"><em>Campa\u00f1a publicitaria<\/em><\/td>\n<td style=\"width: 8.07224%; height: 48px;\" width=\"28\">2<\/td>\n<\/tr>\n<tr style=\"height: 48px;\">\n<td style=\"width: 23.3193%; height: 48px;\" width=\"132\"><em>La pesta negra<\/em><\/td>\n<td style=\"width: 5.2976%; height: 48px;\" width=\"28\">1<\/td>\n<td style=\"width: 25.7957%; height: 48px;\" width=\"176\"><em>Revista digital de centre<\/em><\/td>\n<td style=\"width: 6.05604%; height: 48px;\" width=\"22\">1<\/td>\n<td style=\"width: 23.1378%; height: 48px;\" width=\"170\"><em>Les begudes isot\u00f2niques<\/em><\/td>\n<td style=\"width: 8.07224%; height: 48px;\" width=\"28\">1<\/td>\n<\/tr>\n<tr style=\"height: 119px;\">\n<td style=\"width: 23.3193%; height: 119px;\" width=\"132\"><em>Maquetem en processador de textos<\/em><\/td>\n<td style=\"width: 5.2976%; height: 119px;\" width=\"28\">1<\/td>\n<td style=\"width: 25.7957%; height: 119px;\" width=\"176\"><em>Globalitzaci\u00f3 i agricultura<\/em><\/td>\n<td style=\"width: 6.05604%; height: 119px;\" width=\"22\">1<\/td>\n<td style=\"width: 23.1378%; height: 119px;\" width=\"170\"><em>\u00a0<\/em><em>Boomwhakers i Ukelele<\/em><\/td>\n<td style=\"width: 8.07224%; height: 119px;\" width=\"28\">1<\/td>\n<\/tr>\n<tr style=\"height: 48px;\">\n<td style=\"width: 11.7195%; height: 177px;\" rowspan=\"4\" width=\"64\"><strong>3r ESO<\/strong><\/td>\n<td style=\"width: 23.3193%; height: 96px;\" rowspan=\"2\" width=\"132\"><em>Lliga de debat<\/em><\/td>\n<td style=\"width: 5.2976%; height: 96px;\" rowspan=\"2\" width=\"28\">2<\/td>\n<td style=\"width: 25.7957%; height: 96px;\" rowspan=\"2\" width=\"176\"><em>La vuelta al mundo en 80 libros<\/em><\/td>\n<td style=\"width: 6.05604%; height: 96px;\" rowspan=\"2\" width=\"22\">2<\/td>\n<td style=\"width: 23.1378%; height: 48px;\" width=\"170\"><em>Viure en democr\u00e0cia<\/em><\/td>\n<td style=\"width: 8.07224%; height: 48px;\" width=\"28\">1<\/td>\n<\/tr>\n<tr style=\"height: 48px;\">\n<td style=\"width: 23.1378%; height: 48px;\" width=\"170\"><em>Un nou model tur\u00edstic a Cambrils<\/em><\/td>\n<td style=\"width: 8.07224%; height: 48px;\" width=\"28\">1<\/td>\n<\/tr>\n<tr style=\"height: 48px;\">\n<td style=\"width: 23.3193%; height: 48px;\" width=\"132\"><em>Intel\u00b7lig\u00e8ncia artificial<\/em><\/td>\n<td style=\"width: 5.2976%; height: 48px;\" width=\"28\">1<\/td>\n<td style=\"width: 25.7957%; height: 48px;\" width=\"176\"><em>Donar \u00f2rgans, donar vida<\/em><\/td>\n<td style=\"width: 6.05604%; height: 48px;\" width=\"22\">1<\/td>\n<td style=\"width: 23.1378%; height: 48px;\" width=\"170\"><em>Berenguer TV Channel<\/em><\/td>\n<td style=\"width: 8.07224%; height: 48px;\" width=\"28\">1<\/td>\n<\/tr>\n<tr style=\"height: 33px;\">\n<td style=\"width: 23.3193%; height: 33px;\" width=\"132\"><em>Inform\u00e0tica musical<\/em><\/td>\n<td style=\"width: 5.2976%; height: 33px;\" width=\"28\">1<\/td>\n<td style=\"width: 25.7957%; height: 33px;\" width=\"176\"><em>Economia dom\u00e8stica I<\/em><\/td>\n<td style=\"width: 6.05604%; height: 33px;\" width=\"22\">1<\/td>\n<td style=\"width: 23.1378%; height: 33px;\" width=\"170\"><em>El cotxe el\u00e8ctric<\/em><\/td>\n<td style=\"width: 8.07224%; height: 33px;\" width=\"28\">1<\/td>\n<\/tr>\n<tr style=\"height: 48px;\">\n<td style=\"width: 11.7195%; height: 241px;\" rowspan=\"4\" width=\"64\"><strong>4t ESO<\/strong><\/td>\n<td style=\"width: 23.3193%; height: 96px;\" rowspan=\"2\" width=\"132\"><em>Lliga de debat<\/em><\/td>\n<td style=\"width: 5.2976%; height: 96px;\" rowspan=\"2\" width=\"28\">2<\/td>\n<td style=\"width: 25.7957%; height: 96px;\" rowspan=\"2\" width=\"176\"><em>El museu de les Matem\u00e0tiques<\/em><\/td>\n<td style=\"width: 6.05604%; height: 96px;\" rowspan=\"2\" width=\"22\">2<\/td>\n<td style=\"width: 23.1378%; height: 48px;\" width=\"170\"><em>Disseny i impressi\u00f3 3D<\/em><\/td>\n<td style=\"width: 8.07224%; height: 48px;\" width=\"28\">1<\/td>\n<\/tr>\n<tr style=\"height: 48px;\">\n<td style=\"width: 23.1378%; height: 48px;\" width=\"170\"><em>Revista digital de centre<\/em><\/td>\n<td style=\"width: 8.07224%; height: 48px;\" width=\"28\">1<\/td>\n<\/tr>\n<tr style=\"height: 48px;\">\n<td style=\"width: 23.3193%; height: 48px;\" width=\"132\"><em>Economia dom\u00e8stica II<\/em><\/td>\n<td style=\"width: 5.2976%; height: 48px;\" width=\"28\">1<\/td>\n<td style=\"width: 25.7957%; height: 48px;\" width=\"176\"><em>Automatitzaci\u00f3<\/em><\/td>\n<td style=\"width: 6.05604%; height: 48px;\" width=\"22\">1<\/td>\n<td style=\"width: 23.1378%; height: 48px;\" width=\"170\"><em>Viatge a l\u2019interior de la terra<\/em><\/td>\n<td style=\"width: 8.07224%; height: 48px;\" width=\"28\">1<\/td>\n<\/tr>\n<tr style=\"height: 97px;\">\n<td style=\"width: 23.3193%; height: 97px;\" width=\"132\"><em>Si som de la mateixa esp\u00e8cie, per qu\u00e8 existeix el racisme?<\/em><\/td>\n<td style=\"width: 5.2976%; height: 97px;\" width=\"28\">1<\/td>\n<td style=\"width: 25.7957%; height: 97px;\" width=\"176\"><em>\u00a0<\/em><\/p>\n<p><em>Batucada<\/em><\/td>\n<td style=\"width: 6.05604%; height: 97px;\" width=\"22\">1<\/td>\n<td style=\"width: 23.1378%; height: 97px;\" width=\"170\"><em>Musealitzaci\u00f3 a partir de la realitat augmentada de la vila romana de la LLosa<\/em><\/td>\n<td style=\"width: 8.07224%; height: 97px;\" width=\"28\">1<\/td>\n<\/tr>\n<\/tbody>\n<\/table>\n<p>&nbsp;<\/p>\n<p>Al primer cicle de l\u2019Educaci\u00f3 Secund\u00e0ria,\u00a0 tot l&#8217;alumnat ha de fer un treball de s\u00edntesi a cada curs. El treball de s\u00edntesi no t\u00e9 ni c\u00e0rrega hor\u00e0ria ni qualificaci\u00f3 espec\u00edfica. S&#8217;avalua en relaci\u00f3 amb les compet\u00e8ncies de les mat\u00e8ries que hi intervenen.<\/p>\n<p>A 4t d\u2019ESO,\u00a0 tot l&#8217;alumnat ha de fer un projecte de recerca. El projecte de recerca no t\u00e9 ni c\u00e0rrega hor\u00e0ria ni qualificaci\u00f3 espec\u00edfica. S&#8217;avalua en relaci\u00f3 amb les compet\u00e8ncies de les mat\u00e8ries que hi intervenen.<\/p>\n","protected":false},"excerpt":{"rendered":"<p>L&#8217;educaci\u00f3 secund\u00e0ria obligat\u00f2ria (ESO) s&#8217;engloba dins del per\u00edode de l&#8217;educaci\u00f3 b\u00e0sica, que es regula al <a href=\"https:\/\/projectes.xtec.cat\/nou-curriculum\/educacio-basica\/decret-educacio-basica\/\">decret 175\/2022<\/a>, de 27 de setembre. El decret defineix l\u2019estructura d&#8217;un curr\u00edculum competencial que inclou, com a novetat, el perfil de sortida, les compet\u00e8ncies clau, els indicadors competencials al&hellip;  <a href=\"https:\/\/agora.xtec.cat\/ies-rbiv-cambrils\/estudis\/eso\/oferta-academica\/\" title=\"Read Oferta acad\u00e8mica\">Llegeix m\u00e9s\u00bb<\/a><\/p>\n","protected":false},"author":337,"featured_media":0,"parent":968,"menu_order":10,"comment_status":"closed","ping_status":"closed","template":"page-templates\/side-menu.php","meta":{"_bbp_topic_count":0,"_bbp_reply_count":0,"_bbp_total_topic_count":0,"_bbp_total_reply_count":0,"_bbp_voice_count":0,"_bbp_anonymous_reply_count":0,"_bbp_topic_count_hidden":0,"_bbp_reply_count_hidden":0,"_bbp_forum_subforum_count":0,"footnotes":""},"class_list":["post-11010","page","type-page","status-publish","hentry"],"post_mailing_queue_ids":[],"_links":{"self":[{"href":"https:\/\/agora.xtec.cat\/ies-rbiv-cambrils\/wp-json\/wp\/v2\/pages\/11010","targetHints":{"allow":["GET"]}}],"collection":[{"href":"https:\/\/agora.xtec.cat\/ies-rbiv-cambrils\/wp-json\/wp\/v2\/pages"}],"about":[{"href":"https:\/\/agora.xtec.cat\/ies-rbiv-cambrils\/wp-json\/wp\/v2\/types\/page"}],"author":[{"embeddable":true,"href":"https:\/\/agora.xtec.cat\/ies-rbiv-cambrils\/wp-json\/wp\/v2\/users\/337"}],"replies":[{"embeddable":true,"href":"https:\/\/agora.xtec.cat\/ies-rbiv-cambrils\/wp-json\/wp\/v2\/comments?post=11010"}],"version-history":[{"count":9,"href":"https:\/\/agora.xtec.cat\/ies-rbiv-cambrils\/wp-json\/wp\/v2\/pages\/11010\/revisions"}],"predecessor-version":[{"id":15073,"href":"https:\/\/agora.xtec.cat\/ies-rbiv-cambrils\/wp-json\/wp\/v2\/pages\/11010\/revisions\/15073"}],"up":[{"embeddable":true,"href":"https:\/\/agora.xtec.cat\/ies-rbiv-cambrils\/wp-json\/wp\/v2\/pages\/968"}],"wp:attachment":[{"href":"https:\/\/agora.xtec.cat\/ies-rbiv-cambrils\/wp-json\/wp\/v2\/media?parent=11010"}],"curies":[{"name":"wp","href":"https:\/\/api.w.org\/{rel}","templated":true}]}}