{"id":11007,"date":"2021-02-22T17:50:15","date_gmt":"2021-02-22T16:50:15","guid":{"rendered":"https:\/\/agora.xtec.cat\/ies-rbiv-cambrils\/?page_id=11007"},"modified":"2025-10-01T17:59:37","modified_gmt":"2025-10-01T15:59:37","slug":"informacio-general","status":"publish","type":"page","link":"https:\/\/agora.xtec.cat\/ies-rbiv-cambrils\/estudis\/eso\/informacio-general\/","title":{"rendered":"Informaci\u00f3 general"},"content":{"rendered":"<p style=\"text-align: justify;\"><span style=\"font-weight: 400;\">L\u2019Educaci\u00f3 Secund\u00e0ria Obligat\u00f2ria (ESO) \u00e9s gratu\u00efta i compr\u00e8n quatre cursos acad\u00e8mics.<\/span><\/p>\n<p style=\"text-align: justify;\"><span style=\"font-weight: 400;\">Generalment s\u2019inicia l\u2019any natural en qu\u00e8 es compleixen 12 anys i s\u2019acaba als 16, tot i que els alumnes tenen dret a romandre al centre en r\u00e8gim ordinari fins als 18.<\/span><\/p>\n<p style=\"text-align: justify;\"><span style=\"font-weight: 400;\">En el seg\u00fcent enlla\u00e7 trobar\u00e0s informaci\u00f3 en general sobre l\u2019ESO (continguts, tr\u00e0mits, normativa&#8230;) elaborada pel Departament d\u2019Educaci\u00f3 de Catalunya:<\/span><\/p>\n<p style=\"text-align: justify;\"><span style=\"font-weight: 400;\">\u00a0<\/span><a href=\"http:\/\/queestudiar.gencat.cat\/ca\/estudis\/secundaria\/\"><span style=\"font-weight: 400;\">INFORMACI\u00d3 GENERAL ESO<\/span><\/a><\/p>\n","protected":false},"excerpt":{"rendered":"<p>L\u2019Educaci\u00f3 Secund\u00e0ria Obligat\u00f2ria (ESO) \u00e9s gratu\u00efta i compr\u00e8n quatre cursos acad\u00e8mics.<br \/>\nGeneralment s\u2019inicia l\u2019any natural en qu\u00e8 es compleixen 12 anys i s\u2019acaba als 16, tot i que els alumnes tenen dret a romandre al centre en r\u00e8gim ordinari fins als 18.<br \/>\nEn el seg\u00fcent enlla\u00e7 trobar\u00e0s&hellip;  <a href=\"https:\/\/agora.xtec.cat\/ies-rbiv-cambrils\/estudis\/eso\/informacio-general\/\" title=\"Read Informaci\u00f3 general\">Llegeix m\u00e9s\u00bb<\/a><\/p>\n","protected":false},"author":337,"featured_media":0,"parent":968,"menu_order":0,"comment_status":"closed","ping_status":"closed","template":"page-templates\/side-menu.php","meta":{"_bbp_topic_count":0,"_bbp_reply_count":0,"_bbp_total_topic_count":0,"_bbp_total_reply_count":0,"_bbp_voice_count":0,"_bbp_anonymous_reply_count":0,"_bbp_topic_count_hidden":0,"_bbp_reply_count_hidden":0,"_bbp_forum_subforum_count":0,"footnotes":""},"class_list":["post-11007","page","type-page","status-publish","hentry"],"post_mailing_queue_ids":[],"_links":{"self":[{"href":"https:\/\/agora.xtec.cat\/ies-rbiv-cambrils\/wp-json\/wp\/v2\/pages\/11007","targetHints":{"allow":["GET"]}}],"collection":[{"href":"https:\/\/agora.xtec.cat\/ies-rbiv-cambrils\/wp-json\/wp\/v2\/pages"}],"about":[{"href":"https:\/\/agora.xtec.cat\/ies-rbiv-cambrils\/wp-json\/wp\/v2\/types\/page"}],"author":[{"embeddable":true,"href":"https:\/\/agora.xtec.cat\/ies-rbiv-cambrils\/wp-json\/wp\/v2\/users\/337"}],"replies":[{"embeddable":true,"href":"https:\/\/agora.xtec.cat\/ies-rbiv-cambrils\/wp-json\/wp\/v2\/comments?post=11007"}],"version-history":[{"count":2,"href":"https:\/\/agora.xtec.cat\/ies-rbiv-cambrils\/wp-json\/wp\/v2\/pages\/11007\/revisions"}],"predecessor-version":[{"id":11137,"href":"https:\/\/agora.xtec.cat\/ies-rbiv-cambrils\/wp-json\/wp\/v2\/pages\/11007\/revisions\/11137"}],"up":[{"embeddable":true,"href":"https:\/\/agora.xtec.cat\/ies-rbiv-cambrils\/wp-json\/wp\/v2\/pages\/968"}],"wp:attachment":[{"href":"https:\/\/agora.xtec.cat\/ies-rbiv-cambrils\/wp-json\/wp\/v2\/media?parent=11007"}],"curies":[{"name":"wp","href":"https:\/\/api.w.org\/{rel}","templated":true}]}}