{"id":1076,"date":"2016-05-18T10:30:04","date_gmt":"2016-05-18T08:30:04","guid":{"rendered":"http:\/\/agora.xtec.cat\/ies-rbiv-cambrils\/?page_id=1076"},"modified":"2025-01-05T11:44:09","modified_gmt":"2025-01-05T10:44:09","slug":"cicle-de-manteniment-electromecanic","status":"publish","type":"page","link":"https:\/\/agora.xtec.cat\/ies-rbiv-cambrils\/estudis\/cicles-formatius\/cicle-de-manteniment-electromecanic\/","title":{"rendered":"CFGM de Manteniment Electromec\u00e0nic"},"content":{"rendered":"<h4>DESCRIPCI\u00d3<\/h4>\n<p style=\"text-align: justify;\"><strong>T\u00e8cnic o t\u00e8cnica en Manteniment Electromec\u00e0nic<\/strong><br \/>\n<strong>Codi:<\/strong>\u00a0CFPM IM10<a href=\"https:\/\/agora.xtec.cat\/ies-rbiv-cambrils\/wp-content\/uploads\/usu79\/2019\/04\/MANTELE.jpg\"><img loading=\"lazy\" decoding=\"async\" class=\"alignright wp-image-8218 size-medium\" src=\"https:\/\/agora.xtec.cat\/ies-rbiv-cambrils\/wp-content\/uploads\/usu79\/2019\/04\/MANTELE-300x169.jpg\" alt=\"\" width=\"300\" height=\"169\" srcset=\"https:\/\/agora.xtec.cat\/ies-rbiv-cambrils\/wp-content\/uploads\/usu79\/2019\/04\/MANTELE-300x169.jpg 300w, https:\/\/agora.xtec.cat\/ies-rbiv-cambrils\/wp-content\/uploads\/usu79\/2019\/04\/MANTELE-768x432.jpg 768w, https:\/\/agora.xtec.cat\/ies-rbiv-cambrils\/wp-content\/uploads\/usu79\/2019\/04\/MANTELE-1024x576.jpg 1024w, https:\/\/agora.xtec.cat\/ies-rbiv-cambrils\/wp-content\/uploads\/usu79\/2019\/04\/MANTELE.jpg 1600w\" sizes=\"auto, (max-width: 300px) 100vw, 300px\" \/><\/a><\/p>\n<p style=\"text-align: justify;\">Aquests estudis capaciten per muntar i mantenir maquin\u00e0ria i equips industrials i l\u00ednies automatitzades de producci\u00f3 d&#8217;acord amb els reglaments i les normes establertes, seguint els protocols de qualitat, seguretat i prevenci\u00f3 de riscos laborals i respecte ambiental.<\/p>\n<h4 style=\"text-align: justify;\">M\u00d2DULS PROFESSIONALS<\/h4>\n<p style=\"padding-left: 30px;\">M1: T\u00e8cniques de fabricaci\u00f3<\/p>\n<p style=\"padding-left: 30px;\">M2: T\u00e8cniques d\u2019uni\u00f3 i muntatge<\/p>\n<p style=\"padding-left: 30px;\">M3: Electricitat i automatismes el\u00e8ctriques<\/p>\n<p style=\"padding-left: 30px;\">M4: Automatismes pneum\u00e0tics i hidr\u00e0ulics<a href=\"https:\/\/agora.xtec.cat\/ies-rbiv-cambrils\/wp-content\/uploads\/usu79\/2019\/04\/MANT.jpg\"><img loading=\"lazy\" decoding=\"async\" class=\"alignright wp-image-8222 size-medium\" src=\"https:\/\/agora.xtec.cat\/ies-rbiv-cambrils\/wp-content\/uploads\/usu79\/2019\/04\/MANT-300x225.jpg\" alt=\"\" width=\"300\" height=\"225\" srcset=\"https:\/\/agora.xtec.cat\/ies-rbiv-cambrils\/wp-content\/uploads\/usu79\/2019\/04\/MANT-300x225.jpg 300w, https:\/\/agora.xtec.cat\/ies-rbiv-cambrils\/wp-content\/uploads\/usu79\/2019\/04\/MANT-768x576.jpg 768w, https:\/\/agora.xtec.cat\/ies-rbiv-cambrils\/wp-content\/uploads\/usu79\/2019\/04\/MANT-200x150.jpg 200w, https:\/\/agora.xtec.cat\/ies-rbiv-cambrils\/wp-content\/uploads\/usu79\/2019\/04\/MANT.jpg 796w\" sizes=\"auto, (max-width: 300px) 100vw, 300px\" \/><\/a><\/p>\n<p style=\"padding-left: 30px;\">M5: Muntatge i manteniment mec\u00e0nic<\/p>\n<p style=\"padding-left: 30px;\">M6: Muntatge i manteniment el\u00e8ctric-electr\u00f2nic<\/p>\n<p style=\"padding-left: 30px;\">M7: Muntatge i manteniment de l\u00ednies automatitzades<\/p>\n<p style=\"padding-left: 30px;\">M8: Formaci\u00f3 i orientaci\u00f3 laboral<\/p>\n<p style=\"padding-left: 30px;\">M9: Empresa i iniciativa emprenedora<\/p>\n<p style=\"padding-left: 30px;\">M10: Angl\u00e8s t\u00e8cnic<\/p>\n<p style=\"padding-left: 30px;\">M11: S\u00edntesi<\/p>\n<p style=\"padding-left: 30px;\">M12: Formaci\u00f3 en centres de treball<\/p>\n<h4>SORTIDES ACAD\u00c8MIQUES<\/h4>\n<p>Amb aquests estudis s&#8217;obt\u00e9 el t\u00edtol de\u00a0<strong>t\u00e8cnic o t\u00e8cnica<\/strong>, que permet accedir:<\/p>\n<ul>\n<li>al Batxillerat,<\/li>\n<li>a un Cicle de Grau Superior de Formaci\u00f3 Professional<\/li>\n<\/ul>\n<h4>SORTIDES PROFESSIONALS<\/h4>\n<p>La superaci\u00f3 d&#8217;aquest cicle formatiu permet accedir al\u00a0<strong>m\u00f3n laboral<\/strong>\u00a0com a:<\/p>\n<ul>\n<li>mec\u00e0nic o mec\u00e0nica de manteniment;<\/li>\n<li>muntador o muntadora industrial;<\/li>\n<li>muntador o muntadora d&#8217;equips el\u00e8ctrics;<\/li>\n<li>muntador o muntadora d&#8217;equips electr\u00f2nics;<\/li>\n<li>mantenidor o mantenidora de l\u00ednia automatitzada;<\/li>\n<li>muntador o muntadora de b\u00e9ns d&#8217;equip;<\/li>\n<li>muntador o muntadora d&#8217;automatismes pneum\u00e0tics i hidr\u00e0ulics;<\/li>\n<li>instal\u00b7lador o instal\u00b7ladora electricista industrial;<\/li>\n<li>electricista de manteniment i reparaci\u00f3 d&#8217;equips de control, mesura i precisi\u00f3.<\/li>\n<\/ul>\n","protected":false},"excerpt":{"rendered":"<p>DESCRIPCI\u00d3<br \/>\nT\u00e8cnic o t\u00e8cnica en Manteniment Electromec\u00e0nic<br \/>\nCodi:\u00a0CFPM IM10<a href=\"https:\/\/agora.xtec.cat\/ies-rbiv-cambrils\/wp-content\/uploads\/usu79\/2019\/04\/MANTELE.jpg\"><\/a><br \/>\nAquests estudis capaciten per muntar i mantenir maquin\u00e0ria i equips industrials i l\u00ednies automatitzades de producci\u00f3 d&#8217;acord amb els reglaments i les normes establertes, seguint els protocols de qualitat, seguretat i prevenci\u00f3 de riscos laborals i respecte ambiental.<br \/>\nM\u00d2DULS&hellip;  <a href=\"https:\/\/agora.xtec.cat\/ies-rbiv-cambrils\/estudis\/cicles-formatius\/cicle-de-manteniment-electromecanic\/\" title=\"Read CFGM de Manteniment Electromec\u00e0nic\">Llegeix m\u00e9s\u00bb<\/a><\/p>\n","protected":false},"author":234,"featured_media":0,"parent":3233,"menu_order":3,"comment_status":"closed","ping_status":"closed","template":"page-templates\/side-menu.php","meta":{"_bbp_topic_count":0,"_bbp_reply_count":0,"_bbp_total_topic_count":0,"_bbp_total_reply_count":0,"_bbp_voice_count":0,"_bbp_anonymous_reply_count":0,"_bbp_topic_count_hidden":0,"_bbp_reply_count_hidden":0,"_bbp_forum_subforum_count":0,"footnotes":""},"class_list":["post-1076","page","type-page","status-publish","hentry"],"post_mailing_queue_ids":[],"_links":{"self":[{"href":"https:\/\/agora.xtec.cat\/ies-rbiv-cambrils\/wp-json\/wp\/v2\/pages\/1076","targetHints":{"allow":["GET"]}}],"collection":[{"href":"https:\/\/agora.xtec.cat\/ies-rbiv-cambrils\/wp-json\/wp\/v2\/pages"}],"about":[{"href":"https:\/\/agora.xtec.cat\/ies-rbiv-cambrils\/wp-json\/wp\/v2\/types\/page"}],"author":[{"embeddable":true,"href":"https:\/\/agora.xtec.cat\/ies-rbiv-cambrils\/wp-json\/wp\/v2\/users\/234"}],"replies":[{"embeddable":true,"href":"https:\/\/agora.xtec.cat\/ies-rbiv-cambrils\/wp-json\/wp\/v2\/comments?post=1076"}],"version-history":[{"count":5,"href":"https:\/\/agora.xtec.cat\/ies-rbiv-cambrils\/wp-json\/wp\/v2\/pages\/1076\/revisions"}],"predecessor-version":[{"id":15110,"href":"https:\/\/agora.xtec.cat\/ies-rbiv-cambrils\/wp-json\/wp\/v2\/pages\/1076\/revisions\/15110"}],"up":[{"embeddable":true,"href":"https:\/\/agora.xtec.cat\/ies-rbiv-cambrils\/wp-json\/wp\/v2\/pages\/3233"}],"wp:attachment":[{"href":"https:\/\/agora.xtec.cat\/ies-rbiv-cambrils\/wp-json\/wp\/v2\/media?parent=1076"}],"curies":[{"name":"wp","href":"https:\/\/api.w.org\/{rel}","templated":true}]}}