{"id":9770,"date":"2022-02-07T18:56:34","date_gmt":"2022-02-07T17:56:34","guid":{"rendered":"https:\/\/agora.xtec.cat\/ies-ramonbarbat-vilaseca\/?page_id=9770"},"modified":"2026-03-04T13:56:15","modified_gmt":"2026-03-04T12:56:15","slug":"cfgb-cicle-formatiu-de-grau-basic-de-serveis-comercials","status":"publish","type":"page","link":"https:\/\/agora.xtec.cat\/ies-ramonbarbat-vilaseca\/estudis\/cicles\/cfgb-cicle-formatiu-de-grau-basic-de-serveis-comercials\/","title":{"rendered":"CFGB Cicle Formatiu de Grau B\u00e0sic de Serveis Comercials"},"content":{"rendered":"<hr \/>\n<p>El <strong>Cicle Formatiu de Grau B\u00e0sic (CFGB)<\/strong> \u00e9s un estudi de formaci\u00f3 professional reglat orientat a alumnes de 15 anys especialment motivats pels aprenentatges professionals i dona la possibilitat d&#8217;assolir les compet\u00e8ncies de l\u2019ESO en un entorn vinculat al m\u00f3n professional.<\/p>\n<p>T\u00e9 una durada de dos cursos i una vegada superats, permet l&#8217;obtenci\u00f3 del <strong>t\u00edtol de graduat o graduada en Educaci\u00f3 Secund\u00e0ria Obligat\u00f2ria i del t\u00edtol de t\u00e8cnica o t\u00e8cnic b\u00e0sic en Serveis Comercials<\/strong>, que acredita les compet\u00e8ncies professionals adquirides.<\/p>\n<p><a href=\"https:\/\/agora.xtec.cat\/ies-ramonbarbat-vilaseca\/wp-content\/uploads\/usu1174\/2022\/02\/Botiga-CFGB.png\"><img loading=\"lazy\" decoding=\"async\" class=\"alignright wp-image-9772 size-medium\" src=\"https:\/\/agora.xtec.cat\/ies-ramonbarbat-vilaseca\/wp-content\/uploads\/usu1174\/2022\/02\/Botiga-CFGB-e1644256637558-275x300.png\" alt=\"\" width=\"275\" height=\"300\" srcset=\"https:\/\/agora.xtec.cat\/ies-ramonbarbat-vilaseca\/wp-content\/uploads\/usu1174\/2022\/02\/Botiga-CFGB-e1644256637558-275x300.png 275w, https:\/\/agora.xtec.cat\/ies-ramonbarbat-vilaseca\/wp-content\/uploads\/usu1174\/2022\/02\/Botiga-CFGB-e1644256637558-939x1024.png 939w, https:\/\/agora.xtec.cat\/ies-ramonbarbat-vilaseca\/wp-content\/uploads\/usu1174\/2022\/02\/Botiga-CFGB-e1644256637558-768x838.png 768w, https:\/\/agora.xtec.cat\/ies-ramonbarbat-vilaseca\/wp-content\/uploads\/usu1174\/2022\/02\/Botiga-CFGB-e1644256637558.png 1136w\" sizes=\"auto, (max-width: 275px) 100vw, 275px\" \/><\/a>Al CFGB del Ramon Barbat i Miracle treballem diferents m\u00f2duls relacionats amb activitats comercials, sense oblidar-nos dels m\u00f2duls que ens possibiliten els aprenentatges de les compet\u00e8ncies de l\u2019ESO (ci\u00e8ncies, matem\u00e0tiques, lleng\u00fces\u2026).<\/p>\n<p>Una part important de l\u2019aprenentatge la fem per projectes.<\/p>\n<p><a href=\"https:\/\/agora.xtec.cat\/ies-ramonbarbat-vilaseca\/wp-content\/uploads\/usu1174\/2022\/02\/CFGB-Hogwarts.png\"><img loading=\"lazy\" decoding=\"async\" class=\"alignleft wp-image-9771 size-thumbnail\" src=\"https:\/\/agora.xtec.cat\/ies-ramonbarbat-vilaseca\/wp-content\/uploads\/usu1174\/2022\/02\/CFGB-Hogwarts-e1644256662385-150x150.png\" alt=\"\" width=\"150\" height=\"150\" \/><\/a>A primer curs, el projecte que connecta la majoria dels m\u00f2duls professionals \u00e9s el muntatge la nostra pr\u00f2pia <strong>botiga virtual amb aparador f\u00edsic de tem\u00e0tica relacionada amb les lectures del M\u00f2dul de Comunicaci\u00f3 i Ci\u00e8ncies Socials I<\/strong>, amb productes relacionats amb les lectures i tamb\u00e9 amb les campanyes comercials de temporada.<\/p>\n<p>Elaborem els nostres productes de forma artesana amb l\u2019objectiu d\u2019aprendre la gesti\u00f3 b\u00e0sica d\u2019un servei comercial (aparadorisme, venda, marxandatge, distribuci\u00f3, emmagatzematge\u2026)<\/p>\n<p>A 2n CFGB \u00a0continuem treballant per projectes amb una tem\u00e0tica diferent, els llibres de Jules Verne, sobretot \u00a0\u201cLa volta al m\u00f3n en 80 dies\u201d o \u201cViatge al centre de la Terra\u201d. Treballem els llibres en el m\u00f2dul de Comunicaci\u00f3 i al cr\u00e8dit de s\u00edntesi, on relacionem els viatges dels protagonistes amb el m\u00f3n del comer\u00e7, concretament les ag\u00e8ncies de viatges, organitzant un possible viatge de fi d\u2019estudis o exportant la imatge de Vila-seca geolocalitzant espais emblem\u00e0tics del municipi o explicant rutes d\u2019inter\u00e8s posant en la pell d\u2019un \u201cfreetour\u201d.<\/p>\n<p><strong>Continguts que s\u2019imparteixen:<\/strong><br \/>\nCi\u00e8ncies Aplicades I<br \/>\nCi\u00e8ncies Aplicades II<br \/>\nComunicaci\u00f3 i Ci\u00e8ncies Socials I<br \/>\nComunicaci\u00f3 i Ci\u00e8ncies Socials II<br \/>\n3159. Itinerari personal per a l\u2019ocupabilitat<\/p>\n<p><span style=\"font-size: 16px;\">3069. T\u00e8cniques b\u00e0siques de marxandatge<\/span><\/p>\n<p>3002. Aplicacions b\u00e0siques d\u2019ofim\u00e0tica<\/p>\n<p>3006. Preparaci\u00f3 de comandes i venda de productes<\/p>\n<p>3005. Atenci\u00f3 al client<\/p>\n<p>3001. Tractament inform\u00e0tic de dades<\/p>\n<p>3070. Operacions auxiliars d\u2019emmagatzematge<\/p>\n<p>3160. Projecte intermodular d\u2019aprenentatge col\u00b7laboratiu<\/p>\n<p>&nbsp;<\/p>\n<p><strong>Sortides acad\u00e8miques i professionals:<\/strong><br \/>\n\u2022 a qualsevol cicle formatiu de grau mitj\u00e0 o,<br \/>\n\u2022 al m\u00f3n laboral, com a:<br \/>\n\u2022 auxiliar de dependent o dependenta de comer\u00e7,<br \/>\n\u2022 auxiliar d&#8217;animaci\u00f3 del punt de venda,<br \/>\n\u2022 auxiliar de venda,<br \/>\n\u2022 auxiliar de promoci\u00f3 de vendes.<\/p>\n","protected":false},"excerpt":{"rendered":"<p>El Cicle Formatiu de Grau B\u00e0sic (CFGB) \u00e9s un estudi de formaci\u00f3 professional reglat orientat a alumnes de 15 anys especialment motivats pels aprenentatges professionals i dona la possibilitat d&#8217;assolir les compet\u00e8ncies de l\u2019ESO en un entorn vinculat al m\u00f3n professional. T\u00e9 una durada de dos cursos i una vegada superats, permet l&#8217;obtenci\u00f3 del t\u00edtol [&hellip;]<\/p>\n","protected":false},"author":4,"featured_media":0,"parent":336,"menu_order":1,"comment_status":"closed","ping_status":"closed","template":"","meta":{"_bbp_topic_count":0,"_bbp_reply_count":0,"_bbp_total_topic_count":0,"_bbp_total_reply_count":0,"_bbp_voice_count":0,"_bbp_anonymous_reply_count":0,"_bbp_topic_count_hidden":0,"_bbp_reply_count_hidden":0,"_bbp_forum_subforum_count":0,"site-sidebar-layout":"default","site-content-layout":"","ast-site-content-layout":"default","site-content-style":"default","site-sidebar-style":"default","ast-global-header-display":"","ast-banner-title-visibility":"","ast-main-header-display":"","ast-hfb-above-header-display":"","ast-hfb-below-header-display":"","ast-hfb-mobile-header-display":"","site-post-title":"","ast-breadcrumbs-content":"","ast-featured-img":"","footer-sml-layout":"","theme-transparent-header-meta":"default","adv-header-id-meta":"","stick-header-meta":"","header-above-stick-meta":"","header-main-stick-meta":"","header-below-stick-meta":"","astra-migrate-meta-layouts":"set","ast-page-background-enabled":"default","ast-page-background-meta":{"desktop":{"background-color":"var(--ast-global-color-4)","background-image":"","background-repeat":"repeat","background-position":"center center","background-size":"auto","background-attachment":"scroll","background-type":"","background-media":"","overlay-type":"","overlay-color":"","overlay-opacity":"","overlay-gradient":""},"tablet":{"background-color":"","background-image":"","background-repeat":"repeat","background-position":"center center","background-size":"auto","background-attachment":"scroll","background-type":"","background-media":"","overlay-type":"","overlay-color":"","overlay-opacity":"","overlay-gradient":""},"mobile":{"background-color":"","background-image":"","background-repeat":"repeat","background-position":"center center","background-size":"auto","background-attachment":"scroll","background-type":"","background-media":"","overlay-type":"","overlay-color":"","overlay-opacity":"","overlay-gradient":""}},"ast-content-background-meta":{"desktop":{"background-color":"var(--ast-global-color-5)","background-image":"","background-repeat":"repeat","background-position":"center center","background-size":"auto","background-attachment":"scroll","background-type":"","background-media":"","overlay-type":"","overlay-color":"","overlay-opacity":"","overlay-gradient":""},"tablet":{"background-color":"var(--ast-global-color-5)","background-image":"","background-repeat":"repeat","background-position":"center center","background-size":"auto","background-attachment":"scroll","background-type":"","background-media":"","overlay-type":"","overlay-color":"","overlay-opacity":"","overlay-gradient":""},"mobile":{"background-color":"var(--ast-global-color-5)","background-image":"","background-repeat":"repeat","background-position":"center center","background-size":"auto","background-attachment":"scroll","background-type":"","background-media":"","overlay-type":"","overlay-color":"","overlay-opacity":"","overlay-gradient":""}},"footnotes":""},"class_list":["post-9770","page","type-page","status-publish","hentry"],"post_mailing_queue_ids":[],"_links":{"self":[{"href":"https:\/\/agora.xtec.cat\/ies-ramonbarbat-vilaseca\/wp-json\/wp\/v2\/pages\/9770","targetHints":{"allow":["GET"]}}],"collection":[{"href":"https:\/\/agora.xtec.cat\/ies-ramonbarbat-vilaseca\/wp-json\/wp\/v2\/pages"}],"about":[{"href":"https:\/\/agora.xtec.cat\/ies-ramonbarbat-vilaseca\/wp-json\/wp\/v2\/types\/page"}],"author":[{"embeddable":true,"href":"https:\/\/agora.xtec.cat\/ies-ramonbarbat-vilaseca\/wp-json\/wp\/v2\/users\/4"}],"replies":[{"embeddable":true,"href":"https:\/\/agora.xtec.cat\/ies-ramonbarbat-vilaseca\/wp-json\/wp\/v2\/comments?post=9770"}],"version-history":[{"count":6,"href":"https:\/\/agora.xtec.cat\/ies-ramonbarbat-vilaseca\/wp-json\/wp\/v2\/pages\/9770\/revisions"}],"predecessor-version":[{"id":16429,"href":"https:\/\/agora.xtec.cat\/ies-ramonbarbat-vilaseca\/wp-json\/wp\/v2\/pages\/9770\/revisions\/16429"}],"up":[{"embeddable":true,"href":"https:\/\/agora.xtec.cat\/ies-ramonbarbat-vilaseca\/wp-json\/wp\/v2\/pages\/336"}],"wp:attachment":[{"href":"https:\/\/agora.xtec.cat\/ies-ramonbarbat-vilaseca\/wp-json\/wp\/v2\/media?parent=9770"}],"curies":[{"name":"wp","href":"https:\/\/api.w.org\/{rel}","templated":true}]}}