{"id":6002,"date":"2019-06-11T11:42:54","date_gmt":"2019-06-11T09:42:54","guid":{"rendered":"http:\/\/agora.xtec.cat\/ies-ramonbarbat-vilaseca\/?page_id=6002"},"modified":"2026-03-10T13:21:42","modified_gmt":"2026-03-10T12:21:42","slug":"mediacio","status":"publish","type":"page","link":"https:\/\/agora.xtec.cat\/ies-ramonbarbat-vilaseca\/area-alumnes\/mediacio\/","title":{"rendered":"Mediaci\u00f3"},"content":{"rendered":"<div class=\"gs\">\n<div class=\"\">\n<div id=\":np\" class=\"ii gt\">\n<div id=\":no\" class=\"a3s aXjCH \">\n<div dir=\"auto\">\n<h2><b><span lang=\"CA\"><a href=\"https:\/\/agora.xtec.cat\/ies-ramonbarbat-vilaseca\/mediacio\/attachment\/mediacio-escolar-by-josue-navarro\/\" rel=\"attachment wp-att-14004\"><img loading=\"lazy\" decoding=\"async\" class=\"size-full wp-image-14004 alignleft\" src=\"https:\/\/agora.xtec.cat\/ies-ramonbarbat-vilaseca\/wp-content\/uploads\/usu1174\/2024\/10\/MEDIACIO-ESCOLAR-by-Josue-Navarro-\u00a9.png\" alt=\"\" width=\"724\" height=\"1024\" srcset=\"https:\/\/agora.xtec.cat\/ies-ramonbarbat-vilaseca\/wp-content\/uploads\/usu1174\/2024\/10\/MEDIACIO-ESCOLAR-by-Josue-Navarro-\u00a9.png 724w, https:\/\/agora.xtec.cat\/ies-ramonbarbat-vilaseca\/wp-content\/uploads\/usu1174\/2024\/10\/MEDIACIO-ESCOLAR-by-Josue-Navarro-\u00a9-212x300.png 212w\" sizes=\"auto, (max-width: 724px) 100vw, 724px\" \/><\/a>SERVEI DE MEDIACI\u00d3 A L\u2019INSTITUT<\/span><\/b><\/h2>\n<p><span lang=\"CA\">El servei de mediaci\u00f3 actua com a mitj\u00e0 regulador de resoluci\u00f3 de conflictes que es produeixen al centre. L\u2019objectiu final \u00e9s el d\u2019aportar a l\u2019alumnat del centre l\u2019obtenci\u00f3 d\u2019eines que puguin ajudar a facilitar la conviv\u00e8ncia entre grups d\u2019iguals. La comissi\u00f3 que s\u2019ha creat per aconseguir els objectius proposats pret\u00e9n establir un protocol d\u2019actuaci\u00f3 sobre les incid\u00e8ncies que es produeixen en el dia a dia. A partir de les propostes i actuacions que es van dur a terme en anteriors cursos, s\u2019ha renovat el protocol per agilitzar el proc\u00e9s de mediaci\u00f3 al centre. Aquesta comissi\u00f3 s\u2019encarrega de que es faci un bon \u00fas del servei, de posar-ho en pr\u00e0ctica i de fer les revisions pertinents sobre el protocol i les actuacions<a name=\"m_7337824397271263738__GoBack\"><\/a>\u00a0per la millora i efici\u00e8ncia del servei.\u00a0\u00a0<\/span><\/p>\n<p><span lang=\"CA\">La previsi\u00f3 per al servei de mediaci\u00f3 \u00e9s que ha de ser mixt: tant l\u2019alumnat com el professorat poden fer de mediadors. Es valora la necessitat i el moment d`aplicaci\u00f3 que est\u00e0 essent gradual amb l\u2019alumnat que cursa la mat\u00e8ria optativa amb l\u2019orientadora del centre, que forma part de l\u2019equip de mediaci\u00f3. L\u2019experi\u00e8ncia que hem obtingut ha estat positiva. Al llarg de les intervencions efectuades es practica el di\u00e0leg, l\u2019escolta activa, l\u2019empatia i el comprom\u00eds amb el compliment d\u2019acords. Podem concloure que \u00a0aquesta pr\u00e0ctica forma part del proc\u00e9s d\u2019aprenentatge a l\u2019Educaci\u00f3 Secund\u00e0ria fomentant les habilitats personals i socials del nostre alumnat.<\/span><\/p>\n<p><span style=\"color: #800000;\"><strong>Si vols iniciar un proc\u00e9s de mediaci\u00f3<\/strong> per gestionar un conflicte de conviv\u00e8ncia, <strong>pots emplenar el seg\u00fcent formulari<\/strong> i una professora de l&#8217;equip de mediaci\u00f3 es posar\u00e0 en contacte amb tu per tal d&#8217;aclarir la situaci\u00f3 conflictiva i evitar la possible intensificaci\u00f3 del conflicte:<\/span><\/p>\n<h4><a href=\"https:\/\/forms.gle\/biN7jSC6eqcK85WF6\" target=\"_blank\" rel=\"noopener noreferrer\">Formulari de sol\u00b7licitud de mediaci\u00f3<\/a><\/h4>\n<div class=\"yj6qo\"><\/div>\n<div class=\"adL\" dir=\"ltr\"><\/div>\n<\/div>\n<\/div>\n<\/div>\n<div class=\"hi\"><\/div>\n<\/div>\n<\/div>\n","protected":false},"excerpt":{"rendered":"<p>SERVEI DE MEDIACI\u00d3 A L\u2019INSTITUT El servei de mediaci\u00f3 actua com a mitj\u00e0 regulador de resoluci\u00f3 de conflictes que es produeixen al centre. L\u2019objectiu final \u00e9s el d\u2019aportar a l\u2019alumnat del centre l\u2019obtenci\u00f3 d\u2019eines que puguin ajudar a facilitar la conviv\u00e8ncia entre grups d\u2019iguals. La comissi\u00f3 que s\u2019ha creat per aconseguir els objectius proposats pret\u00e9n [&hellip;]<\/p>\n","protected":false},"author":3,"featured_media":0,"parent":476,"menu_order":1,"comment_status":"closed","ping_status":"closed","template":"","meta":{"_bbp_topic_count":0,"_bbp_reply_count":0,"_bbp_total_topic_count":0,"_bbp_total_reply_count":0,"_bbp_voice_count":0,"_bbp_anonymous_reply_count":0,"_bbp_topic_count_hidden":0,"_bbp_reply_count_hidden":0,"_bbp_forum_subforum_count":0,"site-sidebar-layout":"default","site-content-layout":"","ast-site-content-layout":"default","site-content-style":"default","site-sidebar-style":"default","ast-global-header-display":"","ast-banner-title-visibility":"","ast-main-header-display":"","ast-hfb-above-header-display":"","ast-hfb-below-header-display":"","ast-hfb-mobile-header-display":"","site-post-title":"","ast-breadcrumbs-content":"","ast-featured-img":"","footer-sml-layout":"","theme-transparent-header-meta":"default","adv-header-id-meta":"","stick-header-meta":"","header-above-stick-meta":"","header-main-stick-meta":"","header-below-stick-meta":"","astra-migrate-meta-layouts":"set","ast-page-background-enabled":"default","ast-page-background-meta":{"desktop":{"background-color":"var(--ast-global-color-4)","background-image":"","background-repeat":"repeat","background-position":"center center","background-size":"auto","background-attachment":"scroll","background-type":"","background-media":"","overlay-type":"","overlay-color":"","overlay-opacity":"","overlay-gradient":""},"tablet":{"background-color":"","background-image":"","background-repeat":"repeat","background-position":"center center","background-size":"auto","background-attachment":"scroll","background-type":"","background-media":"","overlay-type":"","overlay-color":"","overlay-opacity":"","overlay-gradient":""},"mobile":{"background-color":"","background-image":"","background-repeat":"repeat","background-position":"center center","background-size":"auto","background-attachment":"scroll","background-type":"","background-media":"","overlay-type":"","overlay-color":"","overlay-opacity":"","overlay-gradient":""}},"ast-content-background-meta":{"desktop":{"background-color":"var(--ast-global-color-5)","background-image":"","background-repeat":"repeat","background-position":"center center","background-size":"auto","background-attachment":"scroll","background-type":"","background-media":"","overlay-type":"","overlay-color":"","overlay-opacity":"","overlay-gradient":""},"tablet":{"background-color":"var(--ast-global-color-5)","background-image":"","background-repeat":"repeat","background-position":"center center","background-size":"auto","background-attachment":"scroll","background-type":"","background-media":"","overlay-type":"","overlay-color":"","overlay-opacity":"","overlay-gradient":""},"mobile":{"background-color":"var(--ast-global-color-5)","background-image":"","background-repeat":"repeat","background-position":"center center","background-size":"auto","background-attachment":"scroll","background-type":"","background-media":"","overlay-type":"","overlay-color":"","overlay-opacity":"","overlay-gradient":""}},"footnotes":""},"class_list":["post-6002","page","type-page","status-publish","hentry"],"post_mailing_queue_ids":[],"_links":{"self":[{"href":"https:\/\/agora.xtec.cat\/ies-ramonbarbat-vilaseca\/wp-json\/wp\/v2\/pages\/6002","targetHints":{"allow":["GET"]}}],"collection":[{"href":"https:\/\/agora.xtec.cat\/ies-ramonbarbat-vilaseca\/wp-json\/wp\/v2\/pages"}],"about":[{"href":"https:\/\/agora.xtec.cat\/ies-ramonbarbat-vilaseca\/wp-json\/wp\/v2\/types\/page"}],"author":[{"embeddable":true,"href":"https:\/\/agora.xtec.cat\/ies-ramonbarbat-vilaseca\/wp-json\/wp\/v2\/users\/3"}],"replies":[{"embeddable":true,"href":"https:\/\/agora.xtec.cat\/ies-ramonbarbat-vilaseca\/wp-json\/wp\/v2\/comments?post=6002"}],"version-history":[{"count":6,"href":"https:\/\/agora.xtec.cat\/ies-ramonbarbat-vilaseca\/wp-json\/wp\/v2\/pages\/6002\/revisions"}],"predecessor-version":[{"id":14005,"href":"https:\/\/agora.xtec.cat\/ies-ramonbarbat-vilaseca\/wp-json\/wp\/v2\/pages\/6002\/revisions\/14005"}],"up":[{"embeddable":true,"href":"https:\/\/agora.xtec.cat\/ies-ramonbarbat-vilaseca\/wp-json\/wp\/v2\/pages\/476"}],"wp:attachment":[{"href":"https:\/\/agora.xtec.cat\/ies-ramonbarbat-vilaseca\/wp-json\/wp\/v2\/media?parent=6002"}],"curies":[{"name":"wp","href":"https:\/\/api.w.org\/{rel}","templated":true}]}}