{"id":57,"date":"2014-09-17T17:01:07","date_gmt":"2014-09-17T17:01:07","guid":{"rendered":"http:\/\/agora.xtec.cat\/ies-ramonbarbat-vilaseca\/?page_id=57"},"modified":"2024-03-12T13:08:18","modified_gmt":"2024-03-12T12:08:18","slug":"projecte-educatiu","status":"publish","type":"page","link":"https:\/\/agora.xtec.cat\/ies-ramonbarbat-vilaseca\/projecte-educatiu\/","title":{"rendered":"Projecte educatiu"},"content":{"rendered":"<h4 lang=\"es-ES\"><span lang=\"ca-ES\">TRETS B\u00c0SICS DE L\u2019ACCI\u00d3 EDUCATIVA<\/span><\/h4>\n<p lang=\"es-ES\" align=\"justify\"><span lang=\"ca-ES\">L\u2019Institut Ramon Barbat, la titularitat del qual correspon al departament d\u2019Ensenyament de la Generalitat de Catalunya, \u00e9s un centre docent arrelat al seu entorn i context cultural, amb un projecte educatiu propi, centrat en l\u2019alumne, obert a la col\u00b7lectivitat i amb autonomia de gesti\u00f3 i funcionament . Dedicat a :<\/span><\/p>\n<h5 align=\"justify\">En relaci\u00f3 amb l\u2019alumnat<\/h5>\n<p lang=\"es-ES\" align=\"justify\"><span lang=\"ca-ES\">Formar, orientar i acreditar l\u2019alumnat per a l\u2019adquisici\u00f3 de les capacitats establertes en el disseny curricular de les diferents etapes educatives, i contribuir a la seva integraci\u00f3 social. Com a conseq\u00fc\u00e8ncia d\u2019aix\u00f2, l\u2019alumnat ha d\u2019assolir els coneixements, les habilitats, les actituds, els valors i les capacitats establertes per a cada cicle o etapa educativa que en facilitin el desenvolupament integral i la preparaci\u00f3 per a incorporar-se a la vida activa o accedir a estudis posteriors.<\/span><\/p>\n<h5 align=\"justify\">En relaci\u00f3 amb la fam\u00edlia<\/h5>\n<p align=\"justify\">Contribuir a la formaci\u00f3 dels vostres fills i de les vostres filles; orientar-vos i assessorar-vos sobre l\u2019educaci\u00f3 que estan rebent, i aconseguir-ne la participaci\u00f3 i la implicaci\u00f3 en el proc\u00e9s educatiu, amb la finalitat de col\u00b7laborar en el proc\u00e9s formatiu de l\u2019alumnat.<\/p>\n<h5 align=\"justify\">En relaci\u00f3 amb la societat, les empreses i les institucions<\/h5>\n<p align=\"justify\">Formar persones responsables i competents, d\u2019acord amb les necessitats i els requeriments de la societat, per tal de contribuir al progr\u00e9s i al desenvolupament social dintre uns valors de llibertat, toler\u00e0ncia i solidaritat.<\/p>\n<h5 align=\"justify\">En relaci\u00f3 amb l\u2019equip hum\u00e0 de l\u2019institut<\/h5>\n<p align=\"justify\">Crear un entorn de treball participatiu i motivador, que faciliti la implicaci\u00f3 en el projecte i en el funcionament del centre.<\/p>\n<h5 lang=\"es-ES\"><span lang=\"ca-ES\">En relaci\u00f3 amb el departament d\u2019Ensenyament<\/span><\/h5>\n<p lang=\"es-ES\" align=\"justify\"><span lang=\"ca-ES\">Completar, aplicar i desenvolupar el disseny curricular establert per les autoritats educatives i informar\/transmetre al departament d\u2019Ensenyament les necessitats detectades dels diferents grups d\u2019inter\u00e8s, amb la finalitat de fomentar la millora de la pol\u00edtica educativa.<\/span><\/p>\n<p align=\"justify\">La proposta de l\u2019institut preveu educar els alumnes en la participaci\u00f3 democr\u00e0tica, afavorint actituds de respecte vers la diversitat de cultures i la pluralitat ling\u00fc\u00edstica. El centre gestiona mesures per donar una resposta educativa adequada a la formaci\u00f3 curricular de l\u2019alumnat i tamb\u00e9 a les necessitats generades per la societat de la informaci\u00f3 i la comunicaci\u00f3, i a les necessitats m\u00e9s pr\u00f2pies i espec\u00edfiques de la poblaci\u00f3 i comarca<\/p>\n","protected":false},"excerpt":{"rendered":"<p>TRETS B\u00c0SICS DE L\u2019ACCI\u00d3 EDUCATIVA L\u2019Institut Ramon Barbat, la titularitat del qual correspon al departament d\u2019Ensenyament de la Generalitat de Catalunya, \u00e9s un centre docent arrelat al seu entorn i context cultural, amb un projecte educatiu propi, centrat en l\u2019alumne, obert a la col\u00b7lectivitat i amb autonomia de gesti\u00f3 i funcionament . Dedicat a : [&hellip;]<\/p>\n","protected":false},"author":1,"featured_media":0,"parent":0,"menu_order":0,"comment_status":"closed","ping_status":"closed","template":"page-templates\/side-menu.php","meta":{"_bbp_topic_count":0,"_bbp_reply_count":0,"_bbp_total_topic_count":0,"_bbp_total_reply_count":0,"_bbp_voice_count":0,"_bbp_anonymous_reply_count":0,"_bbp_topic_count_hidden":0,"_bbp_reply_count_hidden":0,"_bbp_forum_subforum_count":0,"site-sidebar-layout":"default","site-content-layout":"","ast-site-content-layout":"","site-content-style":"default","site-sidebar-style":"default","ast-global-header-display":"","ast-banner-title-visibility":"","ast-main-header-display":"","ast-hfb-above-header-display":"","ast-hfb-below-header-display":"","ast-hfb-mobile-header-display":"","site-post-title":"","ast-breadcrumbs-content":"","ast-featured-img":"","footer-sml-layout":"","theme-transparent-header-meta":"","adv-header-id-meta":"","stick-header-meta":"","header-above-stick-meta":"","header-main-stick-meta":"","header-below-stick-meta":"","astra-migrate-meta-layouts":"default","ast-page-background-enabled":"default","ast-page-background-meta":{"desktop":{"background-color":"var(--ast-global-color-4)","background-image":"","background-repeat":"repeat","background-position":"center center","background-size":"auto","background-attachment":"scroll","background-type":"","background-media":"","overlay-type":"","overlay-color":"","overlay-opacity":"","overlay-gradient":""},"tablet":{"background-color":"","background-image":"","background-repeat":"repeat","background-position":"center center","background-size":"auto","background-attachment":"scroll","background-type":"","background-media":"","overlay-type":"","overlay-color":"","overlay-opacity":"","overlay-gradient":""},"mobile":{"background-color":"","background-image":"","background-repeat":"repeat","background-position":"center center","background-size":"auto","background-attachment":"scroll","background-type":"","background-media":"","overlay-type":"","overlay-color":"","overlay-opacity":"","overlay-gradient":""}},"ast-content-background-meta":{"desktop":{"background-color":"var(--ast-global-color-5)","background-image":"","background-repeat":"repeat","background-position":"center center","background-size":"auto","background-attachment":"scroll","background-type":"","background-media":"","overlay-type":"","overlay-color":"","overlay-opacity":"","overlay-gradient":""},"tablet":{"background-color":"var(--ast-global-color-5)","background-image":"","background-repeat":"repeat","background-position":"center center","background-size":"auto","background-attachment":"scroll","background-type":"","background-media":"","overlay-type":"","overlay-color":"","overlay-opacity":"","overlay-gradient":""},"mobile":{"background-color":"var(--ast-global-color-5)","background-image":"","background-repeat":"repeat","background-position":"center center","background-size":"auto","background-attachment":"scroll","background-type":"","background-media":"","overlay-type":"","overlay-color":"","overlay-opacity":"","overlay-gradient":""}},"footnotes":""},"class_list":["post-57","page","type-page","status-publish","hentry"],"post_mailing_queue_ids":[],"_links":{"self":[{"href":"https:\/\/agora.xtec.cat\/ies-ramonbarbat-vilaseca\/wp-json\/wp\/v2\/pages\/57","targetHints":{"allow":["GET"]}}],"collection":[{"href":"https:\/\/agora.xtec.cat\/ies-ramonbarbat-vilaseca\/wp-json\/wp\/v2\/pages"}],"about":[{"href":"https:\/\/agora.xtec.cat\/ies-ramonbarbat-vilaseca\/wp-json\/wp\/v2\/types\/page"}],"author":[{"embeddable":true,"href":"https:\/\/agora.xtec.cat\/ies-ramonbarbat-vilaseca\/wp-json\/wp\/v2\/users\/1"}],"replies":[{"embeddable":true,"href":"https:\/\/agora.xtec.cat\/ies-ramonbarbat-vilaseca\/wp-json\/wp\/v2\/comments?post=57"}],"version-history":[{"count":6,"href":"https:\/\/agora.xtec.cat\/ies-ramonbarbat-vilaseca\/wp-json\/wp\/v2\/pages\/57\/revisions"}],"predecessor-version":[{"id":13259,"href":"https:\/\/agora.xtec.cat\/ies-ramonbarbat-vilaseca\/wp-json\/wp\/v2\/pages\/57\/revisions\/13259"}],"wp:attachment":[{"href":"https:\/\/agora.xtec.cat\/ies-ramonbarbat-vilaseca\/wp-json\/wp\/v2\/media?parent=57"}],"curies":[{"name":"wp","href":"https:\/\/api.w.org\/{rel}","templated":true}]}}