{"id":55,"date":"2014-09-17T16:59:49","date_gmt":"2014-09-17T14:59:49","guid":{"rendered":"http:\/\/agora.xtec.cat\/ies-ramonbarbat-vilaseca\/?page_id=55"},"modified":"2025-12-03T11:31:00","modified_gmt":"2025-12-03T10:31:00","slug":"horaris","status":"publish","type":"page","link":"https:\/\/agora.xtec.cat\/ies-ramonbarbat-vilaseca\/linstitut\/horaris\/","title":{"rendered":"Horaris del centre"},"content":{"rendered":"<p>El centre romandr\u00e0 obert de dilluns a divendres, tots els dies de l\u2019any exceptuant, l\u2019agost, els per\u00edodes de vacances i els dies festius, establerts per normativa.<\/p>\n<p>El centre obre les portes a les 7,55 i es tanca a 2\/4 de 10 del vespre.<\/p>\n<h6>Marc horari de l\u2019alumnat:<\/h6>\n<table style=\"width: 603px;\">\n<tbody>\n<tr>\n<td style=\"width: 121px;\"><b>Ensenyaments<\/b><\/td>\n<td style=\"width: 88px;\"><b>Cursos<\/b><\/td>\n<td style=\"width: 205px;\"><b>Dies<\/b><\/td>\n<td style=\"width: 189px;\"><b>Horari<\/b><\/td>\n<\/tr>\n<tr>\n<td style=\"width: 121px;\" rowspan=\"2\"><b>E.S.O.i GB<\/b><\/td>\n<td style=\"width: 88px;\" rowspan=\"2\">Tots<\/td>\n<td style=\"width: 205px;\">De dilluns a divendres<\/td>\n<td style=\"width: 189px;\">Mat\u00ed: 8.00 a 14.30 h<\/td>\n<\/tr>\n<tr>\n<td style=\"width: 205px;\">Esbarjos<\/td>\n<td style=\"width: 189px;\">10.00 a 10.25 h<\/p>\n<p>12:25 a 12:40 h<\/td>\n<\/tr>\n<tr>\n<td style=\"width: 121px;\" rowspan=\"3\"><b>BATXILLERAT<\/b><\/p>\n<p><b>I CFGM<\/b><\/td>\n<td style=\"width: 88px;\" rowspan=\"2\">Tots<\/td>\n<td style=\"width: 205px;\">De dilluns a divendres<\/td>\n<td style=\"width: 189px;\">Mat\u00ed: 8.00 a 14.30 h<\/td>\n<\/tr>\n<tr>\n<td style=\"width: 205px;\">Esbarjos<\/td>\n<td style=\"width: 189px;\">10.00 a 10.25 h<\/p>\n<p>12:25 a 12:40 h<\/td>\n<\/tr>\n<tr>\n<td style=\"width: 482px;\" colspan=\"3\">Els alumnes de 2n de CFGM de comer\u00e7 acaben tots els dies a les 12:30.<\/p>\n<p>Els alumnes de 1r de Batxillerat dedicaran una tarda al treball de recerca.<\/td>\n<\/tr>\n<tr>\n<td style=\"width: 121px;\" rowspan=\"2\"><b>CFGS<\/b><\/td>\n<td style=\"width: 88px;\" rowspan=\"2\">Tots<\/td>\n<td style=\"width: 205px;\">De dilluns a divendres<\/td>\n<td style=\"width: 189px;\">Inici a les 15.30 h<\/p>\n<p>Final variable<\/td>\n<\/tr>\n<tr>\n<td style=\"width: 205px;\">Esbarjo<\/td>\n<td style=\"width: 189px;\">18.15 a 18.35 h<\/td>\n<\/tr>\n<\/tbody>\n<\/table>\n<p>&nbsp;<\/p>\n<h6>Horari de comunicaci\u00f3 amb el professorat<\/h6>\n<p>Per tal de facilitar una relaci\u00f3 individualitzada amb els pares i mares de l\u2019alumnat, el centre estableix un horari de visita de tutors. Cada tutor\/a t\u00e9 assignat un dia i una hora setmanals per atendre les fam\u00edlies.<\/p>\n<p>El professorat no pot abandonar les classes per atendre trucades per tel\u00e8fon. Si s\u2019ha de fer arribar alguna notificaci\u00f3, es pot fer per escrit a trav\u00e9s de l\u2019agenda de l\u2019alumne\/a, per correu electr\u00f2nic, o trucant per tel\u00e8fon a les hores convingudes amb el tutor, o deixant un av\u00eds a consergeria.<\/p>\n<p>&nbsp;<\/p>\n<h6>Horari de secretaria<\/h6>\n<ul>\n<li><i>De l\u20191 d\u2019octubre al 30 maig:<\/i><\/li>\n<\/ul>\n<p>Mat\u00ed: de 9.00 a 14.00 h<\/p>\n<p>Tarda (dimarts): de 16.00 a 18.00 h<\/p>\n<ul>\n<li><i>De l&#8217;1 de juny al 30 setembre:<\/i><\/li>\n<\/ul>\n<p>Mat\u00ed: de 9.00 a 14.00 h<\/p>\n<p>&nbsp;<\/p>\n<h6>Horari de consergeria<\/h6>\n<p>La consergeria restar\u00e0 atesa durant totes les hores en que el Centre estigui obert, amb excepci\u00f3 d&#8217;aquelles jornades que per diverses motivacions, els conserges siguin absents del lloc de treball.<\/p>\n<p>&nbsp;<\/p>\n<h6>Horari de direcci\u00f3<\/h6>\n<p>L\u2019equip directiu disposa d\u2019un horari d\u2019atenci\u00f3 a totes les persones de la comunitat educativa:<\/p>\n<ul>\n<li><em>Directora:<\/em><\/li>\n<\/ul>\n<p>Dimecres de 10.25 a 12.25 h<\/p>\n<ul>\n<li><em>Cap d&#8217;estudis:<\/em><\/li>\n<\/ul>\n<p>Dijous de 10.25 a 12.25 h<\/p>\n<ul>\n<li><em>Secret\u00e0ria:<\/em><\/li>\n<\/ul>\n<p>Dimarts de 10.25 a 12.25 h<\/p>\n<ul>\n<li><em>Administrador:<\/em><\/li>\n<\/ul>\n<p>Divendres de 12.40 a 14.30 h<\/p>\n<ul>\n<li><em>Coordinadora pedag\u00f2gica:<\/em><\/li>\n<\/ul>\n<p>Dilluns de 08.00 a 10.00 h<\/p>\n","protected":false},"excerpt":{"rendered":"<p>El centre romandr\u00e0 obert de dilluns a divendres, tots els dies de l\u2019any exceptuant, l\u2019agost, els per\u00edodes de vacances i els dies festius, establerts per normativa. El centre obre les portes a les 7,55 i es tanca a 2\/4 de 10 del vespre. Marc horari de l\u2019alumnat: Ensenyaments Cursos Dies Horari E.S.O.i GB Tots De [&hellip;]<\/p>\n","protected":false},"author":1,"featured_media":0,"parent":19,"menu_order":80,"comment_status":"closed","ping_status":"closed","template":"","meta":{"_bbp_topic_count":0,"_bbp_reply_count":0,"_bbp_total_topic_count":0,"_bbp_total_reply_count":0,"_bbp_voice_count":0,"_bbp_anonymous_reply_count":0,"_bbp_topic_count_hidden":0,"_bbp_reply_count_hidden":0,"_bbp_forum_subforum_count":0,"site-sidebar-layout":"default","site-content-layout":"","ast-site-content-layout":"default","site-content-style":"default","site-sidebar-style":"default","ast-global-header-display":"","ast-banner-title-visibility":"","ast-main-header-display":"","ast-hfb-above-header-display":"","ast-hfb-below-header-display":"","ast-hfb-mobile-header-display":"","site-post-title":"","ast-breadcrumbs-content":"","ast-featured-img":"","footer-sml-layout":"","theme-transparent-header-meta":"default","adv-header-id-meta":"","stick-header-meta":"","header-above-stick-meta":"","header-main-stick-meta":"","header-below-stick-meta":"","astra-migrate-meta-layouts":"set","ast-page-background-enabled":"default","ast-page-background-meta":{"desktop":{"background-color":"var(--ast-global-color-4)","background-image":"","background-repeat":"repeat","background-position":"center center","background-size":"auto","background-attachment":"scroll","background-type":"","background-media":"","overlay-type":"","overlay-color":"","overlay-opacity":"","overlay-gradient":""},"tablet":{"background-color":"","background-image":"","background-repeat":"repeat","background-position":"center center","background-size":"auto","background-attachment":"scroll","background-type":"","background-media":"","overlay-type":"","overlay-color":"","overlay-opacity":"","overlay-gradient":""},"mobile":{"background-color":"","background-image":"","background-repeat":"repeat","background-position":"center center","background-size":"auto","background-attachment":"scroll","background-type":"","background-media":"","overlay-type":"","overlay-color":"","overlay-opacity":"","overlay-gradient":""}},"ast-content-background-meta":{"desktop":{"background-color":"var(--ast-global-color-5)","background-image":"","background-repeat":"repeat","background-position":"center center","background-size":"auto","background-attachment":"scroll","background-type":"","background-media":"","overlay-type":"","overlay-color":"","overlay-opacity":"","overlay-gradient":""},"tablet":{"background-color":"var(--ast-global-color-5)","background-image":"","background-repeat":"repeat","background-position":"center center","background-size":"auto","background-attachment":"scroll","background-type":"","background-media":"","overlay-type":"","overlay-color":"","overlay-opacity":"","overlay-gradient":""},"mobile":{"background-color":"var(--ast-global-color-5)","background-image":"","background-repeat":"repeat","background-position":"center center","background-size":"auto","background-attachment":"scroll","background-type":"","background-media":"","overlay-type":"","overlay-color":"","overlay-opacity":"","overlay-gradient":""}},"footnotes":""},"class_list":["post-55","page","type-page","status-publish","hentry"],"post_mailing_queue_ids":[],"_links":{"self":[{"href":"https:\/\/agora.xtec.cat\/ies-ramonbarbat-vilaseca\/wp-json\/wp\/v2\/pages\/55","targetHints":{"allow":["GET"]}}],"collection":[{"href":"https:\/\/agora.xtec.cat\/ies-ramonbarbat-vilaseca\/wp-json\/wp\/v2\/pages"}],"about":[{"href":"https:\/\/agora.xtec.cat\/ies-ramonbarbat-vilaseca\/wp-json\/wp\/v2\/types\/page"}],"author":[{"embeddable":true,"href":"https:\/\/agora.xtec.cat\/ies-ramonbarbat-vilaseca\/wp-json\/wp\/v2\/users\/1"}],"replies":[{"embeddable":true,"href":"https:\/\/agora.xtec.cat\/ies-ramonbarbat-vilaseca\/wp-json\/wp\/v2\/comments?post=55"}],"version-history":[{"count":7,"href":"https:\/\/agora.xtec.cat\/ies-ramonbarbat-vilaseca\/wp-json\/wp\/v2\/pages\/55\/revisions"}],"predecessor-version":[{"id":16121,"href":"https:\/\/agora.xtec.cat\/ies-ramonbarbat-vilaseca\/wp-json\/wp\/v2\/pages\/55\/revisions\/16121"}],"up":[{"embeddable":true,"href":"https:\/\/agora.xtec.cat\/ies-ramonbarbat-vilaseca\/wp-json\/wp\/v2\/pages\/19"}],"wp:attachment":[{"href":"https:\/\/agora.xtec.cat\/ies-ramonbarbat-vilaseca\/wp-json\/wp\/v2\/media?parent=55"}],"curies":[{"name":"wp","href":"https:\/\/api.w.org\/{rel}","templated":true}]}}