{"id":4390,"date":"2018-06-12T08:53:02","date_gmt":"2018-06-12T06:53:02","guid":{"rendered":"http:\/\/agora.xtec.cat\/ies-ramonbarbat-vilaseca\/?page_id=4390"},"modified":"2025-03-14T14:12:23","modified_gmt":"2025-03-14T13:12:23","slug":"informacio-sobre-els-eco-books","status":"publish","type":"page","link":"https:\/\/agora.xtec.cat\/ies-ramonbarbat-vilaseca\/area-alumnes\/informacio-sobre-els-eco-books\/","title":{"rendered":"Informaci\u00f3 sobre els eco-books"},"content":{"rendered":"<p style=\"text-align: left;\"><iframe loading=\"lazy\" src=\"\/\/player.vimeo.com\/video\/953990128?title=0&amp;byline=0&amp;portrait=0&amp;color=8dc7dc\" width=\"425\" height=\"350\" allowfullscreen=\"allowfullscreen\"><\/iframe><\/p>\n<p style=\"font-weight: 400;\">Podeu informar-vos sobre els detalls d&#8217;aquest servei en els enlla\u00e7os seg\u00fcents:<\/p>\n<ul style=\"font-weight: 400;\">\n<li><a href=\"https:\/\/drive.google.com\/file\/d\/1FAFanlCHtF_Tw-K9pwCUi1-9ZIQXj_2u\/view?usp=sharing\">Carta informativa<\/a><\/li>\n<li><a href=\"https:\/\/drive.google.com\/file\/d\/13ogkKOom4y-1Yeyq4jcmIUcpAGs19XQS\/view?usp=sharing\" target=\"_blank\" rel=\"noopener noreferrer\">Com comprar<\/a><\/li>\n<\/ul>\n<p>Us recordem que, des d\u2019aquest curs, s\u2019ha creat una plana web amb el servei que Iddink presta a les fam\u00edlies i estudiants del nostre centre en la seg\u00fcent adre\u00e7a:<\/p>\n<p><a href=\"http:\/\/microsites.iddink.es\/477_institut_ramon_barbat_i_miracle\" data-saferedirecturl=\"https:\/\/www.google.com\/url?q=http:\/\/microsites.iddink.es\/477_institut_ramon_barbat_i_miracle&amp;source=gmail&amp;ust=1599047865092000&amp;usg=AFQjCNGsiFlJDcYmG7hglYNej1WWzWEfcg\">http:\/\/microsites.iddink.es\/477_institut_ramon_barbat_i_miracle<\/a><\/p>\n<p>Totes les comandes fetes s\u00f3n processades i enviades en un termini de 48 hores laborables\u2026. i recordeu que Iddink dona servei al llarg de tot el curs!<\/p>\n<ul style=\"font-weight: 400;\">\n<li><a href=\"https:\/\/agora.xtec.cat\/ies-ramonbarbat-vilaseca\/wp-content\/uploads\/usu1174\/2020\/06\/poster-com-retornar_2020.jpg\" target=\"_blank\" rel=\"noopener noreferrer\">Com retornar els ecoBooks<\/a><\/li>\n<\/ul>\n","protected":false},"excerpt":{"rendered":"<p>Podeu informar-vos sobre els detalls d&#8217;aquest servei en els enlla\u00e7os seg\u00fcents: Carta informativa Com comprar Us recordem que, des d\u2019aquest curs, s\u2019ha creat una plana web amb el servei que Iddink presta a les fam\u00edlies i estudiants del nostre centre en la seg\u00fcent adre\u00e7a: http:\/\/microsites.iddink.es\/477_institut_ramon_barbat_i_miracle Totes les comandes fetes s\u00f3n processades i enviades en un [&hellip;]<\/p>\n","protected":false},"author":3,"featured_media":0,"parent":476,"menu_order":3,"comment_status":"closed","ping_status":"closed","template":"page-templates\/side-menu.php","meta":{"_bbp_topic_count":0,"_bbp_reply_count":0,"_bbp_total_topic_count":0,"_bbp_total_reply_count":0,"_bbp_voice_count":0,"_bbp_anonymous_reply_count":0,"_bbp_topic_count_hidden":0,"_bbp_reply_count_hidden":0,"_bbp_forum_subforum_count":0,"site-sidebar-layout":"default","site-content-layout":"","ast-site-content-layout":"","site-content-style":"default","site-sidebar-style":"default","ast-global-header-display":"","ast-banner-title-visibility":"","ast-main-header-display":"","ast-hfb-above-header-display":"","ast-hfb-below-header-display":"","ast-hfb-mobile-header-display":"","site-post-title":"","ast-breadcrumbs-content":"","ast-featured-img":"","footer-sml-layout":"","theme-transparent-header-meta":"","adv-header-id-meta":"","stick-header-meta":"","header-above-stick-meta":"","header-main-stick-meta":"","header-below-stick-meta":"","astra-migrate-meta-layouts":"default","ast-page-background-enabled":"default","ast-page-background-meta":{"desktop":{"background-color":"var(--ast-global-color-4)","background-image":"","background-repeat":"repeat","background-position":"center center","background-size":"auto","background-attachment":"scroll","background-type":"","background-media":"","overlay-type":"","overlay-color":"","overlay-opacity":"","overlay-gradient":""},"tablet":{"background-color":"","background-image":"","background-repeat":"repeat","background-position":"center center","background-size":"auto","background-attachment":"scroll","background-type":"","background-media":"","overlay-type":"","overlay-color":"","overlay-opacity":"","overlay-gradient":""},"mobile":{"background-color":"","background-image":"","background-repeat":"repeat","background-position":"center center","background-size":"auto","background-attachment":"scroll","background-type":"","background-media":"","overlay-type":"","overlay-color":"","overlay-opacity":"","overlay-gradient":""}},"ast-content-background-meta":{"desktop":{"background-color":"var(--ast-global-color-5)","background-image":"","background-repeat":"repeat","background-position":"center center","background-size":"auto","background-attachment":"scroll","background-type":"","background-media":"","overlay-type":"","overlay-color":"","overlay-opacity":"","overlay-gradient":""},"tablet":{"background-color":"var(--ast-global-color-5)","background-image":"","background-repeat":"repeat","background-position":"center center","background-size":"auto","background-attachment":"scroll","background-type":"","background-media":"","overlay-type":"","overlay-color":"","overlay-opacity":"","overlay-gradient":""},"mobile":{"background-color":"var(--ast-global-color-5)","background-image":"","background-repeat":"repeat","background-position":"center center","background-size":"auto","background-attachment":"scroll","background-type":"","background-media":"","overlay-type":"","overlay-color":"","overlay-opacity":"","overlay-gradient":""}},"footnotes":""},"class_list":["post-4390","page","type-page","status-publish","hentry"],"post_mailing_queue_ids":[],"_links":{"self":[{"href":"https:\/\/agora.xtec.cat\/ies-ramonbarbat-vilaseca\/wp-json\/wp\/v2\/pages\/4390","targetHints":{"allow":["GET"]}}],"collection":[{"href":"https:\/\/agora.xtec.cat\/ies-ramonbarbat-vilaseca\/wp-json\/wp\/v2\/pages"}],"about":[{"href":"https:\/\/agora.xtec.cat\/ies-ramonbarbat-vilaseca\/wp-json\/wp\/v2\/types\/page"}],"author":[{"embeddable":true,"href":"https:\/\/agora.xtec.cat\/ies-ramonbarbat-vilaseca\/wp-json\/wp\/v2\/users\/3"}],"replies":[{"embeddable":true,"href":"https:\/\/agora.xtec.cat\/ies-ramonbarbat-vilaseca\/wp-json\/wp\/v2\/comments?post=4390"}],"version-history":[{"count":7,"href":"https:\/\/agora.xtec.cat\/ies-ramonbarbat-vilaseca\/wp-json\/wp\/v2\/pages\/4390\/revisions"}],"predecessor-version":[{"id":14953,"href":"https:\/\/agora.xtec.cat\/ies-ramonbarbat-vilaseca\/wp-json\/wp\/v2\/pages\/4390\/revisions\/14953"}],"up":[{"embeddable":true,"href":"https:\/\/agora.xtec.cat\/ies-ramonbarbat-vilaseca\/wp-json\/wp\/v2\/pages\/476"}],"wp:attachment":[{"href":"https:\/\/agora.xtec.cat\/ies-ramonbarbat-vilaseca\/wp-json\/wp\/v2\/media?parent=4390"}],"curies":[{"name":"wp","href":"https:\/\/api.w.org\/{rel}","templated":true}]}}