{"id":43,"date":"2014-09-17T16:45:07","date_gmt":"2014-09-17T14:45:07","guid":{"rendered":"http:\/\/agora.xtec.cat\/ies-ramonbarbat-vilaseca\/?page_id=43"},"modified":"2025-12-03T14:31:13","modified_gmt":"2025-12-03T13:31:13","slug":"consell-escolar","status":"publish","type":"page","link":"https:\/\/agora.xtec.cat\/ies-ramonbarbat-vilaseca\/linstitut\/consell-escolar\/","title":{"rendered":"Consell escolar"},"content":{"rendered":"<p>El Consell escolar \u00e9s l\u2019\u00f2rgan de participaci\u00f3 de la comunitat escolar en el govern del centre.<\/p>\n<p>Els membres del Consell escolar actual s\u00f3n:<\/p>\n<p><strong>Equip directiu<\/strong><\/p>\n<p>Director (<strong>*<\/strong>):\u00a0 \u00a0 \u00a0 \u00a0 \u00a0 \u00a0 \u00a0 \u00a0 \u00a0 \u00a0 \u00a0 \u00a0 \u00a0 \u00a0 \u00a0 \u00a0 \u00a0 \u00a0 \u00a0 \u00a0 \u00a0 \u00a0 \u00a0 \u00a0(<strong>*<\/strong>) \u00a0Sra. Quima Guinovart<\/p>\n<p>Cap d\u2019estudis:\u00a0 \u00a0 \u00a0 \u00a0 \u00a0 \u00a0 \u00a0 \u00a0 \u00a0 \u00a0 \u00a0 \u00a0 \u00a0 \u00a0 \u00a0 \u00a0 \u00a0 \u00a0 \u00a0 \u00a0 \u00a0 \u00a0 \u00a0 \u00a0 \u00a0 \u00a0Sr. Francisco Merchan<\/p>\n<p>Secretari-administrador:\u00a0 \u00a0 \u00a0 \u00a0 \u00a0 \u00a0 \u00a0 \u00a0 \u00a0 \u00a0 \u00a0 \u00a0 \u00a0 \u00a0 \u00a0 \u00a0Sra. Magda Garcia<\/p>\n<p><strong>Ajuntament<\/strong><\/p>\n<p>Representant Ajuntament:\u00a0 \u00a0 \u00a0 \u00a0 \u00a0 \u00a0 \u00a0 \u00a0 \u00a0 \u00a0 \u00a0 \u00a0 \u00a0 \u00a0 Sr. Josep Forast\u00e9<\/p>\n<p><strong>\u00a0<\/strong><strong>Professorat<\/strong><\/p>\n<p style=\"background: white; margin: 0cm 0cm 15.0pt 0cm;\"><span style=\"font-family: 'Arial','sans-serif'; color: #444444;\">Representant (2023):\u00a0 \u00a0 \u00a0 \u00a0 \u00a0 \u00a0 \u00a0 \u00a0 \u00a0 \u00a0 \u00a0 \u00a0 \u00a0 \u00a0 \u00a0 \u00a0 \u00a0 Sra. \u00c1ngeles L\u00f3pez<\/span><\/p>\n<p style=\"background: white; margin: 0cm 0cm 15.0pt 0cm;\"><span style=\"font-family: 'Arial','sans-serif'; color: #444444;\">Representant (2023):\u00a0 \u00a0 \u00a0 \u00a0 \u00a0 \u00a0 \u00a0 \u00a0 \u00a0 \u00a0 \u00a0 \u00a0 \u00a0 \u00a0 \u00a0 \u00a0 \u00a0 Sr. David Romero<\/span><\/p>\n<p style=\"background: white; margin: 0cm 0cm 15.0pt 0cm;\"><span style=\"font-family: 'Arial','sans-serif'; color: #444444;\">Representant (2023):\u00a0 \u00a0 \u00a0 \u00a0 \u00a0 \u00a0 \u00a0 \u00a0 \u00a0 \u00a0 \u00a0 \u00a0 \u00a0 \u00a0 (<strong><span style=\"font-family: 'Arial','sans-serif';\">*<\/span><\/strong>)\u00a0 Sra. Teresa Zaplana<\/span><\/p>\n<p style=\"background: white; margin: 0cm 0cm 15.0pt 0cm;\"><span style=\"font-family: 'Arial','sans-serif'; color: #444444;\">Representant (2023):\u00a0 \u00a0 \u00a0 \u00a0 \u00a0 \u00a0 \u00a0 \u00a0 \u00a0 \u00a0 \u00a0 \u00a0 \u00a0 \u00a0 \u00a0 \u00a0 \u00a0 Sra. Sara Cabot<\/span><\/p>\n<p>Representant (2025):\u00a0 \u00a0 \u00a0 \u00a0 \u00a0 \u00a0 \u00a0 \u00a0 \u00a0 \u00a0 \u00a0 \u00a0 \u00a0 \u00a0 \u00a0 \u00a0 \u00a0 \u00a0 \u00a0 \u00a0 Sr. Josu\u00e9 Navarro<\/p>\n<p>Representant (2025):\u00a0 \u00a0 \u00a0 \u00a0 \u00a0 \u00a0 \u00a0 \u00a0 \u00a0 \u00a0 \u00a0 \u00a0 \u00a0 \u00a0 \u00a0 \u00a0 \u00a0 \u00a0 \u00a0 \u00a0 \u00a0Sra.\u00a0 Beatriz V\u00e1zquez<\/p>\n<p>Representant (2025):\u00a0 \u00a0 \u00a0 \u00a0 \u00a0 \u00a0 \u00a0 \u00a0 \u00a0 \u00a0 \u00a0 \u00a0 \u00a0 \u00a0 \u00a0 \u00a0 \u00a0 \u00a0 \u00a0 \u00a0 \u00a0Sr. Christian Mart\u00ednez<\/p>\n<p>Representant (2025):\u00a0 \u00a0 \u00a0 \u00a0 \u00a0 \u00a0 \u00a0 \u00a0 \u00a0 \u00a0 \u00a0 \u00a0 \u00a0 \u00a0 \u00a0 \u00a0 \u00a0 \u00a0 \u00a0 \u00a0 \u00a0Sra. Alba Z\u00e1foras<\/p>\n<p><strong>Pares i mares <\/strong><\/p>\n<p style=\"background: white; margin: 0cm 0cm 15.0pt 0cm;\"><span style=\"font-family: 'Arial','sans-serif'; color: #444444;\">Representant (2023):\u00a0 \u00a0 \u00a0 \u00a0 \u00a0 \u00a0 \u00a0 \u00a0 \u00a0 \u00a0 \u00a0 \u00a0 \u00a0 \u00a0 \u00a0 \u00a0 \u00a0 \u00a0Sra. Montserrat PIQU\u00c9<\/span><\/p>\n<p style=\"background: white; margin: 0cm 0cm 15.0pt 0cm;\"><span style=\"font-family: 'Arial','sans-serif'; color: #444444;\">Representant (2023):\u00a0 \u00a0 \u00a0 \u00a0 \u00a0 \u00a0 \u00a0 \u00a0 \u00a0 \u00a0 \u00a0 \u00a0 \u00a0 \u00a0 \u00a0(<strong><span style=\"font-family: 'Arial','sans-serif';\">*<\/span><\/strong>) \u00a0Sra. Ester JIM\u00c9NEZ<\/span><\/p>\n<p>Representant (2025):\u00a0 \u00a0 \u00a0 \u00a0 \u00a0 \u00a0 \u00a0 \u00a0 \u00a0 \u00a0 \u00a0 \u00a0 \u00a0 \u00a0 \u00a0 \u00a0 \u00a0 \u00a0 \u00a0 \u00a0 \u00a0Sra. Paqui Zaplana<\/p>\n<p>Representant (2025):\u00a0 \u00a0 \u00a0 \u00a0 \u00a0 \u00a0 \u00a0 \u00a0 \u00a0 \u00a0 \u00a0 \u00a0 \u00a0 \u00a0 \u00a0 \u00a0 \u00a0 \u00a0 \u00a0 \u00a0 \u00a0 Sr. Jos\u00e9 Manuel Plou<\/p>\n<p><strong>Associaci\u00f3 de l\u2019A.M.P.A.<\/strong><\/p>\n<p>Representant:\u00a0 \u00a0 \u00a0 \u00a0 \u00a0 \u00a0 \u00a0 \u00a0 \u00a0 \u00a0 \u00a0 \u00a0 \u00a0 \u00a0 \u00a0 \u00a0 \u00a0 \u00a0 \u00a0 \u00a0 \u00a0 \u00a0 \u00a0 \u00a0 \u00a0 \u00a0 \u00a0 \u00a0 Sra. Virginia Ballesteros<\/p>\n<p><strong>\u00a0<\/strong><\/p>\n<p><strong>Alumnes<\/strong><\/p>\n<p style=\"background: white; margin: 0cm 0cm 15.0pt 0cm;\"><span style=\"font-family: 'Arial','sans-serif'; color: #444444;\">Representant (2023):\u00a0 \u00a0 \u00a0 \u00a0 \u00a0 \u00a0 \u00a0 \u00a0 \u00a0 \u00a0 \u00a0 \u00a0 \u00a0 \u00a0 \u00a0 \u00a0 \u00a0 \u00a0 \u00a0Habibou Diop Cisse<\/span><\/p>\n<p style=\"background: white; margin: 0cm 0cm 15.0pt 0cm;\"><span style=\"font-family: 'Arial','sans-serif'; color: #444444;\">Representant (2023):\u00a0 \u00a0 \u00a0 \u00a0 \u00a0 \u00a0 \u00a0 \u00a0 \u00a0 \u00a0 \u00a0 \u00a0 \u00a0 \u00a0 \u00a0 \u00a0 \u00a0 \u00a0 \u00a0Elias Raiss<\/span><\/p>\n<p>Representants (2025):\u00a0 \u00a0 \u00a0 \u00a0 \u00a0 \u00a0 \u00a0 \u00a0 \u00a0 \u00a0 \u00a0 \u00a0 \u00a0 \u00a0 \u00a0 \u00a0 \u00a0 \u00a0 \u00a0 \u00a0 \u00a0Filipp Pozo<\/p>\n<p>Representants (2025):\u00a0 \u00a0 \u00a0 \u00a0 \u00a0 \u00a0 \u00a0 \u00a0 \u00a0 \u00a0 \u00a0 \u00a0 \u00a0 \u00a0 \u00a0 \u00a0 \u00a0 \u00a0 \u00a0 \u00a0 \u00a0 Eva Jabs<\/p>\n<p>&nbsp;<\/p>\n<p><strong>Personal d\u2019administraci\u00f3 i serveis<\/strong><\/p>\n<p>Representant (2025):\u00a0 \u00a0 \u00a0 \u00a0 \u00a0 \u00a0 \u00a0 \u00a0 \u00a0 \u00a0 \u00a0 \u00a0 \u00a0 \u00a0 \u00a0 \u00a0 \u00a0 \u00a0 \u00a0 \u00a0 \u00a0 \u00a0 \u00a0 Sr. Antonio Moya<\/p>\n<p>&nbsp;<\/p>\n<p><strong>Personal d\u2019atenci\u00f3 educativa<\/strong><\/p>\n<p>Representant (2025):\u00a0 \u00a0 \u00a0 \u00a0 \u00a0 \u00a0 \u00a0 \u00a0 \u00a0 \u00a0 \u00a0 \u00a0 \u00a0 \u00a0 \u00a0 \u00a0 \u00a0 \u00a0 \u00a0 \u00a0 \u00a0 \u00a0 \u00a0 \u00a0Sra. Marina Tejada<\/p>\n<p>&nbsp;<\/p>\n<p>&nbsp;<\/p>\n<h6>(<strong>*<\/strong>) <em>Representants del Consell escolar de l\u2019institut, al Consell escolar municipal<\/em><\/h6>\n<p>&nbsp;<\/p>\n<p>&nbsp;<\/p>\n","protected":false},"excerpt":{"rendered":"<p>El Consell escolar \u00e9s l\u2019\u00f2rgan de participaci\u00f3 de la comunitat escolar en el govern del centre. Els membres del Consell escolar actual s\u00f3n: Equip directiu Director (*):\u00a0 \u00a0 \u00a0 \u00a0 \u00a0 \u00a0 \u00a0 \u00a0 \u00a0 \u00a0 \u00a0 \u00a0 \u00a0 \u00a0 \u00a0 \u00a0 \u00a0 \u00a0 \u00a0 \u00a0 \u00a0 \u00a0 \u00a0 \u00a0(*) \u00a0Sra. Quima Guinovart Cap d\u2019estudis:\u00a0 [&hellip;]<\/p>\n","protected":false},"author":1,"featured_media":0,"parent":19,"menu_order":60,"comment_status":"closed","ping_status":"closed","template":"","meta":{"_bbp_topic_count":0,"_bbp_reply_count":0,"_bbp_total_topic_count":0,"_bbp_total_reply_count":0,"_bbp_voice_count":0,"_bbp_anonymous_reply_count":0,"_bbp_topic_count_hidden":0,"_bbp_reply_count_hidden":0,"_bbp_forum_subforum_count":0,"site-sidebar-layout":"default","site-content-layout":"","ast-site-content-layout":"default","site-content-style":"default","site-sidebar-style":"default","ast-global-header-display":"","ast-banner-title-visibility":"","ast-main-header-display":"","ast-hfb-above-header-display":"","ast-hfb-below-header-display":"","ast-hfb-mobile-header-display":"","site-post-title":"","ast-breadcrumbs-content":"","ast-featured-img":"","footer-sml-layout":"","theme-transparent-header-meta":"default","adv-header-id-meta":"","stick-header-meta":"","header-above-stick-meta":"","header-main-stick-meta":"","header-below-stick-meta":"","astra-migrate-meta-layouts":"set","ast-page-background-enabled":"default","ast-page-background-meta":{"desktop":{"background-color":"var(--ast-global-color-4)","background-image":"","background-repeat":"repeat","background-position":"center center","background-size":"auto","background-attachment":"scroll","background-type":"","background-media":"","overlay-type":"","overlay-color":"","overlay-opacity":"","overlay-gradient":""},"tablet":{"background-color":"","background-image":"","background-repeat":"repeat","background-position":"center center","background-size":"auto","background-attachment":"scroll","background-type":"","background-media":"","overlay-type":"","overlay-color":"","overlay-opacity":"","overlay-gradient":""},"mobile":{"background-color":"","background-image":"","background-repeat":"repeat","background-position":"center center","background-size":"auto","background-attachment":"scroll","background-type":"","background-media":"","overlay-type":"","overlay-color":"","overlay-opacity":"","overlay-gradient":""}},"ast-content-background-meta":{"desktop":{"background-color":"var(--ast-global-color-5)","background-image":"","background-repeat":"repeat","background-position":"center center","background-size":"auto","background-attachment":"scroll","background-type":"","background-media":"","overlay-type":"","overlay-color":"","overlay-opacity":"","overlay-gradient":""},"tablet":{"background-color":"var(--ast-global-color-5)","background-image":"","background-repeat":"repeat","background-position":"center center","background-size":"auto","background-attachment":"scroll","background-type":"","background-media":"","overlay-type":"","overlay-color":"","overlay-opacity":"","overlay-gradient":""},"mobile":{"background-color":"var(--ast-global-color-5)","background-image":"","background-repeat":"repeat","background-position":"center center","background-size":"auto","background-attachment":"scroll","background-type":"","background-media":"","overlay-type":"","overlay-color":"","overlay-opacity":"","overlay-gradient":""}},"footnotes":""},"class_list":["post-43","page","type-page","status-publish","hentry"],"post_mailing_queue_ids":[],"_links":{"self":[{"href":"https:\/\/agora.xtec.cat\/ies-ramonbarbat-vilaseca\/wp-json\/wp\/v2\/pages\/43","targetHints":{"allow":["GET"]}}],"collection":[{"href":"https:\/\/agora.xtec.cat\/ies-ramonbarbat-vilaseca\/wp-json\/wp\/v2\/pages"}],"about":[{"href":"https:\/\/agora.xtec.cat\/ies-ramonbarbat-vilaseca\/wp-json\/wp\/v2\/types\/page"}],"author":[{"embeddable":true,"href":"https:\/\/agora.xtec.cat\/ies-ramonbarbat-vilaseca\/wp-json\/wp\/v2\/users\/1"}],"replies":[{"embeddable":true,"href":"https:\/\/agora.xtec.cat\/ies-ramonbarbat-vilaseca\/wp-json\/wp\/v2\/comments?post=43"}],"version-history":[{"count":8,"href":"https:\/\/agora.xtec.cat\/ies-ramonbarbat-vilaseca\/wp-json\/wp\/v2\/pages\/43\/revisions"}],"predecessor-version":[{"id":16123,"href":"https:\/\/agora.xtec.cat\/ies-ramonbarbat-vilaseca\/wp-json\/wp\/v2\/pages\/43\/revisions\/16123"}],"up":[{"embeddable":true,"href":"https:\/\/agora.xtec.cat\/ies-ramonbarbat-vilaseca\/wp-json\/wp\/v2\/pages\/19"}],"wp:attachment":[{"href":"https:\/\/agora.xtec.cat\/ies-ramonbarbat-vilaseca\/wp-json\/wp\/v2\/media?parent=43"}],"curies":[{"name":"wp","href":"https:\/\/api.w.org\/{rel}","templated":true}]}}