{"id":367,"date":"2016-04-09T18:44:04","date_gmt":"2016-04-09T16:44:04","guid":{"rendered":"http:\/\/agora.xtec.cat\/ies-ramonbarbat-vilaseca\/?page_id=367"},"modified":"2019-09-10T12:20:45","modified_gmt":"2019-09-10T10:20:45","slug":"ampa","status":"publish","type":"page","link":"https:\/\/agora.xtec.cat\/ies-ramonbarbat-vilaseca\/serveis\/ampa\/","title":{"rendered":"AMPA"},"content":{"rendered":"<h6>Qu\u00e8 \u00e9s l&#8217;AMPA?<\/h6>\n<ul>\n<li>AMPA vol dir Associaci\u00f3 de Mares i Pares d&#8217;alumnes.<\/li>\n<li>\u00c9s la forma m\u00e9s efica\u00e7 que tenim els pares i les mares d&#8217;organitzar-nos dins del centre escolar.<\/li>\n<li>L&#8217;Associaci\u00f3 de Mares i Pares d&#8217;alumnes de l&#8217;Institut Ramon Barbat i Miracle, col\u00b7laborem estretament amb l&#8217;equip directiu i el professorat de l&#8217;Institut per tal de contribuir a millorar el nivell educatiu dels nostres fills i filles i la qualitat del centre.<\/li>\n<li>L&#8217;AMPA, entitat sense \u00e0nim de lucre, funciona a partir d&#8217;una quota anual que paguen els socis i que s&#8217;inverteix en activitats al llarg del curs.<\/li>\n<li>L&#8217;AMPA \u00e9s un equip de feina dins l&#8217;Institut.<\/li>\n<li>La col\u00b7laboraci\u00f3 de tots els pares i mares \u00e9s fonamental per continuar aquesta tasca.<\/li>\n<\/ul>\n<h6>Qui som?<\/h6>\n<p>Tots els pares i mares que paguem la quota anual corresponent, formem part de l&#8217;AMPA i tenim veu i vot a les assemblees, organisme decisori i de participaci\u00f3 de tots els associats i associades.<br \/>\nLa Junta directiva es tria en Assemblea General.<\/p>\n<h6>Com fer-nos socis de l&#8217;AMPA?<\/h6>\n<p>Pels que encara no us heu fet socis, us comuniquem que la quota anual continua essent de 18 \u20ac per fam\u00edlia i que el pagament el podeu fer mitjan\u00e7ant un ingr\u00e9s al compte n\u00fam. ES12 2100.0154.41.0200237937 de la Caixa posant el nom dels vostres fills.<\/p>\n<p>A m\u00e9s us agrairem que ens feu arribar un correu electr\u00f2nic a l&#8217;adre\u00e7a de l&#8217;AMPA <a href=\"mailto:amparamonbarbat@gmail.com\" target=\"_blank\" rel=\"noopener noreferrer\">amparamonbarbat@gmail.com<\/a> indicant-nos les seg\u00fcents dades per tal de poder fer-vos arribar la informaci\u00f3 mitjan\u00e7ant correu electr\u00f2nic i\/o SMS.<\/p>\n<p>Non del pare\/mare: _____________________________________________________<br \/>\nNom de l\u2019alumne:_____________________________________\u00a0\u00a0 Curs: ____________<br \/>\nNom de l\u2019alumne: _____________________________________\u00a0 Curs: ____________<br \/>\nNom de l\u2019alumne:_____________________________________\u00a0\u00a0 Curs: ____________<br \/>\nTel\u00e8fon de contacte\u00a0 (m\u00f2bil) : ___________________<br \/>\nCorreu electr\u00f2nic: ______________________________________<\/p>\n<h6><\/h6>\n<h6>Com contactar amb l&#8217;AMPA?<\/h6>\n<p>A trav\u00e9s del nostre correu electr\u00f2nic <a href=\"mailto:amparamonbarbat@gmail.com\" target=\"_blank\" rel=\"noopener noreferrer\">amparamonbarbat@gmail.com<\/a><\/p>\n<p>Podeu fer-nos les consultes que necessiteu en aquest correu, i intentarem donar-vos resposta el m\u00e9s aviat possible.<\/p>\n<p><strong>Salutacions de la Junta de l\u2019AMPA de l\u2019Institut Ramon Barbat i Miracle.<\/strong><\/p>\n","protected":false},"excerpt":{"rendered":"<p>Qu\u00e8 \u00e9s l&#8217;AMPA? AMPA vol dir Associaci\u00f3 de Mares i Pares d&#8217;alumnes. \u00c9s la forma m\u00e9s efica\u00e7 que tenim els pares i les mares d&#8217;organitzar-nos dins del centre escolar. L&#8217;Associaci\u00f3 de Mares i Pares d&#8217;alumnes de l&#8217;Institut Ramon Barbat i Miracle, col\u00b7laborem estretament amb l&#8217;equip directiu i el professorat de l&#8217;Institut per tal de contribuir [&hellip;]<\/p>\n","protected":false},"author":4,"featured_media":0,"parent":63,"menu_order":0,"comment_status":"closed","ping_status":"closed","template":"","meta":{"_bbp_topic_count":0,"_bbp_reply_count":0,"_bbp_total_topic_count":0,"_bbp_total_reply_count":0,"_bbp_voice_count":0,"_bbp_anonymous_reply_count":0,"_bbp_topic_count_hidden":0,"_bbp_reply_count_hidden":0,"_bbp_forum_subforum_count":0,"site-sidebar-layout":"default","site-content-layout":"","ast-site-content-layout":"","site-content-style":"default","site-sidebar-style":"default","ast-global-header-display":"","ast-banner-title-visibility":"","ast-main-header-display":"","ast-hfb-above-header-display":"","ast-hfb-below-header-display":"","ast-hfb-mobile-header-display":"","site-post-title":"","ast-breadcrumbs-content":"","ast-featured-img":"","footer-sml-layout":"","theme-transparent-header-meta":"","adv-header-id-meta":"","stick-header-meta":"","header-above-stick-meta":"","header-main-stick-meta":"","header-below-stick-meta":"","astra-migrate-meta-layouts":"default","ast-page-background-enabled":"default","ast-page-background-meta":{"desktop":{"background-color":"var(--ast-global-color-4)","background-image":"","background-repeat":"repeat","background-position":"center center","background-size":"auto","background-attachment":"scroll","background-type":"","background-media":"","overlay-type":"","overlay-color":"","overlay-opacity":"","overlay-gradient":""},"tablet":{"background-color":"","background-image":"","background-repeat":"repeat","background-position":"center center","background-size":"auto","background-attachment":"scroll","background-type":"","background-media":"","overlay-type":"","overlay-color":"","overlay-opacity":"","overlay-gradient":""},"mobile":{"background-color":"","background-image":"","background-repeat":"repeat","background-position":"center center","background-size":"auto","background-attachment":"scroll","background-type":"","background-media":"","overlay-type":"","overlay-color":"","overlay-opacity":"","overlay-gradient":""}},"ast-content-background-meta":{"desktop":{"background-color":"var(--ast-global-color-5)","background-image":"","background-repeat":"repeat","background-position":"center center","background-size":"auto","background-attachment":"scroll","background-type":"","background-media":"","overlay-type":"","overlay-color":"","overlay-opacity":"","overlay-gradient":""},"tablet":{"background-color":"var(--ast-global-color-5)","background-image":"","background-repeat":"repeat","background-position":"center center","background-size":"auto","background-attachment":"scroll","background-type":"","background-media":"","overlay-type":"","overlay-color":"","overlay-opacity":"","overlay-gradient":""},"mobile":{"background-color":"var(--ast-global-color-5)","background-image":"","background-repeat":"repeat","background-position":"center center","background-size":"auto","background-attachment":"scroll","background-type":"","background-media":"","overlay-type":"","overlay-color":"","overlay-opacity":"","overlay-gradient":""}},"footnotes":""},"class_list":["post-367","page","type-page","status-publish","hentry"],"post_mailing_queue_ids":[],"_links":{"self":[{"href":"https:\/\/agora.xtec.cat\/ies-ramonbarbat-vilaseca\/wp-json\/wp\/v2\/pages\/367","targetHints":{"allow":["GET"]}}],"collection":[{"href":"https:\/\/agora.xtec.cat\/ies-ramonbarbat-vilaseca\/wp-json\/wp\/v2\/pages"}],"about":[{"href":"https:\/\/agora.xtec.cat\/ies-ramonbarbat-vilaseca\/wp-json\/wp\/v2\/types\/page"}],"author":[{"embeddable":true,"href":"https:\/\/agora.xtec.cat\/ies-ramonbarbat-vilaseca\/wp-json\/wp\/v2\/users\/4"}],"replies":[{"embeddable":true,"href":"https:\/\/agora.xtec.cat\/ies-ramonbarbat-vilaseca\/wp-json\/wp\/v2\/comments?post=367"}],"version-history":[{"count":3,"href":"https:\/\/agora.xtec.cat\/ies-ramonbarbat-vilaseca\/wp-json\/wp\/v2\/pages\/367\/revisions"}],"predecessor-version":[{"id":6363,"href":"https:\/\/agora.xtec.cat\/ies-ramonbarbat-vilaseca\/wp-json\/wp\/v2\/pages\/367\/revisions\/6363"}],"up":[{"embeddable":true,"href":"https:\/\/agora.xtec.cat\/ies-ramonbarbat-vilaseca\/wp-json\/wp\/v2\/pages\/63"}],"wp:attachment":[{"href":"https:\/\/agora.xtec.cat\/ies-ramonbarbat-vilaseca\/wp-json\/wp\/v2\/media?parent=367"}],"curies":[{"name":"wp","href":"https:\/\/api.w.org\/{rel}","templated":true}]}}