{"id":354,"date":"2016-04-09T18:35:08","date_gmt":"2016-04-09T17:35:08","guid":{"rendered":"http:\/\/agora.xtec.cat\/ies-ramonbarbat-vilaseca\/?page_id=354"},"modified":"2025-12-19T11:03:00","modified_gmt":"2025-12-19T10:03:00","slug":"escola-verda","status":"publish","type":"page","link":"https:\/\/agora.xtec.cat\/ies-ramonbarbat-vilaseca\/projecte-educatiu\/escola-verda\/","title":{"rendered":"Escola verda"},"content":{"rendered":"<p><strong>El nostre centre ja compta amb el <em>Distintiu de la Xarxa d&#8217;Escoles Verdes<\/em><\/strong><br \/>\n<a href=\"http:\/\/agora.xtec.cat\/ies-ramonbarbat-vilaseca\/wp-content\/uploads\/usu1174\/2016\/04\/SomEscolaVerda.jpg\"><img loading=\"lazy\" decoding=\"async\" class=\"alignnone wp-image-3801\" src=\"http:\/\/agora.xtec.cat\/ies-ramonbarbat-vilaseca\/wp-content\/uploads\/usu1174\/2016\/04\/SomEscolaVerda-1024x416.jpg\" alt=\"\" width=\"500\" height=\"203\" srcset=\"https:\/\/agora.xtec.cat\/ies-ramonbarbat-vilaseca\/wp-content\/uploads\/usu1174\/2016\/04\/SomEscolaVerda-1024x416.jpg 1024w, https:\/\/agora.xtec.cat\/ies-ramonbarbat-vilaseca\/wp-content\/uploads\/usu1174\/2016\/04\/SomEscolaVerda-300x122.jpg 300w, https:\/\/agora.xtec.cat\/ies-ramonbarbat-vilaseca\/wp-content\/uploads\/usu1174\/2016\/04\/SomEscolaVerda-768x312.jpg 768w, https:\/\/agora.xtec.cat\/ies-ramonbarbat-vilaseca\/wp-content\/uploads\/usu1174\/2016\/04\/SomEscolaVerda.jpg 1374w\" sizes=\"auto, (max-width: 500px) 100vw, 500px\" \/><\/a><\/p>\n<h5><b>Descripci\u00f3<\/b><\/h5>\n<p><span style=\"font-weight: 400;\">El programa escoles verdes sorgeix com un comprom\u00eds per donar suport a tots els centres educatius de Catalunya que volen innovar, incloure, avan\u00e7ar, sistematitzar i organitzar accions educatives que tinguin la finalitat d\u2019afrontar, des de l\u2019educaci\u00f3, els nous reptes i valors de la sostenibilitat.<\/span><\/p>\n<p><span style=\"font-weight: 400;\">L\u2019objectiu \u00e9s promoure la participaci\u00f3 i la implicaci\u00f3 activa de la comunitat educativa en la millora del seu entorn.<\/span><\/p>\n<h5><b>Objectius<\/b><\/h5>\n<ul>\n<li aria-level=\"1\">Consolidar el buidatge de les aules<\/li>\n<li aria-level=\"1\">Eliminar l\u2019alumini del centre<\/li>\n<li aria-level=\"1\">Convocar els delegats i delegades ambientals a la reuni\u00f3 trimestral establerta.<\/li>\n<li aria-level=\"1\">Millorar la implicaci\u00f3 dels delegats\/des<\/li>\n<li aria-level=\"1\">Realitzar accions i\/o actuacions mediambientals al centre<\/li>\n<li aria-level=\"1\">Mantenir l\u2019entorn educatiu net i endre\u00e7at (aules i pati)<\/li>\n<li aria-level=\"1\">Ensenyar als alumnes a reciclar correctament<\/li>\n<\/ul>\n<h5><b>\u00c0mbits curriculars, \u00e0rees i\/o mat\u00e8ries<\/b><\/h5>\n<p><span style=\"font-weight: 400;\">Tutoria, Ci\u00e8ncies de la Naturalesa, Servei Comunitari.<\/span><\/p>\n<p>Al <a href=\"http:\/\/agora.xtec.cat\/ies-ramonbarbat-vilaseca\/categoria\/general\/escola-verda\/\" target=\"_blank\" rel=\"noopener noreferrer\">Blog de l&#8217;Escola Verda<\/a> us anirem informant de les activitats que realitza el nostre centre.<\/p>\n","protected":false},"excerpt":{"rendered":"<p>El nostre centre ja compta amb el Distintiu de la Xarxa d&#8217;Escoles Verdes Descripci\u00f3 El programa escoles verdes sorgeix com un comprom\u00eds per donar suport a tots els centres educatius de Catalunya que volen innovar, incloure, avan\u00e7ar, sistematitzar i organitzar accions educatives que tinguin la finalitat d\u2019afrontar, des de l\u2019educaci\u00f3, els nous reptes i valors [&hellip;]<\/p>\n","protected":false},"author":4,"featured_media":0,"parent":57,"menu_order":0,"comment_status":"closed","ping_status":"closed","template":"","meta":{"_bbp_topic_count":0,"_bbp_reply_count":0,"_bbp_total_topic_count":0,"_bbp_total_reply_count":0,"_bbp_voice_count":0,"_bbp_anonymous_reply_count":0,"_bbp_topic_count_hidden":0,"_bbp_reply_count_hidden":0,"_bbp_forum_subforum_count":0,"site-sidebar-layout":"default","site-content-layout":"","ast-site-content-layout":"default","site-content-style":"default","site-sidebar-style":"default","ast-global-header-display":"","ast-banner-title-visibility":"","ast-main-header-display":"","ast-hfb-above-header-display":"","ast-hfb-below-header-display":"","ast-hfb-mobile-header-display":"","site-post-title":"","ast-breadcrumbs-content":"","ast-featured-img":"","footer-sml-layout":"","theme-transparent-header-meta":"default","adv-header-id-meta":"","stick-header-meta":"","header-above-stick-meta":"","header-main-stick-meta":"","header-below-stick-meta":"","astra-migrate-meta-layouts":"set","ast-page-background-enabled":"default","ast-page-background-meta":{"desktop":{"background-color":"var(--ast-global-color-4)","background-image":"","background-repeat":"repeat","background-position":"center center","background-size":"auto","background-attachment":"scroll","background-type":"","background-media":"","overlay-type":"","overlay-color":"","overlay-opacity":"","overlay-gradient":""},"tablet":{"background-color":"","background-image":"","background-repeat":"repeat","background-position":"center center","background-size":"auto","background-attachment":"scroll","background-type":"","background-media":"","overlay-type":"","overlay-color":"","overlay-opacity":"","overlay-gradient":""},"mobile":{"background-color":"","background-image":"","background-repeat":"repeat","background-position":"center center","background-size":"auto","background-attachment":"scroll","background-type":"","background-media":"","overlay-type":"","overlay-color":"","overlay-opacity":"","overlay-gradient":""}},"ast-content-background-meta":{"desktop":{"background-color":"var(--ast-global-color-5)","background-image":"","background-repeat":"repeat","background-position":"center center","background-size":"auto","background-attachment":"scroll","background-type":"","background-media":"","overlay-type":"","overlay-color":"","overlay-opacity":"","overlay-gradient":""},"tablet":{"background-color":"var(--ast-global-color-5)","background-image":"","background-repeat":"repeat","background-position":"center center","background-size":"auto","background-attachment":"scroll","background-type":"","background-media":"","overlay-type":"","overlay-color":"","overlay-opacity":"","overlay-gradient":""},"mobile":{"background-color":"var(--ast-global-color-5)","background-image":"","background-repeat":"repeat","background-position":"center center","background-size":"auto","background-attachment":"scroll","background-type":"","background-media":"","overlay-type":"","overlay-color":"","overlay-opacity":"","overlay-gradient":""}},"footnotes":""},"class_list":["post-354","page","type-page","status-publish","hentry"],"post_mailing_queue_ids":[],"_links":{"self":[{"href":"https:\/\/agora.xtec.cat\/ies-ramonbarbat-vilaseca\/wp-json\/wp\/v2\/pages\/354","targetHints":{"allow":["GET"]}}],"collection":[{"href":"https:\/\/agora.xtec.cat\/ies-ramonbarbat-vilaseca\/wp-json\/wp\/v2\/pages"}],"about":[{"href":"https:\/\/agora.xtec.cat\/ies-ramonbarbat-vilaseca\/wp-json\/wp\/v2\/types\/page"}],"author":[{"embeddable":true,"href":"https:\/\/agora.xtec.cat\/ies-ramonbarbat-vilaseca\/wp-json\/wp\/v2\/users\/4"}],"replies":[{"embeddable":true,"href":"https:\/\/agora.xtec.cat\/ies-ramonbarbat-vilaseca\/wp-json\/wp\/v2\/comments?post=354"}],"version-history":[{"count":6,"href":"https:\/\/agora.xtec.cat\/ies-ramonbarbat-vilaseca\/wp-json\/wp\/v2\/pages\/354\/revisions"}],"predecessor-version":[{"id":16209,"href":"https:\/\/agora.xtec.cat\/ies-ramonbarbat-vilaseca\/wp-json\/wp\/v2\/pages\/354\/revisions\/16209"}],"up":[{"embeddable":true,"href":"https:\/\/agora.xtec.cat\/ies-ramonbarbat-vilaseca\/wp-json\/wp\/v2\/pages\/57"}],"wp:attachment":[{"href":"https:\/\/agora.xtec.cat\/ies-ramonbarbat-vilaseca\/wp-json\/wp\/v2\/media?parent=354"}],"curies":[{"name":"wp","href":"https:\/\/api.w.org\/{rel}","templated":true}]}}