{"id":336,"date":"2016-04-09T18:26:50","date_gmt":"2016-04-09T17:26:50","guid":{"rendered":"http:\/\/agora.xtec.cat\/ies-ramonbarbat-vilaseca\/?page_id=336"},"modified":"2026-03-24T13:34:58","modified_gmt":"2026-03-24T12:34:58","slug":"cicles","status":"publish","type":"page","link":"https:\/\/agora.xtec.cat\/ies-ramonbarbat-vilaseca\/estudis\/cicles\/","title":{"rendered":"Cicles"},"content":{"rendered":"<h1>Formaci\u00f3 Professional DUAL<\/h1>\n<p>\u00c9s la modalitat de formaci\u00f3 professional (FP) en la qual l\u2019estudiant esdev\u00e9 aprenent i combina la formaci\u00f3 en el centre educatiu amb l\u2019activitat productiva en l\u2019empresa.<\/p>\n<h3>Objectius:<\/h3>\n<p>Millorar la formaci\u00f3 de l\u2019aprenent<\/p>\n<ol>\n<li>Fent-lo part\u00edcip d\u2019activitats productives de l\u2019empresa. Integrant-lo en la cultura i tecnologies de l\u2019empresa. Amb una estada de 900 a 1.000 h. d\u2019activitat a l\u2019empresa.<\/li>\n<li>Contribuir a la millora dels recursos humans de les empreses.<\/li>\n<li>Facilitant la selecci\u00f3 i la captaci\u00f3 de persones amb talent. Adequant la formaci\u00f3 a les necessitats reals de l\u2019empresa. Generant m\u00e9s vinculaci\u00f3 entre l\u2019empresa i els centres de formaci\u00f3.<\/li>\n<\/ol>\n<hr \/>\n<p class=\"entry-title\"><a href=\"https:\/\/agora.xtec.cat\/ies-ramonbarbat-vilaseca\/estudis\/cicles\/activitats-comercials\/\">COMER\u00c7 I M\u00c0RQUETING<\/a><\/p>\n<p><strong>CFPB CICLE FORMATIU DE GRAU B\u00c0SIC DE SERVEIS COMERCIALS<\/strong><\/p>\n<p><strong>CFPM T\u00c8CNIC EN COMER\u00c7 I M\u00c0RQUETING\u00a0<\/strong><strong><br \/>\n<\/strong><\/p>\n<p><strong>CFPS T\u00c8CNIC EN M\u00c0RQUETING I PUBLICITAT<br \/>\n<\/strong><\/p>\n<hr \/>\n<p class=\"entry-title\"><a href=\"http:\/\/agora.xtec.cat\/ies-ramonbarbat-vilaseca\/estudis\/cicles\/instal%C2%B7lacio-i-manteniment\/\">INSTAL\u00b7LACI\u00d3 i MANTENIMENT<\/a><\/p>\n<p><b>CFPM INSTAL\u00b7LACIONS DE PRODUCCI\u00d3 DE CALOR<\/b><\/p>\n<p><b>CFPM INSTAL\u00b7LACIONS FRIGOR\u00cdFIQUES I DE CLIMATITZACI\u00d3<\/b><\/p>\n<p><strong>CFPS MANTENIMENT D\u2019INSTAL\u00b7LACIONS T\u00c8RMIQUES I DE FLUIDS<\/strong><\/p>\n<p><a href=\"https:\/\/drive.google.com\/open?id=0B9dgEbTyTg8YTDZ3VGpReXJnXzA\" target=\"_blank\" rel=\"noopener noreferrer\">Tr\u00edptic informatiu<\/a><\/p>\n<p><a href=\"http:\/\/agora.xtec.cat\/ies-ramonbarbat-vilaseca\/secretaria\/preinscripcio-i-matricula\/\">Preinscripci\u00f3 i matr\u00edcula<\/a><\/p>\n<p><a href=\"https:\/\/www.xelu.net\/html\/materials\/materials_fitxa.php?idioma=catala&amp;materials_ID=24\" target=\"_blank\" rel=\"noopener noreferrer\">Ex\u00e0mens de mostra per a l&#8217;acc\u00e9s als CFGM<\/a><\/p>\n","protected":false},"excerpt":{"rendered":"<p>Formaci\u00f3 Professional DUAL \u00c9s la modalitat de formaci\u00f3 professional (FP) en la qual l\u2019estudiant esdev\u00e9 aprenent i combina la formaci\u00f3 en el centre educatiu amb l\u2019activitat productiva en l\u2019empresa. Objectius: Millorar la formaci\u00f3 de l\u2019aprenent Fent-lo part\u00edcip d\u2019activitats productives de l\u2019empresa. Integrant-lo en la cultura i tecnologies de l\u2019empresa. Amb una estada de 900 a [&hellip;]<\/p>\n","protected":false},"author":4,"featured_media":0,"parent":195,"menu_order":0,"comment_status":"closed","ping_status":"closed","template":"","meta":{"_bbp_topic_count":0,"_bbp_reply_count":0,"_bbp_total_topic_count":0,"_bbp_total_reply_count":0,"_bbp_voice_count":0,"_bbp_anonymous_reply_count":0,"_bbp_topic_count_hidden":0,"_bbp_reply_count_hidden":0,"_bbp_forum_subforum_count":0,"site-sidebar-layout":"default","site-content-layout":"","ast-site-content-layout":"default","site-content-style":"default","site-sidebar-style":"default","ast-global-header-display":"","ast-banner-title-visibility":"","ast-main-header-display":"","ast-hfb-above-header-display":"","ast-hfb-below-header-display":"","ast-hfb-mobile-header-display":"","site-post-title":"","ast-breadcrumbs-content":"","ast-featured-img":"","footer-sml-layout":"","theme-transparent-header-meta":"default","adv-header-id-meta":"","stick-header-meta":"","header-above-stick-meta":"","header-main-stick-meta":"","header-below-stick-meta":"","astra-migrate-meta-layouts":"set","ast-page-background-enabled":"default","ast-page-background-meta":{"desktop":{"background-color":"var(--ast-global-color-4)","background-image":"","background-repeat":"repeat","background-position":"center center","background-size":"auto","background-attachment":"scroll","background-type":"","background-media":"","overlay-type":"","overlay-color":"","overlay-opacity":"","overlay-gradient":""},"tablet":{"background-color":"","background-image":"","background-repeat":"repeat","background-position":"center center","background-size":"auto","background-attachment":"scroll","background-type":"","background-media":"","overlay-type":"","overlay-color":"","overlay-opacity":"","overlay-gradient":""},"mobile":{"background-color":"","background-image":"","background-repeat":"repeat","background-position":"center center","background-size":"auto","background-attachment":"scroll","background-type":"","background-media":"","overlay-type":"","overlay-color":"","overlay-opacity":"","overlay-gradient":""}},"ast-content-background-meta":{"desktop":{"background-color":"var(--ast-global-color-5)","background-image":"","background-repeat":"repeat","background-position":"center center","background-size":"auto","background-attachment":"scroll","background-type":"","background-media":"","overlay-type":"","overlay-color":"","overlay-opacity":"","overlay-gradient":""},"tablet":{"background-color":"var(--ast-global-color-5)","background-image":"","background-repeat":"repeat","background-position":"center center","background-size":"auto","background-attachment":"scroll","background-type":"","background-media":"","overlay-type":"","overlay-color":"","overlay-opacity":"","overlay-gradient":""},"mobile":{"background-color":"var(--ast-global-color-5)","background-image":"","background-repeat":"repeat","background-position":"center center","background-size":"auto","background-attachment":"scroll","background-type":"","background-media":"","overlay-type":"","overlay-color":"","overlay-opacity":"","overlay-gradient":""}},"footnotes":""},"class_list":["post-336","page","type-page","status-publish","hentry"],"post_mailing_queue_ids":[],"_links":{"self":[{"href":"https:\/\/agora.xtec.cat\/ies-ramonbarbat-vilaseca\/wp-json\/wp\/v2\/pages\/336","targetHints":{"allow":["GET"]}}],"collection":[{"href":"https:\/\/agora.xtec.cat\/ies-ramonbarbat-vilaseca\/wp-json\/wp\/v2\/pages"}],"about":[{"href":"https:\/\/agora.xtec.cat\/ies-ramonbarbat-vilaseca\/wp-json\/wp\/v2\/types\/page"}],"author":[{"embeddable":true,"href":"https:\/\/agora.xtec.cat\/ies-ramonbarbat-vilaseca\/wp-json\/wp\/v2\/users\/4"}],"replies":[{"embeddable":true,"href":"https:\/\/agora.xtec.cat\/ies-ramonbarbat-vilaseca\/wp-json\/wp\/v2\/comments?post=336"}],"version-history":[{"count":6,"href":"https:\/\/agora.xtec.cat\/ies-ramonbarbat-vilaseca\/wp-json\/wp\/v2\/pages\/336\/revisions"}],"predecessor-version":[{"id":16622,"href":"https:\/\/agora.xtec.cat\/ies-ramonbarbat-vilaseca\/wp-json\/wp\/v2\/pages\/336\/revisions\/16622"}],"up":[{"embeddable":true,"href":"https:\/\/agora.xtec.cat\/ies-ramonbarbat-vilaseca\/wp-json\/wp\/v2\/pages\/195"}],"wp:attachment":[{"href":"https:\/\/agora.xtec.cat\/ies-ramonbarbat-vilaseca\/wp-json\/wp\/v2\/media?parent=336"}],"curies":[{"name":"wp","href":"https:\/\/api.w.org\/{rel}","templated":true}]}}