{"id":334,"date":"2016-04-09T18:26:23","date_gmt":"2016-04-09T17:26:23","guid":{"rendered":"http:\/\/agora.xtec.cat\/ies-ramonbarbat-vilaseca\/?page_id=334"},"modified":"2017-05-18T14:35:48","modified_gmt":"2017-05-18T12:35:48","slug":"batxillerat","status":"publish","type":"page","link":"https:\/\/agora.xtec.cat\/ies-ramonbarbat-vilaseca\/estudis\/batxillerat\/","title":{"rendered":"Batxillerat"},"content":{"rendered":"<hr \/>\n<h5><\/h5>\n<h5>Modalitats<\/h5>\n<h3><strong>HUMANITATS i CI\u00c8NCIES SOCIALS<br \/>\n<\/strong><\/h3>\n<ul style=\"list-style-type: square;\">\n<li>Economia de l&#8217;empresa<\/li>\n<li>Geografia<\/li>\n<li>Grec<br \/>\nHist\u00f2ria de l&#8217;art<\/li>\n<li>Ha del m\u00f3n contemporani<\/li>\n<li>Llat\u00ed<br \/>\nMatem\u00e0tiques aplicades a<br \/>\nles ci\u00e8ncies socials<\/li>\n<li>Literatura catalana<\/li>\n<li>Literatura castellana<\/li>\n<li>Literatura universal<\/li>\n<\/ul>\n<h3><strong>CI\u00c8NCIES i TECNOLOGIA<br \/>\n<\/strong><\/h3>\n<ul style=\"list-style-type: square;\">\n<li>Biologia<\/li>\n<li>Ci\u00e8ncies de la Terra i del<br \/>\nmedi ambient<\/li>\n<li>Dibuix t\u00e8cnic<\/li>\n<li>F\u00edsica<\/li>\n<li>Matem\u00e0tiques<\/li>\n<li>Qu\u00edmica<\/li>\n<li>Tecnologia industrial<\/li>\n<\/ul>\n<hr \/>\n<h4><\/h4>\n<h4>MAT\u00c8RIES COMUNES:<\/h4>\n<ul style=\"list-style-type: square;\">\n<li>Llengua catalana i literatura<\/li>\n<li>Llengua castellana i literatura<\/li>\n<li>Llengua estrangera (Angl\u00e8s)<\/li>\n<li>Educaci\u00f3 f\u00edsica<\/li>\n<li>Filosofia<\/li>\n<li>Hist\u00f2ria<\/li>\n<li>Hist\u00f2ria de la filosofia<\/li>\n<li>Treball de recerca<\/li>\n<\/ul>\n<h5>Altres mat\u00e8ries:<\/h5>\n<ul style=\"list-style-type: square;\">\n<li>Estada a l&#8217;empresa<\/li>\n<li>Alemany<\/li>\n<\/ul>\n<p><a href=\"http:\/\/agora.xtec.cat\/ies-ramonbarbat-vilaseca\/secretaria\/preinscripcio-i-matricula\/\">Preinscripci\u00f3 i matr\u00edcula<\/a><\/p>\n","protected":false},"excerpt":{"rendered":"<p>Modalitats HUMANITATS i CI\u00c8NCIES SOCIALS Economia de l&#8217;empresa Geografia Grec Hist\u00f2ria de l&#8217;art Ha del m\u00f3n contemporani Llat\u00ed Matem\u00e0tiques aplicades a les ci\u00e8ncies socials Literatura catalana Literatura castellana Literatura universal CI\u00c8NCIES i TECNOLOGIA Biologia Ci\u00e8ncies de la Terra i del medi ambient Dibuix t\u00e8cnic F\u00edsica Matem\u00e0tiques Qu\u00edmica Tecnologia industrial MAT\u00c8RIES COMUNES: Llengua catalana i literatura [&hellip;]<\/p>\n","protected":false},"author":4,"featured_media":0,"parent":195,"menu_order":0,"comment_status":"closed","ping_status":"closed","template":"page-templates\/side-menu.php","meta":{"_bbp_topic_count":0,"_bbp_reply_count":0,"_bbp_total_topic_count":0,"_bbp_total_reply_count":0,"_bbp_voice_count":0,"_bbp_anonymous_reply_count":0,"_bbp_topic_count_hidden":0,"_bbp_reply_count_hidden":0,"_bbp_forum_subforum_count":0,"site-sidebar-layout":"default","site-content-layout":"","ast-site-content-layout":"","site-content-style":"default","site-sidebar-style":"default","ast-global-header-display":"","ast-banner-title-visibility":"","ast-main-header-display":"","ast-hfb-above-header-display":"","ast-hfb-below-header-display":"","ast-hfb-mobile-header-display":"","site-post-title":"","ast-breadcrumbs-content":"","ast-featured-img":"","footer-sml-layout":"","theme-transparent-header-meta":"","adv-header-id-meta":"","stick-header-meta":"","header-above-stick-meta":"","header-main-stick-meta":"","header-below-stick-meta":"","astra-migrate-meta-layouts":"default","ast-page-background-enabled":"default","ast-page-background-meta":{"desktop":{"background-color":"var(--ast-global-color-4)","background-image":"","background-repeat":"repeat","background-position":"center center","background-size":"auto","background-attachment":"scroll","background-type":"","background-media":"","overlay-type":"","overlay-color":"","overlay-opacity":"","overlay-gradient":""},"tablet":{"background-color":"","background-image":"","background-repeat":"repeat","background-position":"center center","background-size":"auto","background-attachment":"scroll","background-type":"","background-media":"","overlay-type":"","overlay-color":"","overlay-opacity":"","overlay-gradient":""},"mobile":{"background-color":"","background-image":"","background-repeat":"repeat","background-position":"center center","background-size":"auto","background-attachment":"scroll","background-type":"","background-media":"","overlay-type":"","overlay-color":"","overlay-opacity":"","overlay-gradient":""}},"ast-content-background-meta":{"desktop":{"background-color":"var(--ast-global-color-5)","background-image":"","background-repeat":"repeat","background-position":"center center","background-size":"auto","background-attachment":"scroll","background-type":"","background-media":"","overlay-type":"","overlay-color":"","overlay-opacity":"","overlay-gradient":""},"tablet":{"background-color":"var(--ast-global-color-5)","background-image":"","background-repeat":"repeat","background-position":"center center","background-size":"auto","background-attachment":"scroll","background-type":"","background-media":"","overlay-type":"","overlay-color":"","overlay-opacity":"","overlay-gradient":""},"mobile":{"background-color":"var(--ast-global-color-5)","background-image":"","background-repeat":"repeat","background-position":"center center","background-size":"auto","background-attachment":"scroll","background-type":"","background-media":"","overlay-type":"","overlay-color":"","overlay-opacity":"","overlay-gradient":""}},"footnotes":""},"class_list":["post-334","page","type-page","status-publish","hentry"],"post_mailing_queue_ids":[],"_links":{"self":[{"href":"https:\/\/agora.xtec.cat\/ies-ramonbarbat-vilaseca\/wp-json\/wp\/v2\/pages\/334","targetHints":{"allow":["GET"]}}],"collection":[{"href":"https:\/\/agora.xtec.cat\/ies-ramonbarbat-vilaseca\/wp-json\/wp\/v2\/pages"}],"about":[{"href":"https:\/\/agora.xtec.cat\/ies-ramonbarbat-vilaseca\/wp-json\/wp\/v2\/types\/page"}],"author":[{"embeddable":true,"href":"https:\/\/agora.xtec.cat\/ies-ramonbarbat-vilaseca\/wp-json\/wp\/v2\/users\/4"}],"replies":[{"embeddable":true,"href":"https:\/\/agora.xtec.cat\/ies-ramonbarbat-vilaseca\/wp-json\/wp\/v2\/comments?post=334"}],"version-history":[{"count":5,"href":"https:\/\/agora.xtec.cat\/ies-ramonbarbat-vilaseca\/wp-json\/wp\/v2\/pages\/334\/revisions"}],"predecessor-version":[{"id":3128,"href":"https:\/\/agora.xtec.cat\/ies-ramonbarbat-vilaseca\/wp-json\/wp\/v2\/pages\/334\/revisions\/3128"}],"up":[{"embeddable":true,"href":"https:\/\/agora.xtec.cat\/ies-ramonbarbat-vilaseca\/wp-json\/wp\/v2\/pages\/195"}],"wp:attachment":[{"href":"https:\/\/agora.xtec.cat\/ies-ramonbarbat-vilaseca\/wp-json\/wp\/v2\/media?parent=334"}],"curies":[{"name":"wp","href":"https:\/\/api.w.org\/{rel}","templated":true}]}}