{"id":2583,"date":"2016-10-24T10:58:31","date_gmt":"2016-10-24T08:58:31","guid":{"rendered":"http:\/\/agora.xtec.cat\/ies-ramonbarbat-vilaseca\/?page_id=2583"},"modified":"2026-01-27T13:29:42","modified_gmt":"2026-01-27T12:29:42","slug":"transparencia","status":"publish","type":"page","link":"https:\/\/agora.xtec.cat\/ies-ramonbarbat-vilaseca\/secretaria\/transparencia\/","title":{"rendered":"Portal de la transpar\u00e8ncia"},"content":{"rendered":"<h1 style=\"text-align: center;\"><strong>SUBVENCIONS REBUDES D\u2019INSTITUCIONS PUBLIQUES<\/strong><\/h1>\n<h3><strong>ANY NATURAL 2025<\/strong><\/h3>\n<p>NOM: SUBVENCI\u00d3 ALS CONSELLS ESCOLARS DEL MUNICIPI<\/p>\n<p>INSTITUCI\u00d3: AJUNTAMENT DE VILA-SECA<\/p>\n<p>SUBVENCI\u00d3\u00a01.830,00 \u20ac<\/p>\n<p>ESTAT: COBRAT<\/p>\n<p>NOM:\u00a0<strong>PROGRAMA DE SORTIDES EDUCATIVES D\u2019INTER\u00c8S CULTURAL PER A JOVES<\/strong><\/p>\n<p>INSTITUCI\u00d3: AJUNTAMENT DE VILA-SECA<\/p>\n<p>SUBVENCI\u00d3 2.000,00\u20ac<\/p>\n<p>ESTAT: COBRAT<\/p>\n<h3><strong>ANY NATURAL 2024<\/strong><\/h3>\n<p>NOM: SUBVENCI\u00d3 ALS CONSELLS ESCOLARS DEL MUNICIPI<\/p>\n<p>INSTITUCI\u00d3: AJUNTAMENT DE VILA-SECA<\/p>\n<p>SUBVENCI\u00d3\u00a01.830,00 \u20ac<\/p>\n<p>ESTAT: COBRAT<\/p>\n<p>NOM:\u00a0<strong>PROGRAMA DE SORTIDES EDUCATIVES D\u2019INTER\u00c8S CULTURAL PER A JOVES<\/strong><\/p>\n<p>INSTITUCI\u00d3: AJUNTAMENT DE VILA-SECA<\/p>\n<p>SUBVENCI\u00d3 2.000,00\u20ac<\/p>\n<p>ESTAT: COBRAT<\/p>\n<p>NOM: <strong>RECONEIXEMENT CFGM PROJECTE ECOREG<\/strong><\/p>\n<p>ESTAT: COBRAT<\/p>\n<p>INSTITUCI\u00d3: DIPUTACI\u00d3 DE TARRAGONA<\/p>\n<p>PREMI 700,00 \u20ac<\/p>\n<p>ESTAT: COBRAT<\/p>\n<h3><strong>ANY NATURAL 2023<\/strong><\/h3>\n<p>NOM: SUBVENCI\u00d3 ALS CONSELLS ESCOLARS DEL MUNICIPI<\/p>\n<p>INSTITUCI\u00d3: AJUNTAMENT DE VILA-SECA<\/p>\n<p>SUBVENCI\u00d3\u00a01.830,00 \u20ac<\/p>\n<p>ESTAT: COBRAT<\/p>\n<p>NOM:\u00a0<strong>PROGRAMA DE SORTIDES EDUCATIVES D\u2019INTER\u00c8S CULTURAL PER A JOVES<\/strong><\/p>\n<p>INSTITUCI\u00d3: AJUNTAMENT DE VILA-SECA<\/p>\n<p>SUBVENCI\u00d3 2.000,00\u20ac<\/p>\n<p>ESTAT: COBRAT<\/p>\n<h3><strong>ANY NATURAL 2022<\/strong><\/h3>\n<p>NOM: SUBVENCI\u00d3 ALS CONSELLS ESCOLARS DEL MUNICIPI<\/p>\n<p>INSTITUCI\u00d3: AJUNTAMENT DE VILA-SECA<\/p>\n<p>SUBVENCI\u00d3\u00a01.830,00 \u20ac<\/p>\n<p>ESTAT: COBRAT<\/p>\n<p>NOM:\u00a0<strong>PROGRAMA DE SORTIDES EDUCATIVES D\u2019INTER\u00c8S CULTURAL PER A JOVES<\/strong><\/p>\n<p>INSTITUCI\u00d3: AJUNTAMENT DE VILA-SECA<\/p>\n<p>SUBVENCI\u00d3 2.000,00\u20ac<\/p>\n<p>ESTAT: COBRAT<\/p>\n<h3><strong>ANY NATURAL 2021<\/strong><\/h3>\n<p>NOM: SUBVENCI\u00d3 ALS CONSELLS ESCOLARS DEL MUNICIPI<\/p>\n<p>INSTITUCI\u00d3: AJUNTAMENT DE VILA-SECA<\/p>\n<p>SUBVENCI\u00d3\u00a01.830,00 \u20ac<\/p>\n<p>ESTAT: COBRAT<\/p>\n<p>NOM:\u00a0<strong>PROGRAMA DE SORTIDES EDUCATIVES D\u2019INTER\u00c8S CULTURAL PER A JOVES<\/strong><\/p>\n<p>INSTITUCI\u00d3: AJUNTAMENT DE VILA-SECA<\/p>\n<p>SUBVENCI\u00d3 2.000,00\u20ac<\/p>\n<p>ESTAT: COBRAT<\/p>\n<h3><strong>ANY NATURAL 2020<\/strong><\/h3>\n<p>NOM: SUBVENCI\u00d3 ALS CONSELLS ESCOLARS DEL MUNICIPI<\/p>\n<p>INSTITUCI\u00d3: AJUNTAMENT DE VILA-SECA<\/p>\n<p>SUBVENCI\u00d3\u00a01.830,00 \u20ac<\/p>\n<p>ESTAT:\u00a0COBRAT<\/p>\n<p>NOM:\u00a0<strong>PROGRAMA DE SORTIDES EDUCATIVES D\u2019INTER\u00c8S CULTURAL PER A JOVES<\/strong><\/p>\n<p>INSTITUCI\u00d3: AJUNTAMENT DE VILA-SECA<\/p>\n<p>SUBVENCI\u00d3 2.000,00\u20ac<\/p>\n<p>ESTAT: COBRAT<\/p>\n<h3><strong>ANY NATURAL 2019<\/strong><\/h3>\n<p>NOM: SUBVENCI\u00d3 ALS CONSELLS ESCOLARS DEL MUNICIPI<\/p>\n<p>INSTITUCI\u00d3: AJUNTAMENT DE VILA-SECA<\/p>\n<p>SUBVENCI\u00d3\u00a01.830,00 \u20ac<\/p>\n<p>ESTAT:\u00a0COBRAT<\/p>\n<p>NOM:\u00a0<strong>PROGRAMA DE SORTIDES EDUCATIVES D\u2019INTER\u00c8S CULTURAL PER A JOVES<\/strong><\/p>\n<p>INSTITUCI\u00d3: AJUNTAMENT DE VILA-SECA<\/p>\n<p>SUBVENCI\u00d3 2.000,00\u20ac<\/p>\n<p>ESTAT:\u00a0COBRAT<\/p>\n<h3><strong>ANY NATURAL 2018<\/strong><\/h3>\n<p>NOM:\u00a0<strong>AJUTS PER A LA REALITZACI\u00d3 DE SORTIDES CULTURALS<\/strong><\/p>\n<p>INSTITUCI\u00d3: CONSELL COMARCAL DEL TARRAGON\u00c8S<\/p>\n<p>SUBVENCI\u00d3: AUTOB\u00daS A LES MINES DE BELLMUNT<\/p>\n<p>ESTAT:\u00a0REALITZAT<\/p>\n<p>NOM:\u00a0<strong>PROGRAMA DE SORTIDES EDUCATIVES D\u2019INTER\u00c8S CULTURAL PER A JOVES<\/strong><\/p>\n<p>INSTITUCI\u00d3: AJUNTAMENT DE VILA-SECA<\/p>\n<p>SUBVENCI\u00d3 2.000,00\u20ac<\/p>\n<p>ESTAT:\u00a0COBRAT<\/p>\n<p>NOM:\u00a0<strong>SUBVENCI\u00d3 ALS CONSELLS ESCOLARS DEL MUNICIPI<\/strong><\/p>\n<p>INSTITUCI\u00d3: AJUNTAMENT DE VILA-SECA<\/p>\n<p>SUBVENCI\u00d3\u00a01.830,00 \u20ac<\/p>\n<p>ESTAT:\u00a0COBRAT<\/p>\n<h3><\/h3>\n<p><strong>ANY NATURAL 2017<\/strong><\/p>\n<p><strong>NOM: AJUTS PER A LA REALITZACI\u00d3 DE SORTIDES CULTURALS<\/strong><\/p>\n<p><strong>INSTITUCI\u00d3: CONSELL COMARCAL DEL TARRAGON\u00c8S<\/strong><\/p>\n<p><strong>SUBVENCI\u00d3: AUTOB\u00daS A LES MINES DE BELLMUNT<\/strong><\/p>\n<p><strong>ESTAT:\u00a0REALITZAT<\/strong><\/p>\n<p><strong>NOM: PROGRAMA DE SORTIDES EDUCATIVES D\u2019INTER\u00c8S CULTURAL PER A JOVES<\/strong><\/p>\n<p><strong>INSTITUCI\u00d3: AJUNTAMENT DE VILA-SECA<\/strong><\/p>\n<p><strong>SUBVENCI\u00d3 2.000,00\u20ac<\/strong><\/p>\n<p><strong>ESTAT: COBRAT<\/strong><\/p>\n<p><strong>NOM: SUBVENCI\u00d3 ALS CONSELLS ESCOLARS DEL MUNICIPI<\/strong><\/p>\n<p><strong>INSTITUCI\u00d3: AJUNTAMENT DE VILA-SECA<\/strong><\/p>\n<p><strong>SUBVENCI\u00d3\u00a01.830,00 \u20ac<\/strong><\/p>\n<p><strong>ESTAT:\u00a0COBRAT<\/strong><\/p>\n<p>&nbsp;<\/p>\n<h5><strong>ANY NATURAL 2016<\/strong><\/h5>\n<h5>NOM: AJUTS PER A LA REALITZACI\u00d3 DE SORTIDES CULTURALS<\/h5>\n<h5>INSTITUCI\u00d3: CONSELL COMARCAL DEL TARRAGON\u00c8S<\/h5>\n<h5>SUBVENCI\u00d3: AUTOB\u00daS A LES MINES DE BELLMUNT<\/h5>\n<h5>ESTAT: REALITZAT<\/h5>\n<h5><\/h5>\n<h5>NOM: PROGRAMA DE SORTIDES EDUCATIVES D\u2019INTER\u00c8S CULTURAL PER A JOVES<\/h5>\n<h5>INSTITUCI\u00d3: AJUNTAMENT DE VILA-SECA<\/h5>\n<h5>SUBVENCI\u00d3 2.000,00\u20ac<\/h5>\n<h5>ESTAT: APROVAT I COBRAT<\/h5>\n<h5><\/h5>\n<h5>NOM: SUBVENCI\u00d3 ALS CONSELLS ESCOLARS DEL MUNICIPI<\/h5>\n<h5>INSTITUCI\u00d3: AJUNTAMENT DE VILA-SECA<\/h5>\n<h5>SUBVENCI\u00d3 1.830,00\u20ac<\/h5>\n<h5>ESTAT: APROVAT I COBRAT<\/h5>\n<h5><\/h5>\n<h5><strong>ANY NATURAL 2015<\/strong><\/h5>\n<h5>NOM: PROGRAMA DE SORTIDES EDUCATIVES D\u2019INTER\u00c8S CULTURAL PER A JOVES<\/h5>\n<h5>INSTITUCI\u00d3: AJUNTAMENT DE VILA-SECA<\/h5>\n<h5>SUBVENCI\u00d3 2.000,00\u20ac<\/h5>\n<h5>ESTAT: COBRAT<\/h5>\n<h5><\/h5>\n<h5>NOM: SUBVENCI\u00d3 ALS CONSELLS ESCOLARS DEL MUNICIPI<\/h5>\n<h5>INSTITUCI\u00d3: AJUNTAMENT DE VILA-SECA<\/h5>\n<h5>SUBVENCI\u00d3 1.830,00\u20ac<\/h5>\n<h5>ESTAT: COBRAT<\/h5>\n<h5><\/h5>\n<h5>NOM: AJUTS PER A LA REALITZACI\u00d3 DE SORTIDES CULTURALS<\/h5>\n<h5>INSTITUCI\u00d3: CONSELL COMARCAL DEL TARRAGON\u00c8S<\/h5>\n<h5>SUBVENCI\u00d3: AUTOB\u00daS A LES MINES DE BELLMUNT<\/h5>\n<h5>ESTAT: REALITZAT<\/h5>\n<p>&nbsp;<\/p>\n<p><strong>\u00a0<\/strong><a href=\"http:\/\/agora.xtec.cat\/ies-ramonbarbat-vilaseca\/projecte-educatiu\/\">Projecte educatiu<\/a><\/p>\n","protected":false},"excerpt":{"rendered":"<p>SUBVENCIONS REBUDES D\u2019INSTITUCIONS PUBLIQUES ANY NATURAL 2025 NOM: SUBVENCI\u00d3 ALS CONSELLS ESCOLARS DEL MUNICIPI INSTITUCI\u00d3: AJUNTAMENT DE VILA-SECA SUBVENCI\u00d3\u00a01.830,00 \u20ac ESTAT: COBRAT NOM:\u00a0PROGRAMA DE SORTIDES EDUCATIVES D\u2019INTER\u00c8S CULTURAL PER A JOVES INSTITUCI\u00d3: AJUNTAMENT DE VILA-SECA SUBVENCI\u00d3 2.000,00\u20ac ESTAT: COBRAT ANY NATURAL 2024 NOM: SUBVENCI\u00d3 ALS CONSELLS ESCOLARS DEL MUNICIPI INSTITUCI\u00d3: AJUNTAMENT DE VILA-SECA SUBVENCI\u00d3\u00a01.830,00 \u20ac [&hellip;]<\/p>\n","protected":false},"author":3,"featured_media":0,"parent":81,"menu_order":0,"comment_status":"closed","ping_status":"closed","template":"","meta":{"_bbp_topic_count":0,"_bbp_reply_count":0,"_bbp_total_topic_count":0,"_bbp_total_reply_count":0,"_bbp_voice_count":0,"_bbp_anonymous_reply_count":0,"_bbp_topic_count_hidden":0,"_bbp_reply_count_hidden":0,"_bbp_forum_subforum_count":0,"site-sidebar-layout":"default","site-content-layout":"","ast-site-content-layout":"default","site-content-style":"default","site-sidebar-style":"default","ast-global-header-display":"","ast-banner-title-visibility":"","ast-main-header-display":"","ast-hfb-above-header-display":"","ast-hfb-below-header-display":"","ast-hfb-mobile-header-display":"","site-post-title":"","ast-breadcrumbs-content":"","ast-featured-img":"","footer-sml-layout":"","theme-transparent-header-meta":"default","adv-header-id-meta":"","stick-header-meta":"","header-above-stick-meta":"","header-main-stick-meta":"","header-below-stick-meta":"","astra-migrate-meta-layouts":"set","ast-page-background-enabled":"default","ast-page-background-meta":{"desktop":{"background-color":"var(--ast-global-color-4)","background-image":"","background-repeat":"repeat","background-position":"center center","background-size":"auto","background-attachment":"scroll","background-type":"","background-media":"","overlay-type":"","overlay-color":"","overlay-opacity":"","overlay-gradient":""},"tablet":{"background-color":"","background-image":"","background-repeat":"repeat","background-position":"center center","background-size":"auto","background-attachment":"scroll","background-type":"","background-media":"","overlay-type":"","overlay-color":"","overlay-opacity":"","overlay-gradient":""},"mobile":{"background-color":"","background-image":"","background-repeat":"repeat","background-position":"center center","background-size":"auto","background-attachment":"scroll","background-type":"","background-media":"","overlay-type":"","overlay-color":"","overlay-opacity":"","overlay-gradient":""}},"ast-content-background-meta":{"desktop":{"background-color":"var(--ast-global-color-5)","background-image":"","background-repeat":"repeat","background-position":"center center","background-size":"auto","background-attachment":"scroll","background-type":"","background-media":"","overlay-type":"","overlay-color":"","overlay-opacity":"","overlay-gradient":""},"tablet":{"background-color":"var(--ast-global-color-5)","background-image":"","background-repeat":"repeat","background-position":"center center","background-size":"auto","background-attachment":"scroll","background-type":"","background-media":"","overlay-type":"","overlay-color":"","overlay-opacity":"","overlay-gradient":""},"mobile":{"background-color":"var(--ast-global-color-5)","background-image":"","background-repeat":"repeat","background-position":"center center","background-size":"auto","background-attachment":"scroll","background-type":"","background-media":"","overlay-type":"","overlay-color":"","overlay-opacity":"","overlay-gradient":""}},"footnotes":""},"class_list":["post-2583","page","type-page","status-publish","hentry"],"post_mailing_queue_ids":[],"_links":{"self":[{"href":"https:\/\/agora.xtec.cat\/ies-ramonbarbat-vilaseca\/wp-json\/wp\/v2\/pages\/2583","targetHints":{"allow":["GET"]}}],"collection":[{"href":"https:\/\/agora.xtec.cat\/ies-ramonbarbat-vilaseca\/wp-json\/wp\/v2\/pages"}],"about":[{"href":"https:\/\/agora.xtec.cat\/ies-ramonbarbat-vilaseca\/wp-json\/wp\/v2\/types\/page"}],"author":[{"embeddable":true,"href":"https:\/\/agora.xtec.cat\/ies-ramonbarbat-vilaseca\/wp-json\/wp\/v2\/users\/3"}],"replies":[{"embeddable":true,"href":"https:\/\/agora.xtec.cat\/ies-ramonbarbat-vilaseca\/wp-json\/wp\/v2\/comments?post=2583"}],"version-history":[{"count":6,"href":"https:\/\/agora.xtec.cat\/ies-ramonbarbat-vilaseca\/wp-json\/wp\/v2\/pages\/2583\/revisions"}],"predecessor-version":[{"id":16283,"href":"https:\/\/agora.xtec.cat\/ies-ramonbarbat-vilaseca\/wp-json\/wp\/v2\/pages\/2583\/revisions\/16283"}],"up":[{"embeddable":true,"href":"https:\/\/agora.xtec.cat\/ies-ramonbarbat-vilaseca\/wp-json\/wp\/v2\/pages\/81"}],"wp:attachment":[{"href":"https:\/\/agora.xtec.cat\/ies-ramonbarbat-vilaseca\/wp-json\/wp\/v2\/media?parent=2583"}],"curies":[{"name":"wp","href":"https:\/\/api.w.org\/{rel}","templated":true}]}}