{"id":2522,"date":"2016-10-05T13:43:34","date_gmt":"2016-10-05T11:43:34","guid":{"rendered":"http:\/\/agora.xtec.cat\/ies-ramonbarbat-vilaseca\/?page_id=2522"},"modified":"2025-10-28T11:07:03","modified_gmt":"2025-10-28T10:07:03","slug":"projectes-i-activitats","status":"publish","type":"page","link":"https:\/\/agora.xtec.cat\/ies-ramonbarbat-vilaseca\/projecte-educatiu\/projectes-i-activitats\/","title":{"rendered":"Projectes i activitats"},"content":{"rendered":"<p>D\u2019acord amb els principis del nostre projecte educatiu:<em> \u201cDesenvolupar la formaci\u00f3 integral de tots els alumnes com a persones\u201d<\/em>, i d\u2019acord amb el nostre Pla de Millora, fomentem el desenvolupament dels seg\u00fcents projectes i activitats:<\/p>\n<h5>Aula SIEI<\/h5>\n<p>En el proc\u00e9s cap a una escola inclusiva, aquesta unitat pret\u00e9n l\u2019escolaritzaci\u00f3 d\u2019infants amb discapacitats greus\/mitjanes a centres ordinaris els quals no hi podrien accedir sense aquest servei. En el nostre cas \u00e9s el seguiment de la inclusi\u00f3 escolar en l\u2019etapa secund\u00e0ria obligat\u00f2ria dels nens que ja ho estaven a prim\u00e0ria en aquest recurs.<\/p>\n<p><a href=\"https:\/\/agora.xtec.cat\/ies-ramonbarbat-vilaseca\/categoria\/eso\/siei\/\" target=\"_blank\" rel=\"noopener\">El blog\u00a0<\/a>del SIEI<\/p>\n<h5><\/h5>\n<h5>Projecte de QUALITAT i MILLORA CONT\u00cdNUA<\/h5>\n<p>Despr\u00e9s d\u2019haver obtingut la certificaci\u00f3 el curs 2011-2012, seguirem treballant per la intervenci\u00f3 sistem\u00e0tica, la revisi\u00f3 i la millora cont\u00ednua dels principals \u00e0mbits d\u2019actuaci\u00f3 educativa i d\u2019organitzaci\u00f3 internats.<\/p>\n<h5>Participaci\u00f3 en CONCURSOS I PREMIS<\/h5>\n<p>Per promoure l\u2019esperit cr\u00edtic i aprofundir en la formaci\u00f3 curricular de l\u2019alumnat i promoure la pres\u00e8ncia de l\u2019institut en les diferents institucions i entitats educatives.<\/p>\n<ul>\n<li>Premis de treballs de recerca al batxillerat.<\/li>\n<li>Concursos de matem\u00e0tiques \u201cFem matem\u00e0tiques\u201d.<\/li>\n<li>Concurs literari de Sant Jordi.<\/li>\n<li>Concurs de redacci\u00f3 de Coca-cola.<\/li>\n<li>Participaci\u00f3 en el concurs Picalletres.<\/li>\n<li>Participaci\u00f3 en el concurs de \u201cLectura en veu alta\u201d.<\/li>\n<li>Lliga de debats.<\/li>\n<li>Copa Cangur.<\/li>\n<li>Concurs de dibuix portada agenda.<\/li>\n<\/ul>\n<h5>INTERCANVI Vila-seca \u2013 Stuttgart (Alemanya)<\/h5>\n<p>Els alumnes de 1r de batxillerat, realitzen un intercanvi ling\u00fc\u00edstico-cultural, amb l\u2019institut Eichendorff Schule de la poblaci\u00f3 de Kelkheim (Alemanya)<\/p>\n<h5>Organitzaci\u00f3 d\u2019altres ACTIVITATS<\/h5>\n<p>Per contribuir a la formaci\u00f3 integral del nostre alumnat i a la seva participaci\u00f3 en la vida cultural i social:<\/p>\n<ul>\n<li>Participaci\u00f3 en activitats de teatre i medi ambient<\/li>\n<li>Activitats culturals la setmana de Sant Jordi<\/li>\n<li>Activitats d\u2019educaci\u00f3 vi\u00e0ria<\/li>\n<li>Activitats de formaci\u00f3 \u201cJoves i salut a Vila-seca\u201d<\/li>\n<li>Col\u00f2nies a 1r d&#8217;ESO.<\/li>\n<li>Viatge de final d\u2019etapa amb els alumnes de 4t d\u2019ESO.<\/li>\n<li>Sortides i activitats relacionades amb les diferents \u00e0rees del curr\u00edculum com a activitats complement\u00e0ries a les activitats de classe.<\/li>\n<li>Esquiada a 2n i 3r d&#8217;ESO.<\/li>\n<li>Participaci\u00f3 en activitats del Pla Educatiu d\u2019Entorn.<\/li>\n<\/ul>\n<h5><a href=\"http:\/\/agora.xtec.cat\/ies-ramonbarbat-vilaseca\/secretaria\/assessorament-i-reconeixement\/\" target=\"_blank\" rel=\"noopener noreferrer\">Servei d\u2019assessorament i reconeixement acad\u00e8mic de l\u2019experi\u00e8ncia laboral<\/a><\/h5>\n<p>El centre ofereix un servei d\u2019assessorament i posterior reconeixement acad\u00e8mic de l\u2019experi\u00e8ncia laboral. Va adre\u00e7at a treballadors.<\/p>\n","protected":false},"excerpt":{"rendered":"<p>D\u2019acord amb els principis del nostre projecte educatiu: \u201cDesenvolupar la formaci\u00f3 integral de tots els alumnes com a persones\u201d, i d\u2019acord amb el nostre Pla de Millora, fomentem el desenvolupament dels seg\u00fcents projectes i activitats: Aula SIEI En el proc\u00e9s cap a una escola inclusiva, aquesta unitat pret\u00e9n l\u2019escolaritzaci\u00f3 d\u2019infants amb discapacitats greus\/mitjanes a centres [&hellip;]<\/p>\n","protected":false},"author":4,"featured_media":0,"parent":57,"menu_order":0,"comment_status":"closed","ping_status":"closed","template":"","meta":{"_bbp_topic_count":0,"_bbp_reply_count":0,"_bbp_total_topic_count":0,"_bbp_total_reply_count":0,"_bbp_voice_count":0,"_bbp_anonymous_reply_count":0,"_bbp_topic_count_hidden":0,"_bbp_reply_count_hidden":0,"_bbp_forum_subforum_count":0,"site-sidebar-layout":"default","site-content-layout":"","ast-site-content-layout":"default","site-content-style":"default","site-sidebar-style":"default","ast-global-header-display":"","ast-banner-title-visibility":"","ast-main-header-display":"","ast-hfb-above-header-display":"","ast-hfb-below-header-display":"","ast-hfb-mobile-header-display":"","site-post-title":"","ast-breadcrumbs-content":"","ast-featured-img":"","footer-sml-layout":"","theme-transparent-header-meta":"default","adv-header-id-meta":"","stick-header-meta":"","header-above-stick-meta":"","header-main-stick-meta":"","header-below-stick-meta":"","astra-migrate-meta-layouts":"set","ast-page-background-enabled":"default","ast-page-background-meta":{"desktop":{"background-color":"var(--ast-global-color-4)","background-image":"","background-repeat":"repeat","background-position":"center center","background-size":"auto","background-attachment":"scroll","background-type":"","background-media":"","overlay-type":"","overlay-color":"","overlay-opacity":"","overlay-gradient":""},"tablet":{"background-color":"","background-image":"","background-repeat":"repeat","background-position":"center center","background-size":"auto","background-attachment":"scroll","background-type":"","background-media":"","overlay-type":"","overlay-color":"","overlay-opacity":"","overlay-gradient":""},"mobile":{"background-color":"","background-image":"","background-repeat":"repeat","background-position":"center center","background-size":"auto","background-attachment":"scroll","background-type":"","background-media":"","overlay-type":"","overlay-color":"","overlay-opacity":"","overlay-gradient":""}},"ast-content-background-meta":{"desktop":{"background-color":"var(--ast-global-color-5)","background-image":"","background-repeat":"repeat","background-position":"center center","background-size":"auto","background-attachment":"scroll","background-type":"","background-media":"","overlay-type":"","overlay-color":"","overlay-opacity":"","overlay-gradient":""},"tablet":{"background-color":"var(--ast-global-color-5)","background-image":"","background-repeat":"repeat","background-position":"center center","background-size":"auto","background-attachment":"scroll","background-type":"","background-media":"","overlay-type":"","overlay-color":"","overlay-opacity":"","overlay-gradient":""},"mobile":{"background-color":"var(--ast-global-color-5)","background-image":"","background-repeat":"repeat","background-position":"center center","background-size":"auto","background-attachment":"scroll","background-type":"","background-media":"","overlay-type":"","overlay-color":"","overlay-opacity":"","overlay-gradient":""}},"footnotes":""},"class_list":["post-2522","page","type-page","status-publish","hentry"],"post_mailing_queue_ids":[],"_links":{"self":[{"href":"https:\/\/agora.xtec.cat\/ies-ramonbarbat-vilaseca\/wp-json\/wp\/v2\/pages\/2522","targetHints":{"allow":["GET"]}}],"collection":[{"href":"https:\/\/agora.xtec.cat\/ies-ramonbarbat-vilaseca\/wp-json\/wp\/v2\/pages"}],"about":[{"href":"https:\/\/agora.xtec.cat\/ies-ramonbarbat-vilaseca\/wp-json\/wp\/v2\/types\/page"}],"author":[{"embeddable":true,"href":"https:\/\/agora.xtec.cat\/ies-ramonbarbat-vilaseca\/wp-json\/wp\/v2\/users\/4"}],"replies":[{"embeddable":true,"href":"https:\/\/agora.xtec.cat\/ies-ramonbarbat-vilaseca\/wp-json\/wp\/v2\/comments?post=2522"}],"version-history":[{"count":6,"href":"https:\/\/agora.xtec.cat\/ies-ramonbarbat-vilaseca\/wp-json\/wp\/v2\/pages\/2522\/revisions"}],"predecessor-version":[{"id":15925,"href":"https:\/\/agora.xtec.cat\/ies-ramonbarbat-vilaseca\/wp-json\/wp\/v2\/pages\/2522\/revisions\/15925"}],"up":[{"embeddable":true,"href":"https:\/\/agora.xtec.cat\/ies-ramonbarbat-vilaseca\/wp-json\/wp\/v2\/pages\/57"}],"wp:attachment":[{"href":"https:\/\/agora.xtec.cat\/ies-ramonbarbat-vilaseca\/wp-json\/wp\/v2\/media?parent=2522"}],"curies":[{"name":"wp","href":"https:\/\/api.w.org\/{rel}","templated":true}]}}