{"id":2136,"date":"2016-05-10T20:04:04","date_gmt":"2016-05-10T18:04:04","guid":{"rendered":"http:\/\/agora.xtec.cat\/ies-ramonbarbat-vilaseca\/?page_id=2136"},"modified":"2025-03-11T11:58:34","modified_gmt":"2025-03-11T10:58:34","slug":"instal%c2%b7lacio-i-manteniment","status":"publish","type":"page","link":"https:\/\/agora.xtec.cat\/ies-ramonbarbat-vilaseca\/estudis\/cicles\/instal%c2%b7lacio-i-manteniment\/","title":{"rendered":"CFPM (IM20): T\u00e8cnic en instal\u00b7lacions de producci\u00f3 de calor"},"content":{"rendered":"<p><strong>Descripci\u00f3<\/strong><br \/>\nAquests estudis postobligatoris capaciten per muntar i mantenir instal\u00b7lacions calor\u00edfiques, solars t\u00e8rmiques i de<br \/>\nfluids aplicant la normativa vigent, protocols de qualitat, de seguretat i prevenci\u00f3 de riscs laborals establerts,<br \/>\nassegurant la seva funcionalitat i respecte al medi ambient.<br \/>\nTenen una durada de 2.000 hores distribu\u00efdes en dos cursos acad\u00e8mics.<\/p>\n<p><strong>Continguts<\/strong><br \/>\n\u2022 M\u00e0quines i Equips T\u00e8rmics<br \/>\n\u2022 T\u00e8cniques de Muntatge d&#8217;Instal\u00b7lacions<br \/>\n\u2022 Instal\u00b7lacions El\u00e8ctriques i Automatismes<br \/>\n\u2022 Configuraci\u00f3 d&#8217;Instal\u00b7lacions Calor\u00edfiques<br \/>\n\u2022 Muntatge i Manteniment d&#8217;Instal\u00b7lacions Calor\u00edfiques<br \/>\n\u2022 Muntatge i Manteniment d&#8217;Instal\u00b7lacions d&#8217;Aigua<br \/>\n\u2022 Muntatge i Manteniment d&#8217;Instal\u00b7lacions d&#8217;Energia Solar T\u00e8rmica<br \/>\n\u2022 Muntatge i Manteniment d&#8217;Instal\u00b7lacions de Gas i<br \/>\n\u2022 Combustibles L\u00edquids<br \/>\n\u2022 Formaci\u00f3 i Orientaci\u00f3 Laboral<br \/>\n\u2022 Angl\u00e8s T\u00e8cnic<br \/>\n\u2022 Empresa i Iniciativa Emprenedora<br \/>\n\u2022 S\u00edntesi<br \/>\n\u2022 Formaci\u00f3 en Centres de Treball<\/p>\n<p><strong>Acc\u00e9s<\/strong><br \/>\nTenen acc\u00e9s directe al cicle les persones que compleixen algun dels requisits seg\u00fcents:<\/p>\n<p>\u2022 tenir el t\u00edtol de graduat en educaci\u00f3 secund\u00e0ria obligat\u00f2ria,<br \/>\n\u2022 haver superat el curs espec\u00edfic per a l&#8217;acc\u00e9s als cicles de grau mitj\u00e0,<br \/>\n\u2022 tenir el t\u00edtol de t\u00e8cnic o de t\u00e8cnic auxiliar,<br \/>\nhaver superat el segon curs del batxillerat unificat i polivalent (BUP),<br \/>\n\u2022 tenir altres estudis equivalents a efectes acad\u00e8mics, haver superat la prova d&#8217;acc\u00e9s a la universitat per a m\u00e9s<br \/>\ngrans de 25 anys o de 45 anys, o haver accedit a la universitat\u00a0per haver acreditat experi\u00e8ncia laboral o professional tenint complerts 40 anys d&#8217;edat,<br \/>\n\u2022 haver superat els m\u00f2duls obligatoris d&#8217;un programa de qualificaci\u00f3 professional inicial (PQPI),<br \/>\n\u2022 tenir un t\u00edtol per accedir a un cicle formatiu de grau superior.<br \/>\n\u2022 Les persones que no compleixen cap dels requisits esmentats han de superar una prova d&#8217;acc\u00e9s. Per presentar-s&#8217;hi cal tenir com a m\u00ednim 17 anys l&#8217;any en qu\u00e8 es fa la prova.<\/p>\n<p><strong>Tr\u00e0mits<\/strong><br \/>\nPer cursar el cicle cal formalitzar una sol\u00b7licitud d&#8217;admissi\u00f3 i presentar-la al centre i per a l&#8217;ensenyament demanat en primer lloc. Per a l&#8217;assignaci\u00f3 de les places s&#8217;ordenen les sol\u00b7licituds segons la qualificaci\u00f3 mitjana de l&#8217;ESO o dels estudis equivalents; les sol\u00b7licituds que tenen la mateixa puntuaci\u00f3 s&#8217;ordenen a partir d&#8217;un n\u00famero de desempat que s&#8217;obt\u00e9 per sorteig.<br \/>\nHi ha un 10 % de places reservades per als alumnes que accedeixen a un cicle mitjan\u00e7ant la prova d&#8217;acc\u00e9s o el curs espec\u00edfic d&#8217;acc\u00e9s; les sol\u00b7licituds d&#8217;aquests alumnes s&#8217;ordenen segons la qualificaci\u00f3 obtinguda a la prova o al curs.<br \/>\nAquest estudi \u00e9s gratu\u00eft en els centres dependents del Departament d&#8217;Educaci\u00f3. Per a la resta de centres,<br \/>\nconsulteu l&#8217;import en el centre corresponent.<br \/>\nTrobareu m\u00e9s informaci\u00f3 al web preinscripcio.gencat.cat.<\/p>\n<p><strong>Continu\u00eftat<\/strong><\/p>\n<p><strong>Sortides acad\u00e8miques<\/strong><br \/>\nAmb aquests estudis s&#8217;obt\u00e9 el t\u00edtol de t\u00e8cnic o t\u00e8cnica, que permet accedir:<br \/>\n\u2022 al batxillerat,<br \/>\n\u2022 a un cicle de grau superior de formaci\u00f3 professional<\/p>\n<p><strong>Sortides professionals<\/strong><br \/>\nLa superaci\u00f3 d&#8217;aquest cicle formatiu permet accedir al m\u00f3n laboral com a:<br \/>\n\u2022 Instal\u00b7lador\/a frigorista en instal\u00b7lacions comercials<br \/>\n\u2022 Instal\u00b7lador\/a mantenidor\/a d&#8217;equips de producci\u00f3 de calor<br \/>\nInstal\u00b7lador\/a mantenidor\/a d&#8217;instal\u00b7lacions de calefacci\u00f3 i<br \/>\nACS<br \/>\n\u2022 Instal\u00b7lador\/a mantenidor\/a d&#8217;instal\u00b7lacions solars t\u00e8rmiques<br \/>\n\u2022 Instal\u00b7lador\/a mantenidor\/a d&#8217;instal\u00b7lacions d&#8217;aigua<br \/>\n\u2022 Instal\u00b7lador\/a mantenidor\/a d&#8217;instal\u00b7lacions de gas i combustibles l\u00edquids<\/p>\n<p>Si es cursa conjuntament amb el cicle d&#8217;Instal\u00b7lacions frigor\u00edfiques i de climatitzaci\u00f3, s&#8217;obt\u00e9 directament el carnet professional d&#8217;instal\u00b7lacions t\u00e8rmiques en els<br \/>\nedificis (ITE). Normativa Ordre ENS\/61\/2016, de 17 de mar\u00e7, per la qual s&#8217;estableix el curr\u00edculum del cicle formatiu de grau mitj\u00e0 d&#8217;instal\u00b7lacions de producci\u00f3 de calor (DOGC n\u00fam. 7087,<br \/>\nde 29.3.2016)<\/p>\n<p><b>Distribuci\u00f3 dels continguts del cicle IM20 en\u00a0 m\u00f2duls. (2025-2026)<\/b><\/p>\n<table>\n<thead>\n<tr>\n<th><span style=\"font-weight: 400;\">M\u00f2duls Professionals<\/span><\/th>\n<th><span style=\"font-weight: 400;\">Hores centre\u00a0<\/span><\/th>\n<th><span style=\"font-weight: 400;\">Hores empresa<\/span><\/th>\n<th><span style=\"font-weight: 400;\">Hores totals<\/span><\/th>\n<\/tr>\n<\/thead>\n<tbody>\n<tr>\n<td><span style=\"font-weight: 400;\">0036. M\u00e0quines i equips t\u00e8rmics.<\/span><\/td>\n<td><span style=\"font-weight: 400;\">132<\/span><\/td>\n<td><span style=\"font-weight: 400;\">&#8211;<\/span><\/td>\n<td><span style=\"font-weight: 400;\">132<\/span><\/td>\n<\/tr>\n<tr>\n<td><span style=\"font-weight: 400;\">0037. T\u00e8cniques de muntatge d&#8217;instal\u00b7lacions.<\/span><\/td>\n<td><span style=\"font-weight: 400;\">165<\/span><\/td>\n<td><span style=\"font-weight: 400;\">132<\/span><\/td>\n<td><span style=\"font-weight: 400;\">297<\/span><\/td>\n<\/tr>\n<tr>\n<td><span style=\"font-weight: 400;\">0038. Instal\u00b7lacions el\u00e8ctriques i automatismes.<\/span><\/td>\n<td><span style=\"font-weight: 400;\">198<\/span><\/td>\n<td><span style=\"font-weight: 400;\">132<\/span><\/td>\n<td><span style=\"font-weight: 400;\">330<\/span><\/td>\n<\/tr>\n<tr>\n<td><span style=\"font-weight: 400;\">0266. Configuraci\u00f3 d\u2019instal\u00b7lacions calor\u00edfiques.<\/span><\/td>\n<td><span style=\"font-weight: 400;\">99<\/span><\/td>\n<td><span style=\"font-weight: 400;\">&#8211;<\/span><\/td>\n<td><span style=\"font-weight: 400;\">99<\/span><\/td>\n<\/tr>\n<tr>\n<td><span style=\"font-weight: 400;\">0302. Muntatge i manteniment d\u2019instal\u00b7lacions calor\u00edfiques.<\/span><\/td>\n<td><span style=\"font-weight: 400;\">99<\/span><\/td>\n<td><span style=\"font-weight: 400;\">99<\/span><\/td>\n<td><span style=\"font-weight: 400;\">198<\/span><\/td>\n<\/tr>\n<tr>\n<td><span style=\"font-weight: 400;\">0310. Muntatge i manteniment d\u2019instal\u00b7lacions d\u2019aigua.<\/span><\/td>\n<td><span style=\"font-weight: 400;\">99<\/span><\/td>\n<td><span style=\"font-weight: 400;\">66<\/span><\/td>\n<td><span style=\"font-weight: 400;\">165<\/span><\/td>\n<\/tr>\n<tr>\n<td><span style=\"font-weight: 400;\">0392. Muntatge i manteniment d\u2019instal\u00b7lacions d\u2019energia solar t\u00e8rmica.<\/span><\/td>\n<td><span style=\"font-weight: 400;\">33<\/span><\/td>\n<td><span style=\"font-weight: 400;\">33<\/span><\/td>\n<td><span style=\"font-weight: 400;\">66<\/span><\/td>\n<\/tr>\n<tr>\n<td><span style=\"font-weight: 400;\">0393. Muntatge i manteniment d\u2019instal\u00b7lacions de gas i combustibles l\u00edquids.<\/span><\/td>\n<td><span style=\"font-weight: 400;\">66<\/span><\/td>\n<td><span style=\"font-weight: 400;\">53<\/span><\/td>\n<td><span style=\"font-weight: 400;\">119<\/span><\/td>\n<\/tr>\n<tr>\n<td><span style=\"font-weight: 400;\">0156. Angl\u00e8s professional.<\/span><\/td>\n<td><span style=\"font-weight: 400;\">66<\/span><\/td>\n<td><\/td>\n<td><span style=\"font-weight: 400;\">66<\/span><\/td>\n<\/tr>\n<tr>\n<td><span style=\"font-weight: 400;\">1664. Digitalitzaci\u00f3 aplicada als sectors productius.<\/span><\/td>\n<td><span style=\"font-weight: 400;\">33<\/span><\/td>\n<td><\/td>\n<td><span style=\"font-weight: 400;\">33<\/span><\/td>\n<\/tr>\n<tr>\n<td><span style=\"font-weight: 400;\">1708. Sostenibilitat aplicada al sistema productiu.<\/span><\/td>\n<td><span style=\"font-weight: 400;\">33<\/span><\/td>\n<td><\/td>\n<td><span style=\"font-weight: 400;\">33<\/span><\/td>\n<\/tr>\n<tr>\n<td><span style=\"font-weight: 400;\">1709. Itinerari personal per a l&#8217;ocupabilitat I.<\/span><\/td>\n<td><span style=\"font-weight: 400;\">99<\/span><\/td>\n<td><\/td>\n<td><span style=\"font-weight: 400;\">99<\/span><\/td>\n<\/tr>\n<tr>\n<td><span style=\"font-weight: 400;\">1710. Itinerari personal per a l&#8217;ocupabilitat II.<\/span><\/td>\n<td><span style=\"font-weight: 400;\">66<\/span><\/td>\n<td><\/td>\n<td><span style=\"font-weight: 400;\">66<\/span><\/td>\n<\/tr>\n<tr>\n<td><span style=\"font-weight: 400;\">1713. Projecte intermodular.<\/span><\/td>\n<td><span style=\"font-weight: 400;\">198<\/span><\/td>\n<td><\/td>\n<td><span style=\"font-weight: 400;\">198<\/span><\/td>\n<\/tr>\n<tr>\n<td><span style=\"font-weight: 400;\">M\u00f2dul professional optatiu.<\/span><\/td>\n<td><span style=\"font-weight: 400;\">99<\/span><\/td>\n<td><\/td>\n<td><span style=\"font-weight: 400;\">99<\/span><\/td>\n<\/tr>\n<\/tbody>\n<\/table>\n<p><span style=\"font-weight: 400;\">El cicle consta d\u2019un total de 2000 hores lectives distribu\u00efdes en 2 cursos.<\/span><\/p>\n<p><a href=\"https:\/\/drive.google.com\/file\/d\/1J2PWDBA0qG6-vdDiYQYqNtF98cp2d5kl\/view?usp=sharing\" target=\"_blank\" rel=\"noopener\">Clica a l\u2019enlla\u00e7 per a descarregar la informaci\u00f3<\/a><\/p>\n<p><i>Igualment, es troben capacitats per obtenir el carnet professional d\u2019Instal\u00b7lador de Gas (classe B ) mitjan\u00e7ant prova convocada per la Generalitat.<br \/>\n<\/i><\/p>\n<p>Possibilitat d&#8217;allotjament a les resid\u00e8ncies del CET:<\/p>\n<p><a href=\"http:\/\/www.complexeducatiudetarragona.cat\/preus-publics\" target=\"_blank\" rel=\"noopener noreferrer\">http:\/\/www.complexeducatiudetarragona.cat\/preus-publics<\/a><\/p>\n<p><a href=\"http:\/\/agora.xtec.cat\/ies-ramonbarbat-vilaseca\/secretaria\/preinscripcio-i-matricula\/\">Preinscripci\u00f3 i matr\u00edcula<\/a><\/p>\n","protected":false},"excerpt":{"rendered":"<p>Descripci\u00f3 Aquests estudis postobligatoris capaciten per muntar i mantenir instal\u00b7lacions calor\u00edfiques, solars t\u00e8rmiques i de fluids aplicant la normativa vigent, protocols de qualitat, de seguretat i prevenci\u00f3 de riscs laborals establerts, assegurant la seva funcionalitat i respecte al medi ambient. Tenen una durada de 2.000 hores distribu\u00efdes en dos cursos acad\u00e8mics. Continguts \u2022 M\u00e0quines i [&hellip;]<\/p>\n","protected":false},"author":4,"featured_media":0,"parent":336,"menu_order":3,"comment_status":"closed","ping_status":"closed","template":"page-templates\/side-menu.php","meta":{"_bbp_topic_count":0,"_bbp_reply_count":0,"_bbp_total_topic_count":0,"_bbp_total_reply_count":0,"_bbp_voice_count":0,"_bbp_anonymous_reply_count":0,"_bbp_topic_count_hidden":0,"_bbp_reply_count_hidden":0,"_bbp_forum_subforum_count":0,"site-sidebar-layout":"default","site-content-layout":"","ast-site-content-layout":"","site-content-style":"default","site-sidebar-style":"default","ast-global-header-display":"","ast-banner-title-visibility":"","ast-main-header-display":"","ast-hfb-above-header-display":"","ast-hfb-below-header-display":"","ast-hfb-mobile-header-display":"","site-post-title":"","ast-breadcrumbs-content":"","ast-featured-img":"","footer-sml-layout":"","theme-transparent-header-meta":"","adv-header-id-meta":"","stick-header-meta":"","header-above-stick-meta":"","header-main-stick-meta":"","header-below-stick-meta":"","astra-migrate-meta-layouts":"default","ast-page-background-enabled":"default","ast-page-background-meta":{"desktop":{"background-color":"var(--ast-global-color-4)","background-image":"","background-repeat":"repeat","background-position":"center center","background-size":"auto","background-attachment":"scroll","background-type":"","background-media":"","overlay-type":"","overlay-color":"","overlay-opacity":"","overlay-gradient":""},"tablet":{"background-color":"","background-image":"","background-repeat":"repeat","background-position":"center center","background-size":"auto","background-attachment":"scroll","background-type":"","background-media":"","overlay-type":"","overlay-color":"","overlay-opacity":"","overlay-gradient":""},"mobile":{"background-color":"","background-image":"","background-repeat":"repeat","background-position":"center center","background-size":"auto","background-attachment":"scroll","background-type":"","background-media":"","overlay-type":"","overlay-color":"","overlay-opacity":"","overlay-gradient":""}},"ast-content-background-meta":{"desktop":{"background-color":"var(--ast-global-color-5)","background-image":"","background-repeat":"repeat","background-position":"center center","background-size":"auto","background-attachment":"scroll","background-type":"","background-media":"","overlay-type":"","overlay-color":"","overlay-opacity":"","overlay-gradient":""},"tablet":{"background-color":"var(--ast-global-color-5)","background-image":"","background-repeat":"repeat","background-position":"center center","background-size":"auto","background-attachment":"scroll","background-type":"","background-media":"","overlay-type":"","overlay-color":"","overlay-opacity":"","overlay-gradient":""},"mobile":{"background-color":"var(--ast-global-color-5)","background-image":"","background-repeat":"repeat","background-position":"center center","background-size":"auto","background-attachment":"scroll","background-type":"","background-media":"","overlay-type":"","overlay-color":"","overlay-opacity":"","overlay-gradient":""}},"footnotes":""},"class_list":["post-2136","page","type-page","status-publish","hentry"],"post_mailing_queue_ids":[],"_links":{"self":[{"href":"https:\/\/agora.xtec.cat\/ies-ramonbarbat-vilaseca\/wp-json\/wp\/v2\/pages\/2136","targetHints":{"allow":["GET"]}}],"collection":[{"href":"https:\/\/agora.xtec.cat\/ies-ramonbarbat-vilaseca\/wp-json\/wp\/v2\/pages"}],"about":[{"href":"https:\/\/agora.xtec.cat\/ies-ramonbarbat-vilaseca\/wp-json\/wp\/v2\/types\/page"}],"author":[{"embeddable":true,"href":"https:\/\/agora.xtec.cat\/ies-ramonbarbat-vilaseca\/wp-json\/wp\/v2\/users\/4"}],"replies":[{"embeddable":true,"href":"https:\/\/agora.xtec.cat\/ies-ramonbarbat-vilaseca\/wp-json\/wp\/v2\/comments?post=2136"}],"version-history":[{"count":8,"href":"https:\/\/agora.xtec.cat\/ies-ramonbarbat-vilaseca\/wp-json\/wp\/v2\/pages\/2136\/revisions"}],"predecessor-version":[{"id":14875,"href":"https:\/\/agora.xtec.cat\/ies-ramonbarbat-vilaseca\/wp-json\/wp\/v2\/pages\/2136\/revisions\/14875"}],"up":[{"embeddable":true,"href":"https:\/\/agora.xtec.cat\/ies-ramonbarbat-vilaseca\/wp-json\/wp\/v2\/pages\/336"}],"wp:attachment":[{"href":"https:\/\/agora.xtec.cat\/ies-ramonbarbat-vilaseca\/wp-json\/wp\/v2\/media?parent=2136"}],"curies":[{"name":"wp","href":"https:\/\/api.w.org\/{rel}","templated":true}]}}