{"id":2134,"date":"2016-05-10T20:03:20","date_gmt":"2016-05-10T18:03:20","guid":{"rendered":"http:\/\/agora.xtec.cat\/ies-ramonbarbat-vilaseca\/?page_id=2134"},"modified":"2026-03-24T14:36:10","modified_gmt":"2026-03-24T13:36:10","slug":"activitats-comercials","status":"publish","type":"page","link":"https:\/\/agora.xtec.cat\/ies-ramonbarbat-vilaseca\/estudis\/cicles\/activitats-comercials\/","title":{"rendered":"CFPM (CM10) d&#8217;Activitats Comercials"},"content":{"rendered":"<hr \/>\n<h4>Activitats Comercials (<b>CFGM CM10)<\/b><\/h4>\n<p><b>Descripci\u00f3<\/b><\/p>\n<p><span style=\"font-weight: 400;\">El Cicle Formatiu de Grau Mitj\u00e0 d\u2019Activitats Comercials proporciona el t\u00edtol de <\/span><b>T\u00e8cnic en Activitats Comercials<\/b><span style=\"font-weight: 400;\">. <\/span><span style=\"font-weight: 400;\">Aquests estudis capaciten per desenvolupar activitats de distribuci\u00f3 i comercialitzaci\u00f3 de b\u00e9ns i\/o serveis i gestionar un petit establiment comercial, aplicant les normes de qualitat i seguretat establertes i respectant la legislaci\u00f3 vigent. <\/span><span style=\"font-weight: 400;\">La durada \u00e9s de 2.000 hores (1.485 en un centre educatiu i 515 en un centre de treball) distribu\u00efdes en dos cursos acad\u00e8mics si no es fa la modalitat dual. <\/span><span style=\"font-weight: 400;\">Si es fa la modalitat dual, 1.200 hores en un centre educatiu i 800 (m\u00ednim dual) en un centre de treball.<\/span><\/p>\n<p><b>Continguts<\/b><\/p>\n<ul>\n<li style=\"font-weight: 400;\" aria-level=\"1\"><span style=\"font-weight: 400;\">M\u00e0rqueting en l\u2019activitat comercial.<\/span><\/li>\n<li style=\"font-weight: 400;\" aria-level=\"1\"><span style=\"font-weight: 400;\">Gesti\u00f3 d\u2019un petit comer\u00e7.<\/span><\/li>\n<li><span style=\"font-weight: 400;\">T\u00e8cniques de magatzem.<\/span><\/li>\n<li><span style=\"font-weight: 400;\">Gesti\u00f3 de compres.<\/span><\/li>\n<li style=\"font-weight: 400;\" aria-level=\"1\"><span style=\"font-weight: 400;\">Venda t\u00e8cnica.<\/span><\/li>\n<li style=\"font-weight: 400;\" aria-level=\"1\"><span style=\"font-weight: 400;\">Dinamitzaci\u00f3 del punt de venda.<\/span><\/li>\n<li style=\"font-weight: 400;\" aria-level=\"1\"><span style=\"font-weight: 400;\">Processos de venda.<\/span><\/li>\n<li style=\"font-weight: 400;\" aria-level=\"1\"><span style=\"font-weight: 400;\">Aplicacions inform\u00e0tiques per al comer\u00e7<\/span><\/li>\n<li style=\"font-weight: 400;\" aria-level=\"1\"><span style=\"font-weight: 400;\">Serveis d\u2019atenci\u00f3 comercial.<\/span><\/li>\n<li style=\"font-weight: 400;\" aria-level=\"1\"><span style=\"font-weight: 400;\">Comer\u00e7 electr\u00f2nic.<\/span><\/li>\n<li style=\"font-weight: 400;\" aria-level=\"1\"><span style=\"font-weight: 400;\">Catal\u00e0<\/span><\/li>\n<li style=\"font-weight: 400;\" aria-level=\"1\"><span style=\"font-weight: 400;\">Angl\u00e8s professional.<\/span><\/li>\n<li style=\"font-weight: 400;\" aria-level=\"1\"><span style=\"font-weight: 400;\">Digitalitzaci\u00f3 aplicada als sectors productius.<\/span><\/li>\n<li style=\"font-weight: 400;\" aria-level=\"1\"><span style=\"font-weight: 400;\">Sostenibilitat aplicada al sistema productiu.<\/span><\/li>\n<li style=\"font-weight: 400;\" aria-level=\"1\"><span style=\"font-weight: 400;\">Itinerari personal per a l&#8217;ocupabilitat I.<\/span><\/li>\n<li style=\"font-weight: 400;\" aria-level=\"1\"><span style=\"font-weight: 400;\">Itinerari personal per a l&#8217;ocupabilitat II<\/span><\/li>\n<li style=\"font-weight: 400;\" aria-level=\"1\"><span style=\"font-weight: 400;\">Projecte intermodular.<\/span><\/li>\n<li style=\"font-weight: 400;\" aria-level=\"1\"><span style=\"font-weight: 400;\">Franc\u00e8s<\/span><\/li>\n<li style=\"font-weight: 400;\" aria-level=\"1\"><span style=\"font-weight: 400;\">Tutoria 1r<\/span><\/li>\n<li style=\"font-weight: 400;\" aria-level=\"1\"><span style=\"font-weight: 400;\">Tutoria 2n<\/span><\/li>\n<\/ul>\n<p><b>Acc\u00e9s<\/b><\/p>\n<p><span style=\"font-weight: 400;\">Pots accedir als cicles de grau mitj\u00e0 si compleixes algun dels requisits seg\u00fcents:<\/span><\/p>\n<p><span style=\"font-weight: 400;\">Tenir un d\u2019aquests t\u00edtols:<\/span><\/p>\n<ul>\n<li style=\"font-weight: 400;\" aria-level=\"1\"><span style=\"font-weight: 400;\">Graduat\/ada en educaci\u00f3 secund\u00e0ria obligat\u00f2ria.<\/span><\/li>\n<li style=\"font-weight: 400;\" aria-level=\"1\"><span style=\"font-weight: 400;\">T\u00e8cnic\/a b\u00e0sic\/a.<\/span><\/li>\n<li style=\"font-weight: 400;\" aria-level=\"1\"><span style=\"font-weight: 400;\">T\u00e8cnic\/a.<\/span><\/li>\n<li style=\"font-weight: 400;\" aria-level=\"1\"><span style=\"font-weight: 400;\">T\u00e8cnic\/a superior.<\/span><\/li>\n<li style=\"font-weight: 400;\" aria-level=\"1\"><span style=\"font-weight: 400;\">T\u00e8cnic\/a auxiliar.<\/span><\/li>\n<li style=\"font-weight: 400;\" aria-level=\"1\"><span style=\"font-weight: 400;\">Batxillerat superior (plans educatius anteriors a la Llei org\u00e0nica 2\/2006, de 3 de maig).<\/span><\/li>\n<li style=\"font-weight: 400;\" aria-level=\"1\"><span style=\"font-weight: 400;\">Titulacions equivalents per accedir als cicles formatius de grau superior.<\/span><\/li>\n<\/ul>\n<p><span style=\"font-weight: 400;\">O b\u00e9, haver superat:<\/span><\/p>\n<ul>\n<li style=\"font-weight: 400;\" aria-level=\"1\"><span style=\"font-weight: 400;\">Una oferta formativa de certificat professional inclosa en el cicle.<\/span><\/li>\n<li style=\"font-weight: 400;\" aria-level=\"1\"><span style=\"font-weight: 400;\">Un curs de formaci\u00f3 preparatori per a l&#8217;acc\u00e9s als cicles de grau mitj\u00e0.<\/span><\/li>\n<li style=\"font-weight: 400;\" aria-level=\"1\"><span style=\"font-weight: 400;\">Una prova d&#8217;acc\u00e9s.<\/span><\/li>\n<li style=\"font-weight: 400;\" aria-level=\"1\"><span style=\"font-weight: 400;\">El segon curs del primer cicle experimental de reforma dels ensenyaments mitjans.<\/span><\/li>\n<li style=\"font-weight: 400;\" aria-level=\"1\"><span style=\"font-weight: 400;\">El tercer curs del Pla 1963 o segon de comuns experimental dels ensenyaments d&#8217;arts aplicades i oficis art\u00edstics.<\/span><\/li>\n<li style=\"font-weight: 400;\" aria-level=\"1\"><span style=\"font-weight: 400;\">El segon curs de BUP, amb un m\u00e0xim de dues mat\u00e8ries suspeses.<\/span><\/li>\n<li style=\"font-weight: 400;\" aria-level=\"1\"><span style=\"font-weight: 400;\">Haver superat la prova d&#8217;acc\u00e9s a la universitat per a m\u00e9s grans de 25 o de 45 anys, o haver accedit a la universitat per tenir 40 anys o m\u00e9s i acreditar experi\u00e8ncia laboral o professional.<\/span><\/li>\n<li style=\"font-weight: 400;\" aria-level=\"1\"><span style=\"font-weight: 400;\">Altres estudis o cursos de formaci\u00f3 equivalents acad\u00e8micament.<\/span><\/li>\n<\/ul>\n<p><b>Tr\u00e0mits<\/b><\/p>\n<p><span style=\"font-weight: 400;\">Per cursar el cicle cal formalitzar una sol\u00b7licitud d&#8217;admissi\u00f3 i presentar-la al centre i per a l&#8217;ensenyament demanat en primer lloc. <\/span><span style=\"font-weight: 400;\">Per a l&#8217;assignaci\u00f3 de les places s&#8217;ordenen les sol\u00b7licituds segons la qualificaci\u00f3 mitjana de l&#8217;ESO o dels estudis equivalents; les sol\u00b7licituds que tenen la mateixa puntuaci\u00f3 s&#8217;ordenen a partir d&#8217;un n\u00famero de desempat que s&#8217;obt\u00e9 per sorteig.<\/span><\/p>\n<p><span style=\"font-weight: 400;\">Hi ha un 10 % de places reservades per als alumnes que accedeixen a un cicle mitjan\u00e7ant la prova d&#8217;acc\u00e9s o el curs espec\u00edfic d&#8217;acc\u00e9s; les sol\u00b7licituds d&#8217;aquests alumnes s&#8217;ordenen segons la qualificaci\u00f3 obtinguda a la prova o al curs.<\/span><\/p>\n<p><span style=\"font-weight: 400;\">Aquest estudi \u00e9s gratu\u00eft en els centres dependents del Departament d&#8217;Educaci\u00f3 i Formaci\u00f3 Professional. Per a la resta de centres, consulteu l&#8217;import en el centre corresponent.<\/span><\/p>\n<p><b>Continu\u00eftat<\/b><\/p>\n<p><b>Sortides acad\u00e8miques<\/b><b><br \/>\n<\/b><span style=\"font-weight: 400;\">Amb aquests estudis s\u2019obt\u00e9 el t\u00edtol de t\u00e8cnic o t\u00e8cnica, que permet accedir:<\/span><\/p>\n<ul>\n<li style=\"font-weight: 400;\" aria-level=\"1\"><span style=\"font-weight: 400;\">al batxillerat,<\/span><\/li>\n<li style=\"font-weight: 400;\" aria-level=\"1\"><span style=\"font-weight: 400;\">a un cicle de grau superior de formaci\u00f3 professional<\/span><\/li>\n<\/ul>\n<p><b>Sortides professionals<\/b><span style=\"font-weight: 400;\"><br \/>\n<\/span><span style=\"font-weight: 400;\">La superaci\u00f3 d\u2019aquest cicle formatiu permet accedir al m\u00f3n laboral com a:<\/span><\/p>\n<ul>\n<li style=\"font-weight: 400;\" aria-level=\"1\"><span style=\"font-weight: 400;\">Venedor o venedora<\/span><\/li>\n<li style=\"font-weight: 400;\" aria-level=\"1\"><span style=\"font-weight: 400;\">Venedor t\u00e8cnic o venedora t\u00e8cnica<\/span><\/li>\n<li style=\"font-weight: 400;\" aria-level=\"1\"><span style=\"font-weight: 400;\">Representant comercial<\/span><\/li>\n<li style=\"font-weight: 400;\" aria-level=\"1\"><span style=\"font-weight: 400;\">Orientador o orientadora comercial<\/span><\/li>\n<li style=\"font-weight: 400;\" aria-level=\"1\"><span style=\"font-weight: 400;\">Promotor o promotora<\/span><\/li>\n<li style=\"font-weight: 400;\" aria-level=\"1\"><span style=\"font-weight: 400;\">Televenedor o televenedora<\/span><\/li>\n<li style=\"font-weight: 400;\" aria-level=\"1\"><span style=\"font-weight: 400;\">Venda a dist\u00e0ncia<\/span><\/li>\n<li style=\"font-weight: 400;\" aria-level=\"1\"><span style=\"font-weight: 400;\">Teleoperador o teleoperadora de centre d&#8217;atenci\u00f3 telef\u00f2nica<\/span><\/li>\n<li style=\"font-weight: 400;\" aria-level=\"1\"><span style=\"font-weight: 400;\">Informaci\u00f3 i atenci\u00f3 al client<\/span><\/li>\n<li style=\"font-weight: 400;\" aria-level=\"1\"><span style=\"font-weight: 400;\">Caixer reposador o caixera reposadora<\/span><\/li>\n<li style=\"font-weight: 400;\" aria-level=\"1\"><span style=\"font-weight: 400;\">Operador o operadora de centre d&#8217;atenci\u00f3 multicanal<\/span><\/li>\n<li style=\"font-weight: 400;\" aria-level=\"1\"><span style=\"font-weight: 400;\">Administrador o administradora de continguts en l\u00ednia<\/span><\/li>\n<li style=\"font-weight: 400;\" aria-level=\"1\"><span style=\"font-weight: 400;\">Comerciant de botiga<\/span><\/li>\n<li style=\"font-weight: 400;\" aria-level=\"1\"><span style=\"font-weight: 400;\">Gerent de petit comer\u00e7<\/span><\/li>\n<li style=\"font-weight: 400;\" aria-level=\"1\"><span style=\"font-weight: 400;\">T\u00e8cnic o t\u00e8cnica en gesti\u00f3 d&#8217;estocs i magatzem<\/span><\/li>\n<li style=\"font-weight: 400;\" aria-level=\"1\"><span style=\"font-weight: 400;\">Cap de magatzem<\/span><\/li>\n<li style=\"font-weight: 400;\" aria-level=\"1\"><span style=\"font-weight: 400;\">Responsable de recepci\u00f3 de mercaderies<\/span><\/li>\n<li style=\"font-weight: 400;\" aria-level=\"1\"><span style=\"font-weight: 400;\">Responsable d&#8217;expedici\u00f3 de mercaderies<\/span><\/li>\n<li style=\"font-weight: 400;\" aria-level=\"1\"><span style=\"font-weight: 400;\">T\u00e8cnic o t\u00e8cnica en log\u00edstica de magatzems<\/span><\/li>\n<li style=\"font-weight: 400;\" aria-level=\"1\"><span style=\"font-weight: 400;\">T\u00e8cnic o t\u00e8cnica d&#8217;informaci\u00f3 i atenci\u00f3 al client en empreses<\/span><\/li>\n<\/ul>\n<p><a href=\"https:\/\/xtec.gencat.cat\/ca\/curriculum\/professionals\/fp\/normativa\/\"><span style=\"font-weight: 400;\">Normativa<\/span><\/a><\/p>\n<p><a href=\"https:\/\/drive.google.com\/file\/d\/1OVeNF0SDOg0erNB4gLVGYGQyhbVn5CpZ\/view?usp=sharing\" target=\"_blank\" rel=\"noopener\">Dossier inici de curs<\/a><\/p>\n<p><a href=\"https:\/\/drive.google.com\/file\/d\/1Bi0qOIPY-5P-qxtLMth_QGHpNWghDxBD\/view?usp=sharing\" target=\"_blank\" rel=\"noopener\">Fitxa de l&#8217;estudi<\/a><\/p>\n<table style=\"border-collapse: collapse; width: 100%;\">\n<tbody>\n<tr>\n<td style=\"width: 50%;\"><a href=\"https:\/\/agora.xtec.cat\/ies-ramonbarbat-vilaseca\/estudis\/cicles\/activitats-comercials\/attachment\/captura-de-pantalla-2026-03-24-141259\/\" rel=\"attachment wp-att-16633\"><img loading=\"lazy\" decoding=\"async\" class=\"alignnone size-full wp-image-16633\" src=\"https:\/\/agora.xtec.cat\/ies-ramonbarbat-vilaseca\/wp-content\/uploads\/usu1174\/2026\/03\/Captura-de-pantalla-2026-03-24-141259.png\" alt=\"\" width=\"976\" height=\"749\" srcset=\"https:\/\/agora.xtec.cat\/ies-ramonbarbat-vilaseca\/wp-content\/uploads\/usu1174\/2026\/03\/Captura-de-pantalla-2026-03-24-141259.png 976w, https:\/\/agora.xtec.cat\/ies-ramonbarbat-vilaseca\/wp-content\/uploads\/usu1174\/2026\/03\/Captura-de-pantalla-2026-03-24-141259-300x230.png 300w, https:\/\/agora.xtec.cat\/ies-ramonbarbat-vilaseca\/wp-content\/uploads\/usu1174\/2026\/03\/Captura-de-pantalla-2026-03-24-141259-768x589.png 768w\" sizes=\"auto, (max-width: 976px) 100vw, 976px\" \/><\/a><\/td>\n<td style=\"width: 50%;\"><a href=\"https:\/\/agora.xtec.cat\/ies-ramonbarbat-vilaseca\/estudis\/cicles\/activitats-comercials\/attachment\/captura-de-pantalla-2026-03-24-141518\/\" rel=\"attachment wp-att-16635\"><img loading=\"lazy\" decoding=\"async\" class=\"alignnone size-full wp-image-16635\" src=\"https:\/\/agora.xtec.cat\/ies-ramonbarbat-vilaseca\/wp-content\/uploads\/usu1174\/2026\/03\/Captura-de-pantalla-2026-03-24-141518.png\" alt=\"\" width=\"973\" height=\"738\" srcset=\"https:\/\/agora.xtec.cat\/ies-ramonbarbat-vilaseca\/wp-content\/uploads\/usu1174\/2026\/03\/Captura-de-pantalla-2026-03-24-141518.png 973w, https:\/\/agora.xtec.cat\/ies-ramonbarbat-vilaseca\/wp-content\/uploads\/usu1174\/2026\/03\/Captura-de-pantalla-2026-03-24-141518-300x228.png 300w, https:\/\/agora.xtec.cat\/ies-ramonbarbat-vilaseca\/wp-content\/uploads\/usu1174\/2026\/03\/Captura-de-pantalla-2026-03-24-141518-768x583.png 768w\" sizes=\"auto, (max-width: 973px) 100vw, 973px\" \/><\/a><\/td>\n<\/tr>\n<\/tbody>\n<\/table>\n<p>&nbsp;<\/p>\n<p><span style=\"font-weight: 400;\">Possibilitat d\u2019allotjament a les resid\u00e8ncies del CET:<\/span><\/p>\n<p><a href=\"http:\/\/www.complexeducatiudetarragona.cat\/preus-publics\"><span style=\"font-weight: 400;\">http:\/\/www.complexeducatiudetarragona.cat\/preus-publics<\/span><\/a><\/p>\n<p><a href=\"http:\/\/agora.xtec.cat\/ies-ramonbarbat-vilaseca\/secretaria\/preinscripcio-i-matricula\/\"><span style=\"font-weight: 400;\">Preinscripci\u00f3 i matr\u00edcula<\/span><\/a><\/p>\n<table style=\"border-collapse: collapse; width: 100%; height: 89px;\">\n<tbody>\n<tr style=\"height: 89px;\">\n<td style=\"width: 18.9623%; height: 89px;\"><a href=\"https:\/\/agora.xtec.cat\/ies-ramonbarbat-vilaseca\/estudis\/cicles\/activitats-comercials\/attachment\/fp-dual-4\/\" rel=\"attachment wp-att-14891\"><img loading=\"lazy\" decoding=\"async\" class=\"wp-image-14891 aligncenter\" src=\"https:\/\/agora.xtec.cat\/ies-ramonbarbat-vilaseca\/wp-content\/uploads\/usu1174\/2025\/03\/FP-DUAL.png\" alt=\"\" width=\"285\" height=\"152\" srcset=\"https:\/\/agora.xtec.cat\/ies-ramonbarbat-vilaseca\/wp-content\/uploads\/usu1174\/2025\/03\/FP-DUAL.png 307w, https:\/\/agora.xtec.cat\/ies-ramonbarbat-vilaseca\/wp-content\/uploads\/usu1174\/2025\/03\/FP-DUAL-300x160.png 300w\" sizes=\"auto, (max-width: 285px) 100vw, 285px\" \/><\/a><\/td>\n<td style=\"width: 31.0377%; height: 89px;\"><a href=\"https:\/\/agora.xtec.cat\/ies-ramonbarbat-vilaseca\/estudis\/cicles\/activitats-comercials\/attachment\/empresaula-logo-e1725626569333-2048x481\/\" rel=\"attachment wp-att-16623\"><img loading=\"lazy\" decoding=\"async\" class=\"alignnone size-full wp-image-16623\" src=\"https:\/\/agora.xtec.cat\/ies-ramonbarbat-vilaseca\/wp-content\/uploads\/usu1174\/2026\/03\/empresaula-logo-e1725626569333-2048x481-1.png\" alt=\"\" width=\"2048\" height=\"481\" srcset=\"https:\/\/agora.xtec.cat\/ies-ramonbarbat-vilaseca\/wp-content\/uploads\/usu1174\/2026\/03\/empresaula-logo-e1725626569333-2048x481-1.png 2048w, https:\/\/agora.xtec.cat\/ies-ramonbarbat-vilaseca\/wp-content\/uploads\/usu1174\/2026\/03\/empresaula-logo-e1725626569333-2048x481-1-300x70.png 300w, https:\/\/agora.xtec.cat\/ies-ramonbarbat-vilaseca\/wp-content\/uploads\/usu1174\/2026\/03\/empresaula-logo-e1725626569333-2048x481-1-1024x241.png 1024w, https:\/\/agora.xtec.cat\/ies-ramonbarbat-vilaseca\/wp-content\/uploads\/usu1174\/2026\/03\/empresaula-logo-e1725626569333-2048x481-1-768x180.png 768w, https:\/\/agora.xtec.cat\/ies-ramonbarbat-vilaseca\/wp-content\/uploads\/usu1174\/2026\/03\/empresaula-logo-e1725626569333-2048x481-1-1536x361.png 1536w\" sizes=\"auto, (max-width: 2048px) 100vw, 2048px\" \/><\/a><\/td>\n<td style=\"width: 25%; height: 89px;\"><a href=\"https:\/\/agora.xtec.cat\/ies-ramonbarbat-vilaseca\/estudis\/cicles\/activitats-comercials\/attachment\/baixa-4\/\" rel=\"attachment wp-att-14893\"><img loading=\"lazy\" decoding=\"async\" class=\"alignnone size-full wp-image-14893\" src=\"https:\/\/agora.xtec.cat\/ies-ramonbarbat-vilaseca\/wp-content\/uploads\/usu1174\/2025\/03\/baixa.png\" alt=\"\" width=\"527\" height=\"95\" srcset=\"https:\/\/agora.xtec.cat\/ies-ramonbarbat-vilaseca\/wp-content\/uploads\/usu1174\/2025\/03\/baixa.png 527w, https:\/\/agora.xtec.cat\/ies-ramonbarbat-vilaseca\/wp-content\/uploads\/usu1174\/2025\/03\/baixa-300x54.png 300w\" sizes=\"auto, (max-width: 527px) 100vw, 527px\" \/><\/a><\/td>\n<td style=\"width: 25%; height: 89px;\"><a href=\"https:\/\/agora.xtec.cat\/ies-ramonbarbat-vilaseca\/estudis\/cicles\/activitats-comercials\/attachment\/innovafp-300x85\/\" rel=\"attachment wp-att-16624\"><img loading=\"lazy\" decoding=\"async\" class=\"alignnone size-full wp-image-16624\" src=\"https:\/\/agora.xtec.cat\/ies-ramonbarbat-vilaseca\/wp-content\/uploads\/usu1174\/2026\/03\/Innovafp-300x85-1.png\" alt=\"\" width=\"300\" height=\"85\" \/><\/a><\/td>\n<\/tr>\n<\/tbody>\n<\/table>\n<table style=\"border-collapse: collapse; width: 100%;\">\n<tbody>\n<tr>\n<td style=\"width: 12.7295%;\"><\/td>\n<td style=\"width: 53.9371%;\"><\/td>\n<td style=\"width: 33.3333%;\"><\/td>\n<\/tr>\n<\/tbody>\n<\/table>\n","protected":false},"excerpt":{"rendered":"<p>Activitats Comercials (CFGM CM10) Descripci\u00f3 El Cicle Formatiu de Grau Mitj\u00e0 d\u2019Activitats Comercials proporciona el t\u00edtol de T\u00e8cnic en Activitats Comercials. Aquests estudis capaciten per desenvolupar activitats de distribuci\u00f3 i comercialitzaci\u00f3 de b\u00e9ns i\/o serveis i gestionar un petit establiment comercial, aplicant les normes de qualitat i seguretat establertes i respectant la legislaci\u00f3 vigent. La [&hellip;]<\/p>\n","protected":false},"author":4,"featured_media":0,"parent":336,"menu_order":2,"comment_status":"closed","ping_status":"closed","template":"","meta":{"_bbp_topic_count":0,"_bbp_reply_count":0,"_bbp_total_topic_count":0,"_bbp_total_reply_count":0,"_bbp_voice_count":0,"_bbp_anonymous_reply_count":0,"_bbp_topic_count_hidden":0,"_bbp_reply_count_hidden":0,"_bbp_forum_subforum_count":0,"site-sidebar-layout":"default","site-content-layout":"","ast-site-content-layout":"default","site-content-style":"default","site-sidebar-style":"default","ast-global-header-display":"","ast-banner-title-visibility":"","ast-main-header-display":"","ast-hfb-above-header-display":"","ast-hfb-below-header-display":"","ast-hfb-mobile-header-display":"","site-post-title":"","ast-breadcrumbs-content":"","ast-featured-img":"","footer-sml-layout":"","theme-transparent-header-meta":"default","adv-header-id-meta":"","stick-header-meta":"","header-above-stick-meta":"","header-main-stick-meta":"","header-below-stick-meta":"","astra-migrate-meta-layouts":"set","ast-page-background-enabled":"default","ast-page-background-meta":{"desktop":{"background-color":"var(--ast-global-color-4)","background-image":"","background-repeat":"repeat","background-position":"center center","background-size":"auto","background-attachment":"scroll","background-type":"","background-media":"","overlay-type":"","overlay-color":"","overlay-opacity":"","overlay-gradient":""},"tablet":{"background-color":"","background-image":"","background-repeat":"repeat","background-position":"center center","background-size":"auto","background-attachment":"scroll","background-type":"","background-media":"","overlay-type":"","overlay-color":"","overlay-opacity":"","overlay-gradient":""},"mobile":{"background-color":"","background-image":"","background-repeat":"repeat","background-position":"center center","background-size":"auto","background-attachment":"scroll","background-type":"","background-media":"","overlay-type":"","overlay-color":"","overlay-opacity":"","overlay-gradient":""}},"ast-content-background-meta":{"desktop":{"background-color":"var(--ast-global-color-5)","background-image":"","background-repeat":"repeat","background-position":"center center","background-size":"auto","background-attachment":"scroll","background-type":"","background-media":"","overlay-type":"","overlay-color":"","overlay-opacity":"","overlay-gradient":""},"tablet":{"background-color":"var(--ast-global-color-5)","background-image":"","background-repeat":"repeat","background-position":"center center","background-size":"auto","background-attachment":"scroll","background-type":"","background-media":"","overlay-type":"","overlay-color":"","overlay-opacity":"","overlay-gradient":""},"mobile":{"background-color":"var(--ast-global-color-5)","background-image":"","background-repeat":"repeat","background-position":"center center","background-size":"auto","background-attachment":"scroll","background-type":"","background-media":"","overlay-type":"","overlay-color":"","overlay-opacity":"","overlay-gradient":""}},"footnotes":""},"class_list":["post-2134","page","type-page","status-publish","hentry"],"post_mailing_queue_ids":[],"_links":{"self":[{"href":"https:\/\/agora.xtec.cat\/ies-ramonbarbat-vilaseca\/wp-json\/wp\/v2\/pages\/2134","targetHints":{"allow":["GET"]}}],"collection":[{"href":"https:\/\/agora.xtec.cat\/ies-ramonbarbat-vilaseca\/wp-json\/wp\/v2\/pages"}],"about":[{"href":"https:\/\/agora.xtec.cat\/ies-ramonbarbat-vilaseca\/wp-json\/wp\/v2\/types\/page"}],"author":[{"embeddable":true,"href":"https:\/\/agora.xtec.cat\/ies-ramonbarbat-vilaseca\/wp-json\/wp\/v2\/users\/4"}],"replies":[{"embeddable":true,"href":"https:\/\/agora.xtec.cat\/ies-ramonbarbat-vilaseca\/wp-json\/wp\/v2\/comments?post=2134"}],"version-history":[{"count":6,"href":"https:\/\/agora.xtec.cat\/ies-ramonbarbat-vilaseca\/wp-json\/wp\/v2\/pages\/2134\/revisions"}],"predecessor-version":[{"id":16642,"href":"https:\/\/agora.xtec.cat\/ies-ramonbarbat-vilaseca\/wp-json\/wp\/v2\/pages\/2134\/revisions\/16642"}],"up":[{"embeddable":true,"href":"https:\/\/agora.xtec.cat\/ies-ramonbarbat-vilaseca\/wp-json\/wp\/v2\/pages\/336"}],"wp:attachment":[{"href":"https:\/\/agora.xtec.cat\/ies-ramonbarbat-vilaseca\/wp-json\/wp\/v2\/media?parent=2134"}],"curies":[{"name":"wp","href":"https:\/\/api.w.org\/{rel}","templated":true}]}}